{"id":5749,"date":"2025-12-10T15:05:31","date_gmt":"2025-12-10T18:05:31","guid":{"rendered":"https:\/\/emad-caba.infd.edu.ar\/sitio\/?page_id=5749"},"modified":"2025-12-18T18:58:54","modified_gmt":"2025-12-18T21:58:54","slug":"curso-de-formacion-para-la-actuacion-en-espacios-abiertos-2026","status":"publish","type":"page","link":"https:\/\/emad-caba.infd.edu.ar\/sitio\/curso-de-formacion-para-la-actuacion-en-espacios-abiertos-2026\/","title":{"rendered":"CURSO DE FORMACI\u00d3N PARA LA ACTUACI\u00d3N EN ESPACIOS ABIERTOS 2026"},"content":{"rendered":"\n<figure class=\"wp-block-image size-full\"><img decoding=\"async\" loading=\"lazy\" width=\"1200\" height=\"300\" src=\"https:\/\/emad-caba.infd.edu.ar\/sitio\/wp-content\/uploads\/2024\/10\/UEA.png\" alt=\"\" class=\"wp-image-5366\" srcset=\"https:\/\/emad-caba.infd.edu.ar\/sitio\/wp-content\/uploads\/2024\/10\/UEA.png 1200w, https:\/\/emad-caba.infd.edu.ar\/sitio\/wp-content\/uploads\/2024\/10\/UEA-1000x250.png 1000w, https:\/\/emad-caba.infd.edu.ar\/sitio\/wp-content\/uploads\/2024\/10\/UEA-768x192.png 768w\" sizes=\"(max-width: 1200px) 100vw, 1200px\" \/><\/figure>\n\n\n\n<p><a rel=\"noreferrer noopener\" href=\"https:\/\/buenosaires.gob.ar\/cultura\/ensenanza-artistica\/escuela-metropolitana-de-arte-dramatico-emad\/siu-guarani\" target=\"_blank\">PREINSCRIPCION SIU GUARANI<\/a><\/p>\n\n\n\n<p><strong>INSCRIPCI\u00d3N CICLO LECTIVO 2026 &#8211; EMAD<\/strong><\/p>\n\n\n\n<p>El plan de estudios completo puede consultarse en la p\u00e1gina de la EMAD:&nbsp;<strong>CURSO DE FORMACI\u00d3N PARA LA ACTUACI\u00d3N EN ESPACIOS ABIERTOS.<\/strong><\/p>\n\n\n\n<p><strong>Horario de la cursada:<\/strong>&nbsp;de LUNES a VIERNES de 9:00 hs a 13:30 hs.<\/p>\n\n\n\n<p><strong>Lugar:<\/strong>&nbsp;Sede Parque Avellaneda: Av. Directorio y Lacarra -dentro del Parque Avellaneda-, CABA.&nbsp;<a href=\"https:\/\/goo.gl\/maps\/dZHbKcY3vUKbtXij7\">Ver ubicaci\u00f3n en el m<\/a><a href=\"https:\/\/goo.gl\/maps\/dZHbKcY3vUKbtXij7\" target=\"_blank\" rel=\"noreferrer noopener\">apa<\/a><\/p>\n\n\n\n<p><strong><u>INSCRIPCI\u00d3N V\u00cdA FORMULARIO ONLINE (OBLIGATORIO):<\/u><\/strong><\/p>\n\n\n\n<p><strong>Periodo: <\/strong>del <strong>5\/12\/2025<\/strong> al <strong>27\/02\/2026<\/strong> hasta las <strong>23:59 h<\/strong>.<\/p>\n\n\n\n<p><strong>FORMULARIO DE INSCRIPCI\u00d3N<\/strong><\/p>\n\n\n\n<p><a href=\"https:\/\/forms.gle\/kiqL9tU4DTwqtsVH9\" target=\"_blank\" rel=\"noreferrer noopener\">https:\/\/forms.gle\/kiqL9tU4DTwqtsVH9<\/a><\/p>\n\n\n\n<figure class=\"wp-block-image size-full is-resized\"><img decoding=\"async\" loading=\"lazy\" src=\"https:\/\/emad-caba.infd.edu.ar\/sitio\/wp-content\/uploads\/2025\/12\/Formularios.jpg\" alt=\"\" class=\"wp-image-5790\" width=\"583\" height=\"167\"\/><\/figure>\n\n\n\n<figure class=\"wp-block-image size-full is-resized\"><img decoding=\"async\" loading=\"lazy\" src=\"https:\/\/emad-caba.infd.edu.ar\/sitio\/wp-content\/uploads\/2025\/12\/Validacion-de-documentacion-2.jpg\" alt=\"\" class=\"wp-image-5791\" width=\"611\" height=\"197\"\/><\/figure>\n\n\n\n<figure class=\"wp-block-image size-full is-resized\"><img decoding=\"async\" loading=\"lazy\" src=\"https:\/\/emad-caba.infd.edu.ar\/sitio\/wp-content\/uploads\/2025\/12\/Fecha-limite-titulo-secundario.jpg\" alt=\"\" class=\"wp-image-5792\" width=\"612\" height=\"200\"\/><\/figure>\n\n\n\n<p>Bono Cooperadora (Monto a definir en febrero 2026).<\/p>\n\n\n\n<ul>\n<li>Se coordinar\u00e1 con la&nbsp;<strong>Regencia<\/strong>&nbsp;como abonarlo.<\/li>\n<\/ul>\n\n\n\n<p><\/p>\n\n\n\n<figure class=\"wp-block-image size-full\"><img decoding=\"async\" loading=\"lazy\" width=\"1553\" height=\"1061\" src=\"https:\/\/emad-caba.infd.edu.ar\/sitio\/wp-content\/uploads\/2025\/12\/ESPACIOS-ABIERTOS-CRONOGRAMA-INGRESOS-UEA-2026-Febrero.jpg\" alt=\"\" class=\"wp-image-5899\" srcset=\"https:\/\/emad-caba.infd.edu.ar\/sitio\/wp-content\/uploads\/2025\/12\/ESPACIOS-ABIERTOS-CRONOGRAMA-INGRESOS-UEA-2026-Febrero.jpg 1553w, https:\/\/emad-caba.infd.edu.ar\/sitio\/wp-content\/uploads\/2025\/12\/ESPACIOS-ABIERTOS-CRONOGRAMA-INGRESOS-UEA-2026-Febrero-1000x683.jpg 1000w, https:\/\/emad-caba.infd.edu.ar\/sitio\/wp-content\/uploads\/2025\/12\/ESPACIOS-ABIERTOS-CRONOGRAMA-INGRESOS-UEA-2026-Febrero-768x525.jpg 768w, https:\/\/emad-caba.infd.edu.ar\/sitio\/wp-content\/uploads\/2025\/12\/ESPACIOS-ABIERTOS-CRONOGRAMA-INGRESOS-UEA-2026-Febrero-1536x1049.jpg 1536w\" sizes=\"(max-width: 1553px) 100vw, 1553px\" \/><\/figure>\n\n\n\n<figure class=\"wp-block-image size-full\"><img decoding=\"async\" loading=\"lazy\" width=\"1557\" height=\"1057\" src=\"https:\/\/emad-caba.infd.edu.ar\/sitio\/wp-content\/uploads\/2025\/12\/ESPACIOS-ABIERTOS-CRONOGRAMA-INGRESOS-UEA-2026-Marzo.jpg\" alt=\"\" class=\"wp-image-5900\" srcset=\"https:\/\/emad-caba.infd.edu.ar\/sitio\/wp-content\/uploads\/2025\/12\/ESPACIOS-ABIERTOS-CRONOGRAMA-INGRESOS-UEA-2026-Marzo.jpg 1557w, https:\/\/emad-caba.infd.edu.ar\/sitio\/wp-content\/uploads\/2025\/12\/ESPACIOS-ABIERTOS-CRONOGRAMA-INGRESOS-UEA-2026-Marzo-1000x679.jpg 1000w, https:\/\/emad-caba.infd.edu.ar\/sitio\/wp-content\/uploads\/2025\/12\/ESPACIOS-ABIERTOS-CRONOGRAMA-INGRESOS-UEA-2026-Marzo-768x521.jpg 768w, https:\/\/emad-caba.infd.edu.ar\/sitio\/wp-content\/uploads\/2025\/12\/ESPACIOS-ABIERTOS-CRONOGRAMA-INGRESOS-UEA-2026-Marzo-1536x1043.jpg 1536w\" sizes=\"(max-width: 1557px) 100vw, 1557px\" \/><\/figure>\n\n\n\n<p><strong><u>SOBRE EL PERIODO DE NIVELACION Y DIAGNOSTICO DEL GRUPO<\/u><\/strong><\/p>\n\n\n\n<p>Las personas que aspiren al ingreso transitar\u00e1n un primer per\u00edodo durante el cual se evaluar\u00e1:<\/p>\n\n\n\n<ul>\n<li>Asistencia y puntualidad.<\/li>\n\n\n\n<li>Disponibilidad para el trabajo grupal\/colectivo.<\/li>\n\n\n\n<li>Cumplimiento de los trabajos requeridos por las diferentes asignaturas (lecturas, trabajos pr\u00e1cticos, etc.).<\/li>\n\n\n\n<li>Cumplimiento de las pautas de funcionamiento del curso.&nbsp;(<a href=\"https:\/\/drive.google.com\/file\/d\/1MQhF2z6pJrzyNbhaoAIWJMlpG1z5UJt-\/view?usp=drive_link\" target=\"_blank\" rel=\"noreferrer noopener\">Descargar<\/a>)<\/li>\n<\/ul>\n\n\n\n<p>Este periodo culmina con una evaluaci\u00f3n por parte de todo el equipo docente del curso y una auto-evaluaci\u00f3n de cada aspirante.<\/p>\n\n\n\n<p><\/p>\n\n\n\n<p>VACANTES QUE OFRECE EL <strong>CURSO DE FORMACI\u00d3N PARA LA ACTUACI\u00d3N EN ESPACIOS ABIERTOS:<\/strong> 35 PERSONAS.<\/p>\n\n\n\n<p><\/p>\n\n\n\n<p><strong>DESCARGA DE FORMULARIOS:<\/strong><\/p>\n\n\n\n<p><strong>FORMULARIO DE INSCRPCI\u00d3N<\/strong><\/p>\n\n\n\n<p><a href=\"https:\/\/forms.gle\/kiqL9tU4DTwqtsVH9\">https:\/\/forms.gle\/kiqL9tU4DTwqtsVH9<\/a><\/p>\n\n\n\n<p><strong>Ficha Datos Personales EMAD 2026<\/strong> <a href=\"https:\/\/emad-caba.infd.edu.ar\/sitio\/wp-content\/uploads\/2025\/12\/EMAD-Ficha-Datos-Personales-2026-1.pdf\" data-type=\"URL\" data-id=\"https:\/\/emad-caba.infd.edu.ar\/sitio\/wp-content\/uploads\/2025\/12\/EMAD-Ficha-Datos-Personales-2026-1.pdf\" target=\"_blank\" rel=\"noreferrer noopener\">Descarga<\/a><\/p>\n\n\n\n<p><strong>Declaraci\u00f3n jurada salud EMAD 2026<\/strong> <a href=\"https:\/\/emad-caba.infd.edu.ar\/sitio\/wp-content\/uploads\/2025\/12\/EMAD-Declaracion-jurada-de-salud-2026-1.pdf\" data-type=\"URL\" data-id=\"https:\/\/emad-caba.infd.edu.ar\/sitio\/wp-content\/uploads\/2025\/12\/EMAD-Declaracion-jurada-de-salud-2026-1.pdf\" target=\"_blank\" rel=\"noreferrer noopener\">Descarga<\/a><\/p>\n\n\n\n<p><strong>Conformidad ingreso EMAD<\/strong> <strong>2026 <\/strong><a href=\"https:\/\/emad-caba.infd.edu.ar\/sitio\/wp-content\/uploads\/2025\/12\/EMAD-Conformidad-de-Ingreso-2026-1.pdf\" data-type=\"URL\" data-id=\"https:\/\/emad-caba.infd.edu.ar\/sitio\/wp-content\/uploads\/2025\/12\/EMAD-Conformidad-de-Ingreso-2026-1.pdf\" target=\"_blank\" rel=\"noreferrer noopener\">Descarga<\/a><\/p>\n\n\n\n<p><\/p>\n\n\n\n<p>Para m\u00e1s informaci\u00f3n: <a href=\"mailto:emadteatrocallejero@gmail.com\">emadteatrocallejero@gmail.com<\/a> &#8211;&nbsp;<a href=\"https:\/\/www.instagram.com\/emadteatrocallejero\/\">instagram.com\/teatrocallejero<\/a><\/p>\n\n\n\n<p><strong><u>INFORMACI\u00d3N ASPIRANTES EXTRANJEROS<\/u><\/strong><\/p>\n\n\n\n<p>Direcci\u00f3n de validez nacional de T\u00edtulos y Estudios<\/p>\n\n\n\n<ul>\n<li>Convalidaci\u00f3n de estudios realizados en el extranjero (pa\u00edses con convenio)<\/li>\n<\/ul>\n\n\n\n<p><a href=\"https:\/\/www.argentina.gob.ar\/convalidar-titulo-secundario-de-paises-con-convenio\" target=\"_blank\" rel=\"noreferrer noopener\">https:\/\/www.argentina.gob.ar\/convalidar-titulo-secundario-de-paises-con-convenio<\/a><\/p>\n\n\n\n<ul>\n<li>Reconocimiento de estudios realizados en el extranjero (pa\u00edses sin convenio)<\/li>\n<\/ul>\n\n\n\n<p><a href=\"https:\/\/www.argentina.gob.ar\/reconocer-titulo-secundario-de-paises-sin-convenio\" target=\"_blank\" rel=\"noreferrer noopener\">https:\/\/www.argentina.gob.ar\/reconocer-titulo-secundario-de-paises-sin-convenio<\/a><\/p>\n","protected":false},"excerpt":{"rendered":"<p>PREINSCRIPCION SIU GUARANI INSCRIPCI\u00d3N CICLO LECTIVO 2026 &#8211; EMAD El plan de estudios completo puede consultarse en la p\u00e1gina de la EMAD:&nbsp;CURSO DE FORMACI\u00d3N PARA LA ACTUACI\u00d3N EN ESPACIOS ABIERTOS. Horario de la cursada:&nbsp;de LUNES a VIERNES de 9:00 hs a 13:30 hs. Lugar:&nbsp;Sede Parque Avellaneda: Av. Directorio y Lacarra -dentro del Parque Avellaneda-, CABA.&nbsp;Ver &#8230; <a title=\"CURSO DE FORMACI\u00d3N PARA LA ACTUACI\u00d3N EN ESPACIOS ABIERTOS 2026\" class=\"read-more\" href=\"https:\/\/emad-caba.infd.edu.ar\/sitio\/curso-de-formacion-para-la-actuacion-en-espacios-abiertos-2026\/\" aria-label=\"More on CURSO DE FORMACI\u00d3N PARA LA ACTUACI\u00d3N EN ESPACIOS ABIERTOS 2026\">[+]<\/a><\/p>\n","protected":false},"author":195,"featured_media":0,"parent":0,"menu_order":0,"comment_status":"closed","ping_status":"closed","template":"","meta":[],"acf":[],"_links":{"self":[{"href":"https:\/\/emad-caba.infd.edu.ar\/sitio\/wp-json\/wp\/v2\/pages\/5749"}],"collection":[{"href":"https:\/\/emad-caba.infd.edu.ar\/sitio\/wp-json\/wp\/v2\/pages"}],"about":[{"href":"https:\/\/emad-caba.infd.edu.ar\/sitio\/wp-json\/wp\/v2\/types\/page"}],"author":[{"embeddable":true,"href":"https:\/\/emad-caba.infd.edu.ar\/sitio\/wp-json\/wp\/v2\/users\/195"}],"replies":[{"embeddable":true,"href":"https:\/\/emad-caba.infd.edu.ar\/sitio\/wp-json\/wp\/v2\/comments?post=5749"}],"version-history":[{"count":16,"href":"https:\/\/emad-caba.infd.edu.ar\/sitio\/wp-json\/wp\/v2\/pages\/5749\/revisions"}],"predecessor-version":[{"id":5940,"href":"https:\/\/emad-caba.infd.edu.ar\/sitio\/wp-json\/wp\/v2\/pages\/5749\/revisions\/5940"}],"wp:attachment":[{"href":"https:\/\/emad-caba.infd.edu.ar\/sitio\/wp-json\/wp\/v2\/media?parent=5749"}],"curies":[{"name":"wp","href":"https:\/\/api.w.org\/{rel}","templated":true}]}}