{"id":5747,"date":"2025-12-10T14:19:24","date_gmt":"2025-12-10T17:19:24","guid":{"rendered":"https:\/\/emad-caba.infd.edu.ar\/sitio\/?page_id=5747"},"modified":"2025-12-18T18:56:39","modified_gmt":"2025-12-18T21:56:39","slug":"profesorado-de-teatro-2026","status":"publish","type":"page","link":"https:\/\/emad-caba.infd.edu.ar\/sitio\/profesorado-de-teatro-2026\/","title":{"rendered":"PROFESORADO DE TEATRO 2026"},"content":{"rendered":"\n<figure class=\"wp-block-image size-full\"><img decoding=\"async\" loading=\"lazy\" width=\"1200\" height=\"300\" src=\"https:\/\/emad-caba.infd.edu.ar\/sitio\/wp-content\/uploads\/2024\/10\/CPTC.png\" alt=\"\" class=\"wp-image-5362\" srcset=\"https:\/\/emad-caba.infd.edu.ar\/sitio\/wp-content\/uploads\/2024\/10\/CPTC.png 1200w, https:\/\/emad-caba.infd.edu.ar\/sitio\/wp-content\/uploads\/2024\/10\/CPTC-1000x250.png 1000w, https:\/\/emad-caba.infd.edu.ar\/sitio\/wp-content\/uploads\/2024\/10\/CPTC-768x192.png 768w\" sizes=\"(max-width: 1200px) 100vw, 1200px\" \/><\/figure>\n\n\n\n<p><strong>&nbsp;<\/strong><a rel=\"noreferrer noopener\" href=\"https:\/\/buenosaires.gob.ar\/cultura\/ensenanza-artistica\/escuela-metropolitana-de-arte-dramatico-emad\/siu-guarani\" target=\"_blank\">PREINSCRIPCION SIU GUARANI<\/a><\/p>\n\n\n\n<p><strong>INSCRIPCI\u00d3N CICLO LECTIVO 2026 &#8211; EMAD<\/strong><\/p>\n\n\n\n<p>El plan de estudios completo puede consultarse en la p\u00e1gina de la EMAD:&nbsp;<strong>PROFESORADO DE TEATRO&nbsp;&nbsp;&nbsp;&nbsp;&nbsp;&nbsp;&nbsp;&nbsp;<\/strong><\/p>\n\n\n\n<p><strong>Horario de la cursada:<\/strong>&nbsp;de LUNES a VIERNES de 13:30 hs a 17:30 hs.&nbsp;<\/p>\n\n\n\n<p><strong>Lugar:<\/strong>&nbsp; SARMIENTO 2573, CABA.<\/p>\n\n\n\n<figure class=\"wp-block-image size-full is-resized\"><img decoding=\"async\" loading=\"lazy\" src=\"https:\/\/emad-caba.infd.edu.ar\/sitio\/wp-content\/uploads\/2025\/12\/Practicas-docentes.jpg\" alt=\"\" class=\"wp-image-5787\" width=\"588\" height=\"172\"\/><\/figure>\n\n\n\n<p><strong><u>PREINSCRIPCI\u00d3N V\u00cdA FORMULARIO ONLINE (OBLIGATORIO):<\/u><\/strong><\/p>\n\n\n\n<p><strong>Periodo: <\/strong>del <strong>5\/12\/2025<\/strong> al <strong>15\/02\/2026<\/strong> hasta las <strong>23:59 h<\/strong>.<\/p>\n\n\n\n<p><strong>FORMULARIO DE INSCRIPCI\u00d3N<\/strong><\/p>\n\n\n\n<p><a href=\"https:\/\/forms.gle\/2XEDeUxJt6jJxSx56\" target=\"_blank\" rel=\"noreferrer noopener\">https:\/\/forms.gle\/2XEDeUxJt6jJxSx56<\/a><\/p>\n\n\n\n<figure class=\"wp-block-image size-full is-resized\"><img decoding=\"async\" loading=\"lazy\" src=\"https:\/\/emad-caba.infd.edu.ar\/sitio\/wp-content\/uploads\/2025\/12\/Validacion-de-documentacion-1.jpg\" alt=\"\" class=\"wp-image-5788\" width=\"587\" height=\"133\"\/><\/figure>\n\n\n\n<figure class=\"wp-block-image size-full is-resized\"><img decoding=\"async\" loading=\"lazy\" src=\"https:\/\/emad-caba.infd.edu.ar\/sitio\/wp-content\/uploads\/2025\/12\/fecha-limite-1.jpg\" alt=\"\" class=\"wp-image-5780\" width=\"594\" height=\"160\"\/><\/figure>\n\n\n\n<p>Bono Cooperadora (Monto a definir en febrero 2026).<\/p>\n\n\n\n<ul>\n<li>Se coordinar\u00e1 con la&nbsp;<strong>Regencia<\/strong>&nbsp;como abonarlo.<\/li>\n<\/ul>\n\n\n\n<p><\/p>\n\n\n\n<p><strong><u>SOBRE EL PERIODO DE INGRESO<\/u><\/strong><\/p>\n\n\n\n<p><strong>Los aspirantes deber\u00e1n escribir de forma sint\u00e9tica, una carta de motivaci\u00f3n<\/strong>, donde puedan presentarse, describir su recorrido de formaci\u00f3n, y transmitirnos sus deseos y expectativas de ingresar a la carrera, teniendo en cuenta los siguientes ejes:<\/p>\n\n\n\n<p>\u00bfPor qu\u00e9 Teatro? \u00bfPor qu\u00e9 el Profesorado? \u00bfPor qu\u00e9 en la EMAD?<\/p>\n\n\n\n<p><a><\/a>Sobre la carta:<\/p>\n\n\n\n<ul>\n<li>El nombre del archivo deber\u00e1 ser APELLIDO y NOMBRE del aspirante (ejemplo: PEREZ JUANA.doc).<\/li>\n\n\n\n<li>Deber\u00e1 estar en word, letra times new roman, tama\u00f1o 12.<\/li>\n\n\n\n<li>Se recibir\u00e1n cartas hasta el <strong>18\/02\/2026<\/strong>.<\/li>\n<\/ul>\n\n\n\n<p>El ingreso consta de 5 Jornadas, de 13:30 hs a 17:30 hs, todas de car\u00e1cter obligatorio, que se desarrollar\u00e1n durante dos semanas.<\/p>\n\n\n\n<figure class=\"wp-block-image size-full\"><img decoding=\"async\" loading=\"lazy\" width=\"1553\" height=\"1065\" src=\"https:\/\/emad-caba.infd.edu.ar\/sitio\/wp-content\/uploads\/2025\/12\/PROFESORADO-CRONOGRAMA-INGRESOS-CPTC-2026-Febrero.jpg\" alt=\"\" class=\"wp-image-5896\" srcset=\"https:\/\/emad-caba.infd.edu.ar\/sitio\/wp-content\/uploads\/2025\/12\/PROFESORADO-CRONOGRAMA-INGRESOS-CPTC-2026-Febrero.jpg 1553w, https:\/\/emad-caba.infd.edu.ar\/sitio\/wp-content\/uploads\/2025\/12\/PROFESORADO-CRONOGRAMA-INGRESOS-CPTC-2026-Febrero-1000x686.jpg 1000w, https:\/\/emad-caba.infd.edu.ar\/sitio\/wp-content\/uploads\/2025\/12\/PROFESORADO-CRONOGRAMA-INGRESOS-CPTC-2026-Febrero-768x527.jpg 768w, https:\/\/emad-caba.infd.edu.ar\/sitio\/wp-content\/uploads\/2025\/12\/PROFESORADO-CRONOGRAMA-INGRESOS-CPTC-2026-Febrero-1536x1053.jpg 1536w\" sizes=\"(max-width: 1553px) 100vw, 1553px\" \/><\/figure>\n\n\n\n<figure class=\"wp-block-image size-full\"><img decoding=\"async\" loading=\"lazy\" width=\"1557\" height=\"1117\" src=\"https:\/\/emad-caba.infd.edu.ar\/sitio\/wp-content\/uploads\/2025\/12\/PROFESORADO-CRONOGRAMA-INGRESOS-CPTC-2026-Marzo-1.jpg\" alt=\"\" class=\"wp-image-5921\" srcset=\"https:\/\/emad-caba.infd.edu.ar\/sitio\/wp-content\/uploads\/2025\/12\/PROFESORADO-CRONOGRAMA-INGRESOS-CPTC-2026-Marzo-1.jpg 1557w, https:\/\/emad-caba.infd.edu.ar\/sitio\/wp-content\/uploads\/2025\/12\/PROFESORADO-CRONOGRAMA-INGRESOS-CPTC-2026-Marzo-1-1000x717.jpg 1000w, https:\/\/emad-caba.infd.edu.ar\/sitio\/wp-content\/uploads\/2025\/12\/PROFESORADO-CRONOGRAMA-INGRESOS-CPTC-2026-Marzo-1-768x551.jpg 768w, https:\/\/emad-caba.infd.edu.ar\/sitio\/wp-content\/uploads\/2025\/12\/PROFESORADO-CRONOGRAMA-INGRESOS-CPTC-2026-Marzo-1-1536x1102.jpg 1536w\" sizes=\"(max-width: 1557px) 100vw, 1557px\" \/><\/figure>\n\n\n\n<p>Las jornadas se distribuyen en:<\/p>\n\n\n\n<ul>\n<li>Charla Informativa a cargo de la Coordinaci\u00f3n de la carrera.<\/li>\n<\/ul>\n\n\n\n<ul>\n<li>Jornada del \u201c<strong>Discurso hablado, la comunicaci\u00f3n, la reflexi\u00f3n y lo motivacional<\/strong>\u201d.\n<ul>\n<li>Para esta jornada de ingreso, les brindaremos los siguientes materiales para debatir y conversar.Deber\u00e1n leerlos y observarlos con detenimiento siguiendo las siguientes consignas.Pueden tomar nota para no olvidar algunas ideas o conceptos.<\/li>\n\n\n\n<li>Pel\u00edcula: <strong>La escuela contra el margen \/ School in the margin. <\/strong><a href=\"https:\/\/vimeo.com\/344701452\" target=\"_blank\" rel=\"noreferrer noopener\">https:\/\/vimeo.com\/344701452<\/a><\/li>\n\n\n\n<li>Lectura del fragmento extra\u00eddo del libro: <strong>Cap\u00edtulo 3 La alteridad en la escuela<\/strong>. Pensar la diferencia de la colecci\u00f3n de derechos humanos, g\u00e9nero y ESI. (2021). <a href=\"https:\/\/emad-caba.infd.edu.ar\/sitio\/wp-content\/uploads\/2024\/12\/Cap.-3-La-alteridad-en-la-escuela.-Coleccion-derechos-humanos-genero-y-ESI.-Pensar-las-diferencias-1.pdf\" data-type=\"URL\" data-id=\"https:\/\/emad-caba.infd.edu.ar\/sitio\/wp-content\/uploads\/2024\/12\/Cap.-3-La-alteridad-en-la-escuela.-Coleccion-derechos-humanos-genero-y-ESI.-Pensar-las-diferencias-1.pdf\" target=\"_blank\" rel=\"noreferrer noopener\">Descarga<\/a> <a rel=\"noreferrer noopener\" href=\"https:\/\/drive.google.com\/file\/d\/1YZkR0jrvFfy4JRdfbJN3zw9jxmqTViNh\/view?usp=sharing\" target=\"_blank\">https:\/\/drive.google.com\/file\/d\/1YZkR0jrvFfy4JRdfbJN3zw9jxmqTViNh\/view?usp=sharing<\/a><\/li>\n<\/ul>\n<\/li>\n<\/ul>\n\n\n\n<ul>\n<li>Consignas a tener en cuenta en el momento del coloquio:\n<ul>\n<li>\u00bfPodr\u00edan se\u00f1alar una escena donde se sit\u00fae el acto de ense\u00f1anza-aprendizaje? \u00bfY de qu\u00e9 modo se compone esa pr\u00e1ctica?.<\/li>\n\n\n\n<li>\u00bfQu\u00e9 elementos toma la profesora para llevarlos a la pr\u00e1ctica? (Contexto, saberes, fortalezas, creatividad)<\/li>\n\n\n\n<li>\u00bfDe qu\u00e9 modos la escuela interpela a las y los estudiantes seg\u00fan la pel\u00edcula?<\/li>\n\n\n\n<li>Podr\u00edas identificar\/relacionar tres ideas centrales a partir de la lectura del fragmento y de la pel\u00edcula que invitan a conversar la escuela desde el rol docente\/desde el rol de docente de teatro\/desde el teatro.<\/li>\n<\/ul>\n<\/li>\n<\/ul>\n\n\n\n<ul>\n<li>Jornada del \u201c<strong>An\u00e1lisis de texto y la producci\u00f3n escrita<\/strong>\u201d.\n<ul>\n<li>Se les solicita la lectura de dos textos y el visionado de un espect\u00e1culo, de manera obligatoria.<\/li>\n<\/ul>\n<\/li>\n<\/ul>\n\n\n\n<p>-Ant\u00edgona de S\u00f3focles  <a href=\"https:\/\/emad-caba.infd.edu.ar\/sitio\/wp-content\/uploads\/2025\/12\/Antigona_Sofocles.pdf\" data-type=\"URL\" data-id=\"https:\/\/emad-caba.infd.edu.ar\/sitio\/wp-content\/uploads\/2025\/12\/Antigona_Sofocles.pdf\" target=\"_blank\" rel=\"noreferrer noopener\">Descarga<\/a><\/p>\n\n\n\n<p>-Notas sobre nuestra ANT\u00cdGONA de Ralli y Rubio  <a rel=\"noreferrer noopener\" href=\"https:\/\/emad-caba.infd.edu.ar\/sitio\/wp-content\/uploads\/2025\/12\/Notas_sobre_nuestra_ANTIGONA_Ralli_Rubio.pdf\" data-type=\"URL\" data-id=\"https:\/\/emad-caba.infd.edu.ar\/sitio\/wp-content\/uploads\/2025\/12\/Notas_sobre_nuestra_ANTIGONA_Ralli_Rubio.pdf\" target=\"_blank\">Descarga<\/a><\/p>\n\n\n\n<p>-Se realizar\u00e1 una instancia de escritura en clase.<\/p>\n\n\n\n<ul>\n<li>Jornada del \u201c<strong>Juego y la actuaci\u00f3n<\/strong>\u201d:\n<ul>\n<li>Instancia de Juego Colectivo e instancia de din\u00e1micas de actuaci\u00f3n. Se trabajar\u00e1 con el espect\u00e1culo solicitado en torno al acercamiento a la formaci\u00f3n de espectadores.<\/li>\n<\/ul>\n<\/li>\n<\/ul>\n\n\n\n<ul>\n<li>Jornada del \u201c<strong>Cuerpo y de la Voz<\/strong>\u201d:\n<ul>\n<li>Trabajo articulado del cuerpo y la voz a partir de distintos disparadores.<\/li>\n<\/ul>\n<\/li>\n<\/ul>\n\n\n\n<p><strong>SE CONSIDERAR\u00c1N DE CAR\u00c1CTER OBLIGATORIO EL CUMPLIMIENTO DE LAS SIGUIENTES CONDICIONES DE INGRESO:<\/strong><\/p>\n\n\n\n<ul>\n<li>Asistencia y puntualidad a cada Jornada<\/li>\n\n\n\n<li>Lectura y visionado de los materiales seleccionados<\/li>\n<\/ul>\n\n\n\n<p><strong>DURANTE EL CURSO DE INGRESO SE PONDR\u00c1 LA MIRADA EN:<\/strong><\/p>\n\n\n\n<p>* La relaci\u00f3n de cada aspirante con el Lenguaje Teatral y la motivaci\u00f3n expresada tanto en la carta a escribir como en el compromiso durante el desarrollo de cada instancia.<\/p>\n\n\n\n<p><strong>Se observar\u00e1 a su vez y en particular:<\/strong><\/p>\n\n\n\n<p>* El cumplimiento de las consignas y pedidos de cada instancia.<\/p>\n\n\n\n<p>* La capacidad de juego y la relaci\u00f3n, en tanto instrumento l\u00fadico y expresivo, con el propio cuerpo y la voz.<\/p>\n\n\n\n<p>* La relaci\u00f3n con el grupo de lxs aspirantes durante todo el trayecto de ingreso.<\/p>\n\n\n\n<p>* La relaci\u00f3n con el propio cuerpo, con los objetos y con el espacio en las din\u00e1micas l\u00fadicas y de actuaci\u00f3n en particular.<\/p>\n\n\n\n<p>* La expresi\u00f3n oral y escrita de acuerdo a un enfoque comunicativo y en relaci\u00f3n al contexto y las consignas propuestas. La capacidad de an\u00e1lisis y argumentaci\u00f3n en las distintas instancias.<\/p>\n\n\n\n<p><strong>CADA UNA DE LAS INSTANCIAS NO ES ELIMINATORIA.<\/strong><\/p>\n\n\n\n<p><strong>EL TRAYECTO DEL INGRESO SE DEBER\u00c1 RECORRER DE MANERA COMPLETA, PARTICIPANDO DE TODAS LAS JORNADAS.<\/strong><\/p>\n\n\n\n<p><strong>DEL RESULTADO DE ESTAS INSTANCIAS SE SELECCIONAR\u00c1 UN GRUPO DE INGRESANTES QUE NO EXCEDA EL CUPO DEL PROFESORADO.<\/strong><\/p>\n\n\n\n<p>VACANTES QUE OFRECE EL <strong>PROFESORADO DE TEATRO<\/strong>: 30 PERSONAS.<\/p>\n\n\n\n<p><\/p>\n\n\n\n<p><strong>DESCARGA DE FORMULARIOS:<\/strong><\/p>\n\n\n\n<p><strong>FORMULARIO DE INSCRIPCI\u00d3N<\/strong><\/p>\n\n\n\n<p><a href=\"https:\/\/forms.gle\/2XEDeUxJt6jJxSx56\" target=\"_blank\" rel=\"noreferrer noopener\">https:\/\/forms.gle\/2XEDeUxJt6jJ<\/a><a href=\"https:\/\/forms.gle\/2XEDeUxJt6jJxSx56\">xSx56<\/a><\/p>\n\n\n\n<p><strong>Ficha Datos Personales EMAD 2026<\/strong><a href=\"https:\/\/emad-caba.infd.edu.ar\/sitio\/wp-content\/uploads\/2025\/12\/EMAD-Ficha-Datos-Personales-2026-1.pdf\" data-type=\"URL\" data-id=\"https:\/\/emad-caba.infd.edu.ar\/sitio\/wp-content\/uploads\/2025\/12\/EMAD-Ficha-Datos-Personales-2026-1.pdf\" target=\"_blank\" rel=\"noreferrer noopener\"> Descarga<\/a><\/p>\n\n\n\n<p><strong>Declaraci\u00f3n jurada salud EMAD 2026<\/strong><a href=\"https:\/\/emad-caba.infd.edu.ar\/sitio\/wp-content\/uploads\/2025\/12\/EMAD-Declaracion-jurada-de-salud-2026-1.pdf\" data-type=\"URL\" data-id=\"https:\/\/emad-caba.infd.edu.ar\/sitio\/wp-content\/uploads\/2025\/12\/EMAD-Declaracion-jurada-de-salud-2026-1.pdf\" target=\"_blank\" rel=\"noreferrer noopener\"> Descarga<\/a><\/p>\n\n\n\n<p><strong>Conformidad ingreso EMAD<\/strong> <strong>2026<\/strong>&nbsp;<a href=\"https:\/\/emad-caba.infd.edu.ar\/sitio\/wp-content\/uploads\/2025\/12\/EMAD-Conformidad-de-Ingreso-2026-1.pdf\" data-type=\"URL\" data-id=\"https:\/\/emad-caba.infd.edu.ar\/sitio\/wp-content\/uploads\/2025\/12\/EMAD-Conformidad-de-Ingreso-2026-1.pdf\" target=\"_blank\" rel=\"noreferrer noopener\">Descarga<\/a><\/p>\n\n\n\n<p>Para m\u00e1s informaci\u00f3n:&nbsp;<a href=\"mailto:regenciaprofesoradoemad@gmail.com\">regenciaprofesoradoemad@gmail.com<\/a><\/p>\n\n\n\n<p><\/p>\n\n\n\n<p><strong><u>INFORMACI\u00d3N ASPIRANTES EXTRANJEROS<\/u><\/strong><\/p>\n\n\n\n<p>Direcci\u00f3n de validez nacional de T\u00edtulos y Estudios<\/p>\n\n\n\n<ul>\n<li>Convalidaci\u00f3n de estudios realizados en el extranjero (pa\u00edses con convenio)<\/li>\n<\/ul>\n\n\n\n<p><a href=\"https:\/\/www.argentina.gob.ar\/convalidar-titulo-secundario-de-paises-con-convenio\" target=\"_blank\" rel=\"noreferrer noopener\">https:\/\/www.argentina.gob.ar\/convalidar-titulo-secundario-de-paises-con-convenio<\/a><\/p>\n\n\n\n<ul>\n<li>Reconocimiento de estudios realizados en el extranjero (pa\u00edses sin convenio)<\/li>\n<\/ul>\n\n\n\n<p><a href=\"https:\/\/www.argentina.gob.ar\/reconocer-titulo-secundario-de-paises-sin-convenio\" target=\"_blank\" rel=\"noreferrer noopener\">https:\/\/www.argentina.gob.ar\/reconocer-titulo-secundario-de-paises-sin-convenio<\/a><\/p>\n","protected":false},"excerpt":{"rendered":"<p>&nbsp;PREINSCRIPCION SIU GUARANI INSCRIPCI\u00d3N CICLO LECTIVO 2026 &#8211; EMAD El plan de estudios completo puede consultarse en la p\u00e1gina de la EMAD:&nbsp;PROFESORADO DE TEATRO&nbsp;&nbsp;&nbsp;&nbsp;&nbsp;&nbsp;&nbsp;&nbsp; Horario de la cursada:&nbsp;de LUNES a VIERNES de 13:30 hs a 17:30 hs.&nbsp; Lugar:&nbsp; SARMIENTO 2573, CABA. PREINSCRIPCI\u00d3N V\u00cdA FORMULARIO ONLINE (OBLIGATORIO): Periodo: del 5\/12\/2025 al 15\/02\/2026 hasta las 23:59 h. &#8230; <a title=\"PROFESORADO DE TEATRO 2026\" class=\"read-more\" href=\"https:\/\/emad-caba.infd.edu.ar\/sitio\/profesorado-de-teatro-2026\/\" aria-label=\"More on PROFESORADO DE TEATRO 2026\">[+]<\/a><\/p>\n","protected":false},"author":195,"featured_media":0,"parent":0,"menu_order":0,"comment_status":"closed","ping_status":"closed","template":"","meta":[],"acf":[],"_links":{"self":[{"href":"https:\/\/emad-caba.infd.edu.ar\/sitio\/wp-json\/wp\/v2\/pages\/5747"}],"collection":[{"href":"https:\/\/emad-caba.infd.edu.ar\/sitio\/wp-json\/wp\/v2\/pages"}],"about":[{"href":"https:\/\/emad-caba.infd.edu.ar\/sitio\/wp-json\/wp\/v2\/types\/page"}],"author":[{"embeddable":true,"href":"https:\/\/emad-caba.infd.edu.ar\/sitio\/wp-json\/wp\/v2\/users\/195"}],"replies":[{"embeddable":true,"href":"https:\/\/emad-caba.infd.edu.ar\/sitio\/wp-json\/wp\/v2\/comments?post=5747"}],"version-history":[{"count":20,"href":"https:\/\/emad-caba.infd.edu.ar\/sitio\/wp-json\/wp\/v2\/pages\/5747\/revisions"}],"predecessor-version":[{"id":5938,"href":"https:\/\/emad-caba.infd.edu.ar\/sitio\/wp-json\/wp\/v2\/pages\/5747\/revisions\/5938"}],"wp:attachment":[{"href":"https:\/\/emad-caba.infd.edu.ar\/sitio\/wp-json\/wp\/v2\/media?parent=5747"}],"curies":[{"name":"wp","href":"https:\/\/api.w.org\/{rel}","templated":true}]}}