{"id":5742,"date":"2025-12-09T20:53:57","date_gmt":"2025-12-09T23:53:57","guid":{"rendered":"https:\/\/emad-caba.infd.edu.ar\/sitio\/?page_id=5742"},"modified":"2025-12-18T18:47:35","modified_gmt":"2025-12-18T21:47:35","slug":"tecnicatura-superior-en-puesta-en-escena-2026","status":"publish","type":"page","link":"https:\/\/emad-caba.infd.edu.ar\/sitio\/tecnicatura-superior-en-puesta-en-escena-2026\/","title":{"rendered":"TECNICATURA SUPERIOR EN PUESTA EN ESCENA 2026"},"content":{"rendered":"\n<figure class=\"wp-block-image size-full\"><img decoding=\"async\" loading=\"lazy\" width=\"1200\" height=\"300\" src=\"https:\/\/emad-caba.infd.edu.ar\/sitio\/wp-content\/uploads\/2024\/10\/CPEB.png\" alt=\"\" class=\"wp-image-5361\" srcset=\"https:\/\/emad-caba.infd.edu.ar\/sitio\/wp-content\/uploads\/2024\/10\/CPEB.png 1200w, https:\/\/emad-caba.infd.edu.ar\/sitio\/wp-content\/uploads\/2024\/10\/CPEB-1000x250.png 1000w, https:\/\/emad-caba.infd.edu.ar\/sitio\/wp-content\/uploads\/2024\/10\/CPEB-768x192.png 768w\" sizes=\"(max-width: 1200px) 100vw, 1200px\" \/><\/figure>\n\n\n\n<p><\/p>\n\n\n\n<p><a href=\"https:\/\/buenosaires.gob.ar\/cultura\/ensenanza-artistica\/escuela-metropolitana-de-arte-dramatico-emad\/siu-guarani\" data-type=\"URL\" data-id=\"https:\/\/buenosaires.gob.ar\/cultura\/ensenanza-artistica\/escuela-metropolitana-de-arte-dramatico-emad\/siu-guarani\" target=\"_blank\" rel=\"noreferrer noopener\">PREINSCRIPCION SIU GUARANI<\/a><\/p>\n\n\n\n<p><strong>INSCRIPCI\u00d3N CICLO LECTIVO 2026 &#8211; EMAD<\/strong><\/p>\n\n\n\n<p>El plan de estudios completo puede consultarse en la p\u00e1gina de la EMAD:&nbsp;<strong>TECNICATURA SUPERIOR EN PUESTA EN ESCENA<\/strong>.<\/p>\n\n\n\n<p><strong>Horario de la cursada:<\/strong>&nbsp;de LUNES a VIERNES de<strong> 9:00 hs<\/strong> a<strong> 13:30 hs<\/strong> aprox.<\/p>\n\n\n\n<p><strong>Lugar:<\/strong>&nbsp;SEDE RUBENS CORREA &#8211; JUFRE 141\/143, CABA.<\/p>\n\n\n\n<p><strong><u>PREINSCRIPCI\u00d3N V\u00cdA FORMULARIO ONLINE (OBLIGATORIO):<\/u><\/strong><\/p>\n\n\n\n<p><strong>Periodo: <\/strong>del <strong>5\/12\/2025<\/strong> al <strong>15\/02\/2026<\/strong> hasta las <strong>23:59 h<\/strong>.<\/p>\n\n\n\n<p><strong>FORMULARIO DE INSCRIPCI\u00d3N.<\/strong><\/p>\n\n\n\n<p><a href=\"https:\/\/forms.gle\/gVr4emhk4b2iU8DX7\">https:\/\/forms.gle\/gVr4emhk4b2iU8DX7<\/a><\/p>\n\n\n\n<p><strong><u>ADJUNTANDO LOS SIGUIENTES ARCHIVOS<\/u><\/strong><\/p>\n\n\n\n<p><strong>1.<\/strong>&nbsp;Ficha de datos personales completa y con foto \u201ctipo\u201d 4\u00d74.&nbsp;<\/p>\n\n\n\n<p><strong>Ficha Datos Personales EMAD 2026<\/strong> <a href=\"https:\/\/emad-caba.infd.edu.ar\/sitio\/wp-content\/uploads\/2025\/12\/EMAD-Ficha-Datos-Personales-2026-1.pdf\" data-type=\"URL\" data-id=\"https:\/\/emad-caba.infd.edu.ar\/sitio\/wp-content\/uploads\/2025\/12\/EMAD-Ficha-Datos-Personales-2026-1.pdf\" target=\"_blank\" rel=\"noreferrer noopener\">Descarga<\/a><\/p>\n\n\n\n<p><strong>2.&nbsp;<\/strong>Fotocopia de DNI argentino legible:&nbsp;fotocopia de anverso y reverso. O PASAPORTE (fotocopia primera y\/o segunda hoja&nbsp;seg\u00fan corresponda).<\/p>\n\n\n\n<p><strong>3.<\/strong>&nbsp;T\u00edtulo Secundario: Fotocopia del T\u00edtulo o Constancia de t\u00edtulo en tr\u00e1mite emitida por la instituci\u00f3n de nivel medio donde se curs\u00f3 el secundario.<\/p>\n\n\n\n<p><strong>4.<\/strong>&nbsp;Declaraci\u00f3n jurada de antecedentes de salud.&nbsp;Firmada por la persona interesada.<\/p>\n\n\n\n<p><strong>Declaraci\u00f3n jurada salud EMAD 2026<\/strong> <a href=\"https:\/\/emad-caba.infd.edu.ar\/sitio\/wp-content\/uploads\/2025\/12\/EMAD-Declaracion-jurada-de-salud-2026-1.pdf\" data-type=\"URL\" data-id=\"https:\/\/emad-caba.infd.edu.ar\/sitio\/wp-content\/uploads\/2025\/12\/EMAD-Declaracion-jurada-de-salud-2026-1.pdf\" target=\"_blank\" rel=\"noreferrer noopener\">Descarga<\/a><\/p>\n\n\n\n<p><strong>5.<\/strong>&nbsp;Conformidad con el r\u00e9gimen de ingreso.&nbsp;Firmada por la persona interesada.<\/p>\n\n\n\n<p><strong>Conformidad ingreso EMAD<\/strong> <strong>2026<\/strong>&nbsp;<a href=\"https:\/\/emad-caba.infd.edu.ar\/sitio\/wp-content\/uploads\/2025\/12\/EMAD-Conformidad-de-Ingreso-2026-1.pdf\" data-type=\"URL\" data-id=\"https:\/\/emad-caba.infd.edu.ar\/sitio\/wp-content\/uploads\/2025\/12\/EMAD-Conformidad-de-Ingreso-2026-1.pdf\" target=\"_blank\" rel=\"noreferrer noopener\">Descarga<\/a><\/p>\n\n\n\n<p><strong>6.<\/strong> Curriculum Vitae, con especial indicaci\u00f3n de toda la actividad teatral y art\u00edstica desempe\u00f1ada hasta el presente.<\/p>\n\n\n\n<figure class=\"wp-block-image size-full is-resized\"><img decoding=\"async\" loading=\"lazy\" src=\"https:\/\/emad-caba.infd.edu.ar\/sitio\/wp-content\/uploads\/2025\/12\/fecha-limite-1.jpg\" alt=\"\" class=\"wp-image-5780\" width=\"559\" height=\"150\"\/><\/figure>\n\n\n\n<p><strong>CONFIRMACI\u00d3N DE INSCRIPCI\u00d3N (<u>OBLIGATORIA)<\/u> V\u00cdA MAIL A<\/strong> <a href=\"mailto:regenciajufre@gmail.com\">regenciajufre@gmail.com<\/a><\/p>\n\n\n\n<ul>\n<li>Del<strong> 10\/02\/2026<\/strong> al <strong>20\/02\/2026<\/strong> de 10:00 h a 13:00 h.<\/li>\n<\/ul>\n\n\n\n<p><strong><u>ADJUNTANDO LA CARPETA CON PROPUESTA ESC\u00c9NICA<\/u><\/strong><\/p>\n\n\n\n<p><strong>1.<\/strong> Carpeta adjunta con propuesta esc\u00e9nica en un documento PDF con t\u00edtulo:<\/p>\n\n\n\n<p>Propuesta esc\u00e9nica Obra: \u201c\u2026\u2026\u2026\u201d Nombre completo del aspirante y a\u00f1o.<\/p>\n\n\n\n<p>Bono Cooperadora (Monto a definir en febrero 2026).<\/p>\n\n\n\n<ul>\n<li>Se coordinar\u00e1 con la&nbsp;<strong>Regencia<\/strong>&nbsp;como abonarlo.<\/li>\n<\/ul>\n\n\n\n<figure class=\"wp-block-image size-full is-resized\"><img decoding=\"async\" loading=\"lazy\" src=\"https:\/\/emad-caba.infd.edu.ar\/sitio\/wp-content\/uploads\/2025\/12\/Documentacion-requerida.jpg\" alt=\"\" class=\"wp-image-5785\" width=\"577\" height=\"170\"\/><\/figure>\n\n\n\n<p><strong><u>SOBRE EL PERIODO DE INGRESO<\/u><\/strong><\/p>\n\n\n\n<p>El ingreso consta de <strong>6 JORNADAS OBLIGATORIAS <\/strong>en el mes de febrero y marzo a realizarse entre las 9:00 hs y las 13:30 hs<\/p>\n\n\n\n<p>Las jornadas se distribuyen en:<\/p>\n\n\n\n<ol type=\"1\" start=\"1\">\n<li><strong><em>Charla Introductoria<\/em><\/strong><\/li>\n\n\n\n<li><strong><em>Introducci\u00f3n al An\u00e1lisis de Texto <\/em><\/strong>(trabajo en clase sobre la obra elegida).<\/li>\n\n\n\n<li><strong><em>Introducci\u00f3n a la Puesta en Escena <\/em><\/strong>(dos -2- jornadas de trabajo de car\u00e1cter pr\u00e1ctico &#8211; esc\u00e9nicos en relaci\u00f3n a la obra elegida).<\/li>\n\n\n\n<li><strong><em>Carpeta de Propuesta Esc\u00e9nica <\/em><\/strong>(consultas finales sobre la realizaci\u00f3n de la carpeta de propuesta esc\u00e9nica).<\/li>\n\n\n\n<li><strong><em>Coloquios individuales<\/em><\/strong>.<\/li>\n<\/ol>\n\n\n\n<p><strong>SOBRE LA PROPUESTA ESC\u00c9NICA <\/strong><\/p>\n\n\n\n<p><strong>A)<\/strong> Cada aspirante al ingreso deber\u00e1 elegir un material entre las obras: \u201c<strong>La ropa<\/strong>\u201d de Andrea Garrote, \u201c<strong>Prueba de amor<\/strong>\u201d de Roberto Arlt y \u201c<strong>Decir s\u00ed<\/strong>\u201d de Griselda Gambaro, para desarrollar el trabajo indicado en el punto B.<\/p>\n\n\n\n<p>Obras:<\/p>\n\n\n\n<p>\u201c<strong>La ropa<\/strong>\u00bb de Andrea Garrote &#8211; <a href=\"https:\/\/emad-caba.infd.edu.ar\/sitio\/wp-content\/uploads\/2025\/12\/La-ropa-de-Andrea-Garrote.pdf\" data-type=\"URL\" data-id=\"https:\/\/emad-caba.infd.edu.ar\/sitio\/wp-content\/uploads\/2025\/12\/La-ropa-de-Andrea-Garrote.pdf\" target=\"_blank\" rel=\"noreferrer noopener\">Descarga<\/a><\/p>\n\n\n\n<p>\u00ab<strong>Prueba de amor<\/strong>\u00bb de Roberto Arlt &#8211; <a href=\"https:\/\/emad-caba.infd.edu.ar\/sitio\/wp-content\/uploads\/2025\/12\/Prueba_de_Amor_Roberto_-Arlt.pdf\" target=\"_blank\" rel=\"noreferrer noopener\">Descarga<\/a><\/p>\n\n\n\n<p>\u00ab<strong>Decir s\u00ed<\/strong>\u00bb de Griselda Gambaro &#8211; <a href=\"https:\/\/emad-caba.infd.edu.ar\/sitio\/wp-content\/uploads\/2025\/12\/Gambaro-Decir-si-1981.pdf\" target=\"_blank\" rel=\"noreferrer noopener\">Descarga<\/a><\/p>\n\n\n\n<p><strong>B)<\/strong> Cada aspirante a la Tecnicatura Superior de Puesta en Escena deber\u00e1 presentar en la carpeta un proyecto de montaje de UNA de las tres obras propuestas.<\/p>\n\n\n\n<p>La idea es que se trabaje con una <strong>PROPUESTA ESC\u00c9NICA<\/strong>. Para esto se tomar\u00e1 el siguiente instructivo como un posible modelo a desarrollar.<\/p>\n\n\n\n<p><strong>INSTRUCTIVO DE PRESENTACI\u00d3N<\/strong><\/p>\n\n\n\n<ol type=\"1\" start=\"1\">\n<li>Trabajo con el texto: an\u00e1lisis del mismo, el conflicto y su desarrollo. \u00bfQu\u00e9 cuenta la obra? \u00bfEn qu\u00e9 lugar y \u00e9poca sucede? \u00bfCu\u00e1l es el tiempo de la acci\u00f3n? Biograf\u00eda de su autor\/a. Contexto social en el que fue escrita. \u00bfC\u00f3mo influye el contexto hist\u00f3rico? \u00bfQui\u00e9n(es) lleva(n) adelante la acci\u00f3n? \u00bfQu\u00e9 otros datos nos da el texto?<\/li>\n<\/ol>\n\n\n\n<ol type=\"1\" start=\"2\">\n<li>Trabajo visual a partir del texto: criterios de espacio. Qu\u00e9 noci\u00f3n espacial contiene el texto, d\u00f3nde lo imaginan (qu\u00e9 tipo de sala, dimensiones, colores, disposici\u00f3n del p\u00fablico, etc.), qu\u00e9 vestuario imaginan, qu\u00e9 luces pensando en un posible clima, im\u00e1genes asociadas posibles que consideren acordes. Todo este punto puede tener aportes de planos, dibujos, fotograf\u00edas, im\u00e1genes de referencia, etc.<\/li>\n<\/ol>\n\n\n\n<ol type=\"1\" start=\"3\">\n<li>Trabajo sonoro a partir del texto: el texto pide una musicalidad en s\u00ed. Adem\u00e1s de esto, qu\u00e9 otras indicaciones sonoras creen posible desarrollar en el pedido a los actores y actrices, u otras posibilidades que encuentren adecuadas (m\u00fasica, intervenciones sonoras, etc.).<\/li>\n<\/ol>\n\n\n\n<ol type=\"1\" start=\"4\">\n<li>Adem\u00e1s, pueden agregar toda la informaci\u00f3n que crean que aporte a la propuesta esc\u00e9nica (ejemplo: modos de actuaci\u00f3n, perfil de los actores y las actrices, actores y actrices reales que se imaginan, etc.).<\/li>\n<\/ol>\n\n\n\n<p><\/p>\n\n\n\n<p><strong>CRONOGRAMA DE LAS INSTANCIAS<\/strong><\/p>\n\n\n\n<ol type=\"1\" start=\"1\">\n<li><strong><em>Charla Introductoria<\/em><\/strong>: se explicar\u00e1 el funcionamiento de la Tecnicatura, su marco, y las instancias de ingreso.<\/li>\n\n\n\n<li><strong><em>Introducci\u00f3n al An\u00e1lisis de Texto<\/em><\/strong>:encuentro con docentes de la materia An\u00e1lisis de Texto para analizar los materiales elegidos, a partir de consignas dadas por lxs docentes cada aspirante producir\u00e1 un material escrito de avance de su carpeta de presentaci\u00f3n. Deben asistir con los textos le\u00eddos y con la obra a trabajar ya seleccionada.<\/li>\n\n\n\n<li><strong><em>Introducci\u00f3n a la Puesta en Escena<\/em><\/strong>: actividad pr\u00e1ctica con docentes de las materias de Puesta en Escena y Direcci\u00f3n de Actores\/Actrices donde se ejercitar\u00e1 en el espacio esc\u00e9nico acerca de los materiales elegidos durante 2 jornadas.<\/li>\n\n\n\n<li><strong><em>Carpeta de Propuesta Esc\u00e9nica<\/em><\/strong>: espacio para trabajar sobre dudas e inquietudes acerca de las presentaciones personales.<\/li>\n\n\n\n<li><strong><em>Coloquios individuales<\/em><\/strong>: encuentro de 20 minutos por aspirante para poner en di\u00e1logo la propuesta esc\u00e9nica presentada en la carpeta. Estar\u00e1n presentes para la evaluaci\u00f3n de los coloquios: Coordinaci\u00f3n de la Carrera, Equipo de Orientaci\u00f3n, Docentes de las materias troncales de primer a\u00f1o, Docentes de la Tecnicatura y Veedor Estudiantil. La EMAD citar\u00e1 oportunamente a cada aspirante en fecha y hora destinada a su coloquio individual.<\/li>\n<\/ol>\n\n\n\n<figure class=\"wp-block-image size-full\"><img decoding=\"async\" loading=\"lazy\" width=\"1556\" height=\"1060\" src=\"https:\/\/emad-caba.infd.edu.ar\/sitio\/wp-content\/uploads\/2025\/12\/PUESTA-EN-ESCENA-CRONOGRAMA-INGRESOS-CPEB-2026-Febrero.jpg\" alt=\"\" class=\"wp-image-5890\" srcset=\"https:\/\/emad-caba.infd.edu.ar\/sitio\/wp-content\/uploads\/2025\/12\/PUESTA-EN-ESCENA-CRONOGRAMA-INGRESOS-CPEB-2026-Febrero.jpg 1556w, https:\/\/emad-caba.infd.edu.ar\/sitio\/wp-content\/uploads\/2025\/12\/PUESTA-EN-ESCENA-CRONOGRAMA-INGRESOS-CPEB-2026-Febrero-1000x681.jpg 1000w, https:\/\/emad-caba.infd.edu.ar\/sitio\/wp-content\/uploads\/2025\/12\/PUESTA-EN-ESCENA-CRONOGRAMA-INGRESOS-CPEB-2026-Febrero-768x523.jpg 768w, https:\/\/emad-caba.infd.edu.ar\/sitio\/wp-content\/uploads\/2025\/12\/PUESTA-EN-ESCENA-CRONOGRAMA-INGRESOS-CPEB-2026-Febrero-1536x1046.jpg 1536w\" sizes=\"(max-width: 1556px) 100vw, 1556px\" \/><\/figure>\n\n\n\n<figure class=\"wp-block-image size-full\"><img decoding=\"async\" loading=\"lazy\" width=\"1557\" height=\"1141\" src=\"https:\/\/emad-caba.infd.edu.ar\/sitio\/wp-content\/uploads\/2025\/12\/PUESTA-EN-ESCENA-CRONOGRAMA-INGRESOS-CPEB-2026-Marzo-1.jpg\" alt=\"\" class=\"wp-image-5917\" srcset=\"https:\/\/emad-caba.infd.edu.ar\/sitio\/wp-content\/uploads\/2025\/12\/PUESTA-EN-ESCENA-CRONOGRAMA-INGRESOS-CPEB-2026-Marzo-1.jpg 1557w, https:\/\/emad-caba.infd.edu.ar\/sitio\/wp-content\/uploads\/2025\/12\/PUESTA-EN-ESCENA-CRONOGRAMA-INGRESOS-CPEB-2026-Marzo-1-1000x733.jpg 1000w, https:\/\/emad-caba.infd.edu.ar\/sitio\/wp-content\/uploads\/2025\/12\/PUESTA-EN-ESCENA-CRONOGRAMA-INGRESOS-CPEB-2026-Marzo-1-768x563.jpg 768w, https:\/\/emad-caba.infd.edu.ar\/sitio\/wp-content\/uploads\/2025\/12\/PUESTA-EN-ESCENA-CRONOGRAMA-INGRESOS-CPEB-2026-Marzo-1-1536x1126.jpg 1536w\" sizes=\"(max-width: 1557px) 100vw, 1557px\" \/><\/figure>\n\n\n\n<p><strong>13 DE MARZO DE 2026<\/strong> <strong>PUBLICACI\u00d3N DEL LISTADO DE LAS PERSONAS QUE INGRESEN A LA<\/strong> <strong>TECNICATURA SUPERIOR DE PUESTA EN ESCENA.<\/strong><\/p>\n\n\n\n<p><strong>LOS CRITERIOS A TENER EN CUENTA PARA EVALUAR LAS DISTINTAS SOLICITUDES DE INGRESO, PROPUESTA ESC\u00c9NICA Y COLOQUIOS SE BASAR\u00c1N EN:<\/strong><\/p>\n\n\n\n<ul>\n<li>Asistencia y puntualidad en los encuentros obligatorios.<\/li>\n\n\n\n<li>Compromiso con las pautas de trabajo; predisposici\u00f3n hacia el trabajo grupal y apertura hacia el aprendizaje.<\/li>\n\n\n\n<li>Claridad y coherencia en el desarrollo de la propuesta esc\u00e9nica en relaci\u00f3n al texto seleccionado.<\/li>\n\n\n\n<li>Desarrollo de una propuesta personal en base a la investigaci\u00f3n previa sobre el texto seleccionado.<\/li>\n\n\n\n<li>Claridad en la presentaci\u00f3n oral y coherencia en relaci\u00f3n al trabajo desarrollado en la carpeta.<\/li>\n\n\n\n<li>Profundizaci\u00f3n y\/o ampliaci\u00f3n de criterios y enfoques de la propuesta escrita presentada en la carpeta.<\/li>\n<\/ul>\n\n\n\n<p><\/p>\n\n\n\n<p>VACANTES QUE OFRECE LA <strong>TECNICATURA SUPERIOR EN PUESTA EN ESCENA<\/strong>: 22 PERSONAS.<\/p>\n\n\n\n<p><\/p>\n\n\n\n<p><strong>UNA VEZ QUE HAYAN INGRESADO A LA CARRERA<\/strong><\/p>\n\n\n\n<p>Cualquier estudiante que no asista a las seis primeras jornadas de clase perder\u00e1 el beneficio de la regularidad. Se entiende como seis primeras jornadas a los seis d\u00edas de clases siguientes al comienzo de las mismas, independiente de la asistencia por materia.<\/p>\n\n\n\n<p><strong>DESCARGA DE FORMULARIOS:<\/strong><\/p>\n\n\n\n<p><strong>FORMULARIO DE INSCRIPCI\u00d3N<\/strong><\/p>\n\n\n\n<p><a href=\"https:\/\/forms.gle\/gVr4emhk4b2iU8DX7\" target=\"_blank\" rel=\"noreferrer noopener\">https:\/\/forms.gle\/gVr4emhk4b2iU8DX7<\/a><\/p>\n\n\n\n<p><strong>Ficha Datos Personales EMAD 2026<\/strong> <a href=\"https:\/\/emad-caba.infd.edu.ar\/sitio\/wp-content\/uploads\/2025\/12\/EMAD-Ficha-Datos-Personales-2026-1.pdf\" data-type=\"URL\" data-id=\"https:\/\/emad-caba.infd.edu.ar\/sitio\/wp-content\/uploads\/2025\/12\/EMAD-Ficha-Datos-Personales-2026-1.pdf\" target=\"_blank\" rel=\"noreferrer noopener\">Descarga<\/a><\/p>\n\n\n\n<p><strong>Declaraci\u00f3n jurada salud EMAD 2026<\/strong> <a href=\"https:\/\/emad-caba.infd.edu.ar\/sitio\/wp-content\/uploads\/2025\/12\/EMAD-Declaracion-jurada-de-salud-2026-1.pdf\" data-type=\"URL\" data-id=\"https:\/\/emad-caba.infd.edu.ar\/sitio\/wp-content\/uploads\/2025\/12\/EMAD-Declaracion-jurada-de-salud-2026-1.pdf\" target=\"_blank\" rel=\"noreferrer noopener\">Descarga<\/a><\/p>\n\n\n\n<p><strong>Conformidad ingreso EMAD<\/strong> <strong>2026<\/strong>&nbsp;<a href=\"https:\/\/emad-caba.infd.edu.ar\/sitio\/wp-content\/uploads\/2025\/12\/EMAD-Conformidad-de-Ingreso-2026-1.pdf\" data-type=\"URL\" data-id=\"https:\/\/emad-caba.infd.edu.ar\/sitio\/wp-content\/uploads\/2025\/12\/EMAD-Conformidad-de-Ingreso-2026-1.pdf\" target=\"_blank\" rel=\"noreferrer noopener\">Descarga<\/a><\/p>\n\n\n\n<p>Obras:<\/p>\n\n\n\n<p>\u201c<strong>La ropa<\/strong>\u00bb de Andrea Garrote &#8211; <a href=\"https:\/\/emad-caba.infd.edu.ar\/sitio\/wp-content\/uploads\/2025\/12\/La-ropa-de-Andrea-Garrote.pdf\" data-type=\"URL\" data-id=\"https:\/\/emad-caba.infd.edu.ar\/sitio\/wp-content\/uploads\/2025\/12\/La-ropa-de-Andrea-Garrote.pdf\" target=\"_blank\" rel=\"noreferrer noopener\">Descarga<\/a><\/p>\n\n\n\n<p>\u00ab<strong>Prueba de amor<\/strong>\u00bb de Roberto Arlt &#8211; <a href=\"https:\/\/emad-caba.infd.edu.ar\/sitio\/wp-content\/uploads\/2025\/12\/Prueba_de_Amor_Roberto_-Arlt.pdf\" data-type=\"URL\" data-id=\"https:\/\/emad-caba.infd.edu.ar\/sitio\/wp-content\/uploads\/2025\/12\/Prueba_de_Amor_Roberto_-Arlt.pdf\" target=\"_blank\" rel=\"noreferrer noopener\">Descarga<\/a><\/p>\n\n\n\n<p>\u00ab<strong>Decir s\u00ed<\/strong>\u00bb de Griselda Gambaro &#8211; <a href=\"https:\/\/emad-caba.infd.edu.ar\/sitio\/wp-content\/uploads\/2025\/12\/Gambaro-Decir-si-1981.pdf\" data-type=\"URL\" data-id=\"https:\/\/emad-caba.infd.edu.ar\/sitio\/wp-content\/uploads\/2025\/12\/Gambaro-Decir-si-1981.pdf\" target=\"_blank\" rel=\"noreferrer noopener\">Descarga<\/a><\/p>\n\n\n\n<p><\/p>\n\n\n\n<p>Para m\u00e1s informaci\u00f3n:&nbsp;<a href=\"mailto:regenciajufre@gmail.com\">regenciajufre@gmail.com<\/a><\/p>\n\n\n\n<p><strong><u>INFORMACI\u00d3N ASPIRANTES EXTRANJEROS<\/u><\/strong><\/p>\n\n\n\n<p>Direcci\u00f3n de validez nacional de T\u00edtulos y Estudios<\/p>\n\n\n\n<ul>\n<li>Convalidaci\u00f3n de estudios realizados en el extranjero (pa\u00edses con convenio)<\/li>\n<\/ul>\n\n\n\n<p><a rel=\"noreferrer noopener\" href=\"https:\/\/www.argentina.gob.ar\/convalidar-titulo-secundario-de-paises-con-convenio\" target=\"_blank\">https:\/\/www.argentina.gob.ar<\/a><a href=\"https:\/\/www.argentina.gob.ar\/convalidar-titulo-secundario-de-paises-con-convenio\">\/convalidar-titulo-sec<\/a><a href=\"https:\/\/www.argentina.gob.ar\/convalidar-titulo-secundario-de-paises-con-convenio\" target=\"_blank\" rel=\"noreferrer noopener\">undario-de-paises-con-convenio<\/a><\/p>\n\n\n\n<ul>\n<li>Reconocimiento de estudios realizados en el extranjero (pa\u00edses sin convenio)<\/li>\n<\/ul>\n\n\n\n<p><a rel=\"noreferrer noopener\" href=\"https:\/\/www.argentina.gob.ar\/reconocer-titulo-secundario-de-paises-sin-convenio\" target=\"_blank\">https:\/\/www<\/a><a href=\"https:\/\/www.argentina.gob.ar\/reconocer-titulo-secundario-de-paises-sin-convenio\" target=\"_blank\" rel=\"noreferrer noopener\">.argentina.gob.ar\/reconocer-titulo-secundario-de-paises-sin-convenio<\/a><\/p>\n","protected":false},"excerpt":{"rendered":"<p>PREINSCRIPCION SIU GUARANI INSCRIPCI\u00d3N CICLO LECTIVO 2026 &#8211; EMAD El plan de estudios completo puede consultarse en la p\u00e1gina de la EMAD:&nbsp;TECNICATURA SUPERIOR EN PUESTA EN ESCENA. Horario de la cursada:&nbsp;de LUNES a VIERNES de 9:00 hs a 13:30 hs aprox. Lugar:&nbsp;SEDE RUBENS CORREA &#8211; JUFRE 141\/143, CABA. PREINSCRIPCI\u00d3N V\u00cdA FORMULARIO ONLINE (OBLIGATORIO): Periodo: del &#8230; <a title=\"TECNICATURA SUPERIOR EN PUESTA EN ESCENA 2026\" class=\"read-more\" href=\"https:\/\/emad-caba.infd.edu.ar\/sitio\/tecnicatura-superior-en-puesta-en-escena-2026\/\" aria-label=\"More on TECNICATURA SUPERIOR EN PUESTA EN ESCENA 2026\">[+]<\/a><\/p>\n","protected":false},"author":195,"featured_media":0,"parent":0,"menu_order":0,"comment_status":"closed","ping_status":"closed","template":"","meta":[],"acf":[],"_links":{"self":[{"href":"https:\/\/emad-caba.infd.edu.ar\/sitio\/wp-json\/wp\/v2\/pages\/5742"}],"collection":[{"href":"https:\/\/emad-caba.infd.edu.ar\/sitio\/wp-json\/wp\/v2\/pages"}],"about":[{"href":"https:\/\/emad-caba.infd.edu.ar\/sitio\/wp-json\/wp\/v2\/types\/page"}],"author":[{"embeddable":true,"href":"https:\/\/emad-caba.infd.edu.ar\/sitio\/wp-json\/wp\/v2\/users\/195"}],"replies":[{"embeddable":true,"href":"https:\/\/emad-caba.infd.edu.ar\/sitio\/wp-json\/wp\/v2\/comments?post=5742"}],"version-history":[{"count":21,"href":"https:\/\/emad-caba.infd.edu.ar\/sitio\/wp-json\/wp\/v2\/pages\/5742\/revisions"}],"predecessor-version":[{"id":5933,"href":"https:\/\/emad-caba.infd.edu.ar\/sitio\/wp-json\/wp\/v2\/pages\/5742\/revisions\/5933"}],"wp:attachment":[{"href":"https:\/\/emad-caba.infd.edu.ar\/sitio\/wp-json\/wp\/v2\/media?parent=5742"}],"curies":[{"name":"wp","href":"https:\/\/api.w.org\/{rel}","templated":true}]}}