{"id":5738,"date":"2025-12-10T14:47:12","date_gmt":"2025-12-10T17:47:12","guid":{"rendered":"https:\/\/emad-caba.infd.edu.ar\/sitio\/?page_id=5738"},"modified":"2025-12-18T18:53:24","modified_gmt":"2025-12-18T21:53:24","slug":"tecnicatura-superior-en-escenografia-2026","status":"publish","type":"page","link":"https:\/\/emad-caba.infd.edu.ar\/sitio\/tecnicatura-superior-en-escenografia-2026\/","title":{"rendered":"TECNICATURA SUPERIOR EN ESCENOGRAFIA 2026"},"content":{"rendered":"\n<figure class=\"wp-block-image size-full\"><img decoding=\"async\" loading=\"lazy\" width=\"1200\" height=\"300\" src=\"https:\/\/emad-caba.infd.edu.ar\/sitio\/wp-content\/uploads\/2024\/10\/CESB.png\" alt=\"\" class=\"wp-image-5363\" srcset=\"https:\/\/emad-caba.infd.edu.ar\/sitio\/wp-content\/uploads\/2024\/10\/CESB.png 1200w, https:\/\/emad-caba.infd.edu.ar\/sitio\/wp-content\/uploads\/2024\/10\/CESB-1000x250.png 1000w, https:\/\/emad-caba.infd.edu.ar\/sitio\/wp-content\/uploads\/2024\/10\/CESB-768x192.png 768w\" sizes=\"(max-width: 1200px) 100vw, 1200px\" \/><\/figure>\n\n\n\n<p><\/p>\n\n\n\n<p><a href=\"https:\/\/buenosaires.gob.ar\/cultura\/ensenanza-artistica\/escuela-metropolitana-de-arte-dramatico-emad\/siu-guarani\" data-type=\"URL\" data-id=\"https:\/\/buenosaires.gob.ar\/cultura\/ensenanza-artistica\/escuela-metropolitana-de-arte-dramatico-emad\/siu-guarani\" target=\"_blank\" rel=\"noreferrer noopener\">PREINSCRIPCION SIU GUARANI<\/a><\/p>\n\n\n\n<p><strong>INSCRIPCI\u00d3N CICLO LECTIVO 2026 &#8211; EMAD<\/strong><\/p>\n\n\n\n<p>El plan de estudios completo puede consultarse en la p\u00e1gina de la EMAD:&nbsp;<strong>TECNICATURA SUPERIOR EN ESCENOGRAF\u00cdA<\/strong><\/p>\n\n\n\n<p><strong>Horario de la cursada:<\/strong>&nbsp;de LUNES a VIERNES de 9:00 hs a 14:50 hs.<\/p>\n\n\n\n<p>Un cuatrimestre de 1\u00b0 A\u00d1O se cursa los S\u00c1BADOS de 9:00 hs a 11:00 hs.<\/p>\n\n\n\n<p><strong>Lugares de cursada: <\/strong>PER\u00da 362 &#8211; LEIVA 4249 &#8211; JUFR\u00c9 141, CABA.<\/p>\n\n\n\n<p><strong><u>PREINSCRIPCI\u00d3N V\u00cdA FORMULARIO ONLINE (OBLIGATORIO):<\/u><\/strong><\/p>\n\n\n\n<p><strong>Periodo: <\/strong>del <strong>5\/12\/2025<\/strong> al <strong>22\/02\/2026<\/strong> hasta las <strong>23:59 h<\/strong>.<\/p>\n\n\n\n<p><strong>FORMULARIO DE INSCRIPCI\u00d3N<\/strong><\/p>\n\n\n\n<p><a href=\"https:\/\/forms.gle\/8Hu8Z2wu8Lw4puMr7\" target=\"_blank\" rel=\"noreferrer noopener\">https:\/\/forms.gle\/8Hu8Z2wu8Lw4puMr7<\/a><\/p>\n\n\n\n<figure class=\"wp-block-image size-full is-resized\"><img decoding=\"async\" loading=\"lazy\" src=\"https:\/\/emad-caba.infd.edu.ar\/sitio\/wp-content\/uploads\/2025\/12\/Validacion-de-documentacion.jpg\" alt=\"\" class=\"wp-image-5779\" width=\"605\" height=\"167\"\/><\/figure>\n\n\n\n<p><\/p>\n\n\n\n<figure class=\"wp-block-image size-full is-resized\"><img decoding=\"async\" loading=\"lazy\" src=\"https:\/\/emad-caba.infd.edu.ar\/sitio\/wp-content\/uploads\/2025\/12\/fecha-limite-1.jpg\" alt=\"\" class=\"wp-image-5780\" width=\"610\" height=\"164\"\/><\/figure>\n\n\n\n<p>Bono Cooperadora (Monto a definir en febrero 2026). <\/p>\n\n\n\n<ul>\n<li>Se coordinar\u00e1 con la&nbsp;<strong>Regencia<\/strong>&nbsp;como abonarlo.<\/li>\n<\/ul>\n\n\n\n<p><\/p>\n\n\n\n<p><strong><u>SOBRE EL PERIODO DE INGRESO<\/u><\/strong><\/p>\n\n\n\n<p>Requisitos para el periodo de examen<\/p>\n\n\n\n<p>Antes de la primera instancia de examen los aspirantes deber\u00e1n:<\/p>\n\n\n\n<p>&#8211; Leer las siguientes piezas de teatro:<\/p>\n\n\n\n<p>1. <strong>LA MALASANGRE<\/strong> de Griselda Gambaro. <a href=\"https:\/\/emad-caba.infd.edu.ar\/sitio\/wp-content\/uploads\/2025\/12\/La_mala_sangre_Griselda_Gambaro.pdf\" data-type=\"URL\" data-id=\"https:\/\/emad-caba.infd.edu.ar\/sitio\/wp-content\/uploads\/2025\/12\/La_mala_sangre_Griselda_Gambaro.pdf\" target=\"_blank\" rel=\"noreferrer noopener\">Descarga<\/a><\/p>\n\n\n\n<p>2. <strong>ROMEO Y JULIETA<\/strong> de William Shakespeare. <a href=\"https:\/\/emad-caba.infd.edu.ar\/sitio\/wp-content\/uploads\/2025\/12\/Romeo_y_Julieta_Wiliam_Shakespeare.pdf\" data-type=\"URL\" data-id=\"https:\/\/emad-caba.infd.edu.ar\/sitio\/wp-content\/uploads\/2025\/12\/Romeo_y_Julieta_Wiliam_Shakespeare.pdf\" target=\"_blank\" rel=\"noreferrer noopener\">Descarga<\/a><\/p>\n\n\n\n<p>&#8211; Ver las siguientes pel\u00edculas:<\/p>\n\n\n\n<p>1. <strong>WEST SIDE STORY<\/strong> de Robert Wise y Jerome Robins. 1961<\/p>\n\n\n\n<p>2. <strong>ROMEO Y JULIETA<\/strong> de Franco Zeffirelli. 1968<\/p>\n\n\n\n<p>3. <strong>ROMEO + JULIET<\/strong> de Baz Luhrmann. 1996<\/p>\n\n\n\n<p>4. <strong>DOGVILLE<\/strong> de Lars Von Trier. 2003<\/p>\n\n\n\n<p><\/p>\n\n\n\n<p>El ingreso consta de <strong>6 JORNADAS OBLIGATORIAS <\/strong>en el mes de marzo a realizarse entre las 9:00 hs y las 13:30 hs.<\/p>\n\n\n\n<p>Las jornadas se distribuyen en:<\/p>\n\n\n\n<ol type=\"1\" start=\"1\">\n<li><strong><em>Charla Introductoria<\/em><\/strong>.<\/li>\n\n\n\n<li><strong><em>Clase de iniciaci\u00f3n al an\u00e1lisis de texto<\/em><\/strong>. Breve ejercicio de escritura en vivo.<\/li>\n\n\n\n<li><strong><em>Introducci\u00f3n al dise\u00f1o esc\u00e9nico y vestuario. <\/em><\/strong>Breve introducci\u00f3n a la percepci\u00f3n del espacio. Ejercicio de dise\u00f1o bi-dimensional y tri-dimensional. Representaci\u00f3n esquem\u00e1tica de la figura humana y el figur\u00edn.<\/li>\n\n\n\n<li><strong><em>Realizaci\u00f3n de bocetos: <\/em><\/strong>de espacio y vestuario (figur\u00edn) en funci\u00f3n de las obras a trabajar.<\/li>\n\n\n\n<li><strong><em>Trabajo de percepci\u00f3n visual, dibujo y pintura<\/em><\/strong>. Realizaci\u00f3n individual de collage y realizaci\u00f3n grupal de un recinto \/instalaci\u00f3n, ambos resultantes del an\u00e1lisis de los textos abordados.<\/li>\n\n\n\n<li><strong><em>Coloquios individuales: <\/em><\/strong>encuentro de 20 minutos por aspirante. Estar\u00e1n presentes para la evaluaci\u00f3n de los coloquios: Coordinaci\u00f3n de la Carrera, Equipo de Orientaci\u00f3n, Docentes de las materias troncales, Docentes de la Tecnicatura y Veedor Estudiantil. La EMAD citar\u00e1 oportunamente a cada aspirante en fecha y hora destinada a su coloquio individual.<\/li>\n<\/ol>\n\n\n\n<figure class=\"wp-block-image size-full\"><img decoding=\"async\" loading=\"lazy\" width=\"1561\" height=\"1073\" src=\"https:\/\/emad-caba.infd.edu.ar\/sitio\/wp-content\/uploads\/2025\/12\/ESCENOGRAFIA-CRONOGRAMA-INGRESOS-CESB-2026-Febrero.jpg\" alt=\"\" class=\"wp-image-5893\" srcset=\"https:\/\/emad-caba.infd.edu.ar\/sitio\/wp-content\/uploads\/2025\/12\/ESCENOGRAFIA-CRONOGRAMA-INGRESOS-CESB-2026-Febrero.jpg 1561w, https:\/\/emad-caba.infd.edu.ar\/sitio\/wp-content\/uploads\/2025\/12\/ESCENOGRAFIA-CRONOGRAMA-INGRESOS-CESB-2026-Febrero-1000x687.jpg 1000w, https:\/\/emad-caba.infd.edu.ar\/sitio\/wp-content\/uploads\/2025\/12\/ESCENOGRAFIA-CRONOGRAMA-INGRESOS-CESB-2026-Febrero-768x528.jpg 768w, https:\/\/emad-caba.infd.edu.ar\/sitio\/wp-content\/uploads\/2025\/12\/ESCENOGRAFIA-CRONOGRAMA-INGRESOS-CESB-2026-Febrero-1536x1056.jpg 1536w\" sizes=\"(max-width: 1561px) 100vw, 1561px\" \/><\/figure>\n\n\n\n<figure class=\"wp-block-image size-full\"><img decoding=\"async\" loading=\"lazy\" width=\"1569\" height=\"1153\" src=\"https:\/\/emad-caba.infd.edu.ar\/sitio\/wp-content\/uploads\/2025\/12\/ESCENOGRAFIA-CRONOGRAMA-INGRESOS-CESB-2026-Marzo.jpg\" alt=\"\" class=\"wp-image-5894\" srcset=\"https:\/\/emad-caba.infd.edu.ar\/sitio\/wp-content\/uploads\/2025\/12\/ESCENOGRAFIA-CRONOGRAMA-INGRESOS-CESB-2026-Marzo.jpg 1569w, https:\/\/emad-caba.infd.edu.ar\/sitio\/wp-content\/uploads\/2025\/12\/ESCENOGRAFIA-CRONOGRAMA-INGRESOS-CESB-2026-Marzo-1000x735.jpg 1000w, https:\/\/emad-caba.infd.edu.ar\/sitio\/wp-content\/uploads\/2025\/12\/ESCENOGRAFIA-CRONOGRAMA-INGRESOS-CESB-2026-Marzo-768x564.jpg 768w, https:\/\/emad-caba.infd.edu.ar\/sitio\/wp-content\/uploads\/2025\/12\/ESCENOGRAFIA-CRONOGRAMA-INGRESOS-CESB-2026-Marzo-1536x1129.jpg 1536w\" sizes=\"(max-width: 1569px) 100vw, 1569px\" \/><\/figure>\n\n\n\n<p><strong>SE CONSIDERAR\u00c1N DE CAR\u00c1CTER OBLIGATORIO EL CUMPLIMIENTO DE LAS SIGUIENTES CONDICIONES DE INGRESO:<\/strong><\/p>\n\n\n\n<ul>\n<li>Asistencia y puntualidad a cada Jornada<\/li>\n\n\n\n<li>Lectura y visionado de los materiales seleccionados<\/li>\n<\/ul>\n\n\n\n<p><strong>DURANTE EL CURSO DE INGRESO SE PONDR\u00c1 LA MIRADA EN:<\/strong><\/p>\n\n\n\n<p>* El cumplimiento de las consignas y pedidos de cada instancia.<\/p>\n\n\n\n<p>* La disposici\u00f3n para la ejecuci\u00f3n durante plazos espec\u00edficos de tiempo, de tareas de car\u00e1cter gr\u00e1fico (dibujo, pintura, collage, etc.) y sobre materiales concretos en espacio tridimensional (instalaciones).<\/p>\n\n\n\n<p>* La disposici\u00f3n para la vinculaci\u00f3n en grupo y el trabajo interactivo durante todo el trayecto de ingreso.<\/p>\n\n\n\n<p><strong>CADA UNA DE LAS INSTANCIAS NO ES ELIMINATORIA.<\/strong><\/p>\n\n\n\n<p><strong>EL TRAYECTO DEL INGRESO SE DEBER\u00c1 RECORRER DE MANERA COMPLETA, PARTICIPANDO DE TODAS LAS JORNADAS.<\/strong><\/p>\n\n\n\n<p><strong>DEL RESULTADO DE ESTAS INSTANCIAS SE SELECCIONAR\u00c1 UN GRUPO DE INGRESANTES QUE NO EXCEDA EL CUPO DE LA TECNICATURA.<\/strong><\/p>\n\n\n\n<p>VACANTES QUE OFRECE LA <strong>TECNICATURA SUPERIOR EN ESCENOGRAF\u00cdA<\/strong>: 25 PERSONAS.<\/p>\n\n\n\n<figure class=\"wp-block-image size-full is-resized\"><img decoding=\"async\" loading=\"lazy\" src=\"https:\/\/emad-caba.infd.edu.ar\/sitio\/wp-content\/uploads\/2025\/12\/certificado-de-vacuna-antitetanica.jpg\" alt=\"\" class=\"wp-image-5783\" width=\"590\" height=\"174\"\/><\/figure>\n\n\n\n<p><\/p>\n\n\n\n<p><strong>DESCARGA DE FORMULARIOS:<\/strong><\/p>\n\n\n\n<p><strong>FORMULARIO DE INSCRIPCI\u00d3N<\/strong><\/p>\n\n\n\n<p><a href=\"https:\/\/forms.gle\/8Hu8Z2wu8Lw4puMr7\" target=\"_blank\" rel=\"noreferrer noopener\">https:\/\/forms.gle\/8Hu8Z2wu8Lw4puMr7<\/a><\/p>\n\n\n\n<p><strong>Ficha Datos Personales EMAD 2026<\/strong> <a href=\"https:\/\/emad-caba.infd.edu.ar\/sitio\/wp-content\/uploads\/2025\/12\/EMAD-Ficha-Datos-Personales-2026-1.pdf\" data-type=\"URL\" data-id=\"https:\/\/emad-caba.infd.edu.ar\/sitio\/wp-content\/uploads\/2025\/12\/EMAD-Ficha-Datos-Personales-2026-1.pdf\" target=\"_blank\" rel=\"noreferrer noopener\">Descarga<\/a><\/p>\n\n\n\n<p><strong>Declaraci\u00f3n jurada salud EMAD 2026<\/strong> <a href=\"https:\/\/emad-caba.infd.edu.ar\/sitio\/wp-content\/uploads\/2025\/12\/EMAD-Declaracion-jurada-de-salud-2026-1.pdf\" data-type=\"URL\" data-id=\"https:\/\/emad-caba.infd.edu.ar\/sitio\/wp-content\/uploads\/2025\/12\/EMAD-Declaracion-jurada-de-salud-2026-1.pdf\" target=\"_blank\" rel=\"noreferrer noopener\">Descarga<\/a><\/p>\n\n\n\n<p><strong>Conformidad ingreso EMAD<\/strong> <strong>2026<\/strong>&nbsp;<a href=\"https:\/\/emad-caba.infd.edu.ar\/sitio\/wp-content\/uploads\/2025\/12\/EMAD-Conformidad-de-Ingreso-2026-1.pdf\" data-type=\"URL\" data-id=\"https:\/\/emad-caba.infd.edu.ar\/sitio\/wp-content\/uploads\/2025\/12\/EMAD-Conformidad-de-Ingreso-2026-1.pdf\" target=\"_blank\" rel=\"noreferrer noopener\">Descarga<\/a><\/p>\n\n\n\n<p>Para m\u00e1s informaci\u00f3n: forestregencia@gmail.com<\/p>\n\n\n\n<p><strong><u>INFORMACI\u00d3N ASPIRANTES EXTRANJEROS<\/u><\/strong><\/p>\n\n\n\n<p>Direcci\u00f3n de validez nacional de T\u00edtulos y Estudios<\/p>\n\n\n\n<ul>\n<li>Convalidaci\u00f3n de estudios realizados en el extranjero (pa\u00edses con convenio)<\/li>\n<\/ul>\n\n\n\n<p><a href=\"https:\/\/www.argentina.gob.ar\/convalidar-titulo-secundario-de-paises-con-convenio\" target=\"_blank\" rel=\"noreferrer noopener\">https:\/\/www.argentina.gob.ar\/convalidar-titulo-secundario-de-paises-con-convenio<\/a><\/p>\n\n\n\n<ul>\n<li>Reconocimiento de estudios realizados en el extranjero (pa\u00edses sin convenio)<\/li>\n<\/ul>\n\n\n\n<p><a href=\"https:\/\/www.argentina.gob.ar\/reconocer-titulo-secundario-de-paises-sin-convenio\" target=\"_blank\" rel=\"noreferrer noopener\">https:\/\/www.argentina.gob.ar\/<\/a><a href=\"https:\/\/www.argentina.gob.ar\/reconocer-titulo-secundario-de-paises-sin-convenio\">reconocer-titulo-secundario-de-paises-sin-convenio<\/a><\/p>\n","protected":false},"excerpt":{"rendered":"<p>PREINSCRIPCION SIU GUARANI INSCRIPCI\u00d3N CICLO LECTIVO 2026 &#8211; EMAD El plan de estudios completo puede consultarse en la p\u00e1gina de la EMAD:&nbsp;TECNICATURA SUPERIOR EN ESCENOGRAF\u00cdA Horario de la cursada:&nbsp;de LUNES a VIERNES de 9:00 hs a 14:50 hs. Un cuatrimestre de 1\u00b0 A\u00d1O se cursa los S\u00c1BADOS de 9:00 hs a 11:00 hs. Lugares de &#8230; <a title=\"TECNICATURA SUPERIOR EN ESCENOGRAFIA 2026\" class=\"read-more\" href=\"https:\/\/emad-caba.infd.edu.ar\/sitio\/tecnicatura-superior-en-escenografia-2026\/\" aria-label=\"More on TECNICATURA SUPERIOR EN ESCENOGRAFIA 2026\">[+]<\/a><\/p>\n","protected":false},"author":195,"featured_media":0,"parent":0,"menu_order":0,"comment_status":"closed","ping_status":"closed","template":"","meta":[],"acf":[],"_links":{"self":[{"href":"https:\/\/emad-caba.infd.edu.ar\/sitio\/wp-json\/wp\/v2\/pages\/5738"}],"collection":[{"href":"https:\/\/emad-caba.infd.edu.ar\/sitio\/wp-json\/wp\/v2\/pages"}],"about":[{"href":"https:\/\/emad-caba.infd.edu.ar\/sitio\/wp-json\/wp\/v2\/types\/page"}],"author":[{"embeddable":true,"href":"https:\/\/emad-caba.infd.edu.ar\/sitio\/wp-json\/wp\/v2\/users\/195"}],"replies":[{"embeddable":true,"href":"https:\/\/emad-caba.infd.edu.ar\/sitio\/wp-json\/wp\/v2\/comments?post=5738"}],"version-history":[{"count":17,"href":"https:\/\/emad-caba.infd.edu.ar\/sitio\/wp-json\/wp\/v2\/pages\/5738\/revisions"}],"predecessor-version":[{"id":5936,"href":"https:\/\/emad-caba.infd.edu.ar\/sitio\/wp-json\/wp\/v2\/pages\/5738\/revisions\/5936"}],"wp:attachment":[{"href":"https:\/\/emad-caba.infd.edu.ar\/sitio\/wp-json\/wp\/v2\/media?parent=5738"}],"curies":[{"name":"wp","href":"https:\/\/api.w.org\/{rel}","templated":true}]}}