{"id":5721,"date":"2025-12-01T14:33:46","date_gmt":"2025-12-01T17:33:46","guid":{"rendered":"https:\/\/emad-caba.infd.edu.ar\/sitio\/?page_id=5721"},"modified":"2026-02-17T21:39:03","modified_gmt":"2026-02-18T00:39:03","slug":"profesor-a-interino-a-suplente-de-maestro-a-de-taller-tec-sup-en-escenografia","status":"publish","type":"page","link":"https:\/\/emad-caba.infd.edu.ar\/sitio\/profesor-a-interino-a-suplente-de-maestro-a-de-taller-tec-sup-en-escenografia\/","title":{"rendered":"Profesor\/a interino\/a\/suplente de Maestro\/a de Taller &#8211; TEC SUP EN ESCENOGRAFIA"},"content":{"rendered":"\n<p><strong>ATENCI\u00d3N<\/strong>: Se extiende la convocatoria, fecha limite de presentaci\u00f3n 18 de marzo 2026.<\/p>\n\n\n\n<p>El Rectorado y el Consejo Directivo de la EMAD convocan a inscripci\u00f3n para la Selecci\u00f3n de antecedentes con el fin de establecer un orden de m\u00e9rito vigente por 3 (tres) a\u00f1os en el cargo de Profesor\/a interino\/a\/suplente de Maestro\/a de Taller en la siguiente instancia extracurricular de la Tecnicatura Superior en Escenograf\u00eda: \u201cTaller de trabajo con herramientas\u201d.<\/p>\n\n\n\n<p><strong>Maestro\/a de Taller: 20 h. c\u00e1tedra (610 profesor\/a). Equivalente a 13:20 h. reloj. A t\u00e9rmino y de cumplimiento efectivo de febrero a diciembre.&nbsp;<\/strong><\/p>\n\n\n\n<p>HORARIO:<\/p>\n\n\n\n<p><strong>Mi\u00e9rcoles y jueves de 13.30 a 17.30 h.*<\/strong><\/p>\n\n\n\n<p><strong>S\u00e1bados de 9 a 13.20 h.<\/strong><\/p>\n\n\n\n<p>* Los horarios son de cumplimiento efectivo. El d\u00eda de la semana podr\u00eda variar seg\u00fan necesidades espec\u00edficas&nbsp;del trabajo. Asimismo, los d\u00edas y horarios de dictado est\u00e1n sujetos a modificaciones por parte de la instituci\u00f3n, en relaci\u00f3n con las actualizaciones de los planes de estudio. Tendr\u00e1n prioridad aquellos\/as aspirantes que puedan tener movilidad horaria en la semana.<\/p>\n\n\n\n<p><strong>Sede de trabajo: Forest<\/strong><\/p>\n\n\n\n<p>Av. Forest 933, Chacarita<\/p>\n\n\n\n<p>La sede de trabajo podr\u00e1 modificarse ya que en la actualidad la sede de cursada de la Tecnicatura Superior en Escenograf\u00eda est\u00e1 pronta a mudarse a un edificio propio sito en Per\u00fa 362, San Telmo.<\/p>\n\n\n\n<p><strong>Perfil docente en el contexto institucional:&nbsp;<\/strong><\/p>\n\n\n\n<p>Se requiere que el\/la aspirante demuestre vasta experiencia en el uso y transmisi\u00f3n de manejo de herramientas propias de un Taller Escenogr\u00e1fico (soldadora el\u00e9ctrica, amoladora, caladora, sierra circular sensitiva, taladro, compresor, etc).&nbsp;<\/p>\n\n\n\n<p>Se requiere conocimiento te\u00f3rico, t\u00e9cnico y oficio en: tramoya; manejo de parrilla; realizaci\u00f3n escenogr\u00e1fica; montaje y pl\u00e1stica.&nbsp;<\/p>\n\n\n\n<p>Ejemplos b\u00e1sicos:<\/p>\n\n\n\n<ul>\n<li>Manejo de tramoya: mecanismos de cambios escenogr\u00e1ficos.&nbsp;<\/li>\n\n\n\n<li>Manejo de parrilla: telones, zaranda,rompimiento, efectos de nieve, lluvia, etc.<\/li>\n\n\n\n<li>Realizaci\u00f3n escenogr\u00e1fica: bastidores, trastos, escuadras, tornapuntas, plafones, carros, rompimiento armillas, escalines, etc.<\/li>\n\n\n\n<li>Montaje escenogr\u00e1fico en diversos tipos de escenarios.<\/li>\n\n\n\n<li>Conocimiento de la sintaxis de la imagen: manejo de efectos, acabados, texturas, color, imitaciones, etc.<\/li>\n<\/ul>\n\n\n\n<p>Sepa transmitir los cuidados necesarios en relaci\u00f3n a las medidas de seguridad de aquellas herramientas que impliquen riesgo de uso. Demuestre tener conocimientos de preservaci\u00f3n de implementos de seguridad y normas de higiene laboral y prevenci\u00f3n de accidentes. Sea responsable y pueda pautar normas de limpieza y orden diario del espacio de trabajo supervisando su cumplimiento por parte del alumnado.<\/p>\n\n\n\n<p>Una vez asumido el cargo deber\u00e1 conocer, respetar y hacer cumplir el reglamento interno del espacio del taller.<\/p>\n\n\n\n<p>Se requiere tambi\u00e9n predisposici\u00f3n para el trabajo en equipo y capacidad de articulaci\u00f3n con algunas de las asignaturas troncales de la Tecnicatura. Su trabajo estar\u00e1 articulado por la Coordinaci\u00f3n Pedag\u00f3gica y la Regencia.<\/p>\n\n\n\n<ol>\n<li>Tenga conocimiento de las carreras y cursos de la EMAD, como as\u00ed tambi\u00e9n de su organizaci\u00f3n institucional. Ver informaci\u00f3n en: <a href=\"https:\/\/emad-caba.infd.edu.ar\/sitio\/\">https:\/\/emad-caba.infd.edu.ar\/sitio\/<\/a><\/li>\n\n\n\n<li>Posea idoneidad y capacidades para desarrollar las funciones del rol para el que se presenta, con experiencia en lo profesional en mismo trabajo o similar para el rol que se requiere en la presente convocatoria.&nbsp;<\/li>\n\n\n\n<li>Se comprometa con la educaci\u00f3n p\u00fablica, siendo necesario que pueda desempe\u00f1ar una firme voluntad de trabajo en equipo y articulaci\u00f3n con el resto de los roles de gesti\u00f3n, los equipos docentes, grupos de estudiantes y personal de escalaf\u00f3n, seg\u00fan la identidad de la EMAD que la distingue de otras escuelas de formaci\u00f3n.<\/li>\n\n\n\n<li>tenga conocimiento del Estatuto Docente y del ROI.<\/li>\n\n\n\n<li>Tenga conocimiento de las siguientes leyes:<\/li>\n<\/ol>\n\n\n\n<p>a) Ley 26.150 Programa Nacional de Educaci\u00f3n Sexual Integral (ESI).<\/p>\n\n\n\n<p>b) Ley 26.485 de Protecci\u00f3n Integral a las Mujeres.<\/p>\n\n\n\n<p>c) Ley 1.225 que tiene por objeto prevenir, sancionar y erradicar la violencia en el \u00e1mbito laboral del sector p\u00fablico de la Ciudad Aut\u00f3noma de Buenos Aires.<\/p>\n\n\n\n<p>d) El protocolo de acci\u00f3n institucional para los institutos pertenecientes a la DGEART del Ministerio de Cultura del GCBA para la prevenci\u00f3n e intervenci\u00f3n ante situaciones de violencia de g\u00e9nero y discriminaci\u00f3n basada en la orientaci\u00f3n sexual e identidad de g\u00e9nero.<\/p>\n\n\n\n<p>Esta documentaci\u00f3n se encuentra en la p\u00e1gina de la EMAD.<\/p>\n\n\n\n<p>El per\u00edodo de recepci\u00f3n de propuestas se extender\u00e1\u00a0<strong>desde el\u00a028 de noviembre hasta el 18 de marzo de 2026.<\/strong><\/p>\n\n\n\n<p><strong>Instancias:<\/strong><\/p>\n\n\n\n<ol>\n<li>Presentaci\u00f3n de CV-Antecedentes.<\/li>\n\n\n\n<li>Publicaci\u00f3n del listado de aspirantes y de la conformaci\u00f3n de la Comisi\u00f3n Docente Evaluadora. Per\u00edodo de recusaci\u00f3n.&nbsp;<\/li>\n\n\n\n<li>Publicaci\u00f3n y difusi\u00f3n de resultados de la primera instancia: la informaci\u00f3n ser\u00e1 enviada v\u00eda mail.<\/li>\n\n\n\n<li>Presentaci\u00f3n a Coloquio\/clase de oposici\u00f3n.<\/li>\n\n\n\n<li>Publicaci\u00f3n y difusi\u00f3n del dictamen y orden de m\u00e9rito: a continuaci\u00f3n del coloquio y luego de confeccionadas las actas.<\/li>\n<\/ol>\n\n\n\n<p>Todas las comunicaciones se efectuar\u00e1n v\u00eda email.<\/p>\n\n\n\n<p>La Comisi\u00f3n Evaluadora convocar\u00e1 a instancia de Coloquio\/clase de oposici\u00f3n solo a aquellas personas que cumplimenten los requisitos de inscripci\u00f3n mencionados y que hayan obtenido el puntaje m\u00ednimo necesario para la aprobaci\u00f3n de las instancias de CV- Antecedentes y carta de intenci\u00f3n.&nbsp;<\/p>\n\n\n\n<p>Las fechas de Coloquio dependen de las posibilidades horarias de la Comisi\u00f3n Evaluadora y de la cantidad de aspirantes.<\/p>\n\n\n\n<p>Quienes aspiren a la Selecci\u00f3n de antecedentes docentes no deben estar comprendidos\/as en las cl\u00e1usulas de inhabilitaci\u00f3n para el desempe\u00f1o de cargos p\u00fablicos ni estar afectados\/as por sumarios administrativos o litigios legales dentro del Gobierno de la Ciudad de Buenos Aires.<\/p>\n\n\n\n<p>El GCBA no designa a docentes en situaci\u00f3n jubilatoria.<\/p>\n\n\n\n<p><strong>La fecha l\u00edmite para recepci\u00f3n de inscripciones es 18\/03\/2026 a las 23.59 h.\u00a0<\/strong><\/p>\n\n\n\n<p>El\/la aspirante que se presente con anterioridad a 48 h. del cierre de la convocatoria, y no cumpliera con algunas de las indicaciones, ser\u00e1 avisado por \u00fanica vez y tendr\u00e1 hasta la fecha y horario l\u00edmite arriba indicado para enviar la documentaci\u00f3n con los ajustes solicitados.<\/p>\n\n\n\n<p>Fuera del per\u00edodo previo de 48 horas, las presentaciones incompletas o cuya documentaci\u00f3n de CV, Antecedentes y\/o Proyectos no respetara el formato solicitado quedar\u00e1n fuera de la convocatoria.<\/p>\n\n\n\n<p>La inscripci\u00f3n se realizar\u00e1 de forma digital por correo electr\u00f3nico a&nbsp;<strong>convocatorias.emad@gmail.com<\/strong>.<\/p>\n\n\n\n<p>Solicitamos por favor colocar en el asunto del email:&nbsp;<strong>Convocatoria 13-25 Maestro\/a de Taller \u2013 Apellido, Nombre<\/strong><\/p>\n\n\n\n<p>Quien aspire a la Selecci\u00f3n de antecedentes debe enviar en total&nbsp;<strong>tres archivos<\/strong>&nbsp;en PDF, nombrados con sus datos tal como se explica a continuaci\u00f3n.<\/p>\n\n\n\n<p>La persona que resulte seleccionada deber\u00e1 presentar la documentaci\u00f3n solicitada por la Oficina de Personal en tiempo y forma para dar inicio al tr\u00e1mite de designaci\u00f3n. Quien no presentara las certificaciones solicitadas durante los primeros 10 (diez) d\u00edas h\u00e1biles perder\u00e1 su vacante y se continuar\u00e1 con el listado de orden de m\u00e9rito vigente.<\/p>\n\n\n\n<p><strong>Archivo 1: CV-ANTECEDENTES<\/strong><\/p>\n\n\n\n<p>Apellido CV \u2013 Cargo.<\/p>\n\n\n\n<p><em>Ejemplo: P\u00e9rez CV \u2013 Maestro\/a de taller.pdf<\/em><\/p>\n\n\n\n<p>La presentaci\u00f3n del CV debe respetar el siguiente modelo. Los CV que no lo respeten no ser\u00e1n tenidos en cuenta.<\/p>\n\n\n\n<p><strong><em>Modelo de CV<\/em><\/strong><\/p>\n\n\n\n<p>Apellido, nombre.<\/p>\n\n\n\n<p>DNI. P\u00e1gina N\u00ba.<\/p>\n\n\n\n<p>Domicilio.<\/p>\n\n\n\n<p>C\u00f3digo postal.<\/p>\n\n\n\n<p>Tel\u00e9fono fijo.<\/p>\n\n\n\n<p>Tel\u00e9fono celular.<\/p>\n\n\n\n<p>Email.<\/p>\n\n\n\n<p>CUIL. P\u00e1gina N\u00ba.<\/p>\n\n\n\n<p><strong>1. T\u00edtulos obtenidos<\/strong><\/p>\n\n\n\n<p>1.1. T\u00edtulo de base (superior o universitario para el cargo que se postula). Instituci\u00f3n que lo otorga y a\u00f1o de egreso. P\u00e1gina N\u00ba.&nbsp;<\/p>\n\n\n\n<p>1.2. Otros t\u00edtulos. Instituci\u00f3n que lo otorga y a\u00f1o de egreso. En el caso de diplomaturas, especializaciones, maestr\u00edas, doctorados y otros posgrados con acreditaci\u00f3n oficial, se debe detallar obligatoriamente la carga horaria total. Importante: si no lo hiciera, no se computar\u00e1. P\u00e1gina N\u00ba.<\/p>\n\n\n\n<p>Nota: En caso de t\u00edtulos intermedios u obtenidos a lo largo de una misma carrera, se valorar\u00e1 el obtenido en \u00faltimo t\u00e9rmino.<\/p>\n\n\n\n<p>1.3. Especial preparaci\u00f3n a considerar por la Comisi\u00f3n Evaluadora. P\u00e1gina N\u00ba. Solo en caso de no contar con t\u00edtulo, el\/la aspirante deber\u00e1 presentar una nota para solicitar que se otorgue la Especial preparaci\u00f3n. Se aclara que si es otorgada, los antecedentes relevantes en formaci\u00f3n, experiencia docente y\/o cargos de gesti\u00f3n no volver\u00e1n a contabilizarse en los \u00edtems correspondientes. El modelo puede consultarse aqu\u00ed: <a href=\"https:\/\/emad-caba.infd.edu.ar\/sitio\/modelo-carta-solicitud-especial-preparacion\/\">https:\/\/emad-caba.infd.edu.ar\/sitio\/modelo-carta-solicitud-especial-preparacion\/.<\/a><\/p>\n\n\n\n<p><strong>2. Antecedentes docentes<\/strong><\/p>\n\n\n\n<p>Especificar de la siguiente manera por orden cronol\u00f3gico (desde la experiencia m\u00e1s antigua hasta la m\u00e1s reciente):<\/p>\n\n\n\n<figure class=\"wp-block-table\"><table><tbody><tr><td><strong>Nombre de la materia<\/strong><\/td><td><strong>Cargo<\/strong><\/td><td><strong>Instituci\u00f3n<\/strong><\/td><td><strong>Nivel (Superior, Media, Primaria o Inicial)<\/strong><\/td><td><strong>Fecha de inicio<\/strong><\/td><td><strong>Fecha de cese o si contin\u00faa en la actualidad<\/strong><\/td><td><strong>Antig\u00fcedad expresada en a\u00f1os<\/strong><\/td><td><strong>P\u00e1gina N\u00ba<\/strong><\/td><\/tr><tr><td><strong>&nbsp;<\/strong><\/td><td><strong>&nbsp;<\/strong><\/td><td><strong>&nbsp;<\/strong><\/td><td><strong>&nbsp;<\/strong><\/td><td><strong>&nbsp;<\/strong><\/td><td><strong>&nbsp;<\/strong><\/td><td><strong>&nbsp;<\/strong><\/td><td><strong>&nbsp;<\/strong><\/td><\/tr><\/tbody><\/table><\/figure>\n\n\n\n<p><strong>3. Otros antecedentes acad\u00e9micos y de especializaci\u00f3n <\/strong>para el cargo en el que se postula<\/p>\n\n\n\n<p>3.1. Dictado de cursos extracurriculares en instituciones terciarias no universitarias, universitarias u otras de nivel superior (considerar exclusivamente los relacionados con la especialidad, de duraci\u00f3n no inferior a 30 horas c\u00e1tedra totales). Se computar\u00e1n hasta un total de 20 cursos en este \u00edtem.<\/p>\n\n\n\n<figure class=\"wp-block-table\"><table><tbody><tr><td><strong>Nombre del curso \/ taller \/ seminario<\/strong><\/td><td><strong>Cargo<\/strong><\/td><td><strong>Instituci\u00f3n<\/strong><\/td><td><strong>Car\u00e1cter p\u00fablico o privado<\/strong><\/td><td><strong>Fecha de inicio<\/strong><\/td><td><strong>Fecha de cese o si contin\u00faa en la actualidad<\/strong><\/td><td><strong>P\u00e1gina N\u00ba<\/strong><\/td><\/tr><tr><td><strong>&nbsp;<\/strong><\/td><td><strong>&nbsp;<\/strong><\/td><td><strong>&nbsp;<\/strong><\/td><td><strong>&nbsp;<\/strong><\/td><td><strong>&nbsp;<\/strong><\/td><td><strong>&nbsp;<\/strong><\/td><td><strong>&nbsp;<\/strong><\/td><\/tr><\/tbody><\/table><\/figure>\n\n\n\n<p>3.2. Carrera en curso espec\u00edfica y\/o af\u00edn con el rol al que se presenta (se exige que tenga el 75% de la carrera cursada). P\u00e1gina N\u00ba.<\/p>\n\n\n\n<p>3.3. Otros cursos, seminarios, congresos y talleres en calidad de organizador, coordinador o disertante. Se computar\u00e1n hasta un total de 10 cursos en este \u00edtem. Detallar de la siguiente manera:<\/p>\n\n\n\n<figure class=\"wp-block-table\"><table><tbody><tr><td><strong>Nombre del curso \/ taller \/ seminario<\/strong><\/td><td><strong>Rol<\/strong><\/td><td><strong>Instituci\u00f3n<\/strong><\/td><td><strong>Lugar<\/strong><\/td><td><strong>A\u00f1o<\/strong><\/td><td><strong>P\u00e1gina N\u00ba<\/strong><\/td><\/tr><tr><td><strong>&nbsp;<\/strong><\/td><td><strong>&nbsp;<\/strong><\/td><td><strong>&nbsp;<\/strong><\/td><td><strong>&nbsp;<\/strong><\/td><td><strong>&nbsp;<\/strong><\/td><td><strong>&nbsp;<\/strong><\/td><\/tr><\/tbody><\/table><\/figure>\n\n\n\n<p>3.4. Otros cursos, seminarios, congresos y talleres en calidad de asistente. Se computar\u00e1n hasta un total de 10 cursos en este \u00edtem. Detallar de la siguiente manera:<\/p>\n\n\n\n<figure class=\"wp-block-table\"><table><tbody><tr><td><strong>Nombre del curso \/ taller \/ seminario<\/strong><\/td><td><strong>Rol<\/strong><\/td><td><strong>Instituci\u00f3n<\/strong><\/td><td><strong>Lugar<\/strong><\/td><td><strong>A\u00f1o<\/strong><\/td><td><strong>P\u00e1gina N\u00ba<\/strong><\/td><\/tr><tr><td><strong>&nbsp;<\/strong><\/td><td><strong>Asistente<\/strong><\/td><td><strong>&nbsp;<\/strong><\/td><td><strong>&nbsp;<\/strong><\/td><td><strong>&nbsp;<\/strong><\/td><td><strong>&nbsp;<\/strong><\/td><\/tr><\/tbody><\/table><\/figure>\n\n\n\n<p>3.5. Ponencias en congresos y jornadas. Se computar\u00e1n hasta un total de 10 ponencias en este \u00edtem. Detallar de la siguiente manera.<\/p>\n\n\n\n<figure class=\"wp-block-table\"><table><tbody><tr><td><strong>T\u00edtulo de la ponencia<\/strong><\/td><td><strong>Nombre de la actividad (congreso, jornada, encuentro, etc.)<\/strong><\/td><td><strong>Instituci\u00f3n<\/strong><\/td><td><strong>Lugar<\/strong><\/td><td><strong>A\u00f1o<\/strong><\/td><td><strong>P\u00e1gina N\u00ba<\/strong><\/td><\/tr><tr><td><strong>&nbsp;<\/strong><\/td><td><strong>&nbsp;<\/strong><\/td><td><strong>&nbsp;<\/strong><\/td><td><strong>&nbsp;<\/strong><\/td><td><strong>&nbsp;<\/strong><\/td><td><strong>&nbsp;<\/strong><\/td><\/tr><\/tbody><\/table><\/figure>\n\n\n\n<p>3.6. Publicaciones (material did\u00e1ctico, libros, art\u00edculos, cuadernillos, fichas). Se computar\u00e1n hasta un total de 10 publicaciones en este \u00edtem. Citar de la siguiente manera.<\/p>\n\n\n\n<p>Autor(es). <em>T\u00edtulo. <\/em>Lugar. A\u00f1o. ISBN\/ISSN. P\u00e1gina N\u00ba.<\/p>\n\n\n\n<p><strong>4. Antecedentes art\u00edsticos. <\/strong>Citar de la siguiente manera y ordenar por fecha en orden descendente. Cada obra o espect\u00e1culo deber\u00e1 citarse una sola vez y aclarar si particip\u00f3 en festivales o giras en la misma l\u00ednea. Se computar\u00e1n hasta un total de 45 antecedentes en este \u00edtem.<\/p>\n\n\n\n<figure class=\"wp-block-table\"><table><tbody><tr><td><strong>Obra \/ Espect\u00e1culo<\/strong><\/td><td><strong>Rol<\/strong><\/td><td><strong>Presentaciones (salas, festivales, giras)<\/strong><\/td><td><strong>A\u00f1o\/a\u00f1os<\/strong><\/td><td><strong>P\u00e1gina N\u00ba<\/strong><\/td><\/tr><tr><td><strong>&nbsp;<\/strong><\/td><td><strong>&nbsp;<\/strong><\/td><td><strong>&nbsp;<\/strong><\/td><td><strong>&nbsp;<\/strong><\/td><td><strong>&nbsp;<\/strong><\/td><\/tr><\/tbody><\/table><\/figure>\n\n\n\n<p><strong>5. Otros antecedentes <\/strong>vinculados con la instancia curricular. Se computar\u00e1n hasta un total de 10 antecedentes en este \u00edtem.<\/p>\n\n\n\n<p>5.1. Becas y premios. P\u00e1gina N\u00ba.<\/p>\n\n\n\n<p>5.2. Proyectos de Investigaci\u00f3n y Extensi\u00f3n (vinculados con la instancia curricular). P\u00e1gina N\u00ba.<\/p>\n\n\n\n<p>5.3. Cargos de gesti\u00f3n (relacionados con la instancia a la que se postula). P\u00e1gina N\u00ba.<\/p>\n\n\n\n<p>5.4. Otros antecedentes espec\u00edficos. P\u00e1gina N\u00ba.<\/p>\n\n\n\n<p>5.5. Otros antecedentes no espec\u00edficos. P\u00e1gina N\u00ba.<\/p>\n\n\n\n<p><strong>Archivo 2: COMPROBANTES DE ANTECEDENTES<\/strong><\/p>\n\n\n\n<p>Apellido Comprobantes \u2013 Cargo.<\/p>\n\n\n\n<p><em>Ejemplo: P\u00e9rez Comprobantes \u2013 Maestro\/a de taller.pdf<\/em><\/p>\n\n\n\n<p><strong>Se solicitan los comprobantes correspondientes a todos los \u00edtems que se mencionan en el CV <\/strong>(t\u00edtulos, antecedentes docentes, cursos dictados, cursos asistidos, antecedentes art\u00edsticos, etc.). Deben escanearse y presentarse en un \u00fanico archivo PDF cuya paginaci\u00f3n est\u00e9 indicada en el detalle de los \u00edtems se\u00f1alados en el CV. Las postulaciones que no sean presentadas en las condiciones indicadas quedar\u00e1n autom\u00e1ticamente desestimadas sin derecho a reclamo alguno.<\/p>\n\n\n\n<p><strong>Archivo 3: CARTA DE INTENCI\u00d3N<\/strong><\/p>\n\n\n\n<p>En la misma se debe expresar que quien aspire al cargo tiene conocimiento te\u00f3rico\/t\u00e9cnico y capacidades para ayudar a resolver distintas realizaciones y montajes escenogr\u00e1ficos, complementando su rol, enmarcado en la propuesta pedag\u00f3gica de la Tecnicatura superior en Escenograf\u00eda.&nbsp;<\/p>\n\n\n\n<p>Las solicitudes se recibir\u00e1n hasta las 23.59 h. del d\u00eda de cierre de la convocatoria.&nbsp;<\/p>\n\n\n\n<p>Los CV que no respondan a los modelos indicados ni que est\u00e9n correctamente presentados (indicando n\u00famero de p\u00e1gina en cada \u00edtem del CV) no ser\u00e1n tenidos en cuenta.&nbsp;<\/p>\n\n\n\n<p><strong>Solo se computar\u00e1n los elementos citados en el CV que est\u00e9n respaldados con comprobantes.<\/strong><\/p>\n\n\n\n<p>La Comisi\u00f3n Evaluadora est\u00e1 constituida por 3 (tres) docentes, a designar una vez cerrada la convocatoria.<\/p>\n\n\n\n<ol>\n<li>Coordinador\/a de la Carrera, o quien \u00e9ste\/a designe.<\/li>\n\n\n\n<li>Docente con experticia en el rol al que se convoca.&nbsp;<\/li>\n\n\n\n<li>Docente externo\/a la instituci\u00f3n<\/li>\n<\/ol>\n\n\n\n<p>Se prev\u00e9 la participaci\u00f3n de veedores\/as de los claustros docente y estudiantil, que tendr\u00e1n a su cargo la certificaci\u00f3n de la transparencia de la instancia del Coloquio y Clase de oposici\u00f3n.<\/p>\n\n\n\n<p>Los\/as\/es veedores podr\u00e1n se\u00f1alar o expresar a la Comisi\u00f3n Evaluadora dudas o inquietudes sobre alg\u00fan aspecto del mecanismo fuera de la presencia de los\/as\/es postulantes. Asimismo, queda asentado que se admite la rotaci\u00f3n de veedores, teniendo en cuenta que la instancia puede ocupar horarios extensos o m\u00e1s de una jornada.<\/p>\n","protected":false},"excerpt":{"rendered":"<p>ATENCI\u00d3N: Se extiende la convocatoria, fecha limite de presentaci\u00f3n 18 de marzo 2026. El Rectorado y el Consejo Directivo de la EMAD convocan a inscripci\u00f3n para la Selecci\u00f3n de antecedentes con el fin de establecer un orden de m\u00e9rito vigente por 3 (tres) a\u00f1os en el cargo de Profesor\/a interino\/a\/suplente de Maestro\/a de Taller en &#8230; <a title=\"Profesor\/a interino\/a\/suplente de Maestro\/a de Taller &#8211; TEC SUP EN ESCENOGRAFIA\" class=\"read-more\" href=\"https:\/\/emad-caba.infd.edu.ar\/sitio\/profesor-a-interino-a-suplente-de-maestro-a-de-taller-tec-sup-en-escenografia\/\" aria-label=\"More on Profesor\/a interino\/a\/suplente de Maestro\/a de Taller &#8211; TEC SUP EN ESCENOGRAFIA\">[+]<\/a><\/p>\n","protected":false},"author":195,"featured_media":0,"parent":0,"menu_order":0,"comment_status":"closed","ping_status":"closed","template":"","meta":[],"acf":[],"_links":{"self":[{"href":"https:\/\/emad-caba.infd.edu.ar\/sitio\/wp-json\/wp\/v2\/pages\/5721"}],"collection":[{"href":"https:\/\/emad-caba.infd.edu.ar\/sitio\/wp-json\/wp\/v2\/pages"}],"about":[{"href":"https:\/\/emad-caba.infd.edu.ar\/sitio\/wp-json\/wp\/v2\/types\/page"}],"author":[{"embeddable":true,"href":"https:\/\/emad-caba.infd.edu.ar\/sitio\/wp-json\/wp\/v2\/users\/195"}],"replies":[{"embeddable":true,"href":"https:\/\/emad-caba.infd.edu.ar\/sitio\/wp-json\/wp\/v2\/comments?post=5721"}],"version-history":[{"count":3,"href":"https:\/\/emad-caba.infd.edu.ar\/sitio\/wp-json\/wp\/v2\/pages\/5721\/revisions"}],"predecessor-version":[{"id":5955,"href":"https:\/\/emad-caba.infd.edu.ar\/sitio\/wp-json\/wp\/v2\/pages\/5721\/revisions\/5955"}],"wp:attachment":[{"href":"https:\/\/emad-caba.infd.edu.ar\/sitio\/wp-json\/wp\/v2\/media?parent=5721"}],"curies":[{"name":"wp","href":"https:\/\/api.w.org\/{rel}","templated":true}]}}