{"id":5719,"date":"2025-12-01T14:27:20","date_gmt":"2025-12-01T17:27:20","guid":{"rendered":"https:\/\/emad-caba.infd.edu.ar\/sitio\/?page_id=5719"},"modified":"2025-12-01T14:48:52","modified_gmt":"2025-12-01T17:48:52","slug":"tecnico-a-tecnicatura-superior-en-puesta-en-escena-emad","status":"publish","type":"page","link":"https:\/\/emad-caba.infd.edu.ar\/sitio\/tecnico-a-tecnicatura-superior-en-puesta-en-escena-emad\/","title":{"rendered":"T\u00e9cnico\/a &#8211; TECNICATURA SUPERIOR EN PUESTA EN ESCENA- EMAD"},"content":{"rendered":"\n<p><strong>T\u00c9CNICO\/A- TECNICATURA SUPERIOR EN PUESTA EN ESCENA- EMAD<\/strong><\/p>\n\n\n\n<p><strong>Selecci\u00f3n de antecedentes 12-25: T\u00e9cnico\/a para la TECNICATURA SUPERIOR EN PUESTA EN ESCENA, EMAD<\/strong><\/p>\n\n\n\n<p>La Rector\u00eda y el Consejo Directivo de la EMAD convocan a inscripci\u00f3n para la Selecci\u00f3n de Antecedentes con el fin de establecer un orden de m\u00e9rito vigente por 3 (tres) a\u00f1os para cargos interinos y suplentes de T\u00e9cnico\/a para la Sede Rubens Correa de la EMAD.<\/p>\n\n\n\n<p><strong>Cargo:<\/strong> T\u00e9cnico\/a<\/p>\n\n\n\n<p><strong>Carga horaria*:<\/strong>&nbsp;<\/p>\n\n\n\n<ul>\n<li>12 horas c\u00e1tedra Auxiliar docente (615), equivalente a 8 h. reloj semanal.&nbsp;<\/li>\n<\/ul>\n\n\n\n<p>*Siendo que el desempe\u00f1o de la tarea est\u00e1 en relaci\u00f3n con diversas necesidades acad\u00e9micas, se priorizar\u00e1 a aquellos\/as aspirantes que dispongan de movilidad horaria (excluyente).<\/p>\n\n\n\n<p><strong>Sede*:<\/strong><\/p>\n\n\n\n<ul>\n<li><strong>Sede Rubens Correa <\/strong>(Jufr\u00e9 141, Villa Crespo)<\/li>\n<\/ul>\n\n\n\n<p>*Se informa que el equipo Directivo podr\u00e1 solicitar cobertura de otra sede y\/o Espacio Cultural para cumplir misma o similar tarea, en misma franja horaria de trabajo, en relaci\u00f3n con eventualidades o diversas necesidades acad\u00e9micas.<\/p>\n\n\n\n<p><strong>D\u00edas y horarios:<\/strong><\/p>\n\n\n\n<p><strong>Turno vespertino: mi\u00e9rcoles, jueves, viernes y s\u00e1bado de 19 a 21 h.<\/strong><\/p>\n\n\n\n<p><strong>Perfil docente en el contexto institucional<\/strong>.<\/p>\n\n\n\n<p>Se requiere que quien aspire al cargo:<\/p>\n\n\n\n<ol>\n<li>Tenga conocimiento de las carreras y cursos de la EMAD, como as\u00ed tambi\u00e9n de su organizaci\u00f3n institucional. Ver informaci\u00f3n en: <a href=\"https:\/\/emad-caba.infd.edu.ar\/sitio\/\">https:\/\/emad-caba.infd.edu.ar\/sitio\/<\/a><\/li>\n\n\n\n<li>Conozca la reglamentaci\u00f3n de \u201cPautas de trabajo en la sede Rubens Correa en tiempo de muestras\u201d <a href=\"https:\/\/drive.google.com\/drive\/u\/4\/folders\/1C6jQBvKGl0R3FBW6XBBOdz_THXaOyZy7\">https:\/\/drive.google.com\/drive\/u\/4\/folders\/1C6jQBvKGl0R3FBW6XBBOdz_THXaOyZy7<\/a><\/li>\n\n\n\n<li>Posea idoneidad y capacidades para desarrollar las funciones del rol para el que se presenta. Acredite experiencia en lo profesional tanto en su relaci\u00f3n con instituciones educativas como en el trabajo pedag\u00f3gico con grupos de estudiantes.<\/li>\n\n\n\n<li>Tenga conocimientos sobre electricidad y electr\u00f3nica y conocimientos del sistema el\u00e9ctrico teatral. Sepa soldar hierro, esta\u00f1o y utilizar amoladora.<\/li>\n\n\n\n<li>Tenga conocimientos de manejo de Chamsys (no excluyente)<\/li>\n\n\n\n<li>Sepa transmitir los cuidados necesarios en relaci\u00f3n a las medidas de seguridad de aquellas herramientas que impliquen riesgo de uso.&nbsp;<\/li>\n\n\n\n<li>Demuestre tener conocimientos de preservaci\u00f3n de implementos de seguridad y normas de higiene laboral y prevenci\u00f3n de accidentes.<\/li>\n\n\n\n<li>Se comprometa con la educaci\u00f3n p\u00fablica, siendo necesario que pueda desempe\u00f1ar una firme voluntad de trabajo en equipo y articulaci\u00f3n con el resto de los roles de gesti\u00f3n, los equipos docentes, grupos de estudiantes y personal de escalaf\u00f3n, seg\u00fan la identidad de la EMAD que la distingue de otras escuelas de formaci\u00f3n.<\/li>\n\n\n\n<li>Tenga conocimiento de las siguientes leyes:<\/li>\n<\/ol>\n\n\n\n<p>a) Ley 26.150 Programa Nacional de Educaci\u00f3n Sexual Integral (ESI).&nbsp;<\/p>\n\n\n\n<p>b) Ley 26.485 de Protecci\u00f3n Integral a las Mujeres.<\/p>\n\n\n\n<p>c) Ley 1.225 que tiene por objeto prevenir, sancionar y erradicar la violencia en el \u00e1mbito laboral del sector p\u00fablico de la Ciudad Aut\u00f3noma de Buenos Aires.<\/p>\n\n\n\n<p>d) El protocolo de acci\u00f3n institucional para los institutos pertenecientes a la DGEART del Ministerio de Cultura del GCBA para la prevenci\u00f3n e intervenci\u00f3n ante situaciones de violencia de g\u00e9nero y discriminaci\u00f3n basada en la orientaci\u00f3n sexual e identidad de g\u00e9nero.<\/p>\n\n\n\n<p>Esta documentaci\u00f3n se encuentra en la p\u00e1gina de la EMAD.<\/p>\n\n\n\n<p><strong>Instancias<\/strong><\/p>\n\n\n\n<ol>\n<li>Presentaci\u00f3n de CV-Antecedentes &#8211; Carta de intenci\u00f3n.<\/li>\n\n\n\n<li>Publicaci\u00f3n y difusi\u00f3n del dictamen y orden de m\u00e9rito.<\/li>\n<\/ol>\n\n\n\n<p>Quienes se presenten a la Selecci\u00f3n de antecedentes docentes no deben estar comprendidos\/as\/es en las cl\u00e1usulas de inhabilitaci\u00f3n para el desempe\u00f1o de cargos p\u00fablicos ni estar afectados\/as\/es por sumarios administrativos o litigios legales dentro del Gobierno de la Ciudad de Buenos Aires.<\/p>\n\n\n\n<p><strong>Plazo: del 28 de noviembre al 16 de diciembre de 2025.<\/strong><\/p>\n\n\n\n<p><strong>La fecha l\u00edmite para recepci\u00f3n de inscripciones es el 16 de diciembre de 2025 a las 23.59 h.<\/strong><\/p>\n\n\n\n<p>La inscripci\u00f3n se realizar\u00e1 de forma digital por correo electr\u00f3nico a <strong>convocatorias.emad@gmail.com<\/strong>.<\/p>\n\n\n\n<p>Quienes aspiren al cargo deben enviar en total tres archivos en PDF, nombrados con sus datos tal como se explica a continuaci\u00f3n, teniendo en cuenta que quienes resulten seleccionados\/as\/es deber\u00e1n presentar los Comprobantes solicitados por oficina de personal dentro de los primeros 5 d\u00edas h\u00e1biles para dar inicio al tr\u00e1mite de designaci\u00f3n.<\/p>\n\n\n\n<p>El\/la aspirante que se presente con anterioridad a 48 h. del cierre de la convocatoria, y no cumpliera con algunas de las indicaciones, ser\u00e1 avisado por \u00fanica vez y tendr\u00e1 hasta la fecha y horario l\u00edmite arriba indicado para enviar la documentaci\u00f3n con los ajustes solicitados.<\/p>\n\n\n\n<p>Fuera del per\u00edodo previo de 48 h., las presentaciones incompletas o cuya documentaci\u00f3n de CV, Antecedentes, y\/o Proyectos no respetara el formato solicitado quedar\u00e1n fuera de la convocatoria.<\/p>\n\n\n\n<p><strong>Archivo 1 CV-ANTECEDENTES<\/strong>:<\/p>\n\n\n\n<p>Apellido CV \u2013 Cargo.<\/p>\n\n\n\n<p><em>Ejemplo: P\u00e9rez CV \u2013 T\u00e9cnico\/a.pdf<\/em><\/p>\n\n\n\n<p>La presentaci\u00f3n del CV debe respetar el siguiente modelo. Los CV que no lo respeten no ser\u00e1n tenidos en cuenta.<\/p>\n\n\n\n<p><strong><em>Modelo de CV<\/em><\/strong><\/p>\n\n\n\n<p>Apellido, nombre.<\/p>\n\n\n\n<p>DNI. P\u00e1gina N\u00ba.<\/p>\n\n\n\n<p>Domicilio.<\/p>\n\n\n\n<p>C\u00f3digo postal.<\/p>\n\n\n\n<p>Tel\u00e9fono fijo.<\/p>\n\n\n\n<p>Tel\u00e9fono celular.<\/p>\n\n\n\n<p>Email.<\/p>\n\n\n\n<p>CUIL. P\u00e1gina N\u00ba.<\/p>\n\n\n\n<p><strong>1. T\u00edtulos obtenidos<\/strong><\/p>\n\n\n\n<p>1.1. T\u00edtulo de base (superior o universitario para el cargo que se postula). Instituci\u00f3n que lo otorga y a\u00f1o de egreso. P\u00e1gina N\u00ba.&nbsp;<\/p>\n\n\n\n<p>1.2. Otros t\u00edtulos. Instituci\u00f3n que lo otorga y a\u00f1o de egreso. En el caso de diplomaturas, especializaciones, maestr\u00edas, doctorados y otros posgrados con acreditaci\u00f3n oficial, se debe detallar obligatoriamente la carga horaria total. Importante: si no lo hiciera, no se computar\u00e1. P\u00e1gina N\u00ba.<\/p>\n\n\n\n<p>Nota: En caso de t\u00edtulos intermedios u obtenidos a lo largo de una misma carrera, se valorar\u00e1 el obtenido en \u00faltimo t\u00e9rmino.<\/p>\n\n\n\n<p>1.3. Especial preparaci\u00f3n a considerar por la Comisi\u00f3n Evaluadora. P\u00e1gina N\u00ba. Solo en caso de no contar con t\u00edtulo, el\/la aspirante deber\u00e1 presentar una nota para solicitar que se otorgue la Especial preparaci\u00f3n. Se aclara que si es otorgada, los antecedentes relevantes en formaci\u00f3n, experiencia docente y\/o cargos de gesti\u00f3n no volver\u00e1n a contabilizarse en los \u00edtems correspondientes. El modelo puede consultarse aqu\u00ed: <a href=\"https:\/\/emad-caba.infd.edu.ar\/sitio\/modelo-carta-solicitud-especial-preparacion\/\">https:\/\/emad-caba.infd.edu.ar\/sitio\/modelo-carta-solicitud-especial-preparacion\/.<\/a><\/p>\n\n\n\n<p><strong>2. Antecedentes docentes<\/strong><\/p>\n\n\n\n<p>Especificar de la siguiente manera por orden cronol\u00f3gico (desde la experiencia m\u00e1s antigua hasta la m\u00e1s reciente):<\/p>\n\n\n\n<figure class=\"wp-block-table\"><table><tbody><tr><td><strong>Nombre de la materia<\/strong><\/td><td><strong>Cargo<\/strong><\/td><td><strong>Instituci\u00f3n<\/strong><\/td><td><strong>Nivel (Superior, Media, Primaria o Inicial)<\/strong><\/td><td><strong>Fecha de inicio<\/strong><\/td><td><strong>Fecha de cese o si contin\u00faa en la actualidad<\/strong><\/td><td><strong>Antig\u00fcedad expresada en a\u00f1os<\/strong><\/td><td><strong>P\u00e1gina N\u00ba<\/strong><\/td><\/tr><tr><td><strong>&nbsp;<\/strong><\/td><td><strong>&nbsp;<\/strong><\/td><td><strong>&nbsp;<\/strong><\/td><td><strong>&nbsp;<\/strong><\/td><td><strong>&nbsp;<\/strong><\/td><td><strong>&nbsp;<\/strong><\/td><td><strong>&nbsp;<\/strong><\/td><td><strong>&nbsp;<\/strong><\/td><\/tr><\/tbody><\/table><\/figure>\n\n\n\n<p><strong>3. Otros antecedentes acad\u00e9micos y de especializaci\u00f3n <\/strong>para el cargo en el que se postula<\/p>\n\n\n\n<p>3.1. Dictado de cursos extracurriculares en instituciones terciarias no universitarias, universitarias u otras de nivel superior (considerar exclusivamente los relacionados con la especialidad, de duraci\u00f3n no inferior a 30 horas c\u00e1tedra totales). Se computar\u00e1n hasta un total de 20 cursos en este \u00edtem.<\/p>\n\n\n\n<figure class=\"wp-block-table\"><table><tbody><tr><td><strong>Nombre del curso \/ taller \/ seminario<\/strong><\/td><td><strong>Cargo<\/strong><\/td><td><strong>Instituci\u00f3n<\/strong><\/td><td><strong>Car\u00e1cter p\u00fablico o privado<\/strong><\/td><td><strong>Fecha de inicio<\/strong><\/td><td><strong>Fecha de cese o si contin\u00faa en la actualidad<\/strong><\/td><td><strong>P\u00e1gina N\u00ba<\/strong><\/td><\/tr><tr><td><strong>&nbsp;<\/strong><\/td><td><strong>&nbsp;<\/strong><\/td><td><strong>&nbsp;<\/strong><\/td><td><strong>&nbsp;<\/strong><\/td><td><strong>&nbsp;<\/strong><\/td><td><strong>&nbsp;<\/strong><\/td><td><strong>&nbsp;<\/strong><\/td><\/tr><\/tbody><\/table><\/figure>\n\n\n\n<p>3.2. Carrera en curso espec\u00edfica y\/o af\u00edn con el rol al que se presenta (se exige que tenga el 75% de la carrera cursada). P\u00e1gina N\u00ba.<\/p>\n\n\n\n<p>3.3. Otros cursos, seminarios, congresos y talleres en calidad de organizador, coordinador o disertante. Se computar\u00e1n hasta un total de 10 cursos en este \u00edtem. Detallar de la siguiente manera:<\/p>\n\n\n\n<figure class=\"wp-block-table\"><table><tbody><tr><td><strong>Nombre del curso \/ taller \/ seminario<\/strong><\/td><td><strong>Rol<\/strong><\/td><td><strong>Instituci\u00f3n<\/strong><\/td><td><strong>Lugar<\/strong><\/td><td><strong>A\u00f1o<\/strong><\/td><td><strong>P\u00e1gina N\u00ba<\/strong><\/td><\/tr><tr><td><strong>&nbsp;<\/strong><\/td><td><strong>&nbsp;<\/strong><\/td><td><strong>&nbsp;<\/strong><\/td><td><strong>&nbsp;<\/strong><\/td><td><strong>&nbsp;<\/strong><\/td><td><strong>&nbsp;<\/strong><\/td><\/tr><\/tbody><\/table><\/figure>\n\n\n\n<p>3.4. Otros cursos, seminarios, congresos y talleres en calidad de asistente. Se computar\u00e1n hasta un total de 10 cursos en este \u00edtem. Detallar de la siguiente manera:<\/p>\n\n\n\n<figure class=\"wp-block-table\"><table><tbody><tr><td><strong>Nombre del curso \/ taller \/ seminario<\/strong><\/td><td><strong>Rol<\/strong><\/td><td><strong>Instituci\u00f3n<\/strong><\/td><td><strong>Lugar<\/strong><\/td><td><strong>A\u00f1o<\/strong><\/td><td><strong>P\u00e1gina N\u00ba<\/strong><\/td><\/tr><tr><td><strong>&nbsp;<\/strong><\/td><td><strong>Asistente<\/strong><\/td><td><strong>&nbsp;<\/strong><\/td><td><strong>&nbsp;<\/strong><\/td><td><strong>&nbsp;<\/strong><\/td><td><strong>&nbsp;<\/strong><\/td><\/tr><\/tbody><\/table><\/figure>\n\n\n\n<p>3.5. Ponencias en congresos y jornadas. Se computar\u00e1n hasta un total de 10 ponencias en este \u00edtem. Detallar de la siguiente manera.<\/p>\n\n\n\n<figure class=\"wp-block-table\"><table><tbody><tr><td><strong>T\u00edtulo de la ponencia<\/strong><\/td><td><strong>Nombre de la actividad (congreso, jornada, encuentro, etc.)<\/strong><\/td><td><strong>Instituci\u00f3n<\/strong><\/td><td><strong>Lugar<\/strong><\/td><td><strong>A\u00f1o<\/strong><\/td><td><strong>P\u00e1gina N\u00ba<\/strong><\/td><\/tr><tr><td><strong>&nbsp;<\/strong><\/td><td><strong>&nbsp;<\/strong><\/td><td><strong>&nbsp;<\/strong><\/td><td><strong>&nbsp;<\/strong><\/td><td><strong>&nbsp;<\/strong><\/td><td><strong>&nbsp;<\/strong><\/td><\/tr><\/tbody><\/table><\/figure>\n\n\n\n<p>3.6. Publicaciones (material did\u00e1ctico, libros, art\u00edculos, cuadernillos, fichas). Se computar\u00e1n hasta un total de 10 publicaciones en este \u00edtem. Citar de la siguiente manera.<\/p>\n\n\n\n<p>Autor(es). <em>T\u00edtulo. <\/em>Lugar. A\u00f1o. ISBN\/ISSN. P\u00e1gina N\u00ba.<\/p>\n\n\n\n<p><strong>4. Antecedentes art\u00edsticos. <\/strong>Citar de la siguiente manera y ordenar por fecha en orden descendente. Cada obra o espect\u00e1culo deber\u00e1 citarse una sola vez y aclarar si particip\u00f3 en festivales o giras en la misma l\u00ednea. Se computar\u00e1n hasta un total de 45 antecedentes en este \u00edtem.<\/p>\n\n\n\n<figure class=\"wp-block-table\"><table><tbody><tr><td><strong>Obra \/ Espect\u00e1culo<\/strong><\/td><td><strong>Rol<\/strong><\/td><td><strong>Presentaciones (salas, festivales, giras)<\/strong><\/td><td><strong>A\u00f1o\/a\u00f1os<\/strong><\/td><td><strong>P\u00e1gina N\u00ba<\/strong><\/td><\/tr><tr><td><strong>&nbsp;<\/strong><\/td><td><strong>&nbsp;<\/strong><\/td><td><strong>&nbsp;<\/strong><\/td><td><strong>&nbsp;<\/strong><\/td><td><strong>&nbsp;<\/strong><\/td><\/tr><\/tbody><\/table><\/figure>\n\n\n\n<p><strong>5. Otros antecedentes <\/strong>vinculados con la instancia curricular. Se computar\u00e1n hasta un total de 10 antecedentes en este \u00edtem.<\/p>\n\n\n\n<p>5.1. Becas y premios. P\u00e1gina N\u00ba.<\/p>\n\n\n\n<p>5.2. Proyectos de Investigaci\u00f3n y Extensi\u00f3n (vinculados con la instancia curricular). P\u00e1gina N\u00ba.<\/p>\n\n\n\n<p>5.3. Cargos de gesti\u00f3n (relacionados con la instancia a la que se postula). P\u00e1gina N\u00ba.<\/p>\n\n\n\n<p>5.4. Otros antecedentes espec\u00edficos. P\u00e1gina N\u00ba.<\/p>\n\n\n\n<p>5.5. Otros antecedentes no espec\u00edficos. P\u00e1gina N\u00ba.<\/p>\n\n\n\n<p><strong>Archivo 2 &#8211; COMPROBANTES DE ANTECEDENTES<\/strong>:<\/p>\n\n\n\n<p>Apellido Comprobantes \u2013 Cargo.<\/p>\n\n\n\n<p><em>Ejemplo: P\u00e9rez Comprobantes \u2013 T\u00e9cnico\/a.pdf<\/em><\/p>\n\n\n\n<p><strong>Se solicitan los comprobantes correspondientes a todos los \u00edtems que se mencionan en el CV <\/strong>(t\u00edtulos, antecedentes docentes, cursos dictados, cursos asistidos, antecedentes art\u00edsticos, etc.). Deben escanearse y presentarse en un \u00fanico archivo PDF cuya paginaci\u00f3n est\u00e9 indicada en el detalle de los \u00edtems se\u00f1alados en el CV. Las postulaciones que no sean presentadas en las condiciones indicadas quedar\u00e1n autom\u00e1ticamente desestimadas sin derecho a reclamo alguno.<\/p>\n\n\n\n<p><strong>Archivo 3 \u2013 Carta de intenci\u00f3n<\/strong><\/p>\n\n\n\n<p>En la misma se debe expresar que quien aspire al cargo tiene conocimiento de que el Equipo escenot\u00e9cnico es la unidad de apoyo t\u00e9cnico profesional a la actividad de formaci\u00f3n art\u00edstica y pedag\u00f3gica, orientadas a la formaci\u00f3n de futuros\/as teatristas.<\/p>\n\n\n\n<p>Funciona bajo la dependencia de la Coordinaci\u00f3n del Equipo escenot\u00e9cnico y de la Secretar\u00eda Acad\u00e9mica, y algunas de sus funciones son:<\/p>\n\n\n\n<p>a)Brindar soporte t\u00e9cnico espec\u00edfico para la producci\u00f3n de espect\u00e1culos y manifestaciones art\u00edsticas de la EMAD.<\/p>\n\n\n\n<p>b)Asesorar a los distintos equipos art\u00edsticos externos que se presenten en la EMAD sobre aspectos de la producci\u00f3n t\u00e9cnica.<\/p>\n\n\n\n<p>c)Canalizar la resoluci\u00f3n de problem\u00e1ticas escenot\u00e9cnicas y articular con otras dependencias la provisi\u00f3n de material t\u00e9cnico de luminotecnia.<\/p>\n\n\n\n<p>d)Sistematizar, clasificar, y organizar los dispositivos propios del \u00e1rea.<\/p>\n\n\n\n<p>e)Confeccionar y mantener actualizado el inventario de materiales propios.<\/p>\n\n\n\n<p>f)Apoyar profesionalmente a docentes y estudiantes respecto de las necesidades t\u00e9cnicas que podr\u00edan surgir dentro del \u00e1mbito acad\u00e9mico.<\/p>\n\n\n\n<p>g)Llevar control diario del material solicitado y utilizado, y de las tareas realizadas.<\/p>\n\n\n\n<p>h)Evaluar e informar necesidades de suministros, insumos y materiales propios del \u00e1rea.<\/p>\n\n\n\n<p>i)Realizar las tareas de asistencia y apoyo a la actividad acad\u00e9mica propias del \u00e1rea.<\/p>\n\n\n\n<p>j)Entender sobre el funcionamiento y mantenimiento de dispositivos para el mejoramiento de las tareas propias del \u00e1rea de acuerdo a las necesidades acad\u00e9micas.<\/p>\n\n\n\n<p>k)Elaborar proyectos de mejoramiento y optimizaci\u00f3n de soportes y recursos de apoyo a las actividades acad\u00e9micas.<\/p>\n\n\n\n<p>El Reglamento Org\u00e1nico completo puede consultarse en la p\u00e1gina de la EMAD, en la solapa \u201cInstitucional\u201d.<\/p>\n\n\n\n<p>La Comisi\u00f3n Evaluadora estar\u00e1 integrada por la Coordinaci\u00f3n del Departamento, la Coordinaci\u00f3n de la Carrera o el\/la docente que la Coordinaci\u00f3n elija y un\/a profesor\/a externo\/a a la EMAD, de probada trayectoria en el campo de la Selecci\u00f3n de antecedentes, propuesto\/a por las autoridades.&nbsp;<\/p>\n","protected":false},"excerpt":{"rendered":"<p>T\u00c9CNICO\/A- TECNICATURA SUPERIOR EN PUESTA EN ESCENA- EMAD Selecci\u00f3n de antecedentes 12-25: T\u00e9cnico\/a para la TECNICATURA SUPERIOR EN PUESTA EN ESCENA, EMAD La Rector\u00eda y el Consejo Directivo de la EMAD convocan a inscripci\u00f3n para la Selecci\u00f3n de Antecedentes con el fin de establecer un orden de m\u00e9rito vigente por 3 (tres) a\u00f1os para cargos &#8230; <a title=\"T\u00e9cnico\/a &#8211; TECNICATURA SUPERIOR EN PUESTA EN ESCENA- EMAD\" class=\"read-more\" href=\"https:\/\/emad-caba.infd.edu.ar\/sitio\/tecnico-a-tecnicatura-superior-en-puesta-en-escena-emad\/\" aria-label=\"More on T\u00e9cnico\/a &#8211; TECNICATURA SUPERIOR EN PUESTA EN ESCENA- EMAD\">[+]<\/a><\/p>\n","protected":false},"author":195,"featured_media":0,"parent":0,"menu_order":0,"comment_status":"closed","ping_status":"closed","template":"","meta":[],"acf":[],"_links":{"self":[{"href":"https:\/\/emad-caba.infd.edu.ar\/sitio\/wp-json\/wp\/v2\/pages\/5719"}],"collection":[{"href":"https:\/\/emad-caba.infd.edu.ar\/sitio\/wp-json\/wp\/v2\/pages"}],"about":[{"href":"https:\/\/emad-caba.infd.edu.ar\/sitio\/wp-json\/wp\/v2\/types\/page"}],"author":[{"embeddable":true,"href":"https:\/\/emad-caba.infd.edu.ar\/sitio\/wp-json\/wp\/v2\/users\/195"}],"replies":[{"embeddable":true,"href":"https:\/\/emad-caba.infd.edu.ar\/sitio\/wp-json\/wp\/v2\/comments?post=5719"}],"version-history":[{"count":2,"href":"https:\/\/emad-caba.infd.edu.ar\/sitio\/wp-json\/wp\/v2\/pages\/5719\/revisions"}],"predecessor-version":[{"id":5732,"href":"https:\/\/emad-caba.infd.edu.ar\/sitio\/wp-json\/wp\/v2\/pages\/5719\/revisions\/5732"}],"wp:attachment":[{"href":"https:\/\/emad-caba.infd.edu.ar\/sitio\/wp-json\/wp\/v2\/media?parent=5719"}],"curies":[{"name":"wp","href":"https:\/\/api.w.org\/{rel}","templated":true}]}}