{"id":5691,"date":"2025-10-23T17:24:58","date_gmt":"2025-10-23T20:24:58","guid":{"rendered":"https:\/\/emad-caba.infd.edu.ar\/sitio\/?page_id=5691"},"modified":"2025-12-18T20:59:56","modified_gmt":"2025-12-18T23:59:56","slug":"ingreso","status":"publish","type":"page","link":"https:\/\/emad-caba.infd.edu.ar\/sitio\/ingreso\/","title":{"rendered":"Ingreso"},"content":{"rendered":"\n<figure class=\"wp-block-image size-full is-resized\"><img decoding=\"async\" loading=\"lazy\" src=\"https:\/\/emad-caba.infd.edu.ar\/sitio\/wp-content\/uploads\/2025\/10\/LOGO-BA-Principal_Logo-BA-principal-Azul-768x266-1.jpg\" alt=\"\" class=\"wp-image-5696\" width=\"107\" height=\"37\"\/><\/figure>\n\n\n\n<p><strong>Se encuentra abierta la pre inscripci\u00f3n para el ciclo lectivo 2026<\/strong><\/p>\n\n\n\n<ul>\n<li>Carrera de Formaci\u00f3n del Actor\/Actriz<\/li>\n<\/ul>\n\n\n\n<ul>\n<li>Tecnicatura Superior en Puesta en Escena<\/li>\n<\/ul>\n\n\n\n<ul>\n<li>Tecnicatura Superior en Escenograf\u00eda<\/li>\n<\/ul>\n\n\n\n<ul>\n<li>Profesorado de Teatro<\/li>\n<\/ul>\n\n\n\n<ul>\n<li>Curso de Formaci\u00f3n para la Actuaci\u00f3n en Espacios Abiertos<\/li>\n<\/ul>\n\n\n\n<p><strong>PREINSCRIPCI\u00d3N SIU-GUARANI&nbsp;tiene un enlace directo a la web que los llevar\u00e1 al SIU.&nbsp;<\/strong><\/p>\n\n\n\n<p><a href=\"https:\/\/buenosaires.gob.ar\/cultura\/ensenanza-artistica\/escuela-metropolitana-de-arte-dramatico-emad\/siu-guarani\" data-type=\"URL\" data-id=\"https:\/\/buenosaires.gob.ar\/cultura\/ensenanza-artistica\/escuela-metropolitana-de-arte-dramatico-emad\/siu-guarani\" target=\"_blank\" rel=\"noreferrer noopener\">PREINSCRIPCION SIU GUARANI<\/a><\/p>\n\n\n\n<p>Una vez que finalices la PREINSCRIPCION en el SIU-GUARANI, IMPRIM\u00cd O DESCARGA EL FORMULARIO (es requisito para que contin\u00faes con la inscripci\u00f3n en nuestro form).<\/p>\n\n\n\n<p>Despu\u00e9s hace click en la palabra \u201cInscripci\u00f3n\u201d debajo de la imagen de la Carrera a la que quieras inscribirte y COMPLETA EL FORM.<\/p>\n\n\n\n<div class=\"wp-block-buttons is-layout-flex\"><\/div>\n\n\n\n<figure class=\"wp-block-image size-full\"><img decoding=\"async\" loading=\"lazy\" width=\"1200\" height=\"300\" src=\"https:\/\/emad-caba.infd.edu.ar\/sitio\/wp-content\/uploads\/2024\/10\/CFAA.png\" alt=\"\" class=\"wp-image-5360\" srcset=\"https:\/\/emad-caba.infd.edu.ar\/sitio\/wp-content\/uploads\/2024\/10\/CFAA.png 1200w, https:\/\/emad-caba.infd.edu.ar\/sitio\/wp-content\/uploads\/2024\/10\/CFAA-1000x250.png 1000w, https:\/\/emad-caba.infd.edu.ar\/sitio\/wp-content\/uploads\/2024\/10\/CFAA-768x192.png 768w\" sizes=\"(max-width: 1200px) 100vw, 1200px\" \/><\/figure>\n\n\n\n<div class=\"wp-block-buttons is-layout-flex\">\n<div class=\"wp-block-button\"><a class=\"wp-block-button__link wp-element-button\" href=\"https:\/\/emad-caba.infd.edu.ar\/sitio\/formacion-del-actor-actriz-2026\/\" target=\"_blank\" rel=\"noreferrer noopener\"><mark style=\"background-color:var(--accent)\" class=\"has-inline-color has-base-2-color\">Inscripci\u00f3n<\/mark><\/a><\/div>\n<\/div>\n\n\n\n<figure class=\"wp-block-image size-full\"><img decoding=\"async\" loading=\"lazy\" width=\"1200\" height=\"300\" src=\"https:\/\/emad-caba.infd.edu.ar\/sitio\/wp-content\/uploads\/2024\/10\/CPEB.png\" alt=\"\" class=\"wp-image-5361\" srcset=\"https:\/\/emad-caba.infd.edu.ar\/sitio\/wp-content\/uploads\/2024\/10\/CPEB.png 1200w, https:\/\/emad-caba.infd.edu.ar\/sitio\/wp-content\/uploads\/2024\/10\/CPEB-1000x250.png 1000w, https:\/\/emad-caba.infd.edu.ar\/sitio\/wp-content\/uploads\/2024\/10\/CPEB-768x192.png 768w\" sizes=\"(max-width: 1200px) 100vw, 1200px\" \/><\/figure>\n\n\n\n<div class=\"wp-block-buttons is-layout-flex\">\n<div class=\"wp-block-button\"><a class=\"wp-block-button__link wp-element-button\" href=\"https:\/\/emad-caba.infd.edu.ar\/sitio\/tecnicatura-superior-en-puesta-en-escena-2026\/\" target=\"_blank\" rel=\"noreferrer noopener\"><mark style=\"background-color:var(--accent)\" class=\"has-inline-color has-base-3-color\">Inscripci\u00f3n<\/mark><\/a><\/div>\n<\/div>\n\n\n\n<figure class=\"wp-block-image size-full\"><img decoding=\"async\" loading=\"lazy\" width=\"1200\" height=\"300\" src=\"https:\/\/emad-caba.infd.edu.ar\/sitio\/wp-content\/uploads\/2024\/10\/CESB.png\" alt=\"\" class=\"wp-image-5363\" srcset=\"https:\/\/emad-caba.infd.edu.ar\/sitio\/wp-content\/uploads\/2024\/10\/CESB.png 1200w, https:\/\/emad-caba.infd.edu.ar\/sitio\/wp-content\/uploads\/2024\/10\/CESB-1000x250.png 1000w, https:\/\/emad-caba.infd.edu.ar\/sitio\/wp-content\/uploads\/2024\/10\/CESB-768x192.png 768w\" sizes=\"(max-width: 1200px) 100vw, 1200px\" \/><\/figure>\n\n\n\n<div class=\"wp-block-buttons is-layout-flex\">\n<div class=\"wp-block-button\"><a class=\"wp-block-button__link wp-element-button\" href=\"https:\/\/emad-caba.infd.edu.ar\/sitio\/tecnicatura-superior-en-escenografia-2026\/\" target=\"_blank\" rel=\"noreferrer noopener\"><mark style=\"background-color:var(--accent)\" class=\"has-inline-color has-base-2-color\">Inscripci\u00f3n<\/mark><\/a><\/div>\n<\/div>\n\n\n\n<figure class=\"wp-block-image size-full\"><img decoding=\"async\" loading=\"lazy\" width=\"1200\" height=\"300\" src=\"https:\/\/emad-caba.infd.edu.ar\/sitio\/wp-content\/uploads\/2024\/10\/CPTC-1.png\" alt=\"\" class=\"wp-image-5364\" srcset=\"https:\/\/emad-caba.infd.edu.ar\/sitio\/wp-content\/uploads\/2024\/10\/CPTC-1.png 1200w, https:\/\/emad-caba.infd.edu.ar\/sitio\/wp-content\/uploads\/2024\/10\/CPTC-1-1000x250.png 1000w, https:\/\/emad-caba.infd.edu.ar\/sitio\/wp-content\/uploads\/2024\/10\/CPTC-1-768x192.png 768w\" sizes=\"(max-width: 1200px) 100vw, 1200px\" \/><\/figure>\n\n\n\n<div class=\"wp-block-buttons is-layout-flex\">\n<div class=\"wp-block-button\"><a class=\"wp-block-button__link wp-element-button\" href=\"https:\/\/emad-caba.infd.edu.ar\/sitio\/profesorado-de-teatro-2026\/\" target=\"_blank\" rel=\"noreferrer noopener\"><mark style=\"background-color:var(--accent)\" class=\"has-inline-color has-base-2-color\">Inscripci\u00f3n<\/mark><\/a><\/div>\n<\/div>\n\n\n\n<figure class=\"wp-block-image size-full\"><img decoding=\"async\" loading=\"lazy\" width=\"1200\" height=\"300\" src=\"https:\/\/emad-caba.infd.edu.ar\/sitio\/wp-content\/uploads\/2024\/10\/UEA.png\" alt=\"\" class=\"wp-image-5366\" srcset=\"https:\/\/emad-caba.infd.edu.ar\/sitio\/wp-content\/uploads\/2024\/10\/UEA.png 1200w, https:\/\/emad-caba.infd.edu.ar\/sitio\/wp-content\/uploads\/2024\/10\/UEA-1000x250.png 1000w, https:\/\/emad-caba.infd.edu.ar\/sitio\/wp-content\/uploads\/2024\/10\/UEA-768x192.png 768w\" sizes=\"(max-width: 1200px) 100vw, 1200px\" \/><\/figure>\n\n\n\n<div class=\"wp-block-buttons is-layout-flex\">\n<div class=\"wp-block-button\"><a class=\"wp-block-button__link wp-element-button\" href=\"https:\/\/emad-caba.infd.edu.ar\/sitio\/curso-de-formacion-para-la-actuacion-en-espacios-abiertos-2026\/\" target=\"_blank\" rel=\"noreferrer noopener\"><mark style=\"background-color:var(--accent)\" class=\"has-inline-color has-base-2-color\">Inscripci\u00f3n<\/mark><\/a><\/div>\n<\/div>\n","protected":false},"excerpt":{"rendered":"<p>Se encuentra abierta la pre inscripci\u00f3n para el ciclo lectivo 2026 PREINSCRIPCI\u00d3N SIU-GUARANI&nbsp;tiene un enlace directo a la web que los llevar\u00e1 al SIU.&nbsp; PREINSCRIPCION SIU GUARANI Una vez que finalices la PREINSCRIPCION en el SIU-GUARANI, IMPRIM\u00cd O DESCARGA EL FORMULARIO (es requisito para que contin\u00faes con la inscripci\u00f3n en nuestro form). Despu\u00e9s hace click &#8230; <a title=\"Ingreso\" class=\"read-more\" href=\"https:\/\/emad-caba.infd.edu.ar\/sitio\/ingreso\/\" aria-label=\"More on Ingreso\">[+]<\/a><\/p>\n","protected":false},"author":195,"featured_media":0,"parent":0,"menu_order":0,"comment_status":"closed","ping_status":"closed","template":"","meta":[],"acf":[],"_links":{"self":[{"href":"https:\/\/emad-caba.infd.edu.ar\/sitio\/wp-json\/wp\/v2\/pages\/5691"}],"collection":[{"href":"https:\/\/emad-caba.infd.edu.ar\/sitio\/wp-json\/wp\/v2\/pages"}],"about":[{"href":"https:\/\/emad-caba.infd.edu.ar\/sitio\/wp-json\/wp\/v2\/types\/page"}],"author":[{"embeddable":true,"href":"https:\/\/emad-caba.infd.edu.ar\/sitio\/wp-json\/wp\/v2\/users\/195"}],"replies":[{"embeddable":true,"href":"https:\/\/emad-caba.infd.edu.ar\/sitio\/wp-json\/wp\/v2\/comments?post=5691"}],"version-history":[{"count":22,"href":"https:\/\/emad-caba.infd.edu.ar\/sitio\/wp-json\/wp\/v2\/pages\/5691\/revisions"}],"predecessor-version":[{"id":5951,"href":"https:\/\/emad-caba.infd.edu.ar\/sitio\/wp-json\/wp\/v2\/pages\/5691\/revisions\/5951"}],"wp:attachment":[{"href":"https:\/\/emad-caba.infd.edu.ar\/sitio\/wp-json\/wp\/v2\/media?parent=5691"}],"curies":[{"name":"wp","href":"https:\/\/api.w.org\/{rel}","templated":true}]}}