{"id":5389,"date":"2024-10-31T15:13:34","date_gmt":"2024-10-31T18:13:34","guid":{"rendered":"https:\/\/emad-caba.infd.edu.ar\/sitio\/?page_id=5389"},"modified":"2024-12-20T18:38:53","modified_gmt":"2024-12-20T21:38:53","slug":"profesorado-de-teatro-2025","status":"publish","type":"page","link":"https:\/\/emad-caba.infd.edu.ar\/sitio\/profesorado-de-teatro-2025\/","title":{"rendered":"PROFESORADO DE TEATRO 2025"},"content":{"rendered":"\n<p><strong>INSCRIPCI\u00d3N CICLO LECTIVO 2025 &#8211; EMAD<\/strong><\/p>\n\n\n\n<p><strong>PROFESORADO DE TEATRO<\/strong><\/p>\n\n\n\n<p>El plan de estudios completo puede consultarse en la p\u00e1gina de la EMAD:&nbsp;<strong>PROFESORADO DE TEATRO<\/strong><\/p>\n\n\n\n<p><strong>Horario de la cursada:<\/strong>&nbsp;de LUNES a VIERNES de 13:30 hs a 17:30 hs.<\/p>\n\n\n\n<p><strong>Lugar:<\/strong>&nbsp; SARMIENTO 2573, CABA.<\/p>\n\n\n\n<p><strong>PREINSCRIPCI\u00d3N V\u00cdA FORMULARIO ONLINE (OBLIGATORIO):<\/strong><\/p>\n\n\n\n<p><strong>Periodo: <\/strong>del <strong>1\/11\/2024<\/strong> al <strong>18\/02\/2025<\/strong> hasta las <strong>23:59 h<\/strong>.<\/p>\n\n\n\n<p><strong>FORMULARIO de PREINSCRIPCI\u00d3N<\/strong><\/p>\n\n\n\n<p><a href=\"https:\/\/forms.gle\/vWZD7d8y37nYVufD7\">https:\/\/forms.gle\/vWZD7d8y37nYVufD7<\/a><\/p>\n\n\n\n<p>Validaci\u00f3n de documentaci\u00f3n y finalizaci\u00f3n de inscripci\u00f3n <strong>(OBLIGATORIA)<\/strong>:<\/p>\n\n\n\n<ul>\n<li><strong>PRESENCIAL<\/strong> &#8211; Entrega de carpeta con Documentaci\u00f3n abajo detallada del <strong>10\/2\/2025 <\/strong>al<strong>19<\/strong><strong>\/2\/2025 <\/strong>de<strong> 13:30 h <\/strong>a<strong> 17:30 h<\/strong>.<\/li>\n\n\n\n<li><a><\/a> <strong>Lugar:<\/strong>&nbsp; SARMIENTO 2573, CABA.<\/li>\n<\/ul>\n\n\n\n<p><strong>Instructivo de CONFIRMACI\u00d3N PRESENCIAL<\/strong><\/p>\n\n\n\n<p><strong>A)<\/strong>&nbsp;Presentar DNI argentino (o PASAPORTE en el caso de personas extranjeras).<\/p>\n\n\n\n<p><strong>B)<\/strong>&nbsp;Presentar carpeta cartulina oficio de color AMARILLO.<\/p>\n\n\n\n<figure class=\"wp-block-image size-full is-resized\"><img decoding=\"async\" loading=\"lazy\" src=\"https:\/\/emad-caba.infd.edu.ar\/sitio\/wp-content\/uploads\/2018\/08\/Web_Carpeta_amarilla.jpg\" alt=\"\" class=\"wp-image-1102\" width=\"188\" height=\"269\" srcset=\"https:\/\/emad-caba.infd.edu.ar\/sitio\/wp-content\/uploads\/2018\/08\/Web_Carpeta_amarilla.jpg 745w, https:\/\/emad-caba.infd.edu.ar\/sitio\/wp-content\/uploads\/2018\/08\/Web_Carpeta_amarilla-700x1000.jpg 700w\" sizes=\"(max-width: 188px) 100vw, 188px\" \/><\/figure>\n\n\n\n<p>Escribir en letra imprenta legible: APELLIDO Y NOMBRE en el borde superior de la tapa de la carpeta.<\/p>\n\n\n\n<p>Dentro de la carpeta la documentaci\u00f3n sin hojas sueltas, ordenada de la siguiente forma:<\/p>\n\n\n\n<p><strong>1.<\/strong>&nbsp;Ficha de datos personales completa y con foto \u201ctipo\u201d 4\u00d74.&nbsp;<\/p>\n\n\n\n<p><strong>Ficha Datos Personales EMAD 2025<\/strong> <a href=\"https:\/\/emad-caba.infd.edu.ar\/sitio\/wp-content\/uploads\/2024\/10\/EMAD-Ficha-Datos-Personales-2025.pdf\" target=\"_blank\" rel=\"noreferrer noopener\">Descarga<\/a><\/p>\n\n\n\n<p><strong>2. <\/strong>Foto \u201ctipo\u201d 4\u00d74.<\/p>\n\n\n\n<p><strong>3.&nbsp;<\/strong>Fotocopia de DNI argentino legible:&nbsp;fotocopia de anverso y reverso. O PASAPORTE (fotocopia primera y\/o segunda hoja&nbsp;seg\u00fan corresponda).<\/p>\n\n\n\n<p><strong>4.<\/strong>&nbsp;T\u00edtulo Secundario: original y fotocopia -a fin de constatar la fidelidad de la misma-&nbsp;o Constancia de t\u00edtulo en tr\u00e1mite emitida por la instituci\u00f3n de nivel medio donde se curs\u00f3 el secundario.<\/p>\n\n\n\n<p><strong>5.<\/strong>&nbsp;Declaraci\u00f3n jurada de antecedentes de salud.&nbsp;Firmada por la persona interesada.<\/p>\n\n\n\n<p><strong>Declaraci\u00f3n jurada salud EMAD 2025<\/strong> <a href=\"https:\/\/emad-caba.infd.edu.ar\/sitio\/wp-content\/uploads\/2024\/10\/EMAD-Declaracion-jurada-de-salud-2025.pdf\" target=\"_blank\" rel=\"noreferrer noopener\">Descarga<\/a><\/p>\n\n\n\n<p><strong>6.<\/strong>&nbsp;Conformidad con el r\u00e9gimen de ingreso.&nbsp;Firmada por la persona interesada.<\/p>\n\n\n\n<p><strong>Conformidad ingreso EMAD<\/strong> <strong>2025<\/strong>&nbsp;<a href=\"https:\/\/emad-caba.infd.edu.ar\/sitio\/wp-content\/uploads\/2024\/10\/EMAD-Conformidad-de-Ingreso-2025.pdf\" target=\"_blank\" rel=\"noreferrer noopener\">Descarga<\/a><\/p>\n\n\n\n<p><strong>7.<\/strong>&nbsp;Bono Cooperadora (Monto a definir en febrero 2025)<\/p>\n\n\n\n<ul>\n<li>Se abonar\u00e1 en la Sede <strong>Sarmiento <\/strong>en la <strong>Regencia del Turno Tarde<\/strong> (lunes a viernes <strong>13:30 h <\/strong>a<strong> 17:30 h<\/strong>) al momento de la confirmaci\u00f3n Presencial de la Inscripci\u00f3n.<\/li>\n<\/ul>\n\n\n\n<p>La Asociaci\u00f3n Cooperadora de la Escuela Metropolitana de Arte Dram\u00e1tico es una Asociaci\u00f3n Civil sin fines de lucro conformada por todos los estudiantes de la Escuela Metropolitana de Arte Dram\u00e1tico nucleados solidaria y democr\u00e1ticamente para garantizar el crecimiento de la Instituci\u00f3n, el desarrollo de las actividades educativas, curriculares y extracurriculares.<\/p>\n\n\n\n<p>+ Info: Asociaci\u00f3n Cooperadora EMAD. Consultas:&nbsp;<a href=\"mailto:cooperadoralaemad@gmail.com\">cooperadoralaemad@gmail.com<\/a><\/p>\n\n\n\n<p>IG: @emadcooperadora<\/p>\n\n\n\n<p><strong>SOBRE EL PERIODO DE INGRESO<\/strong><\/p>\n\n\n\n<p><strong>Los aspirantes deber\u00e1n escribir de forma sint\u00e9tica, una carta de motivaci\u00f3n<\/strong>, donde puedan presentarse, describir su recorrido de formaci\u00f3n, y transmitirnos sus deseos y expectativas de ingresar a la carrera, teniendo en cuenta los siguientes ejes:<\/p>\n\n\n\n<p>\u00bfPor qu\u00e9 Teatro? \u00bfPor qu\u00e9 el Profesorado? \u00bfPor qu\u00e9 en la EMAD?<\/p>\n\n\n\n<p>Sobre la carta:<\/p>\n\n\n\n<ul>\n<li>El nombre del archivo deber\u00e1 ser APELLIDO y NOMBRE del aspirante (ejemplo: PEREZ JUANA.doc).<\/li>\n\n\n\n<li>Deber\u00e1 estar en word, letra times new roman, tama\u00f1o 12.<\/li>\n\n\n\n<li>Se recibir\u00e1n cartas hasta el <strong>14\/02\/2025<\/strong>.<\/li>\n<\/ul>\n\n\n\n<p> El ingreso consta de 5 Jornadas, de 13:30 hs a 17:30 hs, todas de car\u00e1cter obligatorio, que se desarrollar\u00e1n durante dos semanas.<\/p>\n\n\n\n<figure class=\"wp-block-image size-full\"><img decoding=\"async\" loading=\"lazy\" width=\"1196\" height=\"647\" src=\"https:\/\/emad-caba.infd.edu.ar\/sitio\/wp-content\/uploads\/2024\/12\/Cronograma-Profesorado-FEBRERO-2025-1.jpg\" alt=\"\" class=\"wp-image-5481\" srcset=\"https:\/\/emad-caba.infd.edu.ar\/sitio\/wp-content\/uploads\/2024\/12\/Cronograma-Profesorado-FEBRERO-2025-1.jpg 1196w, https:\/\/emad-caba.infd.edu.ar\/sitio\/wp-content\/uploads\/2024\/12\/Cronograma-Profesorado-FEBRERO-2025-1-1000x541.jpg 1000w, https:\/\/emad-caba.infd.edu.ar\/sitio\/wp-content\/uploads\/2024\/12\/Cronograma-Profesorado-FEBRERO-2025-1-768x415.jpg 768w\" sizes=\"(max-width: 1196px) 100vw, 1196px\" \/><\/figure>\n\n\n\n<figure class=\"wp-block-image size-full\"><img decoding=\"async\" loading=\"lazy\" width=\"1198\" height=\"653\" src=\"https:\/\/emad-caba.infd.edu.ar\/sitio\/wp-content\/uploads\/2024\/12\/CRONOGRAMA-Profesorado-MARZO-2025.jpg\" alt=\"\" class=\"wp-image-5483\" srcset=\"https:\/\/emad-caba.infd.edu.ar\/sitio\/wp-content\/uploads\/2024\/12\/CRONOGRAMA-Profesorado-MARZO-2025.jpg 1198w, https:\/\/emad-caba.infd.edu.ar\/sitio\/wp-content\/uploads\/2024\/12\/CRONOGRAMA-Profesorado-MARZO-2025-1000x545.jpg 1000w, https:\/\/emad-caba.infd.edu.ar\/sitio\/wp-content\/uploads\/2024\/12\/CRONOGRAMA-Profesorado-MARZO-2025-768x419.jpg 768w\" sizes=\"(max-width: 1198px) 100vw, 1198px\" \/><\/figure>\n\n\n\n<p>Las jornadas se distribuyen en:<\/p>\n\n\n\n<p>1.Charla Informativa a cargo de la Coordinaci\u00f3n.<\/p>\n\n\n\n<p>2.Jornada del \u201c<strong>Discurso hablado, la comunicaci\u00f3n, la reflexi\u00f3n y lo motivacional<\/strong>\u201d. <\/p>\n\n\n\n<p>a)Para esta jornada de ingreso, les brindamos los diversos materiales para debatir y conversar. Deber\u00e1n leerlos y observarlos con detenimiento.<\/p>\n\n\n\n<ul>\n<li>Link:&nbsp;<a rel=\"noreferrer noopener\" href=\"https:\/\/vimeo.com\/344701452\" target=\"_blank\">La escuela contra el margen\/School on the margin en Vimeo<\/a>&nbsp;&#8211;&nbsp;<a rel=\"noreferrer noopener\" href=\"https:\/\/vimeo.com\/344701452\" target=\"_blank\">https:\/\/vimeo.com\/344701452<\/a><\/li>\n<\/ul>\n\n\n\n<ul>\n<li>\u00abLa alteridad en la escuela\u00bb Colecci\u00f3n derechos humanos g\u00e9nero y ESI. Pensar las diferencias. Cap 3. <\/li>\n<\/ul>\n\n\n\n<div class=\"wp-block-file\"><object class=\"wp-block-file__embed\" data=\"https:\/\/emad-caba.infd.edu.ar\/sitio\/wp-content\/uploads\/2024\/12\/Cap.-3-La-alteridad-en-la-escuela.-Coleccion-derechos-humanos-genero-y-ESI.-Pensar-las-diferencias-1.pdf\" type=\"application\/pdf\" style=\"width:100%;height:600px\" aria-label=\"Incrustado de Cap.-3-La-alteridad-en-la-escuela.-Coleccion-derechos-humanos-genero-y-ESI.-Pensar-las-diferencias-1.\"><\/object><a id=\"wp-block-file--media-59fd8f24-010b-48dc-a048-905e6392509c\" href=\"https:\/\/emad-caba.infd.edu.ar\/sitio\/wp-content\/uploads\/2024\/12\/Cap.-3-La-alteridad-en-la-escuela.-Coleccion-derechos-humanos-genero-y-ESI.-Pensar-las-diferencias-1.pdf\">Cap.-3-La-alteridad-en-la-escuela.-Coleccion-derechos-humanos-genero-y-ESI.-Pensar-las-diferencias-1<\/a><a href=\"https:\/\/emad-caba.infd.edu.ar\/sitio\/wp-content\/uploads\/2024\/12\/Cap.-3-La-alteridad-en-la-escuela.-Coleccion-derechos-humanos-genero-y-ESI.-Pensar-las-diferencias-1.pdf\" class=\"wp-block-file__button wp-element-button\" download aria-describedby=\"wp-block-file--media-59fd8f24-010b-48dc-a048-905e6392509c\">Descarga<\/a><\/div>\n\n\n\n<p><\/p>\n\n\n\n<p>3.Jornada del \u201c<strong>An\u00e1lisis de texto y la producci\u00f3n escrita<\/strong>\u201d.<\/p>\n\n\n\n<p>Ant\u00edgona de S\u00f3focles <a href=\"https:\/\/emad-caba.infd.edu.ar\/sitio\/wp-content\/uploads\/2024\/10\/Antigona_Sofocles.pdf\" target=\"_blank\" rel=\"noreferrer noopener\">Descarga<\/a><\/p>\n\n\n\n<p>Notas sobre nuestra ANT\u00cdGONA de Ralli y Rubio <a href=\"https:\/\/emad-caba.infd.edu.ar\/sitio\/wp-content\/uploads\/2024\/10\/Notas_sobre_nuestra_ANTIGONA_Ralli_Rubio.pdf\" target=\"_blank\" rel=\"noreferrer noopener\">Descarga<\/a><\/p>\n\n\n\n<p>4.Jornada del \u201c<strong>Juego y la actuaci\u00f3n<\/strong>\u201d:<\/p>\n\n\n\n<p>a)Instancia de Juego Colectivo e instancia de din\u00e1micas de actuaci\u00f3n. Se trabajar\u00e1 con el espect\u00e1culo solicitado en torno al acercamiento a la formaci\u00f3n de espectadores<\/p>\n\n\n\n<p>5.Jornada del \u201c<strong>Cuerpo y de la Voz<\/strong>\u201d:<\/p>\n\n\n\n<p>a)Trabajo articulado del cuerpo y la voz a partir de distintos disparadores.<\/p>\n\n\n\n<p><strong>SE CONSIDERAR\u00c1N DE CAR\u00c1CTER OBLIGATORIO EL CUMPLIMIENTO DE LAS SIGUIENTES CONDICIONES DE INGRESO:<\/strong><\/p>\n\n\n\n<ul>\n<li>Asistencia y puntualidad a cada Jornada<\/li>\n\n\n\n<li>Lectura y visionado de los materiales seleccionados<\/li>\n<\/ul>\n\n\n\n<p><strong>DURANTE EL CURSO DE INGRESO SE PONDR\u00c1 LA MIRADA EN:<\/strong><\/p>\n\n\n\n<p>* La relaci\u00f3n de cada aspirante con el Lenguaje Teatral y la motivaci\u00f3n expresada tanto en la carta a escribir como en el compromiso durante el desarrollo de cada instancia.<\/p>\n\n\n\n<p><strong>Se observar\u00e1 a su vez y en particular:<\/strong><\/p>\n\n\n\n<p>* El cumplimiento de las consignas y pedidos de cada instancia.<\/p>\n\n\n\n<p>* La capacidad de juego y la relaci\u00f3n, en tanto instrumento l\u00fadico y expresivo, con el propio cuerpo y la voz.<\/p>\n\n\n\n<p>* La relaci\u00f3n con el grupo de lxs aspirantes durante todo el trayecto de ingreso.<\/p>\n\n\n\n<p>* La relaci\u00f3n con el propio cuerpo, con los objetos y con el espacio en las din\u00e1micas l\u00fadicas y de actuaci\u00f3n en particular.<\/p>\n\n\n\n<p>* La expresi\u00f3n oral y escrita de acuerdo a un enfoque comunicativo y en relaci\u00f3n al contexto y las consignas propuestas. La capacidad de an\u00e1lisis y argumentaci\u00f3n en las distintas instancias.<\/p>\n\n\n\n<p><strong>CADA UNA DE LAS INSTANCIAS NO ES ELIMINATORIA.<\/strong><\/p>\n\n\n\n<p><strong>EL TRAYECTO DEL INGRESO SE DEBER\u00c1 RECORRER DE MANERA COMPLETA, PARTICIPANDO DE TODAS LAS JORNADAS.<\/strong><\/p>\n\n\n\n<p><strong>DEL RESULTADO DE ESTAS INSTANCIAS SE SELECCIONAR\u00c1 UN GRUPO DE INGRESANTES QUE NO EXCEDA EL CUPO DEL PROFESORADO.<\/strong><\/p>\n\n\n\n<p>VACANTES QUE OFRECE EL <strong>PROFESORADO DE TEATRO<\/strong>: 30 PERSONAS.<\/p>\n\n\n\n<p><strong>DESCARGA DE FORMULARIOS:<\/strong><\/p>\n\n\n\n<p><strong>FORMULARIO de PREINSCRIPCI\u00d3N<\/strong><\/p>\n\n\n\n<p><a href=\"https:\/\/forms.gle\/vWZD7d8y37nYVufD7\" data-type=\"URL\" target=\"_blank\" rel=\"noreferrer noopener\">https:\/\/forms.gle\/vWZD7d8y37nYVufD7<\/a><\/p>\n\n\n\n<p><strong>Ficha Datos Personales EMAD 2025<\/strong> <a rel=\"noreferrer noopener\" href=\"https:\/\/emad-caba.infd.edu.ar\/sitio\/wp-content\/uploads\/2024\/10\/EMAD-Ficha-Datos-Personales-2025.pdf\" target=\"_blank\">Descarga<\/a><\/p>\n\n\n\n<p><strong>Declaraci\u00f3n jurada salud EMAD 2025<\/strong> <a rel=\"noreferrer noopener\" href=\"https:\/\/emad-caba.infd.edu.ar\/sitio\/wp-content\/uploads\/2024\/10\/EMAD-Declaracion-jurada-de-salud-2025.pdf\" target=\"_blank\">Descarga<\/a><\/p>\n\n\n\n<p><strong>Conformidad ingreso EMAD<\/strong> <strong>2025<\/strong>&nbsp; <a rel=\"noreferrer noopener\" style=\"font-size: revert;\" href=\"https:\/\/emad-caba.infd.edu.ar\/sitio\/wp-content\/uploads\/2024\/10\/EMAD-Conformidad-de-Ingreso-2025.pdf\" target=\"_blank\">Descarga<\/a>    <\/p>\n\n\n\n<p>Obras<\/p>\n\n\n\n<p><span style=\"font-size: revert;\">Ant\u00edgona de S\u00f3focles <\/span><a rel=\"noreferrer noopener\" style=\"font-size: revert;\" href=\"https:\/\/emad-caba.infd.edu.ar\/sitio\/wp-content\/uploads\/2024\/10\/Antigona_Sofocles.pdf\" target=\"_blank\">Descarga<\/a>   <p>Notas sobre nuestra ANT\u00cdGONA de Ralli y Rubio <a rel=\"noreferrer noopener\" href=\"https:\/\/emad-caba.infd.edu.ar\/sitio\/wp-content\/uploads\/2024\/10\/Notas_sobre_nuestra_ANTIGONA_Ralli_Rubio.pdf\" target=\"_blank\">Descarga<\/a><\/p> Para m\u00e1s informaci\u00f3n:\u00a0<a href=\"mailto:regenciaprofesoradoemad@gmail.com\"><u>regenciaprofesoradoemad@gmail.com<\/u><\/a><\/p>\n\n\n\n<p><strong>INFORMACI\u00d3N ASPIRANTES EXTRANJEROS<\/strong><\/p>\n\n\n\n<p>Direcci\u00f3n de validez nacional de T\u00edtulos y Estudios<\/p>\n\n\n\n<ul>\n<li>Convalidaci\u00f3n de estudios realizados en el extranjero (pa\u00edses con convenio)<\/li>\n<\/ul>\n\n\n\n<p><a href=\"https:\/\/www.argentina.gob.ar\/convalidar-titulo-secundario-de-paises-con-convenio\">https:\/\/www.argentina.gob.ar\/convalidar-titulo-secundario-de-paises-con-convenio<\/a><\/p>\n\n\n\n<ul>\n<li>Reconocimiento de estudios realizados en el extranjero (pa\u00edses sin convenio)<\/li>\n<\/ul>\n\n\n\n<p><a href=\"https:\/\/www.argentina.gob.ar\/reconocer-titulo-secundario-de-paises-sin-convenio\">https:\/\/www.argentina.gob.ar\/reconocer-titulo-secundario-de-paises-sin-convenio<\/a><\/p>\n","protected":false},"excerpt":{"rendered":"<p>INSCRIPCI\u00d3N CICLO LECTIVO 2025 &#8211; EMAD PROFESORADO DE TEATRO El plan de estudios completo puede consultarse en la p\u00e1gina de la EMAD:&nbsp;PROFESORADO DE TEATRO Horario de la cursada:&nbsp;de LUNES a VIERNES de 13:30 hs a 17:30 hs. Lugar:&nbsp; SARMIENTO 2573, CABA. PREINSCRIPCI\u00d3N V\u00cdA FORMULARIO ONLINE (OBLIGATORIO): Periodo: del 1\/11\/2024 al 18\/02\/2025 hasta las 23:59 h. &#8230; <a title=\"PROFESORADO DE TEATRO 2025\" class=\"read-more\" href=\"https:\/\/emad-caba.infd.edu.ar\/sitio\/profesorado-de-teatro-2025\/\" aria-label=\"More on PROFESORADO DE TEATRO 2025\">[+]<\/a><\/p>\n","protected":false},"author":195,"featured_media":0,"parent":0,"menu_order":0,"comment_status":"closed","ping_status":"closed","template":"","meta":[],"acf":[],"_links":{"self":[{"href":"https:\/\/emad-caba.infd.edu.ar\/sitio\/wp-json\/wp\/v2\/pages\/5389"}],"collection":[{"href":"https:\/\/emad-caba.infd.edu.ar\/sitio\/wp-json\/wp\/v2\/pages"}],"about":[{"href":"https:\/\/emad-caba.infd.edu.ar\/sitio\/wp-json\/wp\/v2\/types\/page"}],"author":[{"embeddable":true,"href":"https:\/\/emad-caba.infd.edu.ar\/sitio\/wp-json\/wp\/v2\/users\/195"}],"replies":[{"embeddable":true,"href":"https:\/\/emad-caba.infd.edu.ar\/sitio\/wp-json\/wp\/v2\/comments?post=5389"}],"version-history":[{"count":7,"href":"https:\/\/emad-caba.infd.edu.ar\/sitio\/wp-json\/wp\/v2\/pages\/5389\/revisions"}],"predecessor-version":[{"id":5489,"href":"https:\/\/emad-caba.infd.edu.ar\/sitio\/wp-json\/wp\/v2\/pages\/5389\/revisions\/5489"}],"wp:attachment":[{"href":"https:\/\/emad-caba.infd.edu.ar\/sitio\/wp-json\/wp\/v2\/media?parent=5389"}],"curies":[{"name":"wp","href":"https:\/\/api.w.org\/{rel}","templated":true}]}}