{"id":5286,"date":"2024-07-12T19:18:30","date_gmt":"2024-07-12T22:18:30","guid":{"rendered":"https:\/\/emad-caba.infd.edu.ar\/sitio\/?page_id=5286"},"modified":"2024-07-12T19:35:15","modified_gmt":"2024-07-12T22:35:15","slug":"proyectos-de-articulacion-dgeart-manuel-de-falla-emad","status":"publish","type":"page","link":"https:\/\/emad-caba.infd.edu.ar\/sitio\/proyectos-de-articulacion-dgeart-manuel-de-falla-emad\/","title":{"rendered":"Proyectos de articulaci\u00f3n DGEART &#8211; MANUEL DE FALLA &#8211; EMAD"},"content":{"rendered":"\n<p><\/p>\n\n\n\n<figure class=\"wp-block-image size-full is-resized\"><img decoding=\"async\" loading=\"lazy\" src=\"https:\/\/emad-caba.infd.edu.ar\/sitio\/wp-content\/uploads\/2024\/07\/Opereta.jpg\" alt=\"\" class=\"wp-image-5287\" width=\"542\" height=\"678\" srcset=\"https:\/\/emad-caba.infd.edu.ar\/sitio\/wp-content\/uploads\/2024\/07\/Opereta.jpg 1080w, https:\/\/emad-caba.infd.edu.ar\/sitio\/wp-content\/uploads\/2024\/07\/Opereta-800x1000.jpg 800w, https:\/\/emad-caba.infd.edu.ar\/sitio\/wp-content\/uploads\/2024\/07\/Opereta-768x960.jpg 768w\" sizes=\"(max-width: 542px) 100vw, 542px\" \/><\/figure>\n\n\n\n<p><\/p>\n\n\n\n<figure class=\"wp-block-image size-full is-resized\"><img decoding=\"async\" loading=\"lazy\" src=\"https:\/\/emad-caba.infd.edu.ar\/sitio\/wp-content\/uploads\/2024\/07\/INFO-OPERETA.jpg\" alt=\"\" class=\"wp-image-5288\" width=\"542\" height=\"678\" srcset=\"https:\/\/emad-caba.infd.edu.ar\/sitio\/wp-content\/uploads\/2024\/07\/INFO-OPERETA.jpg 1080w, https:\/\/emad-caba.infd.edu.ar\/sitio\/wp-content\/uploads\/2024\/07\/INFO-OPERETA-800x1000.jpg 800w, https:\/\/emad-caba.infd.edu.ar\/sitio\/wp-content\/uploads\/2024\/07\/INFO-OPERETA-768x960.jpg 768w\" sizes=\"(max-width: 542px) 100vw, 542px\" \/><\/figure>\n\n\n\n<p>Proyecto de articulaci\u00f3n Conservatorio Superior de M\u00fasica Manuel de Falla y la Escuela Metropolitana de Arte Dram\u00e1tico.<\/p>\n\n\n\n<p>Se adjunta la siguiente informaci\u00f3n.<\/p>\n\n\n\n<ul>\n<li>Descripci\u00f3n del Proyecto.<\/li>\n\n\n\n<li>Pautas para la presentaci\u00f3n.<\/li>\n\n\n\n<li>Libreto.<\/li>\n\n\n\n<li>M\u00fasica.<\/li>\n\n\n\n<li>Vocal score.<\/li>\n<\/ul>\n\n\n\n<div class=\"wp-block-file\"><object class=\"wp-block-file__embed\" data=\"https:\/\/emad-caba.infd.edu.ar\/sitio\/wp-content\/uploads\/2024\/07\/Descripcion-del-proyecto.pdf\" type=\"application\/pdf\" style=\"width:100%;height:450px\" aria-label=\"Incrustado de Descripcion-del-proyecto.\"><\/object><a id=\"wp-block-file--media-ea11da2b-e5f5-48d3-b058-0e01a0081004\" href=\"https:\/\/emad-caba.infd.edu.ar\/sitio\/wp-content\/uploads\/2024\/07\/Descripcion-del-proyecto.pdf\">Descripcion-del-proyecto<\/a><a href=\"https:\/\/emad-caba.infd.edu.ar\/sitio\/wp-content\/uploads\/2024\/07\/Descripcion-del-proyecto.pdf\" class=\"wp-block-file__button wp-element-button\" download aria-describedby=\"wp-block-file--media-ea11da2b-e5f5-48d3-b058-0e01a0081004\">Descarga<\/a><\/div>\n\n\n\n<div class=\"wp-block-file\"><object class=\"wp-block-file__embed\" data=\"https:\/\/emad-caba.infd.edu.ar\/sitio\/wp-content\/uploads\/2024\/07\/El-retablo-de-Maese-Pedro.-Pautas-de-presentacion-1.pdf\" type=\"application\/pdf\" style=\"width:100%;height:360px\" aria-label=\"Incrustado de El-retablo-de-Maese-Pedro.-Pautas-de-presentacion-1.\"><\/object><a id=\"wp-block-file--media-3140d50c-2684-4847-baae-64493d3fa80f\" href=\"https:\/\/emad-caba.infd.edu.ar\/sitio\/wp-content\/uploads\/2024\/07\/El-retablo-de-Maese-Pedro.-Pautas-de-presentacion-1.pdf\">El-retablo-de-Maese-Pedro.-Pautas-de-presentacion-1<\/a><a href=\"https:\/\/emad-caba.infd.edu.ar\/sitio\/wp-content\/uploads\/2024\/07\/El-retablo-de-Maese-Pedro.-Pautas-de-presentacion-1.pdf\" class=\"wp-block-file__button wp-element-button\" download aria-describedby=\"wp-block-file--media-3140d50c-2684-4847-baae-64493d3fa80f\">Descarga<\/a><\/div>\n\n\n\n<div class=\"wp-block-file\"><object class=\"wp-block-file__embed\" data=\"https:\/\/emad-caba.infd.edu.ar\/sitio\/wp-content\/uploads\/2024\/07\/El-retablo-de-Maese-Pedro.-Libreto-1-1.pdf\" type=\"application\/pdf\" style=\"width:100%;height:410px\" aria-label=\"Incrustado de El-retablo-de-Maese-Pedro.-Libreto-1-1.\"><\/object><a id=\"wp-block-file--media-278a795d-d229-43f2-87c3-b8421041718b\" href=\"https:\/\/emad-caba.infd.edu.ar\/sitio\/wp-content\/uploads\/2024\/07\/El-retablo-de-Maese-Pedro.-Libreto-1-1.pdf\">El-retablo-de-Maese-Pedro.-Libreto-1-1<\/a><a href=\"https:\/\/emad-caba.infd.edu.ar\/sitio\/wp-content\/uploads\/2024\/07\/El-retablo-de-Maese-Pedro.-Libreto-1-1.pdf\" class=\"wp-block-file__button wp-element-button\" download aria-describedby=\"wp-block-file--media-278a795d-d229-43f2-87c3-b8421041718b\">Descarga<\/a><\/div>\n\n\n\n<div class=\"wp-block-file\"><object class=\"wp-block-file__embed\" data=\"https:\/\/emad-caba.infd.edu.ar\/sitio\/wp-content\/uploads\/2024\/07\/El-retablo-de-Maese-Pedro.-Musica-1.pdf\" type=\"application\/pdf\" style=\"width:100%;height:370px\" aria-label=\"Incrustado de El-retablo-de-Maese-Pedro.-Musica-1.\"><\/object><a id=\"wp-block-file--media-4028b137-ac25-4611-93e3-88e203c43e59\" href=\"https:\/\/emad-caba.infd.edu.ar\/sitio\/wp-content\/uploads\/2024\/07\/El-retablo-de-Maese-Pedro.-Musica-1.pdf\">El-retablo-de-Maese-Pedro.-Musica-1<\/a><a href=\"https:\/\/emad-caba.infd.edu.ar\/sitio\/wp-content\/uploads\/2024\/07\/El-retablo-de-Maese-Pedro.-Musica-1.pdf\" class=\"wp-block-file__button wp-element-button\" download aria-describedby=\"wp-block-file--media-4028b137-ac25-4611-93e3-88e203c43e59\">Descarga<\/a><\/div>\n\n\n\n<div class=\"wp-block-file\"><object class=\"wp-block-file__embed\" data=\"https:\/\/emad-caba.infd.edu.ar\/sitio\/wp-content\/uploads\/2024\/07\/El-retablo-de-Maese-Pedro.-Vocal-score.pdf\" type=\"application\/pdf\" style=\"width:100%;height:400px\" aria-label=\"Incrustado de El-retablo-de-Maese-Pedro.-Vocal-score.\"><\/object><a id=\"wp-block-file--media-57037c9c-e9c8-421e-bfcf-e0736363f1eb\" href=\"https:\/\/emad-caba.infd.edu.ar\/sitio\/wp-content\/uploads\/2024\/07\/El-retablo-de-Maese-Pedro.-Vocal-score.pdf\">El-retablo-de-Maese-Pedro.-Vocal-score<\/a><a href=\"https:\/\/emad-caba.infd.edu.ar\/sitio\/wp-content\/uploads\/2024\/07\/El-retablo-de-Maese-Pedro.-Vocal-score.pdf\" class=\"wp-block-file__button wp-element-button\" download aria-describedby=\"wp-block-file--media-57037c9c-e9c8-421e-bfcf-e0736363f1eb\">Descarga<\/a><\/div>\n","protected":false},"excerpt":{"rendered":"<p>Proyecto de articulaci\u00f3n Conservatorio Superior de M\u00fasica Manuel de Falla y la Escuela Metropolitana de Arte Dram\u00e1tico. Se adjunta la siguiente informaci\u00f3n.<\/p>\n","protected":false},"author":195,"featured_media":0,"parent":0,"menu_order":0,"comment_status":"closed","ping_status":"closed","template":"","meta":[],"acf":[],"_links":{"self":[{"href":"https:\/\/emad-caba.infd.edu.ar\/sitio\/wp-json\/wp\/v2\/pages\/5286"}],"collection":[{"href":"https:\/\/emad-caba.infd.edu.ar\/sitio\/wp-json\/wp\/v2\/pages"}],"about":[{"href":"https:\/\/emad-caba.infd.edu.ar\/sitio\/wp-json\/wp\/v2\/types\/page"}],"author":[{"embeddable":true,"href":"https:\/\/emad-caba.infd.edu.ar\/sitio\/wp-json\/wp\/v2\/users\/195"}],"replies":[{"embeddable":true,"href":"https:\/\/emad-caba.infd.edu.ar\/sitio\/wp-json\/wp\/v2\/comments?post=5286"}],"version-history":[{"count":3,"href":"https:\/\/emad-caba.infd.edu.ar\/sitio\/wp-json\/wp\/v2\/pages\/5286\/revisions"}],"predecessor-version":[{"id":5302,"href":"https:\/\/emad-caba.infd.edu.ar\/sitio\/wp-json\/wp\/v2\/pages\/5286\/revisions\/5302"}],"wp:attachment":[{"href":"https:\/\/emad-caba.infd.edu.ar\/sitio\/wp-json\/wp\/v2\/media?parent=5286"}],"curies":[{"name":"wp","href":"https:\/\/api.w.org\/{rel}","templated":true}]}}