{"id":5186,"date":"2024-03-12T15:10:45","date_gmt":"2024-03-12T18:10:45","guid":{"rendered":"https:\/\/emad-caba.infd.edu.ar\/sitio\/?page_id=5186"},"modified":"2024-03-14T19:24:21","modified_gmt":"2024-03-14T22:24:21","slug":"equipo-de-orientacion-emad-para-la-prevencion-de-la-violencia-de-genero-e-institucional-y-promocion-del-bienestar-de-la-comunidad-educativa","status":"publish","type":"page","link":"https:\/\/emad-caba.infd.edu.ar\/sitio\/equipo-de-orientacion-emad-para-la-prevencion-de-la-violencia-de-genero-e-institucional-y-promocion-del-bienestar-de-la-comunidad-educativa\/","title":{"rendered":"Equipo de Orientaci\u00f3n EMAD para la prevenci\u00f3n de la violencia de g\u00e9nero e institucional y promoci\u00f3n del bienestar de la comunidad educativa"},"content":{"rendered":"\n<p><strong>CONVOCATORIA: Equipo de Orientaci\u00f3n EMAD para la prevenci\u00f3n de la violencia de g\u00e9nero e institucional y promoci\u00f3n del bienestar de la comunidad educativa.<\/strong><\/p>\n\n\n\n<p><strong>1 (un) cargo de 25 hs c\u00e1tedra<\/strong>. Designaci\u00f3n a t\u00e9rmino hasta cumplir con lo establecido para el desempe\u00f1o 2024 (hasta el 28 de febrero de 2025).<\/p>\n\n\n\n<p><strong>Disponib<\/strong><strong>ilidad<\/strong><strong>:<\/strong><\/p>\n\n\n\n<p>Sujeta al dictado y requerimientos de las distintas carreras y cursos de la escuela, lo que plantea una tarea a desarrollar en los tres turnos (ma\u00f1ana, tarde y vespertino), en las distintas sedes de CABA, y en d\u00edas y horarios a convenir.<\/p>\n\n\n\n<p>Las sedes de la EMAD son:<\/p>\n\n\n\n<p>SEDE CENTRAL: Sarmiento 2573<\/p>\n\n\n\n<p>ANEXO SEDE JUFR\u00c9: Jufr\u00e9 141\/143<\/p>\n\n\n\n<p>ANEXO SALA LOS ANDES: Leiva 4249<\/p>\n\n\n\n<p>ANEXO FOREST: Forest 933<\/p>\n\n\n\n<p>ANEXO PARQUE AVELLANEDA: Espacio Cultural Chacra de los Remedios (Av. Directorio y Lacarra, dentro del Parque Avellaneda)<\/p>\n\n\n\n<p>D\u00eda de reuni\u00f3n semanal obligatoria en la Direcci\u00f3n General de Ense\u00f1anza Art\u00edstica (DGEART), con domicilio en Per\u00fa 374: martes de 13:30 a 15:30 hs.<\/p>\n\n\n\n<p><strong>Perfil solicitado:<\/strong><\/p>\n\n\n\n<p>Titulaci\u00f3n: Poseer T\u00edtulo de Grado superior universitario o no universitario en el \u00e1rea de Mediaci\u00f3n, Psicolog\u00eda, Abogac\u00eda, Psicolog\u00eda Social, Trabajo Social, Ciencias de la Educaci\u00f3n o t\u00edtulos de otras carreras human\u00edsticas\/sociales.<\/p>\n\n\n\n<p>Contar con Experiencia profesional y\/o formaci\u00f3n acad\u00e9mica relativa a perspectiva de g\u00e9nero y diversidad: Violencia de G\u00e9nero e Institucional, Acoso y maltrato laboral, Resoluci\u00f3n o Abordaje de Conflictos y su Prevenci\u00f3n, Derechos Humanos, Justicia Restaurativa, Adicciones, Diversidad Funcional, Promoci\u00f3n de la Salud. (Excluyente).<\/p>\n\n\n\n<p>Solo podr\u00e1n presentarse a la postulaci\u00f3n para la selecci\u00f3n de antecedentes a cubrir el cargo profesionales externos y externas a la Instituci\u00f3n.<\/p>\n\n\n\n<p><br>Dentro del perfil, se valorar\u00e1:<\/p>\n\n\n\n<ul>\n<li>Formaci\u00f3n de posgrado relacionada a Promoci\u00f3n del Bienestar Institucional, G\u00e9nero, Disidencias, Juventudes, Derechos Humanos, Diversidad funcional.<br><br><\/li>\n\n\n\n<li>Antecedentes Laborales espec\u00edficos y vinculados a: Violencia de G\u00e9nero e Institucional, Resoluci\u00f3n o Abordaje de Conflictos y su Prevenci\u00f3n, Diversidad, Derechos Humanos, Justicia Restaurativa, Diversidad Funcional, Promoci\u00f3n de la Salud, Adicciones, en instituciones y comunidades con personas adultas.<br><br><\/li>\n\n\n\n<li>Conocimiento de la formaci\u00f3n t\u00e9cnica superior art\u00edstica en artes esc\u00e9nicas y de formaci\u00f3n docente en teatro.<\/li>\n<\/ul>\n\n\n\n<p><strong>Instancias<\/strong><\/p>\n\n\n\n<ol>\n<li>Presentaci\u00f3n de CV-Antecedentes y Propuesta de trabajo.<\/li>\n\n\n\n<li>Publicaci\u00f3n del listado de aspirantes y de la conformaci\u00f3n de la Comisi\u00f3n evaluadora. Per\u00edodo de recusaci\u00f3n.&nbsp;<\/li>\n\n\n\n<li>Publicaci\u00f3n y difusi\u00f3n de resultados de la primera instancia: la informaci\u00f3n ser\u00e1 enviada v\u00eda mail.<\/li>\n\n\n\n<li>Presentaci\u00f3n a coloquio.<\/li>\n\n\n\n<li>Publicaci\u00f3n y difusi\u00f3n del dictamen y orden de m\u00e9rito: a continuaci\u00f3n del coloquio y luego de confeccionadas las actas.<\/li>\n<\/ol>\n\n\n\n<p><em>La Comisi\u00f3n Evaluadora convocar\u00e1 a instancia de Coloquio a aquellas personas que cumplimenten los requisitos de inscripci\u00f3n mencionados y que hayan obtenido el puntaje m\u00ednimo necesario para la aprobaci\u00f3n de antecedentes y Propuesta de trabajo.<\/em><\/p>\n\n\n\n<p>Las fechas de coloquio dependen de las posibilidades horarias de la Comisi\u00f3n Evaluadora y de la cantidad de aspirantes.<\/p>\n\n\n\n<p>Quienes aspiren a la Selecci\u00f3n de antecedentes no deben estar comprendidos\/as en las cl\u00e1usulas de inhabilitaci\u00f3n para el desempe\u00f1o de cargos p\u00fablicos ni estar afectados\/as por sumarios administrativos o litigios legales dentro del Gobierno de la Ciudad de Buenos Aires.<\/p>\n\n\n\n<p>El GCBA no designa a docentes en situaci\u00f3n jubilatoria.<\/p>\n\n\n\n<p><strong>Plazo: del 13 de marzo de 2024 al 9 de abril de 2024.<\/strong><\/p>\n\n\n\n<p><strong>La fecha l\u00edmite para recepci\u00f3n de inscripciones es el martes 9 de abril a las 23.59 hs.<\/strong><strong>&nbsp;<\/strong><\/p>\n\n\n\n<p>La inscripci\u00f3n se realizar\u00e1 de forma digital por correo electr\u00f3nico a <a href=\"mailto:convocatorias.emad@gmail.com\"><u><strong>convocatorias.emad@gmail.com<\/strong><\/u><\/a>.<\/p>\n\n\n\n<p>Quienes aspiren a la Selecci\u00f3n de antecedentes deben enviar en total <strong>tres archivos <\/strong>en PDF, nombrados con sus datos tal como se explica a continuaci\u00f3n.<\/p>\n\n\n\n<p>La persona elegida en la Selecci\u00f3n deber\u00e1 presentar el CV y la carpeta completa de Comprobantes de antecedentes en papel para dar inicio al tr\u00e1mite de designaci\u00f3n.<\/p>\n\n\n\n<p><strong>Archivo 1 CV-ANTECEDENTES<\/strong>:<\/p>\n\n\n\n<p>Apellido CV \u2013 \u00c1rea.<\/p>\n\n\n\n<p><em>Ejemplo: P\u00e9rez CV \u2013 <\/em><em><strong>Equipo de Orientaci\u00f3n EMAD<\/strong><\/em><em>.pdf<\/em><\/p>\n\n\n\n<p>La presentaci\u00f3n del CV debe confeccionarse estrictamente seg\u00fan el siguiente modelo. <strong>No se considerar<\/strong><strong>\u00e1n aquellos CV que no lo respeten.<\/strong><\/p>\n\n\n\n<p><em><strong>Modelo de CV<\/strong><\/em><\/p>\n\n\n\n<p>Apellido, nombre.<\/p>\n\n\n\n<p>DNI. P\u00e1gina N\u00ba.<\/p>\n\n\n\n<p>Domicilio.<\/p>\n\n\n\n<p>C\u00f3digo postal.<\/p>\n\n\n\n<p>Tel\u00e9fono fijo.<\/p>\n\n\n\n<p>Tel\u00e9fono celular.<\/p>\n\n\n\n<p>Email.<\/p>\n\n\n\n<p>CUIL. P\u00e1gina N\u00ba.<\/p>\n\n\n\n<p><strong>1. T\u00edtulos obtenidos<\/strong><\/p>\n\n\n\n<p>1.1. T\u00edtulo de base (superior o universitario para el cargo que se postula). Instituci\u00f3n que lo otorga y a\u00f1o de egreso. P\u00e1gina N\u00ba.<\/p>\n\n\n\n<p>1.2. Otros t\u00edtulos. Instituci\u00f3n que lo otorga y a\u00f1o de egreso. En el caso de diplomaturas, especializaciones, maestr\u00edas, doctorados y otros posgrados con acreditaci\u00f3n oficial, se debe detallar obligatoriamente la carga horaria total. Importante: si no lo hiciera, no se computar\u00e1. P\u00e1gina N\u00ba.<\/p>\n\n\n\n<p>Nota: En el caso de t\u00edtulos intermedios u obtenidos a lo largo de una misma carrera, se valorar\u00e1 el obtenido en \u00faltimo t\u00e9rmino.<\/p>\n\n\n\n<p><strong>2. Antecedentes docentes<\/strong><\/p>\n\n\n\n<p>Especificar de la siguiente manera:<\/p>\n\n\n\n<figure class=\"wp-block-table\"><table><thead><tr><td>Nombre de la materia<\/td><td>Cargo<\/td><td>Instituci\u00f3n<\/td><td>Nivel (Superior, Media, Primaria o Inicial)<\/td><td>Fecha de inicio<\/td><td>Fecha de cese o si contin\u00faa en la actualidad<\/td><td>Antig\u00fcedad expresada en a\u00f1os<\/td><td>P\u00e1gina N\u00ba<\/td><\/tr><tr><td>&nbsp;<\/td><td>&nbsp;<\/td><td>&nbsp;<\/td><td>&nbsp;<\/td><td>&nbsp;<\/td><td>&nbsp;<\/td><td>&nbsp;<\/td><td>&nbsp;<\/td><\/tr><\/thead><\/table><\/figure>\n\n\n\n<p><strong>3. Otros antecedentes acad\u00e9micos y de especializaci\u00f3n <\/strong>para el cargo en el que se postula<\/p>\n\n\n\n<p>3.1. Dictado de cursos extracurriculares en instituciones terciarias no universitarias, universitarias u otras de nivel superior (considerar exclusivamente los relacionados con la especialidad, de duraci\u00f3n no inferior a 30 horas c\u00e1tedra totales). Se computar\u00e1n hasta un total de 20 cursos en este \u00edtem.<\/p>\n\n\n\n<figure class=\"wp-block-table\"><table><thead><tr><td>Nombre del curso \/ taller \/ seminario<\/td><td>Cargo<\/td><td>Instituci\u00f3n<\/td><td>Car\u00e1cter p\u00fablico o privado<\/td><td>Fecha de inicio<\/td><td>Fecha de cese o si contin\u00faa en la actualidad<\/td><td>P\u00e1gina N\u00ba<\/td><\/tr><tr><td>&nbsp;<\/td><td>&nbsp;<\/td><td>&nbsp;<\/td><td>&nbsp;<\/td><td>&nbsp;<\/td><td>&nbsp;<\/td><td>&nbsp;<\/td><\/tr><\/thead><\/table><\/figure>\n\n\n\n<p>3.2. Carrera en curso espec\u00edfica y\/o af\u00edn con el rol al que se presenta (se exige que tenga el 75% de la carrera cursada). P\u00e1gina N\u00ba.<\/p>\n\n\n\n<p>3.3. Otros cursos, seminarios, congresos y talleres en calidad de organizador, coordinador o disertante. Se computar\u00e1n hasta un total de 10 cursos en este \u00edtem. Detallar de la siguiente manera:<\/p>\n\n\n\n<figure class=\"wp-block-table\"><table><thead><tr><td>Nombre del curso \/ taller \/ seminario<\/td><td>Rol<\/td><td>Instituci\u00f3n<\/td><td>Lugar<\/td><td>A\u00f1o<\/td><td>P\u00e1gina N\u00ba<\/td><\/tr><tr><td>&nbsp;<\/td><td>&nbsp;<\/td><td>&nbsp;<\/td><td>&nbsp;<\/td><td>&nbsp;<\/td><td>&nbsp;<\/td><\/tr><\/thead><\/table><\/figure>\n\n\n\n<p>3.4. Otros cursos, seminarios, congresos y talleres en calidad de asistente. Se computar\u00e1n hasta un total de 10 cursos en este \u00edtem. Detallar de la siguiente manera:<\/p>\n\n\n\n<figure class=\"wp-block-table\"><table><thead><tr><td>Nombre del curso \/ taller \/ seminario<\/td><td>Rol<\/td><td>Instituci\u00f3n<\/td><td>Lugar<\/td><td>A\u00f1o<\/td><td>P\u00e1gina N\u00ba<\/td><\/tr><tr><td>&nbsp;<\/td><td>Asistente<\/td><td>&nbsp;<\/td><td>&nbsp;<\/td><td>&nbsp;<\/td><td>&nbsp;<\/td><\/tr><\/thead><\/table><\/figure>\n\n\n\n<p>3.5. Ponencias en congresos y jornadas. Se computar\u00e1n hasta un total de 10 ponencias en este \u00edtem. Detallar de la siguiente manera.<\/p>\n\n\n\n<figure class=\"wp-block-table\"><table><thead><tr><td>T\u00edtulo de la ponencia<\/td><td>Nombre de la actividad (congreso, jornada, encuentro, etc.)<\/td><td>Instituci\u00f3n<\/td><td>Lugar<\/td><td>A\u00f1o<\/td><td>P\u00e1gina N\u00ba<\/td><\/tr><tr><td>&nbsp;<\/td><td>&nbsp;<\/td><td>&nbsp;<\/td><td>&nbsp;<\/td><td>&nbsp;<\/td><td>&nbsp;<\/td><\/tr><\/thead><\/table><\/figure>\n\n\n\n<p>3.6. Publicaciones (material did\u00e1ctico, libros, art\u00edculos, cuadernillos, fichas). Se computar\u00e1n hasta un total de 10 publicaciones en este \u00edtem. Citar de la siguiente manera.<\/p>\n\n\n\n<p>Autor(es). <em>T\u00edtulo. <\/em>Lugar. A\u00f1o. ISBN\/ISSN. P\u00e1gina N\u00ba.<\/p>\n\n\n\n<p><strong>4. Antecedentes art\u00edsticos. <\/strong>Citar de la siguiente manera y ordenar por fecha en orden descendente. Cada obra o espect\u00e1culo deber\u00e1 citarse una sola vez y aclarar si particip\u00f3 en festivales o giras en la misma l\u00ednea. Se computar\u00e1n hasta un total de 45 antecedentes en este \u00edtem.<\/p>\n\n\n\n<figure class=\"wp-block-table\"><table><thead><tr><td>Obra \/ Espect\u00e1culo<\/td><td>Rol<\/td><td>Presentaciones (salas, festivales, giras)<\/td><td>A\u00f1o\/a\u00f1os<\/td><td>P\u00e1gina N\u00ba<\/td><\/tr><tr><td>&nbsp;<\/td><td>&nbsp;<\/td><td>&nbsp;<\/td><td>&nbsp;<\/td><td>&nbsp;<\/td><\/tr><\/thead><\/table><\/figure>\n\n\n\n<p><strong>5. Otros antecedentes <\/strong>vinculados con la instancia curricular. Se computar\u00e1n hasta un total de 10 antecedentes en este \u00edtem.<\/p>\n\n\n\n<p>5.1. Becas y premios. P\u00e1gina N\u00ba.<\/p>\n\n\n\n<p>5.2. Proyectos de Investigaci\u00f3n y Extensi\u00f3n (vinculados con la instancia curricular). P\u00e1gina N\u00ba.<\/p>\n\n\n\n<p>5.3. Cargos de gesti\u00f3n (relacionados con la instancia a la que se postula). P\u00e1gina N\u00ba.<\/p>\n\n\n\n<p>5.4. Otros antecedentes espec\u00edficos. P\u00e1gina N\u00ba.<\/p>\n\n\n\n<p>5.5. Otros antecedentes no espec\u00edficos. P\u00e1gina N\u00ba.<\/p>\n\n\n\n<p><strong>Archivo 2 COMPROBANTES DE ANTECEDENTES<\/strong>:<\/p>\n\n\n\n<p>Apellido Comprobantes \u2013 \u00c1rea.<\/p>\n\n\n\n<p><em>Ejemplo: P\u00e9rez Comprobantes \u2013<\/em><em><strong> Equipo de Orientaci\u00f3n EMAD<\/strong><\/em><em>.pdf<\/em><\/p>\n\n\n\n<p><strong>Se solicitan los comprobantes correspondientes a todos los \u00edtems que se mencionan en el CV <\/strong>(t\u00edtulos, antecedentes docentes, cursos dictados, cursos asistidos, antecedentes art\u00edsticos, etc.). Deben escanearse y presentarse en un \u00fanico archivo PDF cuya paginaci\u00f3n est\u00e9 indicada en el detalle de los \u00edtems se\u00f1alados en el CV.&nbsp;<\/p>\n\n\n\n<p><strong>Archivo 3 PROPUESTA DE TRABAJO<\/strong>:&nbsp;<\/p>\n\n\n\n<p>Apellido Propuesta de trabajo \u2013 \u00c1rea.&nbsp;<\/p>\n\n\n\n<p><em>Ejemplo: P\u00e9rez Propuesta de trabajo &#8211; <\/em><em><strong>Equipo de Orientaci\u00f3n EMAD<\/strong><\/em><em>.pdf<\/em><\/p>\n\n\n\n<p>Quien aspire a la Selecci\u00f3n de antecedentes presentar\u00e1 su Propuesta de trabajo encabezada seg\u00fan el siguiente modelo.<\/p>\n\n\n\n<p><em><strong>Modelo de Propuesta de trabajo<\/strong><\/em><\/p>\n\n\n\n<p><strong>GOBIERNO DE LA CIUDAD DE BUENOS AIRES<\/strong><\/p>\n\n\n\n<p><strong>DIRECCI\u00d3N GENERAL DE ENSE\u00d1ANZA ART\u00cdSTICA<\/strong><\/p>\n\n\n\n<p><strong>ESCUELA METROPOLITANA DE ARTE DRAM\u00c1TICO<\/strong><\/p>\n\n\n\n<p><strong>EQUIPO DE ORIENTACI\u00d3N EMAD<\/strong><\/p>\n\n\n\n<p><strong>DOCENTE QUE SE POSTULA<\/strong><\/p>\n\n\n\n<p><strong>A\u00d1O<\/strong><\/p>\n\n\n\n<p>Propuesta de trabajo.<\/p>\n\n\n\n<p>En este llamado se solicita una Propuesta de trabajo con una extensi\u00f3n m\u00e1xima de 5 (cinco) p\u00e1ginas, hoja A4, fuente Arial 12, interlineado 1,5.<\/p>\n","protected":false},"excerpt":{"rendered":"<p>CONVOCATORIA: Equipo de Orientaci\u00f3n EMAD para la prevenci\u00f3n de la violencia de g\u00e9nero e institucional y promoci\u00f3n del bienestar de la comunidad educativa. 1 (un) cargo de 25 hs c\u00e1tedra. Designaci\u00f3n a t\u00e9rmino hasta cumplir con lo establecido para el desempe\u00f1o 2024 (hasta el 28 de febrero de 2025). Disponibilidad: Sujeta al dictado y requerimientos &#8230; <a title=\"Equipo de Orientaci\u00f3n EMAD para la prevenci\u00f3n de la violencia de g\u00e9nero e institucional y promoci\u00f3n del bienestar de la comunidad educativa\" class=\"read-more\" href=\"https:\/\/emad-caba.infd.edu.ar\/sitio\/equipo-de-orientacion-emad-para-la-prevencion-de-la-violencia-de-genero-e-institucional-y-promocion-del-bienestar-de-la-comunidad-educativa\/\" aria-label=\"More on Equipo de Orientaci\u00f3n EMAD para la prevenci\u00f3n de la violencia de g\u00e9nero e institucional y promoci\u00f3n del bienestar de la comunidad educativa\">[+]<\/a><\/p>\n","protected":false},"author":195,"featured_media":0,"parent":0,"menu_order":0,"comment_status":"closed","ping_status":"closed","template":"","meta":[],"acf":[],"_links":{"self":[{"href":"https:\/\/emad-caba.infd.edu.ar\/sitio\/wp-json\/wp\/v2\/pages\/5186"}],"collection":[{"href":"https:\/\/emad-caba.infd.edu.ar\/sitio\/wp-json\/wp\/v2\/pages"}],"about":[{"href":"https:\/\/emad-caba.infd.edu.ar\/sitio\/wp-json\/wp\/v2\/types\/page"}],"author":[{"embeddable":true,"href":"https:\/\/emad-caba.infd.edu.ar\/sitio\/wp-json\/wp\/v2\/users\/195"}],"replies":[{"embeddable":true,"href":"https:\/\/emad-caba.infd.edu.ar\/sitio\/wp-json\/wp\/v2\/comments?post=5186"}],"version-history":[{"count":3,"href":"https:\/\/emad-caba.infd.edu.ar\/sitio\/wp-json\/wp\/v2\/pages\/5186\/revisions"}],"predecessor-version":[{"id":5203,"href":"https:\/\/emad-caba.infd.edu.ar\/sitio\/wp-json\/wp\/v2\/pages\/5186\/revisions\/5203"}],"wp:attachment":[{"href":"https:\/\/emad-caba.infd.edu.ar\/sitio\/wp-json\/wp\/v2\/media?parent=5186"}],"curies":[{"name":"wp","href":"https:\/\/api.w.org\/{rel}","templated":true}]}}