{"id":4721,"date":"2023-03-23T18:40:25","date_gmt":"2023-03-23T21:40:25","guid":{"rendered":"https:\/\/emad-caba.infd.edu.ar\/sitio\/?page_id=4721"},"modified":"2023-03-23T18:40:26","modified_gmt":"2023-03-23T21:40:26","slug":"historia-de-las-artes-visuales-tecnicatura-superior-en-puesta-en-escena","status":"publish","type":"page","link":"https:\/\/emad-caba.infd.edu.ar\/sitio\/historia-de-las-artes-visuales-tecnicatura-superior-en-puesta-en-escena\/","title":{"rendered":"Historia de las Artes Visuales &#8211; TECNICATURA SUPERIOR EN PUESTA EN ESCENA"},"content":{"rendered":"\n<p><strong>Convocatoria: Selecci\u00f3n de antecedentes \u2013 Profesor\/a \u2013 HISTORIA DE LAS ARTES VISUALES&nbsp;<\/strong>\u2013 Tecnicatura Superior en Puesta en Escena.<\/p>\n\n\n\n<p>La Rector\u00eda y el Consejo Directivo de la EMAD convocan a inscripci\u00f3n para la Selecci\u00f3n de Antecedentes con el fin de establecer un orden de m\u00e9rito vigente por 3 (tres) a\u00f1os para cubrir cargo docente suplentes e interinos de&nbsp;<strong>PROFESOR\/A<\/strong>&nbsp;para la asignatura HISTORIA DE LAS ARTES VISUALES en la Tecnicatura Superior en Puesta en Escena.&nbsp;<\/p>\n\n\n\n<p><strong>Asignatura: Historia de las artes visuales<\/strong><\/p>\n\n\n\n<p>2 hs c\u00e1tedra \u2013 Profesor\/a \u2013 Anual.<\/p>\n\n\n\n<p>D\u00eda y horario de la asignatura: lunes de 10:30 hs a 11:50 hs.<\/p>\n\n\n\n<p>Sede Jufr\u00e9 141<\/p>\n\n\n\n<p><strong>Perfil docente en el contexto institucional<\/strong><\/p>\n\n\n\n<p>Se requiere que el\/la aspirante se centre en la ense\u00f1anza de la HISTORIA DE LAS ARTES VISUALES, orientada a la formaci\u00f3n en Puesta en Escena, y que su propuesta pedag\u00f3gica se corresponda con los contenidos m\u00ednimos pautados. Que posea una probada experiencia en lo profesional, en su relaci\u00f3n con instituciones educativas y amplios antecedentes en el trabajo pedag\u00f3gico con grupos de estudiantes. Se pondr\u00e1 una especial consideraci\u00f3n hacia su compromiso con la educaci\u00f3n p\u00fablica, siendo necesario que pueda desempe\u00f1ar una firme voluntad de trabajo en equipo y articulaci\u00f3n con el resto de las materias de las carreras, seg\u00fan la identidad de la EMAD que la distingue de otras escuelas de formaci\u00f3n.<\/p>\n\n\n\n<p>Asimismo, que tenga conocimiento de las siguientes leyes:<\/p>\n\n\n\n<p>a) Ley 26.150 Programa Nacional de Educaci\u00f3n Sexual Integral (ESI).<\/p>\n\n\n\n<p>b) Ley 26.485 de Protecci\u00f3n Integral a las Mujeres.<\/p>\n\n\n\n<p>c) Ley 1.225 que tiene por objeto prevenir, sancionar y erradicar la violencia en el \u00e1mbito laboral del sector p\u00fablico de la Ciudad Aut\u00f3noma de Buenos Aires.<\/p>\n\n\n\n<p>d) El protocolo de acci\u00f3n institucional para los institutos pertenecientes a la DGEART del Ministerio de Cultura del GCBA para la prevenci\u00f3n e intervenci\u00f3n ante situaciones de violencia de g\u00e9nero y discriminaci\u00f3n basada en la orientaci\u00f3n sexual e identidad de g\u00e9nero.<\/p>\n\n\n\n<p>Esta documentaci\u00f3n se encuentra en la p\u00e1gina de la EMAD.<\/p>\n\n\n\n<p><strong>Instancias<\/strong><\/p>\n\n\n\n<ol type=\"1\">\n<li>Presentaci\u00f3n de CV, Carpeta de Comprobantes de Antecedentes y Proyecto Pedag\u00f3gico.<\/li>\n\n\n\n<li>Publicaci\u00f3n y difusi\u00f3n de resultados de la primera instancia: la informaci\u00f3n ser\u00e1 enviada v\u00eda mail.<\/li>\n\n\n\n<li>Presentaci\u00f3n a coloquio\/clase de oposici\u00f3n.<\/li>\n\n\n\n<li>Publicaci\u00f3n y difusi\u00f3n del dictamen y orden de m\u00e9rito: a continuaci\u00f3n del coloquio y luego de confeccionadas las actas.<\/li>\n<\/ol>\n\n\n\n<p><em>La Comisi\u00f3n Evaluadora convocar\u00e1 a instancia de Coloquio\/Clase a aquellas personas que cumplimenten los requisitos de inscripci\u00f3n mencionados y que hayan obtenido el puntaje m\u00ednimo necesario para la aprobaci\u00f3n de antecedentes y proyecto pedag\u00f3gico.<\/em><\/p>\n\n\n\n<p>Las fechas de coloquio dependen de las posibilidades horarias de la Comisi\u00f3n Evaluadora y de la cantidad de aspirantes.<\/p>\n\n\n\n<p>Los\/as aspirantes a Selecci\u00f3n de antecedentes docentes no deben estar comprendidos\/as en las cl\u00e1usulas de inhabilitaci\u00f3n para el desempe\u00f1o de cargos p\u00fablicos ni estar afectados\/as por sumarios administrativos o litigios legales dentro del Gobierno de la Ciudad de Buenos Aires.<\/p>\n\n\n\n<p>El GCBA no designa a docentes en situaci\u00f3n jubilatoria (57 a\u00f1os mujeres, 60 a\u00f1os varones).<\/p>\n\n\n\n<p><strong>Plazo: del 27 de marzo 2023 al 20 de abril de 2023.<\/strong><\/p>\n\n\n\n<p><strong>La fecha l\u00edmite para recepci\u00f3n de inscripciones es el 20 de abril a las 23:59 hs.&nbsp;<\/strong><\/p>\n\n\n\n<p>La inscripci\u00f3n se realizar\u00e1 de forma digital por correo electr\u00f3nico a&nbsp;<a href=\"mailto:convocatorias.emad@gmail.com\"><strong>convocatorias.emad@gmail.com<\/strong><\/a>.<\/p>\n\n\n\n<p>El\/la aspirante debe enviar en total tres archivos en PDF, nombrados con sus datos tal como se explica a continuaci\u00f3n.<\/p>\n\n\n\n<p>El\/la profesor\/a que resulte seleccionado\/a deber\u00e1 presentar el CV y la carpeta completa de Comprobantes de antecedentes en papel para dar inicio al tr\u00e1mite de designaci\u00f3n.<\/p>\n\n\n\n<p><strong>Archivo 1 CV-ANTECEDENTES<\/strong>:<\/p>\n\n\n\n<p>Apellido CV \u2013 Materia.<\/p>\n\n\n\n<p><em>Ejemplo: P\u00e9rez CV \u2013 Historia de las artes visuales.pdf<\/em><\/p>\n\n\n\n<p>La presentaci\u00f3n del CV debe respetar el siguiente modelo.<\/p>\n\n\n\n<p><strong><em>Modelo de CV<\/em><\/strong><\/p>\n\n\n\n<p>Apellido, nombre.<\/p>\n\n\n\n<p>DNI. P\u00e1gina N\u00ba.<\/p>\n\n\n\n<p>Domicilio.<\/p>\n\n\n\n<p>C\u00f3digo postal.<\/p>\n\n\n\n<p>Tel\u00e9fono fijo.<\/p>\n\n\n\n<p>Tel\u00e9fono celular.<\/p>\n\n\n\n<p>Email.<\/p>\n\n\n\n<p>CUIL. P\u00e1gina N\u00ba.<\/p>\n\n\n\n<p><strong>1. T\u00edtulos obtenidos<\/strong><\/p>\n\n\n\n<p>1.1. T\u00edtulo de base (superior o universitario para el cargo que se postula). Instituci\u00f3n que lo otorga y a\u00f1o de egreso. P\u00e1gina N\u00ba.<\/p>\n\n\n\n<p>1.2. Otros t\u00edtulos. Instituci\u00f3n que lo otorga y a\u00f1o de egreso. En el caso de diplomaturas, especializaciones, maestr\u00edas, doctorados y otros posgrados con acreditaci\u00f3n oficial, se debe detallar obligatoriamente la carga horaria total (si no lo hiciera, no se computar\u00e1). P\u00e1gina N\u00ba.<\/p>\n\n\n\n<p>Notas: En caso de t\u00edtulos intermedios u obtenidos a lo largo de una misma carrera, se valorar\u00e1 el obtenido en \u00faltimo t\u00e9rmino.<\/p>\n\n\n\n<p>1.3. Especial preparaci\u00f3n a considerar por la Comisi\u00f3n Evaluadora. P\u00e1gina N\u00ba. En caso de no contar con t\u00edtulo, presentar una nota para solicitar que se otorgue la Especial preparaci\u00f3n. Se aclara que si es otorgada, los antecedentes relevantes en formaci\u00f3n no volver\u00e1n a contabilizarse en el \u00edtem 3. El modelo puede consultarse aqu\u00ed:&nbsp;<a rel=\"noreferrer noopener\" href=\"https:\/\/emad-caba.infd.edu.ar\/sitio\/modelo-carta-solicitud-especial-preparacion\/\" target=\"_blank\">https:\/\/emad-caba.infd.edu.ar\/sitio\/modelo-carta-solicitud-especial-preparacion\/<\/a><\/p>\n\n\n\n<p><strong>2. Antecedentes docentes<\/strong><\/p>\n\n\n\n<p>Especificar de la siguiente manera:<\/p>\n\n\n\n<figure class=\"wp-block-table\"><table><tbody><tr><td>Nombre de la materia<\/td><td>Cargo<\/td><td>Instituci\u00f3n<\/td><td>Nivel (Superior, Media, Primaria o Inicial)<\/td><td>Fecha de inicio<\/td><td>Fecha de cese o si contin\u00faa en la actualidad<\/td><td>Antig\u00fcedad expresada en a\u00f1os<\/td><td>P\u00e1gina N\u00ba<\/td><\/tr><tr><td><\/td><td><\/td><td><\/td><td><\/td><td><\/td><td><\/td><td><\/td><td><\/td><\/tr><\/tbody><\/table><\/figure>\n\n\n\n<p><strong>3. Otros antecedentes acad\u00e9micos y de especializaci\u00f3n&nbsp;<\/strong>para el cargo en el que se postula<\/p>\n\n\n\n<p>3.1. Dictado de cursos extracurriculares en instituciones terciarias no universitarias, universitarias u otras de nivel superior (considerar exclusivamente los relacionados con la especialidad, de duraci\u00f3n no inferior a 30 horas c\u00e1tedra totales). Se computar\u00e1n hasta un total de 20 cursos en este \u00edtem.<\/p>\n\n\n\n<figure class=\"wp-block-table\"><table><tbody><tr><td>Nombre del curso \/ taller \/ seminario<\/td><td>Cargo<\/td><td>Instituci\u00f3n<\/td><td>Car\u00e1cter p\u00fablico o privado<\/td><td>Fecha de inicio<\/td><td>Fecha de cese o si contin\u00faa en la actualidad<\/td><td>P\u00e1gina N\u00ba<\/td><\/tr><tr><td><\/td><td><\/td><td><\/td><td><\/td><td><\/td><td><\/td><td><\/td><\/tr><\/tbody><\/table><\/figure>\n\n\n\n<p>3.2. Carrera en curso espec\u00edfica y\/o af\u00edn con la materia que se presenta (se exige que tenga el 75% de la carrera cursada). P\u00e1gina N\u00ba.<\/p>\n\n\n\n<p>3.3. Otros cursos, seminarios, congresos y talleres en calidad de organizador, coordinador o disertante. Se computar\u00e1n hasta un total de 10 cursos en este \u00edtem. Detallar de la siguiente manera:<\/p>\n\n\n\n<figure class=\"wp-block-table\"><table><thead><tr><td>Nombre del curso \/ taller \/ seminario<strong><\/strong><\/td><td>Rol<strong><\/strong><\/td><td>Instituci\u00f3n<strong><\/strong><\/td><td>Lugar<strong><\/strong><\/td><td>A\u00f1o<strong><\/strong><\/td><td>P\u00e1gina N\u00ba<strong><\/strong><\/td><\/tr><tr><td><\/td><td><\/td><td><\/td><td><\/td><td><\/td><td><\/td><\/tr><\/thead><\/table><\/figure>\n\n\n\n<p>3.4. Otros cursos, seminarios, congresos y talleres en calidad de asistente. Se computar\u00e1n hasta un total de 10 cursos en este \u00edtem. Detallar de la siguiente manera:<\/p>\n\n\n\n<figure class=\"wp-block-table\"><table><thead><tr><td>Nombre del curso \/ taller \/ seminario<strong><\/strong><\/td><td>Rol<strong><\/strong><\/td><td>Instituci\u00f3n<strong><\/strong><\/td><td>Lugar<strong><\/strong><\/td><td>A\u00f1o<strong><\/strong><\/td><td>P\u00e1gina N\u00ba<strong><\/strong><\/td><\/tr><tr><td><\/td><td>Asistente<strong><\/strong><\/td><td><\/td><td><\/td><td><\/td><td><\/td><\/tr><\/thead><\/table><\/figure>\n\n\n\n<p>3.5. Ponencias en congresos y jornadas. Se computar\u00e1n hasta un total de 10 ponencias en este \u00edtem. Detallar de la siguiente manera.<\/p>\n\n\n\n<figure class=\"wp-block-table\"><table><thead><tr><td>T\u00edtulo de la ponencia<strong><\/strong><\/td><td>Nombre de la actividad (congreso, jornada, encuentro, etc.)<strong><\/strong><\/td><td>Instituci\u00f3n<strong><\/strong><\/td><td>Lugar<strong><\/strong><\/td><td>A\u00f1o<strong><\/strong><\/td><td>P\u00e1gina N\u00ba<strong><\/strong><\/td><\/tr><tr><td><\/td><td><\/td><td><\/td><td><\/td><td><\/td><td><\/td><\/tr><\/thead><\/table><\/figure>\n\n\n\n<p>3.6. Publicaciones (material did\u00e1ctico, libros, art\u00edculos, cuadernillos, fichas). Se computar\u00e1n hasta un total de 10 publicaciones en este \u00edtem. Citar de la siguiente manera.<\/p>\n\n\n\n<p><em>Autor(es). T\u00edtulo. Lugar. A\u00f1o. ISBN\/ISSN. P\u00e1gina N\u00ba.<\/em><\/p>\n\n\n\n<p><strong>4. Antecedentes art\u00edsticos.&nbsp;<\/strong>Citar de la siguiente manera y ordenar por fecha en orden descendente. Cada obra o espect\u00e1culo deber\u00e1 citarse una sola vez y aclarar si particip\u00f3 en festivales o giras en la misma l\u00ednea. Se computar\u00e1n hasta un total de 45 antecedentes en este \u00edtem.<\/p>\n\n\n\n<figure class=\"wp-block-table\"><table><thead><tr><td>Obra \/ Espect\u00e1culo<strong><\/strong><\/td><td>Rol<strong><\/strong><\/td><td>Presentaciones (salas, festivales, giras)<strong><\/strong><\/td><td>A\u00f1o\/a\u00f1os<strong><\/strong><\/td><td>P\u00e1gina N\u00ba<strong><\/strong><\/td><\/tr><tr><td><\/td><td><\/td><td><\/td><td><\/td><td><\/td><\/tr><\/thead><\/table><\/figure>\n\n\n\n<p><strong>5. Otros antecedentes&nbsp;<\/strong>vinculados con la instancia curricular. Se computar\u00e1n hasta un total de 10 antecedentes en este \u00edtem.<\/p>\n\n\n\n<p>5.1. Becas y premios. P\u00e1gina N\u00ba.<\/p>\n\n\n\n<p>5.2. Proyectos de Investigaci\u00f3n y Extensi\u00f3n (vinculados con la instancia curricular). P\u00e1gina N\u00ba.<\/p>\n\n\n\n<p>5.3. Cargos de gesti\u00f3n (relacionados con la instancia a la que se postula). P\u00e1gina N\u00ba.<\/p>\n\n\n\n<p>5.4. Otros antecedentes espec\u00edficos. P\u00e1gina N\u00ba.<\/p>\n\n\n\n<p>5.5. Otros antecedentes no espec\u00edficos. P\u00e1gina N\u00ba.<\/p>\n\n\n\n<p><strong>Archivo 2 COMPROBANTES DE ANTECEDENTES<\/strong>:<\/p>\n\n\n\n<p>Apellido Comprobantes \u2013 Materia.<\/p>\n\n\n\n<p><em>Ejemplo: P\u00e9rez Comprobantes \u2013 Teor\u00edas Est\u00e9ticas.pdf<\/em><\/p>\n\n\n\n<p><strong><u>Se solicitan los comprobantes correspondientes a todos los \u00edtems que se mencionan en el CV&nbsp;<\/u><\/strong>(t\u00edtulos, antecedentes docentes, cursos dictados, cursos asistidos, antecedentes art\u00edsticos, etc.). Deben escanearse y presentarse en un \u00fanico archivo PDF cuya paginaci\u00f3n est\u00e9 indicada en el detalle de los \u00edtems se\u00f1alados en el CV.&nbsp;<\/p>\n\n\n\n<p><strong>Archivo 3 PROYECTO PEDAG\u00d3GICO<\/strong>:<\/p>\n\n\n\n<p>Apellido Proyecto Pedag\u00f3gico \u2013 Materia.<\/p>\n\n\n\n<p><em>Ejemplo: P\u00e9rez Proyecto Pedag\u00f3gico \u2013 Historia de las artes visuales.pdf<\/em><\/p>\n\n\n\n<p>El\/la aspirante presentar\u00e1 su Proyecto Pedag\u00f3gico seg\u00fan el siguiente modelo. Deben constar las principales l\u00edneas de trabajo para la organizaci\u00f3n de la asignatura, fundamentando el enfoque adoptado, contenidos, propuesta metodol\u00f3gica, criterios de evaluaci\u00f3n y bibliograf\u00eda. En este llamado se solicita un Proyecto pedag\u00f3gico con una extensi\u00f3n m\u00e1xima de 4 (cuatro) p\u00e1ginas.&nbsp;<\/p>\n\n\n\n<p><strong><em>Modelo de Propuesta pedag\u00f3gica<\/em><\/strong><\/p>\n\n\n\n<p><strong>GOBIERNO DE LA CIUDAD DE BUENOS AIRES<\/strong><\/p>\n\n\n\n<p><strong>DIRECCI\u00d3N GENERAL DE ENSE\u00d1ANZA ART\u00cdSTICA<\/strong><\/p>\n\n\n\n<p><strong>ESCUELA METROPOLITANA DE ARTE DRAM\u00c1TICO<\/strong><\/p>\n\n\n\n<p><strong>NOMBRE DE LA ASIGNATURA\/SEMINARIO\/TALLER<\/strong><\/p>\n\n\n\n<p><strong>DOCENTE QUE SE POSTULA<\/strong><\/p>\n\n\n\n<p><strong>A\u00d1O<\/strong><\/p>\n\n\n\n<p>I- FUNDAMENTACI\u00d3N Y PROPUESTA PEDAG\u00d3GICA<\/p>\n\n\n\n<p>Explicitaci\u00f3n de los fundamentos epistemol\u00f3gicos, est\u00e9ticos y pedag\u00f3gicos del programa propuesto por el\/la docente.<\/p>\n\n\n\n<p>II- OBJETIVOS GENERALES<\/p>\n\n\n\n<p>Los objetivos deben concebirse y redactarse en t\u00e9rminos de las competencias generales que el\/la docente espera que los\/las estudiantes adquieran como resultado de la cursada de la asignatura\/seminario\/taller.<\/p>\n\n\n\n<p>III- UNIDADES TEM\u00c1TICAS<\/p>\n\n\n\n<p>Contenidos discriminados en unidades tem\u00e1ticas.<\/p>\n\n\n\n<p>A) OBJETIVOS ESPEC\u00cdFICOS<\/p>\n\n\n\n<p>Los objetivos espec\u00edficos deben concebirse y redactarse en t\u00e9rminos de las competencias espec\u00edficas que el\/la docente espera que los\/las estudiantes adquieran como resultado de la cursada de la asignatura, vinculadas directamente con las Unidades Tem\u00e1ticas.<\/p>\n\n\n\n<p>IV- FRECUENCIA DE LAS CLASES<\/p>\n\n\n\n<p>Cantidad de clases y de horas c\u00e1tedras semanales que insumir\u00e1 la cursada.<\/p>\n\n\n\n<p>V- PROPUESTA METODOL\u00d3GICA<\/p>\n\n\n\n<p>Describir de manera general las actividades pedag\u00f3gicas que el\/la docente a los\/las estudiantes y los modos de estructurar las clases.<\/p>\n\n\n\n<p>VI- R\u00c9GIMEN DE EVALUACI\u00d3N Y PROMOCI\u00d3N<\/p>\n\n\n\n<p>Explicitar los diferentes mecanismos de aprobaci\u00f3n de la asignatura (monograf\u00edas, ex\u00e1menes parciales escritos y\/u orales, clases espec\u00edficas, muestras en clase, muestras abiertas, etc.).<\/p>\n\n\n\n<p>VII- BIBLIOGRAF\u00cdA<\/p>\n\n\n\n<p>Discriminada en general y obligatoria. El modelo para la cita de bibliograf\u00eda debe atenerse al formato:<\/p>\n\n\n\n<p>Apellido, nombre del autor (a\u00f1o de edici\u00f3n).&nbsp;<em>T\u00edtulo<\/em>. Editorial.<\/p>\n\n\n\n<p>VIII- RECURSOS MATERIALES Y T\u00c9CNICOS NECESARIOS<\/p>\n\n\n\n<p>Explicitar los recursos materiales y tecnol\u00f3gicos que requerir\u00e1 la cursada: tipo de aula, pizarr\u00f3n y tiza o marcador, colchonetas, televisor, video, reproductor de m\u00fasica, pelotas, ca\u00f1as, pelotitas, soga, espadas, floretes, palos, etc.<\/p>\n\n\n\n<p><strong>Toda la propuesta deber\u00e1 estar basada en los contenidos m\u00ednimos de la materia que se informa a continuaci\u00f3n.<\/strong><\/p>\n\n\n\n<p><strong>Contenidos m\u00ednimos para la elaboraci\u00f3n del Proyecto Pedag\u00f3gico de acuerdo a la materia.<\/strong><\/p>\n\n\n\n<figure class=\"wp-block-image\"><img decoding=\"async\" loading=\"lazy\" width=\"643\" height=\"189\" src=\"https:\/\/emad-caba.infd.edu.ar\/sitio\/wp-content\/uploads\/2023\/03\/Historia-de-las-artes-visuales.jpg\" alt=\"\" class=\"wp-image-4715\"\/><\/figure>\n\n\n\n<p><strong>El plan de estudios completo puede consultarse en la p\u00e1gina de la EMAD.<\/strong><\/p>\n\n\n\n<p>Las solicitudes se recibir\u00e1n hasta las 23.59 h. del d\u00eda de cierre de la convocatoria. Los CV y Proyectos pedag\u00f3gicos que no respondan a los modelos indicados ni que est\u00e9n correctamente paginados no ser\u00e1n tenidos en cuenta.&nbsp;<strong><u>Solo se computar\u00e1n los elementos citados en el CV que est\u00e9n respaldados con comprobantes.<\/u><\/strong><\/p>\n\n\n\n<p>De acuerdo con la situaci\u00f3n sanitaria, la sustanciaci\u00f3n de la Selecci\u00f3n de antecedentes podr\u00e1 realizarse de manera virtual.<\/p>\n\n\n\n<p>En caso de realizarse una clase de oposici\u00f3n corresponde a cada aspirante convocar a estudiantes que colaboren en su desarrollo, si es que son requeridos.<\/p>\n\n\n\n<p>La Comisi\u00f3n Evaluadora est\u00e1 constituida por 3 (tres) docentes:<\/p>\n\n\n\n<ol type=\"1\">\n<li>Coordinador\/a de la Carrera:&nbsp;<strong>&nbsp;Julio Molina<\/strong><\/li>\n\n\n\n<li>Docente del \u00c1rea:&nbsp;<strong>&nbsp;Galo Ontivero<\/strong><\/li>\n\n\n\n<li>Docente externa:&nbsp;<strong>&nbsp;Antonella Sturla<\/strong><\/li>\n<\/ol>\n\n\n\n<p>Se prev\u00e9 la participaci\u00f3n de veedores\/as que tendr\u00e1n a su cargo la certificaci\u00f3n de la transparencia de la instancia del Coloquio:&nbsp;<\/p>\n\n\n\n<p>\u2013 2 (dos) docentes veedores\/as elegidos\/as\/es por el \u00c1rea;<\/p>\n\n\n\n<p>\u2013 2 (dos) graduados\/as\/es veedores\/as elegidos\/as\/es por el claustro de graduades y\/o estudiantil;<\/p>\n\n\n\n<p>\u2013 2 (dos) estudiantes veedores\/as elegidos\/as por el claustro estudiantil.<\/p>\n\n\n\n<p>Se requiere que los\/as\/es veedores\/as docentes y graduades participen en la totalidad de clases de oposici\u00f3n y coloquios que se establezcan.<\/p>\n\n\n\n<p>Los\/as\/es veedores podr\u00e1n se\u00f1alar o expresar a la Comisi\u00f3n Evaluadora dudas o inquietudes sobre alg\u00fan aspecto del mecanismo fuera de la presencia de los\/as\/es postulantes.<\/p>\n\n\n\n<p>En el caso de los\/as\/es veedores\/as estudiantiles se admite su rotaci\u00f3n, teniendo en cuenta que no puede haber veedores\/as estudiantiles pertenecientes a la asignatura que se selecciona.<\/p>\n\n\n\n<p>En la sesi\u00f3n del Consejo Directivo durante la cual se discuta y apruebe la convocatoria a Selecci\u00f3n de antecedentes, se solicitar\u00e1 a los\/as consejeros\/as estudiantiles y graduados\/as que demanden a sus respectivos claustros la presentaci\u00f3n de la n\u00f3mina de veedores.<\/p>\n","protected":false},"excerpt":{"rendered":"<p>Convocatoria: Selecci\u00f3n de antecedentes \u2013 Profesor\/a \u2013 HISTORIA DE LAS ARTES VISUALES&nbsp;\u2013 Tecnicatura Superior en Puesta en Escena. La Rector\u00eda y el Consejo Directivo de la EMAD convocan a inscripci\u00f3n para la Selecci\u00f3n de Antecedentes con el fin de establecer un orden de m\u00e9rito vigente por 3 (tres) a\u00f1os para cubrir cargo docente suplentes e &#8230; <a title=\"Historia de las Artes Visuales &#8211; TECNICATURA SUPERIOR EN PUESTA EN ESCENA\" class=\"read-more\" href=\"https:\/\/emad-caba.infd.edu.ar\/sitio\/historia-de-las-artes-visuales-tecnicatura-superior-en-puesta-en-escena\/\" aria-label=\"More on Historia de las Artes Visuales &#8211; TECNICATURA SUPERIOR EN PUESTA EN ESCENA\">[+]<\/a><\/p>\n","protected":false},"author":195,"featured_media":0,"parent":0,"menu_order":0,"comment_status":"closed","ping_status":"closed","template":"","meta":[],"acf":[],"_links":{"self":[{"href":"https:\/\/emad-caba.infd.edu.ar\/sitio\/wp-json\/wp\/v2\/pages\/4721"}],"collection":[{"href":"https:\/\/emad-caba.infd.edu.ar\/sitio\/wp-json\/wp\/v2\/pages"}],"about":[{"href":"https:\/\/emad-caba.infd.edu.ar\/sitio\/wp-json\/wp\/v2\/types\/page"}],"author":[{"embeddable":true,"href":"https:\/\/emad-caba.infd.edu.ar\/sitio\/wp-json\/wp\/v2\/users\/195"}],"replies":[{"embeddable":true,"href":"https:\/\/emad-caba.infd.edu.ar\/sitio\/wp-json\/wp\/v2\/comments?post=4721"}],"version-history":[{"count":1,"href":"https:\/\/emad-caba.infd.edu.ar\/sitio\/wp-json\/wp\/v2\/pages\/4721\/revisions"}],"predecessor-version":[{"id":4722,"href":"https:\/\/emad-caba.infd.edu.ar\/sitio\/wp-json\/wp\/v2\/pages\/4721\/revisions\/4722"}],"wp:attachment":[{"href":"https:\/\/emad-caba.infd.edu.ar\/sitio\/wp-json\/wp\/v2\/media?parent=4721"}],"curies":[{"name":"wp","href":"https:\/\/api.w.org\/{rel}","templated":true}]}}