{"id":4635,"date":"2023-02-16T18:04:35","date_gmt":"2023-02-16T21:04:35","guid":{"rendered":"https:\/\/emad-caba.infd.edu.ar\/sitio\/?page_id=4635"},"modified":"2023-02-16T18:06:58","modified_gmt":"2023-02-16T21:06:58","slug":"textos-para-instancia-final-ingreso-2023","status":"publish","type":"page","link":"https:\/\/emad-caba.infd.edu.ar\/sitio\/textos-para-instancia-final-ingreso-2023\/","title":{"rendered":"TEXTOS PARA INSTANCIA FINAL &#8211; FORMACI\u00d3N DEL ACTOR-ACTRIZ INGRESO 2023"},"content":{"rendered":"\n<p><strong>EMAD \/ ESCUELA METROPOLITANA DE ARTE DRAM\u00c1TICO CARRERA DE FORMACI\u00d3N DEL ACTOR \/ ACTRIZ. INGRESO 2023.<\/strong><\/p>\n\n\n\n<p><strong>TEXTOS PARA INSTANCIA FINAL.<\/strong><\/p>\n\n\n\n<p><strong>1) El aspirante elegir\u00e1 un texto y presentar\u00e1 un trabajo esc\u00e9nico unipersonal de no m\u00e1s de 4 minutos, que incluya el texto dado. La mesa de examen estar\u00e1 habilitada para interrumpir el ejercicio y\/o solicitar otra ejercitaci\u00f3n que considere necesaria para una mejor evaluaci\u00f3n.<\/strong><\/p>\n\n\n\n<p><strong>2) Dicho trabajo es totalmente libre en su construcci\u00f3n y dise\u00f1o (pueden utilizarse elementos de escenograf\u00eda, m\u00fasica, vestuario, luces, etc).<\/strong><\/p>\n\n\n\n<p><strong>Textos a elegir:<\/strong><\/p>\n\n\n\n<p><strong>El d\u00eda que ella dijo que hab\u00eda matado al perro agarr\u00e9 el auto.<\/strong><\/p>\n\n\n\n<p><em>Giuliana Kiersz.<\/em><\/p>\n\n\n\n<p>El d\u00eda que ella dijo que hab\u00eda matado al perro agarr\u00e9 el auto. Agarr\u00e9 el auto la ruta el volante la ruta el volante. Me fui de la ciudad. Compr\u00e9 un perro en la feria de domingo de alg\u00fan lugar fuera de la ciudad. Negro, petiso y feo. Estoy en una plaza. Hay mucho sol. Ella, a 123 kil\u00f3metros 1 hora 23 minutos llam\u00e1ndome. El sol me pega en la cara y me duele la panza. El perro negro, petiso y feo est\u00e1 sentado a mi derecha en los adoquines de la plaza. Mueve la cola. Me mira. No lo quiero mirar. Siento verg\u00fcenza. Lo agarro lo llevo al auto lo subo al auto. Voy en la ruta con el perro arriba del auto arriba del asfalto en la tierra desde alg\u00fan lugar a Ciudad de Buenos Aires. El sol el asfalto la ruta el sol el volante el asfalto. Me suena el celular. Sigue sonando. Muevo el volante r\u00e1pido. Casi mato a un tipo. Freno. No lo mato. Casi mato a un tipo. Paro el auto a un costado de la ruta. Deber\u00eda haber cambiado el ringtone. Cambio el ringtone. Me siento un poco mejor. Reclino el asiento y me acuesto. Qu\u00e9 l\u00e1stima que dej\u00e9 de fumar. Me fumar\u00eda un cigarrillo. Ella me pidi\u00f3 que deje de fumar. Una semana despu\u00e9s le encontr\u00e9 un paquete de cigarrillos en la cartera. Nunca se lo dije, que s\u00e9 que fuma. Me suena el celular. Mi perro y yo cantamos el nuevo ringtone. Es una canci\u00f3n en ingl\u00e9s. Nos gusta pronunciar en ingl\u00e9s cantar en ingl\u00e9s. Ahora somos felices. El cielo est\u00e1 tranquilo. Algo flota all\u00e1 afuera, me dice mi perro. Veo algo que flota afuera all\u00e1 afuera. Me acerco. Mi perro negro, petiso y feo baja del auto y corre por el pasto seco hacia aquello que flota. Bajo del auto. No te vayas, grito. Lo sigo corriendo. Me suena el celular. Agarro el celular. Tiro el celular. Sigue sonando el celular. Mi perro corre hacia eso que flota la mancha negra recortada en el cielo que parece un agujero negro. Bajo la mancha, una vaca. Corro. Me acerco. Hay viento. Grito y no me escucho. Grito m\u00e1s fuerte. La vaca, me mira. Muge. No hay otras vacas no hay otras manchas no veo a mi perro. Mi perro no est\u00e1. Mi perro no est\u00e1 m\u00e1s en este mundo. Me acerco a la vaca. Me subo a la vaca. Siento el cuero de su lomo bajo mi zapato de goma. Muge. Me enfrento a la mancha negra agujero negro que flota. Entro. A los lejos creo ver desaparecer el sol creo escuchar mugir a la vaca sobre la que me sub\u00ed antes de desaparecer de este mundo.<\/p>\n\n\n\n<p><strong>Un campo de batalla.<\/strong><\/p>\n\n\n\n<p><em>Mariela Asensio.<\/em><\/p>\n\n\n\n<p>Escena: antes del fin.<\/p>\n\n\n\n<p>Bailemos antes del fin.<\/p>\n\n\n\n<p>Antes de que nos fulmine un rayo o el c\u00e1ncer.<\/p>\n\n\n\n<p>Bailemos antes de que los mares arrasen con todo.<\/p>\n\n\n\n<p>Antes del cuchillazo final.<\/p>\n\n\n\n<p>Antes de la fatalidad.<\/p>\n\n\n\n<p>Que el amanecer nos encuentre bailando.<\/p>\n\n\n\n<p>Bailemos Antes del accidente. Antes del suicidio y del asesinato<\/p>\n\n\n\n<p>Antes de ser atacados por la espalda. Traicionados por el aburrimiento. Con todos los<\/p>\n\n\n\n<p>cataclismos pis\u00e1ndonos los talones. bailemos.<\/p>\n\n\n\n<p>Antes de ahogarnos en nuestro propio llanto.<\/p>\n\n\n\n<p>Bailemos como si se acabara el mundo al morirse la m\u00fasica.<\/p>\n\n\n\n<p>Bailemos como si fuese esta noche la \u00faltima vez.<\/p>\n\n\n\n<p>Por favor. Por piedad. Por simple necesidad. Bailemos.<\/p>\n\n\n\n<p>Antes de que todo arda. Bailemos sin despedirnos. Sin conocernos a\u00fan. Bailemos.<\/p>\n\n\n\n<p>Convalecientes. Enfermos de soledad.<\/p>\n\n\n\n<p>Bailemos perdiendo la \u00faltima batalla de esta guerra in\u00fatil. Victoriosos en la derrota.<\/p>\n\n\n\n<p>Orgullosos de arrastrar los pies al ritmo mientras todo se derrumba.<\/p>\n\n\n\n<p>Por favor te ruego que bailemos<\/p>\n\n\n\n<p>Inm\u00f3viles. Inciertos<\/p>\n\n\n\n<p>Heridos de muerte.<\/p>\n\n\n\n<p>Sin esperanza alguna Bailemos. Con esperanza baila cualquiera.<\/p>\n\n\n\n<p><strong>Algo de ruido hace.<\/strong><\/p>\n\n\n\n<p><em>Romina Paula.<\/em><\/p>\n\n\n\n<p>Blanca estaba, toda blanca. Y de linda \u2026 En la cara le daba la luz, toda brillante y con los labios bien rojos. As\u00ed la vi. Es lo m\u00e1s quieto que vi en toda mi vida. Lo m\u00e1s quieto. Nada vivo est\u00e1 tan quieto. Algo dormido no est\u00e1 tan quieto. Esto era de un quieto que no existe en el mundo. Vivo. En el mundo vivo. Y ella era ella pero ya no era ella. Algo de lo que hac\u00eda que ella fuera ella se hab\u00eda ido. Ya no estaba. Cuando me despert\u00e9, creo que me despert\u00e9 por el silencio que hab\u00eda, nunca hab\u00eda o\u00eddo tanto silencio, porque lo que est\u00e1 vivo hace alg\u00fan ruido, algo de ruido hace aunque sea min\u00fasculo, aunque sea eso. Me despert\u00e9 porque no hab\u00eda ning\u00fan ruido. No hac\u00eda ning\u00fan ruido. No hab\u00eda sonido. Ese vac\u00edo me despert\u00f3. Ah\u00ed vi como le daba el sol en la cara y ella que no se mov\u00eda. No quer\u00eda moverse. No pod\u00eda. Me qued\u00e9 mir\u00e1ndola. No quer\u00eda tocarla primero. Ten\u00eda miedo porque era algo que no conoc\u00eda. Otra cosa. Ya no era ella, ya no era mi mam\u00e1. Era otra cosa, ya era otra cosa. La mir\u00e9 mucho, mucho tuve que mirarla, hasta que me acostumbr\u00e9 a c\u00f3mo era, a c\u00f3mo era su forma nueva, a c\u00f3mo iba a hacer ahora y entonces puede tocarla. Le toque la mano, solo la mano le toqu\u00e9 y estaba tan fr\u00eda\u2026 Tan fr\u00eda y quieta. Hac\u00eda calor, pero ella estaba fr\u00eda. Y quieta. Su mano pesaba, la tuve en la m\u00eda, despu\u00e9s, despu\u00e9s de un rato le di un beso, le di un beso en la mejilla. Ya no ten\u00eda olor. Se hab\u00eda quedado sin olor. Dije chau, Ma, te quiero, siempre te voy a querer, como para adentro, y vine abajo. Y me sent\u00e9 ac\u00e1. Ac\u00e1 me sent\u00e9.<\/p>\n\n\n\n<p><strong>El Pibe Barulo.<\/strong><\/p>\n\n\n\n<p><em>Osvaldo Lamborghini.<\/em><\/p>\n\n\n\n<p>Noel fracas\u00f3 como futbolista pero se hizo famoso como ladr\u00f3n de chalets vac\u00edos en Mar del Plata. Lo encerraron en el penal de Olmos. Lleg\u00f3 al anochecer y en seguida se le acerc\u00f3 un petiso, que le convid\u00f3 un cigarrillo y lo ayud\u00f3 a instalarse. Noel entendi\u00f3 todo mal y lo trataba como a un lacayo. El petiso se la aguant\u00f3. Luego de la charla de tanteo, el petiso le hizo una pregunta en la jerga carcelaria (supuso que el otro \u2013que se sent\u00eda poco menos que Al Capone\u2013 manejar\u00eda). Le pregunt\u00f3 lo m\u00e1s obvio: \u201cY vos, \u00bfqu\u00e9 gracia sab\u00e9s hacer?\u201d (a qu\u00e9 tipo de delito te dedic\u00e1s). Noel lo agarr\u00f3 de la pechera de la camisa y le dijo \u201cyo no soy ning\u00fan mono, petiso de mierda\u201d. A media noche, mientras dorm\u00eda, uno le toc\u00f3 el hombro. Al despertarse, cinco lo esperaban. El m\u00e1s grandote le dijo: \u201cPibe, vos ten\u00e9s ganas de ir al ba\u00f1o\u201d. Noel neg\u00f3 con insistencia pero al fin los otros se cansaron y lo llevaron a patadas en el culo. Una vez all\u00ed, le metieron la cabeza en la letrina. Alguno sentenci\u00f3 a sus espaldas: \u201cComer mierda es una gracia que todo el mundo sabe hacer\u201d. Otro sugiri\u00f3: \u201cChe, ya que lo tenemos en posici\u00f3n\u201d. Noel era observador, pero no tanto: pijas se comi\u00f3 ocho, la cantidad de soretes jam\u00e1s lleg\u00f3 a saberla con certeza. Ahora pasaron muchos a\u00f1os, hubo condenas mucho m\u00e1s largas. Ahora es casi un viejo y se est\u00e1 muriendo en la enfermer\u00eda de Sierra Chica. Paz para su alma. No era mal tipo, ni ten\u00eda ninguna tara. Siempre \u2013pobrecito\u2013 lo declaraban normal, es decir, punible.<\/p>\n\n\n\n<p>La paz para su alma es inamovible. Todav\u00eda no ha muerto pero est\u00e1 perdonado. Faltar\u00e1n unos 6 minutos. Ya no importa divulgar sus defectos. Les part\u00eda el carozo a los primerizos, a los que llegan asustados y en busca de consuelo. Como invisible, la vida misma sigue ganando el primer puesto.<\/p>\n\n\n\n<p>\u00bfCuantos soretes se comi\u00f3 Noel? Es un misterio, nunca lo sabremos. Tampoco por qu\u00e9 un tipo entrado en carnes, en un caf\u00e9 de la calle Talcahuano, amigu\u00edsimo del mozo con quien se pasaba la tarde haci\u00e9ndose chistes pesados, lo mat\u00f3 a balazos un d\u00eda que el otro, en broma, le dijo: \u2013Pero callate, gordo puto.<\/p>\n\n\n\n<p>S\u00f3lo intuimos que lo de gordo al lado de puto, desencaden\u00f3 la tragedia.<\/p>\n\n\n\n<p><strong>El carrito.<\/strong><\/p>\n\n\n\n<p><em>C\u00e9sar Aira.<\/em><\/p>\n\n\n\n<p>Uno de los carritos de un gran supermercado del barrio donde yo viv\u00eda rodaba solo, sin que nadie lo empujara. Tan igual era a todos los dem\u00e1s que no se lo distingu\u00eda por nada. Era un supermercado enorme, el m\u00e1s grande del barrio, y el m\u00e1s concurrido, as\u00ed que ten\u00eda m\u00e1s de doscientos carritos. Pero el que digo era el \u00fanico que se mov\u00eda por s\u00ed mismo. Lo hac\u00eda con infinita discreci\u00f3n: en el v\u00e9rtigo que dominaba el establecimiento desde que abr\u00eda hasta que cerraba, y no hablemos de las horas pico, su movimiento pasaba inadvertido. Lo usaban como a todos los dem\u00e1s, lo cargaban de comida, bebidas y art\u00edculos de limpieza, lo descargaban en las cajas, lo empujaban de prisa de g\u00f3ndola en g\u00f3ndola, y si en alg\u00fan momento lo soltaban y lo ve\u00edan deslizarse un mil\u00edmetro o dos, cre\u00edan que era por la inercia.<br>Yo fui el \u00fanico en descubrirlo, creo. O m\u00e1s bien, estoy seguro: la atenci\u00f3n es un bien escaso entre los humanos, y en este asunto se necesitaba mucha. No se lo dije a nadie, porque se parec\u00eda demasiado a una de esas fantas\u00edas que se me suelen ocurrir, que me han hecho fama de loco. De tantos a\u00f1os de ir a hacer las compras a ese lugar, aprend\u00ed a reconocerlo, a mi carrito, por una peque\u00f1a muesca que ten\u00eda en la barra; salvo que no ten\u00eda que mirar la muesca, porque ya de lejos algo me indicaba que era \u00e9l. Un soplo de alegr\u00eda y confianza me recorr\u00eda al identificarlo.<\/p>\n\n\n\n<p>Lo consideraba una especie de amigo, un objeto amigo. Me gustaba imagin\u00e1rmelo en la soledad y el silencio de la medianoche, rodando lent\u00edsimo en la penumbra, como un peque\u00f1o barco agujereado que part\u00eda en busca de aventuras, de conocimiento, de amor (\u00bfpor qu\u00e9 no?). \u00bfPero qu\u00e9 iba a encontrar, en ese banal paisaje, que era todo su mundo, de l\u00e1cteos y verduras y fideos y gaseosas y latas de arvejas?<\/p>\n\n\n\n<p>Y aun as\u00ed no perd\u00eda la esperanza, y reanudaba sus navegaciones, o mejor dicho no las interrump\u00eda nunca, como el que sabe que todo es en vano y aun as\u00ed insiste. Insiste porque conf\u00eda en la transformaci\u00f3n de la vulgaridad cotidiana en sue\u00f1o y portento. Creo que me identificaba con \u00e9l, y creo que por esa identificaci\u00f3n lo hab\u00eda descubierto. Con estos antecedentes, podr\u00e1 imaginarse mi sorpresa cuando o\u00ed lo que dijo. Sus palabras me atravesaron como una lanza de hielo y me hicieron reconsiderar toda la situaci\u00f3n, empezando por la simpat\u00eda que me un\u00eda al carrito, y hasta la simpat\u00eda que me un\u00eda a mi mismo. El hecho de que hablara no me sorprendi\u00f3 en s\u00ed mismo, porque lo esperaba. De pronto sent\u00ed que nuestra relaci\u00f3n hab\u00eda madurado hasta el nivel del signo ling\u00fc\u00edstico. Supe que hab\u00eda llegado el momento de que me dijera algo (por ejemplo que me admiraba y me quer\u00eda y que estaba de mi parte), y me inclin\u00e9 a su lado simulando atarme los cordones de los zapatos, de modo de poner la oreja contra el enrejado de alambre de su costado, y entonces pude o\u00edr su voz, en un susurro que ven\u00eda del reverso del mundo y aun as\u00ed sonaba perfectamente claro y articulado:<br>\u2013Yo soy el Mal.<\/p>\n\n\n\n<p><strong>Mi hijo camina un poco m\u00e1s lento.<\/strong><\/p>\n\n\n\n<p><em>Ivor Martinic.<\/em><\/p>\n\n\n\n<p>Algunas chicas pueden ser modelos, y otras no. Todas pueden ser m\u00e9dicos si estudian mucho, pero no hay cosa que se pueda estudiar para hacerte m\u00e1s lindo o lo suficientemente alto. (\u2026) Te mand\u00e9 varias veces la invitaci\u00f3n para ser mi amigo en Facebook, pero vos no quer\u00e9s y no quer\u00e9s. (\u2026) No podemos estar solos. No podemos. Si no, \u00bfcomo sabr\u00edas qui\u00e9n sos si no fuera por otra gente? No pod\u00e9s decirte a vos mismo buen d\u00eda y hasta luego. A alguien ten\u00e9s que decirle buen d\u00eda, si no, \u00bfcomo sabr\u00e1s que lleg\u00f3 la ma\u00f1ana? Ya est\u00e1, no hablo m\u00e1s. El silencio es muy lindo. Lindo. (\u2026) \u00a1S\u00f3lo quiero decirte que podemos estar solos para siempre ni estar callados, lo que a vos te gustar\u00eda! \u00a1No se puede estar callado! (\u2026) \u00a1Yo s\u00f3lo quiero que hables conmigo! Tu hermana ya encontr\u00f3 un novio. Es dif\u00edcil encontrar novio hoy en d\u00eda. Hay de todo hoy en d\u00eda. (\u2026) \u00a1No te compr\u00e9 nada para tu cumple! \u00a1Es que no lo sab\u00eda! Si no, te habr\u00eda comprado el regalo. \u00bfPor qu\u00e9 no me lo dijiste? Me siento tan mal por no haberte comprado nada. Si tuvieras Facebook, sabr\u00eda que hoy es tu cumple. Y te felicitar\u00eda con muchos puntos de exclamaci\u00f3n y te pondr\u00eda que me gusta alguna foto tuya en la que est\u00e1s solo. A m\u00ed eso siempre me pone de buen humor. Hasta la gente m\u00e1s bonita se aburre y necesita a alguien para ir al cine o tomar un caf\u00e9 los jueves a la tarde cuando llueve. Es dif\u00edcil estar s\u00f3lo y estamos solos a menudo. (\u2026) \u00a1Y eso no se puede! Sumate al Facebook y vas a ver a millones de personas solas que van reuniendo a la gente alrededor suyo porque no pueden estar solas aunque se sienten solas. Entonces compartimos cosas, pensamientos, frases, solo para mostrar que estamos vivos. \u00bfQuer\u00e9s que te mande la invitaci\u00f3n para sumarte? Qu\u00e9 tonta por no haberte comprado el regalo, pero no sab\u00eda.<\/p>\n\n\n\n<p><strong>La guerra de los gimnasios.<\/strong><\/p>\n\n\n\n<p><em>Cesar Aira.<\/em><\/p>\n\n\n\n<p>En medio de la guerra de gimnasios de Flores, en una fase en la que el gimnasio Chin F\u00fa estaba llevando la peor parte, cay\u00f3 a \u00e9ste alguien con el inocente prop\u00f3sito personal de mejorar su aspecto f\u00edsico. No porque lo necesitara visiblemente: era un muchacho de unos veinte a\u00f1os, un rubio de aspecto corriente, ni alto ni bajo, ni gordo ni flaco, ni lindo ni feo. Se llamaba Ferdie Calvino. Lo que quer\u00eda, le dijo a Mary, la recepcionista, despu\u00e9s de llenar la ficha y pagar la matr\u00edcula, y lo que minutos despu\u00e9s le repiti\u00f3 a Julio, el instructor de turno a esa hora, era perfeccionar su cuerpo de modo que provocara \u201cmiedo a los hombres y deseo a las mujeres\u201d. As\u00ed de simples eran sus intenciones.<\/p>\n\n\n\n<p>Aqu\u00ed y all\u00e1 un cuerpo humano resoplaba y gem\u00eda enganchado a las poleas: el golpeteo sordo de las pesas marcaba el ritmo. No hab\u00eda mucha gente; la primera impresi\u00f3n era de vac\u00edo. Un c\u00edrculo de hombres j\u00f3venes en buzos y shorts charlaba en un claro de m\u00e1quinas hacia la mitad del sal\u00f3n. Ferdie se cambi\u00f3 en el vestuario vac\u00edo y volvi\u00f3. Julio estaba mirando su ficha.<\/p>\n\n\n\n<p>-Dejalo ah\u00ed \u2013dijo se\u00f1alando vagamente un rinc\u00f3n; Ferdie tra\u00eda el bolso con la ropa, porque no ten\u00eda candado para dejarlo en un cofre.<\/p>\n\n\n\n<p>Charlaron un momento de antecedentes, h\u00e1bitos, horarios y expectativas. Fue entonces que Ferdie repiti\u00f3 su peque\u00f1a frase. El profesor no hizo comentarios. Acto seguido lo hizo subir a una de las bicicletas fijas; le puso un electrodo en el l\u00f3bulo de la oreja, otro en el cuello de la camiseta, y lo ayud\u00f3 a meter los pies en los estribos de los pedales. Le explic\u00f3 sumariamente c\u00f3mo funcionaba, y la puso en marcha: los n\u00fameros se encend\u00edan al tocar con la punta del dedo las peque\u00f1as pantallas. El tablero comenz\u00f3 a parpadear y los n\u00fameros a correr\u2026 Era como avanzar contra un viento que creciera\u2026<\/p>\n\n\n\n<p>A pesar de los ruidos y las voces y la m\u00fasica, hab\u00eda una especie de gran silencio. El coraz\u00f3n de Ferdie, que pedaleaba sostenidamente, comenz\u00f3 a trabajar. Su mirada se perd\u00eda en las diez mil varas de metal verde cruzadas de travesa\u00f1os que ocupaban todo el largo del sal\u00f3n frente a \u00e9l, con un mazo de pesas subiendo y bajando aqu\u00ed y all\u00e1. Al fondo, los vidrios, y al otro lado la terraza y el cielo, el sol poniente en medio de un rosa sin destino. Adentro estaban encendidos los tubos blancos en el techo, pero a esa hora la luz del crep\u00fasculo entraba en una horizontal perfecta hasta el fondo y anulaba el fluor.<\/p>\n\n\n\n<p>-Bzzzz, bzzzz.<\/p>\n\n\n\n<p>La luz era el viento que le daba a Ferdie en la cara y lo clavaba en su sitio.<\/p>\n\n\n\n<p><strong>Hoy temprano<\/strong>.<\/p>\n\n\n\n<p><em>Pedro Mairal.<\/em><\/p>\n\n\n\n<p>&nbsp;Salimos temprano. Pap\u00e1 tiene un Peugeot 404 bord\u00f3, reci\u00e9n comprado. Yo me trepo a la luneta trasera y me acuesto ah\u00ed a lo largo. Voy c\u00f3modo. Me gusta quedarme contra el vidrio de atr\u00e1s porque puedo dormir. Siempre estoy contento de ir a pasar el fin de semana a la quinta, porque en el departamento del centro, durante la semana, lo \u00fanico que hago es patear una pelota de tenis en el patio del pozo de aire y luz que est\u00e1 sobre el garaje, un patio entre cuatro paredes medianeras alt\u00edsimas y sucias por el holl\u00edn de los incineradores. El viaje a la quinta me saca de ese pozo.<\/p>\n\n\n\n<p>El viaje es largu\u00edsimo. Sobre todo cuando no est\u00e1n sincronizados los sem\u00e1foros. Nos peleamos por la ventana, ninguno de los tres quiere sentarse en el medio. En la General Paz nos turnamos para sacar la cabeza por la ventana con las antiparras de agua de Vicky, para que no nos lloren los ojos por el viento. Pap\u00e1 y mam\u00e1 no dicen nada. Salvo cuando pasamos por la polic\u00eda, ah\u00ed hay que sentarse derechos y estar callados.<\/p>\n\n\n\n<p>Cuando ya tenemos el Renault 12, a Miguel se le vuela por la ventana medio pil\u00f3n de figuritas de Titanes en el Ring y pap\u00e1 frena en la banquina para juntarlas porque Miguel grita como un enloquecido. Yo veo de repente que se nos acercan dos soldados apunt\u00e1ndonos con la metralleta, diciendo que estamos en zona militar. Le hacen preguntas a pap\u00e1, lo palpan de armas, le revisan los documentos y despu\u00e9s tenemos que seguir viaje sin juntar las figuritas.<\/p>\n\n\n\n<p>Cuando terminan el primer tramo de la autopista y ponen el peaje, el tr\u00e1fico avanza mejor. Vicky va por su cuenta, con amigas que tienen auto. Pap\u00e1 ya casi no viene.<\/p>\n\n\n\n<p>Despu\u00e9s Miguel empieza a venir cada vez menos, y yo tengo todo el asiento de atr\u00e1s para dormir. Mam\u00e1 frena y me despierta para que le ponga agua al radiador, que pierde y recalienta el motor. Compramos una sand\u00eda al costado de la ruta.<\/p>\n\n\n\n<p>A pap\u00e1 le dieron el Ford Sierra de la empresa, que tiene botones autom\u00e1ticos y, como a Miguel lo asaltaron hace poco, mam\u00e1 me hace bajar los seguros y cerrar las ventanas en los sem\u00e1foros porque le dan miedo los vendedores. Despu\u00e9s, la excusa del aire acondicionado ayuda a que ya no vayamos m\u00e1s con la ventana abierta. El auto comienza a ser una c\u00e1psula de seguridad, con un microclima propio.<\/p>\n\n\n\n<p>El auto es m\u00e1s r\u00e1pido y todo el tiempo parece que estamos por llegar. Sobre todo cuando empiezo a manejar yo, que aumento la velocidad sin que mam\u00e1 se d\u00e9 cuenta porque viene tranquila en el asiento del acompa\u00f1ante mir\u00e1ndose en el espejo su \u00faltimo lifting, que le tira la piel para atr\u00e1s como si fuera un efecto de la aceleraci\u00f3n. Despu\u00e9s, cuando muere pap\u00e1, mam\u00e1 prefiere que maneje Miguel, que volvi\u00f3 como el hijo pr\u00f3digo, porque Vicky ya est\u00e1 viviendo en Boston. Para m\u00ed la ruta se empieza a enrarecer porque manejo el Taunus amarillo del padre del Chino, en el que dejamos cerradas las ventanas, no por miedo a que nos roben sino para que el humo de la marihuana no pierda densidad. Escuchamos Wild horses y hay momentos casi espirituales en los que la velocidad total de la ruta parece cobrar una lentitud serena en el paisaje enorme y chato.<\/p>\n\n\n\n<p>Nota: Los textos fueron adaptados con fines pedag\u00f3gicos.<\/p>\n","protected":false},"excerpt":{"rendered":"<p>EMAD \/ ESCUELA METROPOLITANA DE ARTE DRAM\u00c1TICO CARRERA DE FORMACI\u00d3N DEL ACTOR \/ ACTRIZ. INGRESO 2023. TEXTOS PARA INSTANCIA FINAL. 1) El aspirante elegir\u00e1 un texto y presentar\u00e1 un trabajo esc\u00e9nico unipersonal de no m\u00e1s de 4 minutos, que incluya el texto dado. La mesa de examen estar\u00e1 habilitada para interrumpir el ejercicio y\/o solicitar &#8230; <a title=\"TEXTOS PARA INSTANCIA FINAL &#8211; FORMACI\u00d3N DEL ACTOR-ACTRIZ INGRESO 2023\" class=\"read-more\" href=\"https:\/\/emad-caba.infd.edu.ar\/sitio\/textos-para-instancia-final-ingreso-2023\/\" aria-label=\"More on TEXTOS PARA INSTANCIA FINAL &#8211; FORMACI\u00d3N DEL ACTOR-ACTRIZ INGRESO 2023\">[+]<\/a><\/p>\n","protected":false},"author":195,"featured_media":0,"parent":0,"menu_order":0,"comment_status":"closed","ping_status":"closed","template":"","meta":[],"acf":[],"_links":{"self":[{"href":"https:\/\/emad-caba.infd.edu.ar\/sitio\/wp-json\/wp\/v2\/pages\/4635"}],"collection":[{"href":"https:\/\/emad-caba.infd.edu.ar\/sitio\/wp-json\/wp\/v2\/pages"}],"about":[{"href":"https:\/\/emad-caba.infd.edu.ar\/sitio\/wp-json\/wp\/v2\/types\/page"}],"author":[{"embeddable":true,"href":"https:\/\/emad-caba.infd.edu.ar\/sitio\/wp-json\/wp\/v2\/users\/195"}],"replies":[{"embeddable":true,"href":"https:\/\/emad-caba.infd.edu.ar\/sitio\/wp-json\/wp\/v2\/comments?post=4635"}],"version-history":[{"count":2,"href":"https:\/\/emad-caba.infd.edu.ar\/sitio\/wp-json\/wp\/v2\/pages\/4635\/revisions"}],"predecessor-version":[{"id":4638,"href":"https:\/\/emad-caba.infd.edu.ar\/sitio\/wp-json\/wp\/v2\/pages\/4635\/revisions\/4638"}],"wp:attachment":[{"href":"https:\/\/emad-caba.infd.edu.ar\/sitio\/wp-json\/wp\/v2\/media?parent=4635"}],"curies":[{"name":"wp","href":"https:\/\/api.w.org\/{rel}","templated":true}]}}