{"id":4293,"date":"2022-10-06T19:13:29","date_gmt":"2022-10-06T22:13:29","guid":{"rendered":"https:\/\/emad-caba.infd.edu.ar\/sitio\/?page_id=4293"},"modified":"2022-10-06T19:24:00","modified_gmt":"2022-10-06T22:24:00","slug":"seminario-extracurricular-2022-entrenamiento-musical-para-actores-y-actrices","status":"publish","type":"page","link":"https:\/\/emad-caba.infd.edu.ar\/sitio\/seminario-extracurricular-2022-entrenamiento-musical-para-actores-y-actrices\/","title":{"rendered":"Seminario Extracurricular 2022: Entrenamiento musical para actores y actrices."},"content":{"rendered":"\n<p>Seminario Extracurricular 2022: \u201cEntrenamiento musical para actores y actrices\u201d.<br>A cargo del Profesor Jos\u00e9 Mehrez.<\/p>\n\n\n\n<p><strong>Destinatarios:<\/strong><\/p>\n\n\n\n<ul><li>Egresados de todas las carreras y cursos de la EMAD.<\/li><li>Docentes de la EMAD.<\/li><li>Abierto a la comunidad de actores y estudiantes avanzados de actuaci\u00f3n.<\/li><\/ul>\n\n\n\n<p><strong>Estructura de 6 encuentros.<\/strong><\/p>\n\n\n\n<p>Del 28\/10\/2022 al 02\/12\/2022, los d\u00edas viernes de 19:30 hs a 21:30 hs.<\/p>\n\n\n\n<p>Dictado de manera presencial en Sarmiento 2573 CABA.<\/p>\n\n\n\n<p>Cupo: 20 participantes.<\/p>\n\n\n\n<p><strong>Inscripci\u00f3n en el siguiente formulario web, desde el 7\/10\/2022 al 26\/10\/2022.<\/strong><\/p>\n\n\n\n<p>Formulario de Inscripci\u00f3n:<\/p>\n\n\n\n<p><a href=\"https:\/\/docs.google.com\/forms\/d\/1MTJEH_jwVNCkfvV3REGbBSWKsE3MDNHeY5ntjhZ8JMc\/edit\" target=\"_blank\" rel=\"noreferrer noopener\">https:\/\/docs.google.com\/forms\/d\/1MTJEH_jwVNCkfvV3REGbBSWKsE3MDNHeY5ntjhZ8JMc\/edit<\/a><\/p>\n\n\n\n<p>Si el n\u00famero de inscriptos superara al cupo, se realizar\u00e1 un sorteo el d\u00eda 27\/10 en la sede Sarmiento de la EMAD.<\/p>\n\n\n\n<p><strong>Se entregar\u00e1 Certificado del Seminario a aquellas personas que completen el 75% de asistencia.<\/strong><\/p>\n\n\n\n<div class=\"wp-block-file\"><a href=\"https:\/\/emad-caba.infd.edu.ar\/sitio\/wp-content\/uploads\/2022\/10\/Seminario-Extracurricular-2022-Entrenamiento-Musical-para-Actores-y-Actrices.pdf\"><em>Seminario Extracurricular 2022 Entrenamiento Musical para Actores y Actrices<\/em><\/a><a href=\"https:\/\/emad-caba.infd.edu.ar\/sitio\/wp-content\/uploads\/2022\/10\/Seminario-Extracurricular-2022-Entrenamiento-Musical-para-Actores-y-Actrices.pdf\" class=\"wp-block-file__button\" download>Descargar ahora<\/a><\/div>\n\n\n\n<p><\/p>\n","protected":false},"excerpt":{"rendered":"<p>Seminario Extracurricular 2022: \u201cEntrenamiento musical para actores y actrices\u201d.A cargo del Profesor Jos\u00e9 Mehrez. Destinatarios: Egresados de todas las carreras y cursos de la EMAD. Docentes de la EMAD. Abierto a la comunidad de actores y estudiantes avanzados de actuaci\u00f3n. Estructura de 6 encuentros. Del 28\/10\/2022 al 02\/12\/2022, los d\u00edas viernes de 19:30 hs a &#8230; <a title=\"Seminario Extracurricular 2022: Entrenamiento musical para actores y actrices.\" class=\"read-more\" href=\"https:\/\/emad-caba.infd.edu.ar\/sitio\/seminario-extracurricular-2022-entrenamiento-musical-para-actores-y-actrices\/\" aria-label=\"More on Seminario Extracurricular 2022: Entrenamiento musical para actores y actrices.\">[+]<\/a><\/p>\n","protected":false},"author":195,"featured_media":0,"parent":0,"menu_order":0,"comment_status":"closed","ping_status":"closed","template":"","meta":[],"acf":[],"_links":{"self":[{"href":"https:\/\/emad-caba.infd.edu.ar\/sitio\/wp-json\/wp\/v2\/pages\/4293"}],"collection":[{"href":"https:\/\/emad-caba.infd.edu.ar\/sitio\/wp-json\/wp\/v2\/pages"}],"about":[{"href":"https:\/\/emad-caba.infd.edu.ar\/sitio\/wp-json\/wp\/v2\/types\/page"}],"author":[{"embeddable":true,"href":"https:\/\/emad-caba.infd.edu.ar\/sitio\/wp-json\/wp\/v2\/users\/195"}],"replies":[{"embeddable":true,"href":"https:\/\/emad-caba.infd.edu.ar\/sitio\/wp-json\/wp\/v2\/comments?post=4293"}],"version-history":[{"count":3,"href":"https:\/\/emad-caba.infd.edu.ar\/sitio\/wp-json\/wp\/v2\/pages\/4293\/revisions"}],"predecessor-version":[{"id":4298,"href":"https:\/\/emad-caba.infd.edu.ar\/sitio\/wp-json\/wp\/v2\/pages\/4293\/revisions\/4298"}],"wp:attachment":[{"href":"https:\/\/emad-caba.infd.edu.ar\/sitio\/wp-json\/wp\/v2\/media?parent=4293"}],"curies":[{"name":"wp","href":"https:\/\/api.w.org\/{rel}","templated":true}]}}