{"id":3521,"date":"2021-10-08T11:51:08","date_gmt":"2021-10-08T14:51:08","guid":{"rendered":"https:\/\/emad-caba.infd.edu.ar\/sitio\/?page_id=3521"},"modified":"2023-03-10T19:26:33","modified_gmt":"2023-03-10T22:26:33","slug":"biblioteca-emad","status":"publish","type":"page","link":"https:\/\/emad-caba.infd.edu.ar\/sitio\/biblioteca-emad\/","title":{"rendered":"BIBLIOTECA EMAD"},"content":{"rendered":"\n<figure class=\"wp-block-image size-large is-resized\"><img decoding=\"async\" loading=\"lazy\" src=\"https:\/\/emad-caba.infd.edu.ar\/sitio\/wp-content\/uploads\/2022\/10\/Biblioteca-QR.jpg\" alt=\"\" class=\"wp-image-4330\" width=\"108\" height=\"106\"\/><\/figure>\n\n\n\n<ul class=\"wp-block-social-links is-layout-flex\"><li class=\"wp-social-link wp-social-link-facebook wp-block-social-link\"><a href=\"https:\/\/www.facebook.com\/laemadoficial\" class=\"wp-block-social-link-anchor\"><svg width=\"24\" height=\"24\" viewBox=\"0 0 24 24\" version=\"1.1\" xmlns=\"http:\/\/www.w3.org\/2000\/svg\" aria-hidden=\"true\" focusable=\"false\"><path d=\"M12 2C6.5 2 2 6.5 2 12c0 5 3.7 9.1 8.4 9.9v-7H7.9V12h2.5V9.8c0-2.5 1.5-3.9 3.8-3.9 1.1 0 2.2.2 2.2.2v2.5h-1.3c-1.2 0-1.6.8-1.6 1.6V12h2.8l-.4 2.9h-2.3v7C18.3 21.1 22 17 22 12c0-5.5-4.5-10-10-10z\"><\/path><\/svg><span class=\"wp-block-social-link-label screen-reader-text\">Facebook<\/span><\/a><\/li>\n\n<li class=\"wp-social-link wp-social-link-instagram wp-block-social-link\"><a href=\"https:\/\/www.instagram.com\/laemadoficial\/\" class=\"wp-block-social-link-anchor\"><svg width=\"24\" height=\"24\" viewBox=\"0 0 24 24\" version=\"1.1\" xmlns=\"http:\/\/www.w3.org\/2000\/svg\" aria-hidden=\"true\" focusable=\"false\"><path d=\"M12,4.622c2.403,0,2.688,0.009,3.637,0.052c0.877,0.04,1.354,0.187,1.671,0.31c0.42,0.163,0.72,0.358,1.035,0.673 c0.315,0.315,0.51,0.615,0.673,1.035c0.123,0.317,0.27,0.794,0.31,1.671c0.043,0.949,0.052,1.234,0.052,3.637 s-0.009,2.688-0.052,3.637c-0.04,0.877-0.187,1.354-0.31,1.671c-0.163,0.42-0.358,0.72-0.673,1.035 c-0.315,0.315-0.615,0.51-1.035,0.673c-0.317,0.123-0.794,0.27-1.671,0.31c-0.949,0.043-1.233,0.052-3.637,0.052 s-2.688-0.009-3.637-0.052c-0.877-0.04-1.354-0.187-1.671-0.31c-0.42-0.163-0.72-0.358-1.035-0.673 c-0.315-0.315-0.51-0.615-0.673-1.035c-0.123-0.317-0.27-0.794-0.31-1.671C4.631,14.688,4.622,14.403,4.622,12 s0.009-2.688,0.052-3.637c0.04-0.877,0.187-1.354,0.31-1.671c0.163-0.42,0.358-0.72,0.673-1.035 c0.315-0.315,0.615-0.51,1.035-0.673c0.317-0.123,0.794-0.27,1.671-0.31C9.312,4.631,9.597,4.622,12,4.622 M12,3 C9.556,3,9.249,3.01,8.289,3.054C7.331,3.098,6.677,3.25,6.105,3.472C5.513,3.702,5.011,4.01,4.511,4.511 c-0.5,0.5-0.808,1.002-1.038,1.594C3.25,6.677,3.098,7.331,3.054,8.289C3.01,9.249,3,9.556,3,12c0,2.444,0.01,2.751,0.054,3.711 c0.044,0.958,0.196,1.612,0.418,2.185c0.23,0.592,0.538,1.094,1.038,1.594c0.5,0.5,1.002,0.808,1.594,1.038 c0.572,0.222,1.227,0.375,2.185,0.418C9.249,20.99,9.556,21,12,21s2.751-0.01,3.711-0.054c0.958-0.044,1.612-0.196,2.185-0.418 c0.592-0.23,1.094-0.538,1.594-1.038c0.5-0.5,0.808-1.002,1.038-1.594c0.222-0.572,0.375-1.227,0.418-2.185 C20.99,14.751,21,14.444,21,12s-0.01-2.751-0.054-3.711c-0.044-0.958-0.196-1.612-0.418-2.185c-0.23-0.592-0.538-1.094-1.038-1.594 c-0.5-0.5-1.002-0.808-1.594-1.038c-0.572-0.222-1.227-0.375-2.185-0.418C14.751,3.01,14.444,3,12,3L12,3z M12,7.378 c-2.552,0-4.622,2.069-4.622,4.622S9.448,16.622,12,16.622s4.622-2.069,4.622-4.622S14.552,7.378,12,7.378z M12,15 c-1.657,0-3-1.343-3-3s1.343-3,3-3s3,1.343,3,3S13.657,15,12,15z M16.804,6.116c-0.596,0-1.08,0.484-1.08,1.08 s0.484,1.08,1.08,1.08c0.596,0,1.08-0.484,1.08-1.08S17.401,6.116,16.804,6.116z\"><\/path><\/svg><span class=\"wp-block-social-link-label screen-reader-text\">Instagram<\/span><\/a><\/li><\/ul>\n\n\n\n<p>Direcci\u00f3n: Sarmiento 2573 \u2013 1\u00ba Piso. CABA&nbsp; \u2013 C\u00f3digo Postal&nbsp; 1045.<\/p>\n\n\n\n<p>Tel\u00e9fono: 4953-9368\/9342 int. 110.<\/p>\n\n\n\n<p>La Biblioteca de la EMAD cuenta con m\u00e1s de 10.000 vol\u00famenes entre textos, libros, publicaciones, revistas, y archivos hist\u00f3ricos; adem\u00e1s de videos y DVD\u00b4s.&nbsp;Para su debida conservaci\u00f3n y futuro crecimiento sugerimos leer el reglamento de la Biblioteca.<\/p>\n\n\n\n<figure class=\"wp-block-gallery has-nested-images columns-default is-cropped wp-block-gallery-2 is-layout-flex\">\n<figure class=\"wp-block-image size-large\"><img decoding=\"async\" loading=\"lazy\" width=\"1080\" height=\"1080\" data-id=\"3528\"  src=\"https:\/\/emad-caba.infd.edu.ar\/sitio\/wp-content\/uploads\/2021\/10\/Biblioteca-1.jpg\" alt=\"\" class=\"wp-image-3528\" srcset=\"https:\/\/emad-caba.infd.edu.ar\/sitio\/wp-content\/uploads\/2021\/10\/Biblioteca-1.jpg 1080w, https:\/\/emad-caba.infd.edu.ar\/sitio\/wp-content\/uploads\/2021\/10\/Biblioteca-1-1000x1000.jpg 1000w, https:\/\/emad-caba.infd.edu.ar\/sitio\/wp-content\/uploads\/2021\/10\/Biblioteca-1-500x500.jpg 500w, https:\/\/emad-caba.infd.edu.ar\/sitio\/wp-content\/uploads\/2021\/10\/Biblioteca-1-768x768.jpg 768w\" sizes=\"(max-width: 1080px) 100vw, 1080px\" \/><\/figure>\n<\/figure>\n\n\n\n<p><\/p>\n\n\n\n<p><strong>Reglamento:<\/strong><\/p>\n\n\n\n<p><strong>CAPITULO 1\u00ba: SOBRE SUS FINES Y ACERVO BIBLIOGR\u00c1FICO.<\/strong><\/p>\n\n\n\n<p>La Biblioteca constituye un auxiliar constante para la ense\u00f1anza, la investigaci\u00f3n y el estudio. El acervo bibliogr\u00e1fi\u00adco lo constituyen: libros, videos, publicaciones peri\u00f3dicas y material especial.<br>Los servicios de la Biblioteca son totalmente gratuitos.Las instalaciones de la Biblioteca no pueden ser utilizadas para el dictado de clases.<\/p>\n\n\n\n<p><strong>CAPITULO 2\u00ba: SOBRE LOS USUARIOS.<\/strong><\/p>\n\n\n\n<p>Alumnado y docentes, tienen derecho al uso del material bi\u00adbliogr\u00e1fico perteneciente a la Biblioteca. Graduadas\/os empadronadas\/os: presentando un documento de identidad.<br>Excepcionalmente, las personas ajenas a la Escuela deber\u00e1n traer el documento de identidad, podr\u00e1n consultar en sala el material bibliogr\u00e1fico para sacarlo del establecimiento para copiarlo.<\/p>\n\n\n\n<p><strong>CAPITULO 3\u00ba: SOBRE LA CONSULTA \u00abIN SITU\u00bb.<\/strong><\/p>\n\n\n\n<p>El material de la Biblioteca, sin censura ni discri\u00adminaci\u00f3n alguna, puede ser consultado en la sala de lectura y\/o retira\u00addos, por el alumnado, docentes, empleadas\/os y graduadas\/os.Todo pr\u00e9stamo en la sala de lectura es personal e in\u00adtransferi\u00adble. Cantidad m\u00e1xima de libros en consulta simult\u00e1nea: seis textos.<\/p>\n\n\n\n<p><strong>CAPITULO 4\u00ba: SOBRE EL PR\u00c9STAMO A DOMICILIO.<\/strong><\/p>\n\n\n\n<p><strong>A.<\/strong>\u2013 Usuarios\/as. Estudientes, docentes, personal y graduadas\/os empadronadas\/os, luego de obtenido el \u00abCarn\u00e9 de Lector\/a\u00bb y notificados del Reglamento de la Biblioteca, podr\u00e1n acceder al pr\u00e9stamo a domicilio, que es personal e intransferible. La devoluci\u00f3n del material bibliogr\u00e1fico puede ser efec\u00adtuada por terceras personas.<br>El\/la usuario\/a deber\u00e1 responder por la devoluci\u00f3n o el deterioro del material bibliogr\u00e1fico. Si el\/la socio\/a de la Biblioteca no devuelve el libro despu\u00e9s de reiterados reclamos, sufrir\u00e1 una sanci\u00f3n acorde a la situaci\u00f3n.<br>Usuarios\/as excluidos del pr\u00e9stamo a domicilio:<br>1) Alumnado&nbsp;de los cursos de ingreso.<br>2) Docentes y empleadas\/os que se encuentren en uso de licencias especiales o extraordinarias.<\/p>\n\n\n\n<p><strong>B<\/strong>.- Material que se facilita en pr\u00e9stamo. Todo el acervo bibliogr\u00e1fico, con las siguientes excepciones:<br>1. Las denominadas obras de referencia: diccio\u00adna\u00adrios, enciclopedias, c\u00f3digos, bibliograf\u00edas, publicaciones peri\u00f3dicas, atlas, congresos y obras de dif\u00edcil reposici\u00f3n.<br>2. El material que eventualmente tenga mucha demanda, y cuya existencia de ejemplares no alcance a satisfacerla. Tambi\u00e9n casos puntuales, a solicitud de profesoras \/es, y por un tiempo determinado.<\/p>\n\n\n\n<p><strong>C<\/strong>.- Tipos de pr\u00e9stamos a domicilio.<\/p>\n\n\n\n<p>1) Pr\u00e9stamo com\u00fan:<br>Obras que se prestan: Textos, obras de estudio y de cultu\u00adra general, no excluidas del servicio de pr\u00e9stamo, hasta dos (2) simult\u00e1neas por vez.<br>D\u00edas que se concede: Todos los d\u00edas, de lunes a viernes, de 8.30 h a 20.00 h.<br>Lapso que abarca:Alumnado de Formaci\u00f3n del actor-actriz: (2) d\u00edas h\u00e1biles, renovables si la obra no ha sido reservada por otro lector.&nbsp;Carrera de Puesta en Escena, Carrera Escenograf\u00eda, Profesorado y Curso de Dramaturgia: (7) siete d\u00edas debido a que la cursada a la sede de Sarmiento ocurre una o dos veces por semana solamente<\/p>\n\n\n\n<p><strong>Excepci\u00f3n para todas las carreras&nbsp;es la secci\u00f3n Narrativa que se podr\u00e1 prestar durante 15 d\u00edas por el ciclo de Fomento de la lectura de Novelas, en conmemoraci\u00f3n a Julio Cort\u00e1zar, del mismo modo si el libro estuviera pedido en alguna c\u00e1tedra deber\u00e1 ajustarse al r\u00e9gimen de pr\u00e9stamo general.<\/strong><\/p>\n\n\n\n<p>2) Pr\u00e9stamo especial:<br>Per\u00edodo de pr\u00e9stamo: Durante las clases pr\u00e1cticas.<br>Obras que se prestan: La totalidad del acervo bibliogr\u00e1fi\u00adco, sin excepci\u00f3n.<br>D\u00edas que se concede: El d\u00eda anterior o el mismo d\u00eda de la pr\u00e1ctica.<br>Lapso que abarca: Cuarenta y ocho (48) hs.<\/p>\n\n\n\n<p><strong>D<\/strong>.- Reserva<br>Las obras que est\u00e1n en pr\u00e9stamo, pueden tener una \u00fanica \u00abReserva\u00bb, para el d\u00eda siguiente a la fecha de devoluci\u00f3n. No se reservan las obras que est\u00e1n en la Bibliote\u00adca, con excep\u00adci\u00f3n de las que se prestan para el fin de semana o d\u00eda feria\u00addo.<\/p>\n\n\n\n<p><strong>CAPITULO 5\u00ba: PR\u00c9STAMO \u00abUSO EN CLASE\u00bb.<\/strong><br>Este pr\u00e9stamo es exclusivo para los docentes. Se efect\u00faa para el dictado de la clase y su uso es durante la misma. La devoluci\u00f3n se debe hacer al finalizar la clase diaria. Se presta la totalidad del acervo bibliogr\u00e1fico.<\/p>\n\n\n\n<p><br><strong>CAP\u00cdTULO 6\u00ba: SOBRE LAS SANCIONES.<\/strong><br>Las sanciones se aplican al incumplimiento en la devolu\u00adci\u00f3n del PRESTAMO A DOMICILIO y \u00e9stas consisten \u00fanicamente en la suspensi\u00f3n en el servicio de pr\u00e9stamo. No incide para la consulta \u00abin situ\u00bb.<\/p>\n\n\n\n<p>La escala de las suspensiones es la siguiente:<br>\u2013 2 d\u00edas de atraso suspensi\u00f3n por 5 d\u00edas h\u00e1biles.<br>\u2013 4 d\u00edas de atraso suspensi\u00f3n por 10 d\u00edas h\u00e1biles.<br>\u2013 12 d\u00edas de atraso suspensi\u00f3n por 3 semanas.<br>\u2013 15 d\u00edas de atraso suspensi\u00f3n por 1 mes.<br>\u2013 30 d\u00edas de atraso suspensi\u00f3n por 7 semanas.<br>\u2013 40 d\u00edas de atraso suspensi\u00f3n por 3 meses.<\/p>\n\n\n\n<p><strong>CAPITULO 7\u00ba: SOBRE LA P\u00c9RDIDA O DETERIORO DEL MATERIAL BIBLIO\u00adGR\u00c1FICO.<\/strong><br>Verificada la p\u00e9rdida de una obra por un usuario\/a, debe ser repuesta por una obra id\u00e9ntica, o en su defecto, por otra obra del mismo tema y de autor\/a reconocido, propuesta por la Biblioteca.<br>Una obra deteriorada, adem\u00e1s de la sanci\u00f3n que correspon\u00adda, debe ser repuesta por una obra id\u00e9ntica, o, en su defecto, por otra obra del mismo tema y de autor reconocido, propuesta por la Biblioteca.<br>Rogamos cumplir con lo antes estipulado ya que de esta forma garantizaremos el uso democr\u00e1tico y solidario del material que le pertenece a toda la comunidad educativa.<\/p>\n\n\n\n<pre class=\"wp-block-preformatted\"><\/pre>\n\n\n\n<pre class=\"wp-block-code\"><code><\/code><\/pre>\n\n\n\n<pre class=\"wp-block-code\"><code><\/code><\/pre>\n","protected":false},"excerpt":{"rendered":"<p>Direcci\u00f3n: Sarmiento 2573 \u2013 1\u00ba Piso. CABA&nbsp; \u2013 C\u00f3digo Postal&nbsp; 1045. Tel\u00e9fono: 4953-9368\/9342 int. 110. La Biblioteca de la EMAD cuenta con m\u00e1s de 10.000 vol\u00famenes entre textos, libros, publicaciones, revistas, y archivos hist\u00f3ricos; adem\u00e1s de videos y DVD\u00b4s.&nbsp;Para su debida conservaci\u00f3n y futuro crecimiento sugerimos leer el reglamento de la Biblioteca. Reglamento: CAPITULO 1\u00ba: &#8230; <a title=\"BIBLIOTECA EMAD\" class=\"read-more\" href=\"https:\/\/emad-caba.infd.edu.ar\/sitio\/biblioteca-emad\/\" aria-label=\"More on BIBLIOTECA EMAD\">[+]<\/a><\/p>\n","protected":false},"author":195,"featured_media":0,"parent":0,"menu_order":0,"comment_status":"closed","ping_status":"closed","template":"","meta":[],"acf":[],"_links":{"self":[{"href":"https:\/\/emad-caba.infd.edu.ar\/sitio\/wp-json\/wp\/v2\/pages\/3521"}],"collection":[{"href":"https:\/\/emad-caba.infd.edu.ar\/sitio\/wp-json\/wp\/v2\/pages"}],"about":[{"href":"https:\/\/emad-caba.infd.edu.ar\/sitio\/wp-json\/wp\/v2\/types\/page"}],"author":[{"embeddable":true,"href":"https:\/\/emad-caba.infd.edu.ar\/sitio\/wp-json\/wp\/v2\/users\/195"}],"replies":[{"embeddable":true,"href":"https:\/\/emad-caba.infd.edu.ar\/sitio\/wp-json\/wp\/v2\/comments?post=3521"}],"version-history":[{"count":16,"href":"https:\/\/emad-caba.infd.edu.ar\/sitio\/wp-json\/wp\/v2\/pages\/3521\/revisions"}],"predecessor-version":[{"id":4692,"href":"https:\/\/emad-caba.infd.edu.ar\/sitio\/wp-json\/wp\/v2\/pages\/3521\/revisions\/4692"}],"wp:attachment":[{"href":"https:\/\/emad-caba.infd.edu.ar\/sitio\/wp-json\/wp\/v2\/media?parent=3521"}],"curies":[{"name":"wp","href":"https:\/\/api.w.org\/{rel}","templated":true}]}}