{"id":3478,"date":"2021-08-19T18:18:29","date_gmt":"2021-08-19T21:18:29","guid":{"rendered":"https:\/\/emad-caba.infd.edu.ar\/sitio\/?page_id=3478"},"modified":"2021-08-19T18:19:06","modified_gmt":"2021-08-19T21:19:06","slug":"seminario-extracurricular-2021-prof-ciro-zorzoli","status":"publish","type":"page","link":"https:\/\/emad-caba.infd.edu.ar\/sitio\/seminario-extracurricular-2021-prof-ciro-zorzoli\/","title":{"rendered":"Seminario extracurricular 2021 Prof. Ciro Zorzoli"},"content":{"rendered":"\n<p><strong>Seminario extracurricular 2021<\/strong><\/p>\n\n\n\n<p><strong>El vac\u00edo y la palabra.<\/strong><\/p>\n\n\n\n<p><strong>Ritmo, melod\u00eda y silencio en la oralidad actoral.<\/strong><\/p>\n\n\n\n<p><strong>Prof. Ciro Zorzoli<\/strong><\/p>\n\n\n\n<p>Destinado a Egresadxs de todas las carreras y cursos de la EMAD.<\/p>\n\n\n\n<p>La pandemia, con el consiguiente auge de la virtualidad, ha puesto en primer plano (entre otras tantas cosas) a la voz humana. Un territorio sonoro que se extiende m\u00e1s all\u00e1 del mero acto de hablar, y que en el caso de la pr\u00e1ctica teatral se vuelve una oportunidad de adentrarnos en su dimensi\u00f3n po\u00e9tica.<br><br>Es por esto que en el presente taller\/seminario nos propondremos experimentar sobre el ritmo, la melod\u00eda y el silencio en la oralidad actoral y su relaci\u00f3n con la tensi\u00f3n dram\u00e1tica.<\/p>\n\n\n\n<p><br>Partiendo de la hip\u00f3tesis de que en todo acto del habla subyacen (a veces en potencia) tensiones que percibimos desde lo puramente sonoro -y no solo desde lo que se dice- es que abordaremos diferentes materiales (piezas teatrales, radioteatro, poes\u00eda, cuentos, etc.) a fin de seguir ampliando&nbsp; nuestra percepci\u00f3n de esas tensiones y desarrollando su correlato sonoro en nuestra propia oralidad.<\/p>\n\n\n\n<p><strong>Modalidad: virtual.<br><br><\/strong><\/p>\n\n\n\n<p><strong>Desde el 05 de Octubre al 07 Diciembre.<\/strong><\/p>\n\n\n\n<p><strong>Martes de 10:00 hs a 13:30hs&nbsp;<\/strong><\/p>\n\n\n\n<p><strong>10 encuentros de trabajo sincr\u00f3nico y asincr\u00f3nico<\/strong><\/p>\n\n\n\n<p><strong>(los dos \u00faltimos encuentros ser\u00e1n de 10:00 hs a 14:00hs)<\/strong><\/p>\n\n\n\n<p><strong>Carga horaria: 36 horas reloj<\/strong><strong>.<\/strong><\/p>\n\n\n\n<p><strong>Cupo: 20 participantes.<\/strong><strong><\/strong><\/p>\n\n\n\n<p><strong>INSCRIPCIONES: del 23 de agosto al 17 de septiembre de 2021.<\/strong><\/p>\n\n\n\n<p><a href=\"https:\/\/forms.gle\/1Yedg1SfiMrhdtoq8\">https:\/\/forms.gle\/1Yedg1SfiMrhdtoq8<\/a><\/p>\n\n\n\n<p>Si se supera el cupo, una vez finalizada la inscripci\u00f3n se realizar\u00e1 un sorteo en fecha y horario que ser\u00e1 comunicado por mail a lxs inscriptxs.<\/p>\n\n\n\n<p>Se entregara Certificado del Seminario a aquellas personas que completen el 75% de asistencia.<\/p>\n","protected":false},"excerpt":{"rendered":"<p>Seminario extracurricular 2021 El vac\u00edo y la palabra. Ritmo, melod\u00eda y silencio en la oralidad actoral. Prof. Ciro Zorzoli Destinado a Egresadxs de todas las carreras y cursos de la EMAD. La pandemia, con el consiguiente auge de la virtualidad, ha puesto en primer plano (entre otras tantas cosas) a la voz humana. Un territorio &#8230; <a title=\"Seminario extracurricular 2021 Prof. Ciro Zorzoli\" class=\"read-more\" href=\"https:\/\/emad-caba.infd.edu.ar\/sitio\/seminario-extracurricular-2021-prof-ciro-zorzoli\/\" aria-label=\"More on Seminario extracurricular 2021 Prof. Ciro Zorzoli\">[+]<\/a><\/p>\n","protected":false},"author":195,"featured_media":0,"parent":0,"menu_order":0,"comment_status":"closed","ping_status":"closed","template":"","meta":[],"acf":[],"_links":{"self":[{"href":"https:\/\/emad-caba.infd.edu.ar\/sitio\/wp-json\/wp\/v2\/pages\/3478"}],"collection":[{"href":"https:\/\/emad-caba.infd.edu.ar\/sitio\/wp-json\/wp\/v2\/pages"}],"about":[{"href":"https:\/\/emad-caba.infd.edu.ar\/sitio\/wp-json\/wp\/v2\/types\/page"}],"author":[{"embeddable":true,"href":"https:\/\/emad-caba.infd.edu.ar\/sitio\/wp-json\/wp\/v2\/users\/195"}],"replies":[{"embeddable":true,"href":"https:\/\/emad-caba.infd.edu.ar\/sitio\/wp-json\/wp\/v2\/comments?post=3478"}],"version-history":[{"count":1,"href":"https:\/\/emad-caba.infd.edu.ar\/sitio\/wp-json\/wp\/v2\/pages\/3478\/revisions"}],"predecessor-version":[{"id":3479,"href":"https:\/\/emad-caba.infd.edu.ar\/sitio\/wp-json\/wp\/v2\/pages\/3478\/revisions\/3479"}],"wp:attachment":[{"href":"https:\/\/emad-caba.infd.edu.ar\/sitio\/wp-json\/wp\/v2\/media?parent=3478"}],"curies":[{"name":"wp","href":"https:\/\/api.w.org\/{rel}","templated":true}]}}