{"id":286,"date":"2016-10-31T13:17:59","date_gmt":"2016-10-31T16:17:59","guid":{"rendered":"https:\/\/emad-caba.infd.edu.ar\/sitio\/?page_id=286"},"modified":"2025-08-05T19:20:53","modified_gmt":"2025-08-05T22:20:53","slug":"inicio","status":"publish","type":"page","link":"https:\/\/emad-caba.infd.edu.ar\/sitio\/","title":{"rendered":"Inicio"},"content":{"rendered":"\n<figure class=\"wp-block-image size-large is-resized\"><a href=\"https:\/\/buenosaires.gob.ar\/cultura\/ensenanza-artistica\/escuela-metropolitana-de-arte-dramatico-emad\" target=\"_blank\" rel=\"noreferrer noopener\"><img decoding=\"async\" loading=\"lazy\" src=\"https:\/\/emad-caba.infd.edu.ar\/sitio\/wp-content\/uploads\/2025\/07\/LOGO-BA-Principal_Logo-BA-principal-Azul-1900x659.jpg\" alt=\"\" class=\"wp-image-5654\" width=\"146\" height=\"50\" srcset=\"https:\/\/emad-caba.infd.edu.ar\/sitio\/wp-content\/uploads\/2025\/07\/LOGO-BA-Principal_Logo-BA-principal-Azul-1900x659.jpg 1900w, https:\/\/emad-caba.infd.edu.ar\/sitio\/wp-content\/uploads\/2025\/07\/LOGO-BA-Principal_Logo-BA-principal-Azul-1000x347.jpg 1000w, https:\/\/emad-caba.infd.edu.ar\/sitio\/wp-content\/uploads\/2025\/07\/LOGO-BA-Principal_Logo-BA-principal-Azul-768x266.jpg 768w, https:\/\/emad-caba.infd.edu.ar\/sitio\/wp-content\/uploads\/2025\/07\/LOGO-BA-Principal_Logo-BA-principal-Azul-1536x533.jpg 1536w, https:\/\/emad-caba.infd.edu.ar\/sitio\/wp-content\/uploads\/2025\/07\/LOGO-BA-Principal_Logo-BA-principal-Azul-2048x711.jpg 2048w\" sizes=\"(max-width: 146px) 100vw, 146px\" \/><\/a><\/figure>\n\n\n\n<p>Redes oficiales<\/p>\n\n\n\n<ul class=\"wp-block-social-links is-layout-flex\"><li class=\"wp-social-link wp-social-link-facebook wp-block-social-link\"><a href=\"https:\/\/www.facebook.com\/profile.php?id=61573742333691\" class=\"wp-block-social-link-anchor\"><svg width=\"24\" height=\"24\" viewBox=\"0 0 24 24\" version=\"1.1\" xmlns=\"http:\/\/www.w3.org\/2000\/svg\" aria-hidden=\"true\" focusable=\"false\"><path d=\"M12 2C6.5 2 2 6.5 2 12c0 5 3.7 9.1 8.4 9.9v-7H7.9V12h2.5V9.8c0-2.5 1.5-3.9 3.8-3.9 1.1 0 2.2.2 2.2.2v2.5h-1.3c-1.2 0-1.6.8-1.6 1.6V12h2.8l-.4 2.9h-2.3v7C18.3 21.1 22 17 22 12c0-5.5-4.5-10-10-10z\"><\/path><\/svg><span class=\"wp-block-social-link-label screen-reader-text\">Facebook<\/span><\/a><\/li>\n\n<li class=\"wp-social-link wp-social-link-instagram wp-block-social-link\"><a href=\"https:\/\/www.instagram.com\/laemadoficial\/\" class=\"wp-block-social-link-anchor\"><svg width=\"24\" height=\"24\" viewBox=\"0 0 24 24\" version=\"1.1\" xmlns=\"http:\/\/www.w3.org\/2000\/svg\" aria-hidden=\"true\" focusable=\"false\"><path d=\"M12,4.622c2.403,0,2.688,0.009,3.637,0.052c0.877,0.04,1.354,0.187,1.671,0.31c0.42,0.163,0.72,0.358,1.035,0.673 c0.315,0.315,0.51,0.615,0.673,1.035c0.123,0.317,0.27,0.794,0.31,1.671c0.043,0.949,0.052,1.234,0.052,3.637 s-0.009,2.688-0.052,3.637c-0.04,0.877-0.187,1.354-0.31,1.671c-0.163,0.42-0.358,0.72-0.673,1.035 c-0.315,0.315-0.615,0.51-1.035,0.673c-0.317,0.123-0.794,0.27-1.671,0.31c-0.949,0.043-1.233,0.052-3.637,0.052 s-2.688-0.009-3.637-0.052c-0.877-0.04-1.354-0.187-1.671-0.31c-0.42-0.163-0.72-0.358-1.035-0.673 c-0.315-0.315-0.51-0.615-0.673-1.035c-0.123-0.317-0.27-0.794-0.31-1.671C4.631,14.688,4.622,14.403,4.622,12 s0.009-2.688,0.052-3.637c0.04-0.877,0.187-1.354,0.31-1.671c0.163-0.42,0.358-0.72,0.673-1.035 c0.315-0.315,0.615-0.51,1.035-0.673c0.317-0.123,0.794-0.27,1.671-0.31C9.312,4.631,9.597,4.622,12,4.622 M12,3 C9.556,3,9.249,3.01,8.289,3.054C7.331,3.098,6.677,3.25,6.105,3.472C5.513,3.702,5.011,4.01,4.511,4.511 c-0.5,0.5-0.808,1.002-1.038,1.594C3.25,6.677,3.098,7.331,3.054,8.289C3.01,9.249,3,9.556,3,12c0,2.444,0.01,2.751,0.054,3.711 c0.044,0.958,0.196,1.612,0.418,2.185c0.23,0.592,0.538,1.094,1.038,1.594c0.5,0.5,1.002,0.808,1.594,1.038 c0.572,0.222,1.227,0.375,2.185,0.418C9.249,20.99,9.556,21,12,21s2.751-0.01,3.711-0.054c0.958-0.044,1.612-0.196,2.185-0.418 c0.592-0.23,1.094-0.538,1.594-1.038c0.5-0.5,0.808-1.002,1.038-1.594c0.222-0.572,0.375-1.227,0.418-2.185 C20.99,14.751,21,14.444,21,12s-0.01-2.751-0.054-3.711c-0.044-0.958-0.196-1.612-0.418-2.185c-0.23-0.592-0.538-1.094-1.038-1.594 c-0.5-0.5-1.002-0.808-1.594-1.038c-0.572-0.222-1.227-0.375-2.185-0.418C14.751,3.01,14.444,3,12,3L12,3z M12,7.378 c-2.552,0-4.622,2.069-4.622,4.622S9.448,16.622,12,16.622s4.622-2.069,4.622-4.622S14.552,7.378,12,7.378z M12,15 c-1.657,0-3-1.343-3-3s1.343-3,3-3s3,1.343,3,3S13.657,15,12,15z M16.804,6.116c-0.596,0-1.08,0.484-1.08,1.08 s0.484,1.08,1.08,1.08c0.596,0,1.08-0.484,1.08-1.08S17.401,6.116,16.804,6.116z\"><\/path><\/svg><span class=\"wp-block-social-link-label screen-reader-text\">Instagram<\/span><\/a><\/li>\n\n<li class=\"wp-social-link wp-social-link-youtube wp-block-social-link\"><a href=\"https:\/\/www.youtube.com\/channel\/UC3VmlUB-RgZ_YjQ4uewkzdQ\" class=\"wp-block-social-link-anchor\"><svg width=\"24\" height=\"24\" viewBox=\"0 0 24 24\" version=\"1.1\" xmlns=\"http:\/\/www.w3.org\/2000\/svg\" aria-hidden=\"true\" focusable=\"false\"><path d=\"M21.8,8.001c0,0-0.195-1.378-0.795-1.985c-0.76-0.797-1.613-0.801-2.004-0.847c-2.799-0.202-6.997-0.202-6.997-0.202 h-0.009c0,0-4.198,0-6.997,0.202C4.608,5.216,3.756,5.22,2.995,6.016C2.395,6.623,2.2,8.001,2.2,8.001S2,9.62,2,11.238v1.517 c0,1.618,0.2,3.237,0.2,3.237s0.195,1.378,0.795,1.985c0.761,0.797,1.76,0.771,2.205,0.855c1.6,0.153,6.8,0.201,6.8,0.201 s4.203-0.006,7.001-0.209c0.391-0.047,1.243-0.051,2.004-0.847c0.6-0.607,0.795-1.985,0.795-1.985s0.2-1.618,0.2-3.237v-1.517 C22,9.62,21.8,8.001,21.8,8.001z M9.935,14.594l-0.001-5.62l5.404,2.82L9.935,14.594z\"><\/path><\/svg><span class=\"wp-block-social-link-label screen-reader-text\">YouTube<\/span><\/a><\/li><\/ul>\n\n\n\n<p><strong>Historia de la EMAD<\/strong><\/p>\n\n\n\n<p>La Escuela Metropolitana de Arte Dram\u00e1tico tiene sus or\u00edgenes en un curso de teatro vocacional para adolescentes implementado como extensi\u00f3n del Instituto Labard\u00e9n. Dicho curso, a pedido de su comunidad educativa, pasa a transformarse en el a\u00f1o 1965 en la Escuela Municipal de Arte Dram\u00e1tico (EMAD).<\/p>\n\n\n\n<p>La EMAD fue creciendo en su poder de convocatoria hasta que un decreto del a\u00f1o 1974 la separa del Instituto Labard\u00e9n. La nueva autonom\u00eda dio aliento al nacimiento de lo que podr\u00edamos llamar la educaci\u00f3n teatral moderna de la ciudad.<\/p>\n\n\n\n<p>A fines de 1983, con la recuperaci\u00f3n de la democracia, el nuevo gobierno comunal propone profundos cambios que dinamizan el \u00e1rea cultural. La EMAD se suma a los mismos produciendo modificaciones en sus planes de estudio, ampliando la oferta educativa con la creaci\u00f3n de un nuevo turno (el matutino) para la existente carrera de Formaci\u00f3n del Actor y la Actriz, y creando la carrera de Puesta en Escena, destinada a la formaci\u00f3n de directores y directoras teatrales, cubriendo de este modo un rubro poco asistido y opacado por el gran crecimiento que hab\u00eda obtenido la formaci\u00f3n actoral.<\/p>\n\n\n\n<p>Asimismo, y siempre en el marco de jerarquizaci\u00f3n de la Escuela, se renov\u00f3 el cuerpo docente incorporando destacados profesionales en todas las \u00e1reas.<\/p>\n\n\n\n<p>La EMAD, asumida desde entonces como un \u00e1mbito pedag\u00f3gico para la formaci\u00f3n de profesionales del teatro, estrech\u00f3 v\u00ednculos con otras escuelas y grupos teatrales del exterior, recibiendo, entre otros, durante dos a\u00f1os seguidos, al famoso Odin Teatret de Dinamarca, que dio cursos a los alumnos avanzados.<\/p>\n\n\n\n<p>Del mismo modo, se acercaron relevantes personalidades locales y extranjeras que dieron vida a una escuela que fue ganando un lugar de jerarqu\u00eda indiscutible en el \u00e1mbito de la formaci\u00f3n profesional: Juan Carlos Gen\u00e9, Fernando Arrabal, Osvaldo Drag\u00fan, Enrique Buenaventura, Roberto Cossa, Eugenio Barba, Ricardo Bartis, Company Philipe Genty, entre otros.<\/p>\n\n\n\n<p>A partir del 28 de diciembre de 2001 y por Decreto N\u00ba 2139\/001 se aprueban los planes de estudio de la Escuela Metropolitana de Arte Dram\u00e1tico del Gobierno de la Ciudad de Buenos Aires para responder a las exigencias del Decreto N\u00ba 316\/2000, por el cual la EAD queda comprendida dentro de los alcances de la Ley de Educaci\u00f3n Superior (24.521\/95) y del Acuerdo Marco para Educaci\u00f3n Art\u00edstica Serie A-20, Resoluci\u00f3n N\u00ba 88\/98 del Consejo Federal de Cultura y Educaci\u00f3n, adquiriendo de este modo pleno car\u00e1cter de Instituto Superior no Universitario.<\/p>\n\n\n\n<p>Este Instituto Superior de Formaci\u00f3n Docente forma parte del sistema de educaci\u00f3n p\u00fablica de gesti\u00f3n estatal.<\/p>\n\n\n\n<p><div>   <\/div><\/p>\n","protected":false},"excerpt":{"rendered":"<p>Redes oficiales Historia de la EMAD La Escuela Metropolitana de Arte Dram\u00e1tico tiene sus or\u00edgenes en un curso de teatro vocacional para adolescentes implementado como extensi\u00f3n del Instituto Labard\u00e9n. Dicho curso, a pedido de su comunidad educativa, pasa a transformarse en el a\u00f1o 1965 en la Escuela Municipal de Arte Dram\u00e1tico (EMAD). La EMAD fue &#8230; <a title=\"Inicio\" class=\"read-more\" href=\"https:\/\/emad-caba.infd.edu.ar\/sitio\/\" aria-label=\"More on Inicio\">[+]<\/a><\/p>\n","protected":false},"author":1,"featured_media":0,"parent":0,"menu_order":0,"comment_status":"closed","ping_status":"closed","template":"","meta":[],"acf":[],"_links":{"self":[{"href":"https:\/\/emad-caba.infd.edu.ar\/sitio\/wp-json\/wp\/v2\/pages\/286"}],"collection":[{"href":"https:\/\/emad-caba.infd.edu.ar\/sitio\/wp-json\/wp\/v2\/pages"}],"about":[{"href":"https:\/\/emad-caba.infd.edu.ar\/sitio\/wp-json\/wp\/v2\/types\/page"}],"author":[{"embeddable":true,"href":"https:\/\/emad-caba.infd.edu.ar\/sitio\/wp-json\/wp\/v2\/users\/1"}],"replies":[{"embeddable":true,"href":"https:\/\/emad-caba.infd.edu.ar\/sitio\/wp-json\/wp\/v2\/comments?post=286"}],"version-history":[{"count":284,"href":"https:\/\/emad-caba.infd.edu.ar\/sitio\/wp-json\/wp\/v2\/pages\/286\/revisions"}],"predecessor-version":[{"id":5661,"href":"https:\/\/emad-caba.infd.edu.ar\/sitio\/wp-json\/wp\/v2\/pages\/286\/revisions\/5661"}],"wp:attachment":[{"href":"https:\/\/emad-caba.infd.edu.ar\/sitio\/wp-json\/wp\/v2\/media?parent=286"}],"curies":[{"name":"wp","href":"https:\/\/api.w.org\/{rel}","templated":true}]}}