{"id":1676,"date":"2018-09-24T15:51:32","date_gmt":"2018-09-24T18:51:32","guid":{"rendered":"https:\/\/emad-caba.infd.edu.ar\/sitio\/?page_id=1676"},"modified":"2025-11-11T20:10:28","modified_gmt":"2025-11-11T23:10:28","slug":"seleccion-de-antecedentes-docentes","status":"publish","type":"page","link":"https:\/\/emad-caba.infd.edu.ar\/sitio\/seleccion-de-antecedentes-docentes\/","title":{"rendered":"Selecci\u00f3n de antecedentes docentes 2025"},"content":{"rendered":"<p>SELECCION DE ANTECEDENTES EN NIVEL TERCIARIO.<\/p>\n<p>Los niveles terciarios de las instituciones convocan a selecci\u00f3n de antecedentes para cubrir c\u00e1tedras vacantes. Cada instituci\u00f3n indica el formato de presentaci\u00f3n de curriculum vitae en el llamado, as\u00ed como los per\u00edodos y el jurado que se encargar\u00e1 de la evaluaci\u00f3n y de confeccionar el orden de m\u00e9rito.<\/p>\n<h5><\/h5>\n<ul>\n<li>\n<h5><span style=\"color: #000000;\"><strong>MODELO CARTA SOLICITUD ESPECIAL PREPARACION. Click&nbsp;<a href=\"https:\/\/emad-caba.infd.edu.ar\/sitio\/wp-content\/uploads\/2020\/05\/Modelo-carta-solicitud-especial-preparacio\u0301n.doc\" target=\"_blank\" rel=\"noopener\"><span style=\"color: #008000;\">aqu\u00ed<\/span><\/a><\/strong><\/span><\/h5>\n<\/li>\n<\/ul>\n<h4><\/h4>\n","protected":false},"excerpt":{"rendered":"<p>SELECCION DE ANTECEDENTES EN NIVEL TERCIARIO. Los niveles terciarios de las instituciones convocan a selecci\u00f3n de antecedentes para cubrir c\u00e1tedras vacantes. Cada instituci\u00f3n indica el formato de presentaci\u00f3n de curriculum vitae en el llamado, as\u00ed como los per\u00edodos y el jurado que se encargar\u00e1 de la evaluaci\u00f3n y de confeccionar el orden de m\u00e9rito. MODELO &#8230; <a title=\"Selecci\u00f3n de antecedentes docentes 2025\" class=\"read-more\" href=\"https:\/\/emad-caba.infd.edu.ar\/sitio\/seleccion-de-antecedentes-docentes\/\" aria-label=\"More on Selecci\u00f3n de antecedentes docentes 2025\">[+]<\/a><\/p>\n","protected":false},"author":195,"featured_media":0,"parent":0,"menu_order":0,"comment_status":"closed","ping_status":"closed","template":"","meta":[],"acf":[],"_links":{"self":[{"href":"https:\/\/emad-caba.infd.edu.ar\/sitio\/wp-json\/wp\/v2\/pages\/1676"}],"collection":[{"href":"https:\/\/emad-caba.infd.edu.ar\/sitio\/wp-json\/wp\/v2\/pages"}],"about":[{"href":"https:\/\/emad-caba.infd.edu.ar\/sitio\/wp-json\/wp\/v2\/types\/page"}],"author":[{"embeddable":true,"href":"https:\/\/emad-caba.infd.edu.ar\/sitio\/wp-json\/wp\/v2\/users\/195"}],"replies":[{"embeddable":true,"href":"https:\/\/emad-caba.infd.edu.ar\/sitio\/wp-json\/wp\/v2\/comments?post=1676"}],"version-history":[{"count":17,"href":"https:\/\/emad-caba.infd.edu.ar\/sitio\/wp-json\/wp\/v2\/pages\/1676\/revisions"}],"predecessor-version":[{"id":5714,"href":"https:\/\/emad-caba.infd.edu.ar\/sitio\/wp-json\/wp\/v2\/pages\/1676\/revisions\/5714"}],"wp:attachment":[{"href":"https:\/\/emad-caba.infd.edu.ar\/sitio\/wp-json\/wp\/v2\/media?parent=1676"}],"curies":[{"name":"wp","href":"https:\/\/api.w.org\/{rel}","templated":true}]}}