{"id":1338,"date":"2018-08-29T16:47:50","date_gmt":"2018-08-29T19:47:50","guid":{"rendered":"https:\/\/emad-caba.infd.edu.ar\/sitio\/festival-abriendo-escena\/"},"modified":"2023-10-17T19:31:23","modified_gmt":"2023-10-17T22:31:23","slug":"festival-abriendo-escena","status":"publish","type":"page","link":"https:\/\/emad-caba.infd.edu.ar\/sitio\/festival-abriendo-escena\/","title":{"rendered":"Festival ABRIENDO ESCENA"},"content":{"rendered":"<p style=\"text-align: justify;\"><span style=\"font-family: arial,helvetica,sans-serif; font-size: 12pt;\"><img decoding=\"async\" title=\"\" src=\"https:\/\/emad-caba.infd.edu.ar\/sitio\/wp-content\/uploads\/2018\/08\/tirita_puesta.jpg\" alt=\"\" border=\"0\" \/><\/span><\/p>\n<p>El Festival ABRIENDO ESCENA es una actividad llevada a cabo de manera conjunta por Estudiantes,\u00a0 Docentes\u00a0 y equipo de gesti\u00f3n de la Sede Jufr\u00e9, que desde hace m\u00e1s de 10 a\u00f1os promueve y difunde los montajes esc\u00e9nicos que surgen en el transcurso de la Tecnicatura Superior en Puesta en Escena y Escenograf\u00eda. A partir de su d\u00e9cima Edici\u00f3n, el Festival cuenta tambi\u00e9n con invitaciones para egresadxs y artistas afines a la comunidad de la EMAD.<\/p>\n<p>\u00a0<\/p>\n<p style=\"text-align: justify;\">\u00a0<\/p>\n\n\n<figure class=\"wp-block-image size-full is-resized\"><img decoding=\"async\" loading=\"lazy\" src=\"https:\/\/emad-caba.infd.edu.ar\/sitio\/wp-content\/uploads\/2023\/10\/Primer-afiche-del-Festival-ABRIENDO-ESCENA-realizado-por-estudiantes.jpg\" alt=\"\" class=\"wp-image-4854\" width=\"578\" height=\"546\" srcset=\"https:\/\/emad-caba.infd.edu.ar\/sitio\/wp-content\/uploads\/2023\/10\/Primer-afiche-del-Festival-ABRIENDO-ESCENA-realizado-por-estudiantes.jpg 1108w, https:\/\/emad-caba.infd.edu.ar\/sitio\/wp-content\/uploads\/2023\/10\/Primer-afiche-del-Festival-ABRIENDO-ESCENA-realizado-por-estudiantes-1000x946.jpg 1000w, https:\/\/emad-caba.infd.edu.ar\/sitio\/wp-content\/uploads\/2023\/10\/Primer-afiche-del-Festival-ABRIENDO-ESCENA-realizado-por-estudiantes-768x726.jpg 768w\" sizes=\"(max-width: 578px) 100vw, 578px\" \/><\/figure>\n","protected":false},"excerpt":{"rendered":"<p>El Festival ABRIENDO ESCENA es una actividad llevada a cabo de manera conjunta por Estudiantes,\u00a0 Docentes\u00a0 y equipo de gesti\u00f3n de la Sede Jufr\u00e9, que desde hace m\u00e1s de 10 a\u00f1os promueve y difunde los montajes esc\u00e9nicos que surgen en el transcurso de la Tecnicatura Superior en Puesta en Escena y Escenograf\u00eda. A partir de &#8230; <a title=\"Festival ABRIENDO ESCENA\" class=\"read-more\" href=\"https:\/\/emad-caba.infd.edu.ar\/sitio\/festival-abriendo-escena\/\" aria-label=\"More on Festival ABRIENDO ESCENA\">[+]<\/a><\/p>\n","protected":false},"author":195,"featured_media":0,"parent":0,"menu_order":0,"comment_status":"closed","ping_status":"closed","template":"","meta":[],"acf":[],"_links":{"self":[{"href":"https:\/\/emad-caba.infd.edu.ar\/sitio\/wp-json\/wp\/v2\/pages\/1338"}],"collection":[{"href":"https:\/\/emad-caba.infd.edu.ar\/sitio\/wp-json\/wp\/v2\/pages"}],"about":[{"href":"https:\/\/emad-caba.infd.edu.ar\/sitio\/wp-json\/wp\/v2\/types\/page"}],"author":[{"embeddable":true,"href":"https:\/\/emad-caba.infd.edu.ar\/sitio\/wp-json\/wp\/v2\/users\/195"}],"replies":[{"embeddable":true,"href":"https:\/\/emad-caba.infd.edu.ar\/sitio\/wp-json\/wp\/v2\/comments?post=1338"}],"version-history":[{"count":10,"href":"https:\/\/emad-caba.infd.edu.ar\/sitio\/wp-json\/wp\/v2\/pages\/1338\/revisions"}],"predecessor-version":[{"id":4855,"href":"https:\/\/emad-caba.infd.edu.ar\/sitio\/wp-json\/wp\/v2\/pages\/1338\/revisions\/4855"}],"wp:attachment":[{"href":"https:\/\/emad-caba.infd.edu.ar\/sitio\/wp-json\/wp\/v2\/media?parent=1338"}],"curies":[{"name":"wp","href":"https:\/\/api.w.org\/{rel}","templated":true}]}}