{"id":1312,"date":"2018-08-29T16:47:40","date_gmt":"2018-08-29T19:47:40","guid":{"rendered":"https:\/\/emad-caba.infd.edu.ar\/sitio\/preguntas-frecuentes\/"},"modified":"2025-12-18T19:19:01","modified_gmt":"2025-12-18T22:19:01","slug":"preguntas-frecuentes","status":"publish","type":"page","link":"https:\/\/emad-caba.infd.edu.ar\/sitio\/preguntas-frecuentes\/","title":{"rendered":"Preguntas frecuentes"},"content":{"rendered":"<p><span style=\"font-size: 12pt; font-family: arial, helvetica, sans-serif;\">PRESENTACI\u00d3N INSTITUCIONAL<\/span><\/p>\n<p><span style=\"font-size: 12pt; font-family: arial, helvetica, sans-serif;\">(PREGUNTAS FRECUENTES)<\/span><\/p>\n<p><span style=\"font-size: 12pt; font-family: arial, helvetica, sans-serif;\">\u00a0<\/span><\/p>\n<p><span style=\"font-size: 12pt; font-family: arial, helvetica, sans-serif;\"><strong>\u00bfQU\u00c9 ES LA COOPERADORA EMAD? <\/strong><\/span><\/p>\n<p style=\"text-align: justify;\"><span style=\"font-size: 12pt; font-family: arial, helvetica, sans-serif;\">Somos la Asociaci\u00f3n Civil sin fines de lucro conformada por <strong>todos los estudiantes <\/strong><strong>de la Escuela Metropolitana de Arte Dram\u00e1tico <\/strong>nucleados solidaria y democr\u00e1tica para garantizar el crecimiento de la instituci\u00f3n, el desarrollo de las actividades educativas, curriculares y extracurriculares.<\/span><\/p>\n<p><span style=\"font-size: 12pt; font-family: arial, helvetica, sans-serif;\"><strong>\u00bfQU\u00c9 ES LA EMAD?<\/strong><\/span><\/p>\n<p><span style=\"font-size: 12pt; font-family: arial, helvetica, sans-serif;\">La\u00a0Escuela Metropolitana de Arte Dram\u00e1tico es el <strong>Instituto Superior no Universitario\u00a0de formaci\u00f3n en las diferentes disciplinas teatrales de la Ciudad de Buenos Aires.<\/strong><\/span><span style=\"font-size: 12pt; font-family: arial, helvetica, sans-serif;\"><strong>En la actualidad cuenta con cinco sedes donde se dictan <\/strong>las carreras y cursos de:<\/span><\/p>\n<p><span style=\"font-size: 12pt; font-family: arial, helvetica, sans-serif;\"><span style=\"color: #339966;\">&#8211;\u00a0\u00a0\u00a0<\/span>\u00a0\u00a0\u00a0 <span style=\"color: #339966;\"><a title=\"Formaci\u00f3n del Actor - Actriz\" href=\"https:\/\/emad-caba.infd.edu.ar\/sitio\/formacion-del-actor-actriz\/\"><span style=\"color: #339966;\">Formaci\u00f3n del Actor y la Actriz<\/span><\/a><\/span><\/span><\/p>\n<p><span style=\"font-size: 12pt; font-family: arial, helvetica, sans-serif; color: #339966;\">&#8211;\u00a0\u00a0\u00a0\u00a0\u00a0\u00a0 <a title=\"Tecnicatura Superior en Puesta en Escena\" href=\"index.cgi?wid_seccion=18\"><span style=\"color: #339966;\">Tecnicatura Superior en Puesta en Escena<\/span><\/a>;<\/span><\/p>\n<p><span style=\"font-size: 12pt; font-family: arial, helvetica, sans-serif; color: #339966;\">&#8211;\u00a0\u00a0\u00a0\u00a0\u00a0\u00a0 <a title=\"Tecnicatura Superior en Escenograf\u00eda\" href=\"index.cgi?wid_seccion=20\"><span style=\"color: #339966;\">Tecnicatura Superior en Escenograf\u00eda<\/span><\/a>;<\/span><\/p>\n<p><span style=\"font-size: 12pt; font-family: arial, helvetica, sans-serif; color: #339966;\">&#8211;\u00a0\u00a0\u00a0\u00a0\u00a0\u00a0 <a title=\"Profesorado de Teatro\" href=\"index.cgi?wid_seccion=2\"><span style=\"color: #339966;\">Profesorado de Teatro;<\/span><\/a><\/span><\/p>\n<p><span style=\"font-size: 12pt; font-family: arial, helvetica, sans-serif; color: #339966;\">&#8211;\u00a0\u00a0\u00a0\u00a0\u00a0\u00a0 <a title=\"Curso de Dramaturgia\" href=\"index.cgi?wid_seccion=19\"><span style=\"color: #339966;\">Curso de Dramaturgia<\/span><\/a>;\u00a0<\/span><\/p>\n<p><span style=\"font-size: 12pt; font-family: arial, helvetica, sans-serif; color: #339966;\">&#8211;\u00a0\u00a0\u00a0\u00a0\u00a0\u00a0 <a title=\"Curso de Formaci\u00f3n del Actor - Actriz para la Actuaci\u00f3n en Espacios Abiertos\" href=\"index.cgi?wid_seccion=21\"><span style=\"color: #339966;\">Curso de Formaci\u00f3n del Actor- Actriz para la Actuaci\u00f3n en Espacios Abiertos<\/span><\/a>.<\/span><\/p>\n<p><span style=\"font-size: 12pt; font-family: arial, helvetica, sans-serif; color: #339966;\">\u00a0<\/span><\/p>\n<p style=\"text-align: justify;\"><span style=\"font-size: 12pt; font-family: arial, helvetica, sans-serif;\">La\u00a0E.M.A.D.\u00a0tiene<strong>\u00a0<\/strong>sus or\u00edgenes en un curso de teatro vocacional para adolescentes implementado como extensi\u00f3n del Instituto Labard\u00e9n. Este curso, a pedido de la comunidad educativa, pas\u00f3 a transformarse en 1965 en la Escuela Municipal de Arte Dram\u00e1tico.<\/span><\/p>\n<p style=\"text-align: justify;\"><span style=\"font-size: 12pt; font-family: arial, helvetica, sans-serif;\">La\u00a0E.M.A.D.\u00a0fue creciendo en su convocatoria hasta que por decreto, en el a\u00f1o 1974, se \u00a0la separ\u00f3 del Instituto Labard\u00e9n. Esta nueva autonom\u00eda dio aliento al nacimiento de lo que podr\u00eda llamarse la educaci\u00f3n teatral moderna\u00a0de la ciudad.<\/span><\/p>\n<p style=\"text-align: justify;\"><span style=\"font-size: 12pt; font-family: arial, helvetica, sans-serif;\">A fines de 1983, con la recuperaci\u00f3n de la democracia, el nuevo gobierno comunal propuso cambios profundos que dinamizaron el \u00e1rea cultural. La E.M.A.D. se sum\u00f3 a ellos produciendo modificaciones en sus planes de estudio, ampliando la oferta educativa con la creaci\u00f3n de un nuevo turno para la carrera de Formaci\u00f3n del Actor y la Actriz y creando la carrera de Puesta en Escena, destinada a la formaci\u00f3n de directores teatrales.<\/span><\/p>\n<p style=\"text-align: justify;\"><span style=\"font-size: 12pt; font-family: arial, helvetica, sans-serif;\">Asumida desde entonces como un \u00e1mbito pedag\u00f3gico para la formaci\u00f3n de profesionales del teatro, estrech\u00f3 v\u00ednculos con otras escuelas y grupos teatrales del exterior, entre otros, recibi\u00f3 al famoso Odin Teatret de Dinamarca que dio cursos a los alumnos avanzados. Tambi\u00e9n se acercaron relevantes personalidades locales y extranjeras, reforzando un lugar de excelencia en el \u00e1mbito de la formaci\u00f3n profesional, tales como: Juan Carlos Gen\u00e9, Fernando Arrabal, Osvaldo Drag\u00fan, Enrique Buenaventura, Roberto Cossa, Eugenio Barba, Ricardo Bartis, Company Philipe Genty, entre otros.<\/span><\/p>\n<p style=\"text-align: justify;\"><span style=\"font-size: 12pt; font-family: arial, helvetica, sans-serif;\">En 1996 acorde al nuevo status jur\u00eddico de Ciudad Aut\u00f3noma de Buenos Aires se modifica el nombre y cambia de Municipal a Metropolitana manteniendo su sigla ya de renombre- y en diciembre de 2001, se modifican los planes de estudio para que quede comprendida dentro de los alcances de la Ley de Educaci\u00f3n Superior y del Acuerdo Marco para Educaci\u00f3n Art\u00edstica Serie A-20, adquiriendo de este modo pleno car\u00e1cter de Instituto Superior no Universitario.\u00a0<\/span><\/p>\n<p><span style=\"font-size: 12pt; font-family: arial, helvetica, sans-serif;\">En 2010 se aprueba el Reglamento Org\u00e1nico de funcionamiento de la Escuela que ampl\u00eda la oferta acad\u00e9mica con el Plan de Estudios de la Tecnicatura Superior en Puesta en Escena, la Tecnicatura Superior en Escenograf\u00eda y el Profesorado de Teatro.<\/span><\/p>\n<p><strong style=\"font-family: arial, helvetica, sans-serif; font-size: 12pt;\">\u00bfCUAL ES NUESTRA MISI\u00d3N?<\/strong><\/p>\n<p style=\"text-align: justify;\"><span style=\"font-size: 12pt; font-family: arial, helvetica, sans-serif;\">Nuestra misi\u00f3n es <strong>garantizar\u00a0<\/strong><strong>los recursos necesarios <\/strong>para el funcionamiento integral de la Escuela Metropolitana de Arte Dram\u00e1tico, el normal desarrollo pedag\u00f3gico de las actividades propias de cada una de sus carreras; y la producci\u00f3n art\u00edstica de sus docentes, alumnos y egresados.<\/span><\/p>\n<p style=\"text-align: justify;\"><span style=\"font-size: 12pt; font-family: arial, helvetica, sans-serif;\"><strong>\u00bfCUALES SON NUESTROS VALORES?<\/strong><\/span><\/p>\n<p style=\"text-align: justify;\"><span style=\"font-size: 12pt; font-family: arial, helvetica, sans-serif;\">Nuestra ideolog\u00eda se funda en el principio p\u00fablico de la ense\u00f1anza art\u00edstica, manteniendo los postulados de una escuela libre, laica y gratuita. Para nuestro desempe\u00f1o institucional sostenemos los siguientes valores esenciales:<\/span><\/p>\n<p style=\"text-align: justify;\"><span style=\"font-size: 12pt; font-family: arial, helvetica, sans-serif;\">&#8211;\u00a0\u00a0\u00a0\u00a0\u00a0\u00a0 <strong>Excelencia<\/strong>: garantizar la mayor calidad educativa, el desarrollo art\u00edstico de sus integrantes y el aporte cultural a la sociedad que la sostiene.<\/span><\/p>\n<p style=\"text-align: justify;\"><span style=\"font-size: 12pt; font-family: arial, helvetica, sans-serif;\">&#8211;\u00a0\u00a0\u00a0\u00a0\u00a0\u00a0 <strong>Transparencia<\/strong>: brindar un marco legal y participativo para la toma de decisiones, difundiendo y haciendo accesible toda informaci\u00f3n sobre las acciones realizadas.<\/span><\/p>\n<p style=\"text-align: justify;\"><span style=\"font-size: 12pt; font-family: arial, helvetica, sans-serif;\">&#8211;\u00a0\u00a0\u00a0\u00a0\u00a0\u00a0 <strong>Solidaridad<\/strong>: contribuir al bien social sin una b\u00fasqueda de r\u00e9dito econ\u00f3mico personal o beneficio individual de ninguna naturaleza.<\/span><\/p>\n<p style=\"text-align: justify;\"><span style=\"font-size: 12pt; font-family: arial, helvetica, sans-serif;\">&#8211;\u00a0\u00a0\u00a0\u00a0\u00a0\u00a0 <strong>Equidad<\/strong>: contemplar un sistema justo donde se prioricen las necesidades en pos de brindar igualdad de oportunidades entre carreras y sedes.<\/span><\/p>\n<p style=\"text-align: justify;\"><span style=\"font-size: 12pt; font-family: arial, helvetica, sans-serif;\"><strong>\u00bfCOMO SE FINANCIA?<\/strong><\/span><\/p>\n<p style=\"text-align: justify;\"><span style=\"font-family: arial, helvetica, sans-serif; font-size: 12pt;\">La E.M.A.D. es una escuela p\u00fablica <\/span><strong style=\"font-family: arial, helvetica, sans-serif; font-size: 12pt;\">dependiente de la Direcci\u00f3n General de Ense\u00f1anza Art\u00edstica<\/strong><span style=\"font-family: arial, helvetica, sans-serif; font-size: 12pt;\"> (D.G.E.ART.) del Ministerio de Cultura del Gobierno de la Ciudad de Buenos Aires, al igual que otras instituciones de formaci\u00f3n art\u00edstica como:<\/span><\/p>\n<p><span style=\"font-size: 12pt; font-family: arial, helvetica, sans-serif;\">&#8211;\u00a0\u00a0\u00a0\u00a0\u00a0\u00a0 el Conservatorio Superior de M\u00fasica \u00abManuel de Falla\u00bb,<\/span><\/p>\n<p><span style=\"font-size: 12pt; font-family: arial, helvetica, sans-serif;\">&#8211;\u00a0\u00a0\u00a0\u00a0\u00a0\u00a0 el Conservatorio Superior de M\u00fasica de la Ciudad de Buenos Aires \u00ab\u00c1stor Piazzolla\u00bb,<\/span><\/p>\n<p><span style=\"font-size: 12pt; font-family: arial, helvetica, sans-serif;\">&#8211;\u00a0\u00a0\u00a0\u00a0\u00a0\u00a0 el Instituto Vocacional de Arte \u00abManuel Jos\u00e9 de Labard\u00e9n\u00bb y<\/span><\/p>\n<p><span style=\"font-size: 12pt; font-family: arial, helvetica, sans-serif;\">&#8211;\u00a0\u00a0\u00a0\u00a0\u00a0\u00a0 el Instituto de Investigaci\u00f3n en Etnomusicolog\u00eda.<\/span><\/p>\n<p style=\"text-align: justify;\"><span style=\"font-size: 12pt; font-family: arial, helvetica, sans-serif;\">Los Institutos no cuentan con un presupuesto propio y delegan a su<strong> Asociaci\u00f3n Cooperadora el rol de gesti\u00f3n, control y monitoreo de las partidas de la D.G.E.Art.<\/strong> traducidas en bienes de uso e insumos para dichos establecimientos.<\/span><\/p>\n<p style=\"text-align: justify;\"><span style=\"font-size: 12pt; font-family: arial, helvetica, sans-serif;\">La <strong>Partida 5 para insumos<\/strong>, com\u00fanmente conocida como Caja Chica, son bienes (no dinero) que <strong>la Direcci\u00f3n de la EMAD solicita a la D.G.E.ART<\/strong>, a partir del siguiente mecanismo:<\/span><\/p>\n<p><span style=\"font-size: 12pt; font-family: arial, helvetica, sans-serif;\">1)\u00a0\u00a0\u00a0 Confecci\u00f3n del listado de necesidades: seg\u00fan el relevamiento y demandas recibidas se prioriza por nivel de importancia hasta cubrir el monto de compra asignado.<\/span><\/p>\n<p><span style=\"font-size: 12pt; font-family: arial, helvetica, sans-serif;\">2)\u00a0\u00a0\u00a0 Concurso de precios: Se inicia el proceso de licitaci\u00f3n y solicitan tres presupuestos por cada elemento, invitando a los proveedores registrados en el Gobierno de la Ciudad a presentarse.<\/span><\/p>\n<p><span style=\"font-size: 12pt; font-family: arial, helvetica, sans-serif;\">3)\u00a0\u00a0\u00a0 La adjudicaci\u00f3n de la compra la realiza la D.G.E.ART al presupuesto m\u00e1s bajo.<\/span><\/p>\n<p><span style=\"font-size: 12pt; font-family: arial, helvetica, sans-serif;\">4)\u00a0\u00a0\u00a0 La Cooperadora acepta la partida, recibe y controla los insumos otorgados.<\/span><\/p>\n<p style=\"text-align: justify;\"><span style=\"font-size: 12pt; font-family: arial, helvetica, sans-serif;\">Existen tambi\u00e9n<strong> Partidas Presupuestarias Especiales <\/strong>para obras edilicias, bienes especiales u eventos particulares que as\u00ed lo ameriten.<\/span><\/p>\n<p style=\"text-align: justify;\"><span style=\"font-size: 12pt; font-family: arial, helvetica, sans-serif;\">Cuando las Partidas Presupuestarias no cumplen en tiempo o forma las demandas, se utilizan <strong>recursos propios<\/strong> de Cooperadora surgidas de herramientas complementarias como:<\/span><\/p>\n<p><span style=\"font-size: 12pt; font-family: arial, helvetica, sans-serif;\">&#8211;\u00a0\u00a0\u00a0\u00a0\u00a0\u00a0 Cuotas Sociales;<\/span><\/p>\n<p><span style=\"font-size: 12pt; font-family: arial, helvetica, sans-serif;\">&#8211;\u00a0\u00a0\u00a0\u00a0\u00a0\u00a0 Bonos Contribuci\u00f3n;<\/span><\/p>\n<p><span style=\"font-size: 12pt; font-family: arial, helvetica, sans-serif;\">&#8211;\u00a0\u00a0\u00a0\u00a0\u00a0\u00a0 Festivales, Funciones y Eventos; y<\/span><\/p>\n<p><span style=\"font-size: 12pt; font-family: arial, helvetica, sans-serif;\">&#8211;\u00a0\u00a0\u00a0\u00a0\u00a0\u00a0 Donaciones<\/span><\/p>\n<p><span style=\"font-size: 12pt; font-family: arial, helvetica, sans-serif;\"><strong>\u00bfCUAL ES NUESTRO OBJETIVO ?<\/strong><\/span><\/p>\n<p><span style=\"font-size: 12pt; font-family: arial, helvetica, sans-serif;\">&#8211;\u00a0\u00a0\u00a0\u00a0\u00a0\u00a0 Establecer un espacio de participaci\u00f3n activa con representantes de todas las carreras para legitimar y democratizar su funcionamiento.<\/span><\/p>\n<p><span style=\"font-size: 12pt; font-family: arial, helvetica, sans-serif;\">&#8211;\u00a0\u00a0\u00a0\u00a0\u00a0\u00a0 Sembrar identidad y reconocimiento de la EMAD y su excelencia acad\u00e9mica.<\/span><\/p>\n<p><span style=\"font-size: 12pt; font-family: arial, helvetica, sans-serif;\">&#8211;\u00a0\u00a0\u00a0\u00a0\u00a0\u00a0 Lograr una distribuci\u00f3n equitativa para cada sede y carrera.<\/span><\/p>\n<p><span style=\"font-size: 12pt; font-family: arial, helvetica, sans-serif;\">&#8211;\u00a0\u00a0\u00a0\u00a0\u00a0\u00a0 Colaborar con los proyectos finales de alumnos avanzados de las distintas carreras.<\/span><\/p>\n<p><span style=\"font-size: 12pt; font-family: arial, helvetica, sans-serif;\">&#8211;\u00a0\u00a0\u00a0\u00a0\u00a0\u00a0 Promover el desarrollo art\u00edstico e iniciativas tendientes a fortalecer el v\u00ednculo con la sociedad en su conjunto.<\/span><\/p>\n<p><span style=\"font-size: 12pt; font-family: arial, helvetica, sans-serif;\"><strong>\u00bfQUIENES CONFORMAN LA COMISION DIRECTIVA?<\/strong><\/span><\/p>\n<p><span style=\"font-size: 12pt; font-family: arial, helvetica, sans-serif;\">Nuestra Comisi\u00f3n Directiva es elegida por Asamblea y tiene (seg\u00fan Estatuto) un mandato de dos a\u00f1os, con posibilidades de modificaciones en caso de renuncias o por determinaci\u00f3n de Asamblea a tal fin. <\/span><\/p>\n<p><span style=\"font-size: 12pt; font-family: arial, helvetica, sans-serif;\"><strong>\u00bfCOMO PUEDO PARTICIPAR? <\/strong><\/span><\/p>\n<p style=\"text-align: justify;\"><span style=\"font-family: arial, helvetica, sans-serif; font-size: 12pt;\">Nos interesa conocer tu opini\u00f3n para llevar adelante la labor de <\/span><strong style=\"font-family: arial, helvetica, sans-serif; font-size: 12pt;\">relevamiento de necesidades<\/strong><span style=\"font-family: arial, helvetica, sans-serif; font-size: 12pt;\"> reales, as\u00ed como el <\/span><strong style=\"font-family: arial, helvetica, sans-serif; font-size: 12pt;\">control y monitoreo<\/strong><span style=\"font-family: arial, helvetica, sans-serif; font-size: 12pt;\"> de la distribuci\u00f3n de los insumos. Para ello no dudes en escribirnos, teniendo en cuenta las siguientes pautas:<\/span><\/p>\n<p><span style=\"font-size: 12pt; font-family: arial, helvetica, sans-serif;\">1)\u00a0\u00a0\u00a0 Cont\u00e1ctanos por correo electr\u00f3nico a <strong>cooperadoralaemad@gmail.com, IG: @emadcooperadora.<\/strong><\/span><\/p>\n<p><span style=\"font-size: 12pt; font-family: arial, helvetica, sans-serif;\">&#8211;\u00a0\u00a0\u00a0\u00a0\u00a0\u00a0 Si sos alumno con copia al Centro de Estudiantes \/ Delegado Estudiantil Consejo<\/span><\/p>\n<p><span style=\"font-size: 12pt; font-family: arial, helvetica, sans-serif;\">&#8211;\u00a0\u00a0\u00a0\u00a0\u00a0\u00a0 Si sos docente con copia al Coordinador de Carrera \/ Delegado Docente \/ Directivo<\/span><\/p>\n<p><span style=\"font-size: 12pt; font-family: arial, helvetica, sans-serif;\">&#8211;\u00a0\u00a0\u00a0\u00a0\u00a0\u00a0 Si sos administrativo o personal no docente con copia a la Direcci\u00f3n<\/span><\/p>\n<p><span style=\"font-size: 12pt; font-family: arial, helvetica, sans-serif;\">2)\u00a0\u00a0\u00a0 Identif\u00edcate con todos tus datos para poder contactarte.<\/span><\/p>\n<p><span style=\"font-size: 12pt; font-family: arial, helvetica, sans-serif;\">3)\u00a0\u00a0\u00a0 Describe en breves palabras la justificaci\u00f3n del pedido.<\/span><\/p>\n<p><span style=\"font-size: 12pt; font-family: arial, helvetica, sans-serif;\">4)\u00a0\u00a0\u00a0 Especifica caracter\u00edsticas t\u00e9cnicas y adjunta un presupuesto.<\/span><\/p>\n<p><span style=\"font-family: arial, helvetica, sans-serif; font-size: 12pt;\">Tambi\u00e9n te invitamos a <\/span><strong style=\"font-family: arial, helvetica, sans-serif; font-size: 12pt;\">acercarte a las reuniones<\/strong><span style=\"font-family: arial, helvetica, sans-serif; font-size: 12pt;\"> y <\/span><strong style=\"font-family: arial, helvetica, sans-serif; font-size: 12pt;\">sumarte al equipo<\/strong><span style=\"font-family: arial, helvetica, sans-serif; font-size: 12pt;\">:<\/span><\/p>\n<p><span style=\"font-size: 12pt; font-family: arial, helvetica, sans-serif;\">&#8211;\u00a0\u00a0\u00a0\u00a0\u00a0\u00a0 La Comisi\u00f3n Directiva y Comisiones se re\u00fanen peri\u00f3dicamente, alternando horarios y sedes, para facilitar la participaci\u00f3n de representantes de las diferentes carreras.<\/span><\/p>\n<p style=\"text-align: justify;\"><span style=\"font-size: 12pt; font-family: arial, helvetica, sans-serif;\">Para hacernos llegar cualquier <strong>propuesta o sugerencia<\/strong> en beneficio de la nuestra escuela o si conoces alguna <strong>Empresa, Compa\u00f1\u00eda o Sala Teatral interesadas en colaborar<\/strong>, cont\u00e1ctate a trav\u00e9s de los siguientes medios:<\/span><\/p>\n<p><span style=\"font-size: 12pt; font-family: arial, helvetica, sans-serif;\">&#8211;\u00a0\u00a0\u00a0\u00a0\u00a0\u00a0 <strong>Correo electr\u00f3nico<\/strong>: cooperadoralaemad@gmail.com<\/span><\/p>\n<p>&#8211;\u00a0 <strong>\u00a0 \u00a0 \u00a0 IG: @emadcooperadora<\/strong><\/p>\n<p><span style=\"font-size: 12pt; font-family: arial, helvetica, sans-serif;\">&#8211;\u00a0\u00a0\u00a0\u00a0\u00a0\u00a0 <strong>Buzones<\/strong> <strong>en sedes<\/strong> (Sarmiento, Jufr\u00e9, Forest y Avellaneda)<\/span><\/p>\n<p><span style=\"font-size: 12pt; font-family: arial, helvetica, sans-serif;\">Para conocer las tareas que llevamos adelante recuerda consultar nuestras Carteleras y nuestro IG: @emadcooperadora.<\/span><\/p>\n<p><span style=\"font-family: arial, helvetica, sans-serif; font-size: 12pt;\">Asociaci\u00f3n Cooperadora de la Escuela Metropolitana de Arte Dram\u00e1tico<\/span><\/p>\n<p><span style=\"font-size: 12pt; font-family: arial, helvetica, sans-serif;\">CUIT: 30-68053950-9<\/span><\/p>\n<p><span style=\"font-size: 12pt; font-family: arial, helvetica, sans-serif;\">Domicilio: Sarmiento 2573 (C.P.1045), CABA<\/span><\/p>\n<p><span style=\"font-size: 12pt; font-family: arial, helvetica, sans-serif;\">E-mail: cooperadoralaemad@gmail.com<\/span><\/p>\n<p><span style=\"font-size: 12pt; font-family: arial, helvetica, sans-serif;\">\u00a0<\/span><\/p>\n<p><span style=\"font-size: 12pt; font-family: arial, helvetica, sans-serif;\">\u00a0<\/span><\/p>\n\n\n<p><\/p>\n","protected":false},"excerpt":{"rendered":"<p>PRESENTACI\u00d3N INSTITUCIONAL (PREGUNTAS FRECUENTES) \u00a0 \u00bfQU\u00c9 ES LA COOPERADORA EMAD? Somos la Asociaci\u00f3n Civil sin fines de lucro conformada por todos los estudiantes de la Escuela Metropolitana de Arte Dram\u00e1tico nucleados solidaria y democr\u00e1tica para garantizar el crecimiento de la instituci\u00f3n, el desarrollo de las actividades educativas, curriculares y extracurriculares. \u00bfQU\u00c9 ES LA EMAD? La\u00a0Escuela &#8230; <a title=\"Preguntas frecuentes\" class=\"read-more\" href=\"https:\/\/emad-caba.infd.edu.ar\/sitio\/preguntas-frecuentes\/\" aria-label=\"More on Preguntas frecuentes\">[+]<\/a><\/p>\n","protected":false},"author":195,"featured_media":0,"parent":0,"menu_order":0,"comment_status":"closed","ping_status":"closed","template":"","meta":[],"acf":[],"_links":{"self":[{"href":"https:\/\/emad-caba.infd.edu.ar\/sitio\/wp-json\/wp\/v2\/pages\/1312"}],"collection":[{"href":"https:\/\/emad-caba.infd.edu.ar\/sitio\/wp-json\/wp\/v2\/pages"}],"about":[{"href":"https:\/\/emad-caba.infd.edu.ar\/sitio\/wp-json\/wp\/v2\/types\/page"}],"author":[{"embeddable":true,"href":"https:\/\/emad-caba.infd.edu.ar\/sitio\/wp-json\/wp\/v2\/users\/195"}],"replies":[{"embeddable":true,"href":"https:\/\/emad-caba.infd.edu.ar\/sitio\/wp-json\/wp\/v2\/comments?post=1312"}],"version-history":[{"count":9,"href":"https:\/\/emad-caba.infd.edu.ar\/sitio\/wp-json\/wp\/v2\/pages\/1312\/revisions"}],"predecessor-version":[{"id":5950,"href":"https:\/\/emad-caba.infd.edu.ar\/sitio\/wp-json\/wp\/v2\/pages\/1312\/revisions\/5950"}],"wp:attachment":[{"href":"https:\/\/emad-caba.infd.edu.ar\/sitio\/wp-json\/wp\/v2\/media?parent=1312"}],"curies":[{"name":"wp","href":"https:\/\/api.w.org\/{rel}","templated":true}]}}