{"id":1302,"date":"2018-08-29T16:47:36","date_gmt":"2018-08-29T19:47:36","guid":{"rendered":"https:\/\/emad-caba.infd.edu.ar\/sitio\/equivalencias\/"},"modified":"2022-03-31T18:17:58","modified_gmt":"2022-03-31T21:17:58","slug":"equivalencias","status":"publish","type":"page","link":"https:\/\/emad-caba.infd.edu.ar\/sitio\/equivalencias\/","title":{"rendered":"Equivalencias"},"content":{"rendered":"<p><span style=\"font-size: 12pt; font-family: arial,helvetica,sans-serif;\">Para solicitar equivalencias :<\/span><\/p>\n<p><span style=\"font-size: 12pt; font-family: arial,helvetica,sans-serif;\"><strong>1<\/strong>.-Completar la solicitud de equivalencia por cada materia.<\/span><\/p>\n<p><span style=\"font-size: 12pt; font-family: arial,helvetica,sans-serif;\"><strong>2<\/strong>.-Presentar certificado anal\u00edtico de estudio ( parcial o final) donde conste la aprobaci\u00f3n de la materia de origen.<\/span><\/p>\n<p><span style=\"font-size: 12pt; font-family: arial,helvetica,sans-serif;\"><strong>3<\/strong>.-Presentar programas certificados por la instituci\u00f3n de origen ( debidamente sellados, foliados y con la car\u00e1tula correspondiente). No se aceptaran fotocopias.<\/span><\/p>\n<p><span style=\"font-size: 12pt; font-family: arial,helvetica,sans-serif;\">Los tr\u00e1mites de equivalencias deber\u00e1n ser iniciados entre el inicio del ciclo lectivo ( marzo) hasta el 15 de junio.<\/span><\/p>\n\n\n<div class=\"wp-block-file\"><a href=\"https:\/\/emad-caba.infd.edu.ar\/sitio\/wp-content\/uploads\/2022\/03\/Metodologia-para-la-solicitud-de-EQUIVALENCIAS-y-CERTIFICACION-DE-PROGRAMAS-en-la-EMAD.pdf\"><strong>Metodolog\u00eda para la solicitud de EQUIVALENCIAS y CERTIFICACI\u00d3N DE PROGRAMAS en la EMAD<\/strong><\/a><a href=\"https:\/\/emad-caba.infd.edu.ar\/sitio\/wp-content\/uploads\/2022\/03\/Metodologia-para-la-solicitud-de-EQUIVALENCIAS-y-CERTIFICACION-DE-PROGRAMAS-en-la-EMAD.pdf\" class=\"wp-block-file__button\" download>Descarga<\/a><\/div>\n\n\n\n<div class=\"wp-block-file\"><a href=\"https:\/\/emad-caba.infd.edu.ar\/sitio\/wp-content\/uploads\/2022\/03\/PLANILLA-SOLICITUD-DE-TRAMITES.pdf\"><strong>PLANILLA SOLICITUD DE TR\u00c1MITES<\/strong><\/a><a href=\"https:\/\/emad-caba.infd.edu.ar\/sitio\/wp-content\/uploads\/2022\/03\/PLANILLA-SOLICITUD-DE-TRAMITES.pdf\" class=\"wp-block-file__button\" download>Descarga<\/a><\/div>\n\n\n\n<div class=\"wp-block-file\"><a href=\"https:\/\/emad-caba.infd.edu.ar\/sitio\/wp-content\/uploads\/2022\/03\/SOLICITUD-DE-EQUIVALENCIA.pdf\"><strong>SOLICITUD DE EQUIVALENCIA<\/strong><\/a><a href=\"https:\/\/emad-caba.infd.edu.ar\/sitio\/wp-content\/uploads\/2022\/03\/SOLICITUD-DE-EQUIVALENCIA.pdf\" class=\"wp-block-file__button\" download>Descarga<\/a><\/div>\n\n\n\n<p><\/p>\n","protected":false},"excerpt":{"rendered":"<p>Para solicitar equivalencias : 1.-Completar la solicitud de equivalencia por cada materia. 2.-Presentar certificado anal\u00edtico de estudio ( parcial o final) donde conste la aprobaci\u00f3n de la materia de origen. 3.-Presentar programas certificados por la instituci\u00f3n de origen ( debidamente sellados, foliados y con la car\u00e1tula correspondiente). No se aceptaran fotocopias. Los tr\u00e1mites de equivalencias &#8230; <a title=\"Equivalencias\" class=\"read-more\" href=\"https:\/\/emad-caba.infd.edu.ar\/sitio\/equivalencias\/\" aria-label=\"More on Equivalencias\">[+]<\/a><\/p>\n","protected":false},"author":195,"featured_media":0,"parent":0,"menu_order":0,"comment_status":"closed","ping_status":"closed","template":"","meta":[],"acf":[],"_links":{"self":[{"href":"https:\/\/emad-caba.infd.edu.ar\/sitio\/wp-json\/wp\/v2\/pages\/1302"}],"collection":[{"href":"https:\/\/emad-caba.infd.edu.ar\/sitio\/wp-json\/wp\/v2\/pages"}],"about":[{"href":"https:\/\/emad-caba.infd.edu.ar\/sitio\/wp-json\/wp\/v2\/types\/page"}],"author":[{"embeddable":true,"href":"https:\/\/emad-caba.infd.edu.ar\/sitio\/wp-json\/wp\/v2\/users\/195"}],"replies":[{"embeddable":true,"href":"https:\/\/emad-caba.infd.edu.ar\/sitio\/wp-json\/wp\/v2\/comments?post=1302"}],"version-history":[{"count":3,"href":"https:\/\/emad-caba.infd.edu.ar\/sitio\/wp-json\/wp\/v2\/pages\/1302\/revisions"}],"predecessor-version":[{"id":3965,"href":"https:\/\/emad-caba.infd.edu.ar\/sitio\/wp-json\/wp\/v2\/pages\/1302\/revisions\/3965"}],"wp:attachment":[{"href":"https:\/\/emad-caba.infd.edu.ar\/sitio\/wp-json\/wp\/v2\/media?parent=1302"}],"curies":[{"name":"wp","href":"https:\/\/api.w.org\/{rel}","templated":true}]}}