{"id":1300,"date":"2018-08-29T16:47:36","date_gmt":"2018-08-29T19:47:36","guid":{"rendered":"https:\/\/emad-caba.infd.edu.ar\/sitio\/reglamento-organico\/"},"modified":"2019-05-14T19:59:40","modified_gmt":"2019-05-14T22:59:40","slug":"reglamento-organico","status":"publish","type":"page","link":"https:\/\/emad-caba.infd.edu.ar\/sitio\/reglamento-organico\/","title":{"rendered":"Reglamento Org\u00e1nico"},"content":{"rendered":"<p style=\"text-align: justify;\"><span style=\"color: #000000; font-family: arial,helvetica,sans-serif; font-size: 12pt;\">En a\u00f1o 2010 se aprob\u00f3 el Reglamento Org\u00e1nico de funcionamiento de la Escuela Metropolitana de Arte Dram\u00e1tico.<\/span><\/p>\n<p><span style=\"color: #339966;\"><a title=\"Decreto 589\/2010\" href=\"upload\/Decreto_N_589-2010.pdf\" target=\"_blank\" rel=\"noopener\"><span style=\"color: #339966; font-family: arial,helvetica,sans-serif; font-size: 12pt;\">Decreto N\u00ba 589\/MCGC\/2010.<\/span><\/a><\/span><\/p>\n<p>&nbsp;<\/p>\n","protected":false},"excerpt":{"rendered":"<p>En a\u00f1o 2010 se aprob\u00f3 el Reglamento Org\u00e1nico de funcionamiento de la Escuela Metropolitana de Arte Dram\u00e1tico. Decreto N\u00ba 589\/MCGC\/2010. &nbsp;<\/p>\n","protected":false},"author":195,"featured_media":0,"parent":0,"menu_order":0,"comment_status":"closed","ping_status":"closed","template":"","meta":[],"acf":[],"_links":{"self":[{"href":"https:\/\/emad-caba.infd.edu.ar\/sitio\/wp-json\/wp\/v2\/pages\/1300"}],"collection":[{"href":"https:\/\/emad-caba.infd.edu.ar\/sitio\/wp-json\/wp\/v2\/pages"}],"about":[{"href":"https:\/\/emad-caba.infd.edu.ar\/sitio\/wp-json\/wp\/v2\/types\/page"}],"author":[{"embeddable":true,"href":"https:\/\/emad-caba.infd.edu.ar\/sitio\/wp-json\/wp\/v2\/users\/195"}],"replies":[{"embeddable":true,"href":"https:\/\/emad-caba.infd.edu.ar\/sitio\/wp-json\/wp\/v2\/comments?post=1300"}],"version-history":[{"count":2,"href":"https:\/\/emad-caba.infd.edu.ar\/sitio\/wp-json\/wp\/v2\/pages\/1300\/revisions"}],"predecessor-version":[{"id":2579,"href":"https:\/\/emad-caba.infd.edu.ar\/sitio\/wp-json\/wp\/v2\/pages\/1300\/revisions\/2579"}],"wp:attachment":[{"href":"https:\/\/emad-caba.infd.edu.ar\/sitio\/wp-json\/wp\/v2\/media?parent=1300"}],"curies":[{"name":"wp","href":"https:\/\/api.w.org\/{rel}","templated":true}]}}