{"id":1294,"date":"2018-08-29T16:47:32","date_gmt":"2018-08-29T19:47:32","guid":{"rendered":"https:\/\/emad-caba.infd.edu.ar\/sitio\/solicitud-de-certificados-y-tramites\/"},"modified":"2018-08-30T18:22:50","modified_gmt":"2018-08-30T21:22:50","slug":"solicitud-de-certificados-y-tramites","status":"publish","type":"page","link":"https:\/\/emad-caba.infd.edu.ar\/sitio\/solicitud-de-certificados-y-tramites\/","title":{"rendered":"Solicitud de certificados y tr\u00e1mites"},"content":{"rendered":"<p><span style=\"font-family: arial, helvetica, sans-serif; font-size: 12pt;\"><strong>Para los siguientes certificados y tr\u00e1mites<\/strong> <\/span><\/p>\n<p><span style=\"font-family: arial, helvetica, sans-serif; font-size: 12pt;\">&#8211; Analitico parcial de estudios<\/span><\/p>\n<p><span style=\"font-family: arial, helvetica, sans-serif; font-size: 12pt;\">&#8211; Constancia de t\u00edtulo en tr\u00e1mite<\/span><\/p>\n<p><span style=\"font-family: arial, helvetica, sans-serif; font-size: 12pt;\">&#8211; Porcentaje de materias aprobadas<\/span><\/p>\n<p><span style=\"font-family: arial, helvetica, sans-serif; font-size: 12pt;\">Escribir un email a : <strong>tramitesalumnosemad@gmail.com<\/strong>.<\/span><\/p>\n<p style=\"text-align: justify;\"><span style=\"font-family: arial, helvetica, sans-serif; font-size: 12pt;\">Cuando el tr\u00e1mite est\u00e9 listo recibir\u00e1 un email para retirarlo en Bedel\u00eda de la Sede Central EMAD &#8211; Sarmiento 2573 CABA &#8211; .<\/span><\/p>\n","protected":false},"excerpt":{"rendered":"<p>Para los siguientes certificados y tr\u00e1mites &#8211; Analitico parcial de estudios &#8211; Constancia de t\u00edtulo en tr\u00e1mite &#8211; Porcentaje de materias aprobadas Escribir un email a : tramitesalumnosemad@gmail.com. Cuando el tr\u00e1mite est\u00e9 listo recibir\u00e1 un email para retirarlo en Bedel\u00eda de la Sede Central EMAD &#8211; Sarmiento 2573 CABA &#8211; .<\/p>\n","protected":false},"author":195,"featured_media":0,"parent":0,"menu_order":0,"comment_status":"closed","ping_status":"closed","template":"","meta":[],"acf":[],"_links":{"self":[{"href":"https:\/\/emad-caba.infd.edu.ar\/sitio\/wp-json\/wp\/v2\/pages\/1294"}],"collection":[{"href":"https:\/\/emad-caba.infd.edu.ar\/sitio\/wp-json\/wp\/v2\/pages"}],"about":[{"href":"https:\/\/emad-caba.infd.edu.ar\/sitio\/wp-json\/wp\/v2\/types\/page"}],"author":[{"embeddable":true,"href":"https:\/\/emad-caba.infd.edu.ar\/sitio\/wp-json\/wp\/v2\/users\/195"}],"replies":[{"embeddable":true,"href":"https:\/\/emad-caba.infd.edu.ar\/sitio\/wp-json\/wp\/v2\/comments?post=1294"}],"version-history":[{"count":1,"href":"https:\/\/emad-caba.infd.edu.ar\/sitio\/wp-json\/wp\/v2\/pages\/1294\/revisions"}],"predecessor-version":[{"id":1437,"href":"https:\/\/emad-caba.infd.edu.ar\/sitio\/wp-json\/wp\/v2\/pages\/1294\/revisions\/1437"}],"wp:attachment":[{"href":"https:\/\/emad-caba.infd.edu.ar\/sitio\/wp-json\/wp\/v2\/media?parent=1294"}],"curies":[{"name":"wp","href":"https:\/\/api.w.org\/{rel}","templated":true}]}}