{"id":1253,"date":"2018-08-29T16:47:16","date_gmt":"2018-08-29T19:47:16","guid":{"rendered":"https:\/\/emad-caba.infd.edu.ar\/sitio\/sedes-2\/"},"modified":"2025-02-28T19:57:42","modified_gmt":"2025-02-28T22:57:42","slug":"sedes-2","status":"publish","type":"page","link":"https:\/\/emad-caba.infd.edu.ar\/sitio\/sedes-2\/","title":{"rendered":"Sedes"},"content":{"rendered":"<p style=\"text-align: left;\"><span style=\"font-family: arial, helvetica, sans-serif; font-size: 12pt;\"><strong><strong>SEDE CENTRAL&nbsp;&nbsp;<\/strong><\/strong><\/span><\/p>\n<p style=\"text-align: left;\"><span style=\"font-family: arial, helvetica, sans-serif; font-size: 12pt;\">Sarmiento 2573&nbsp;&nbsp;C.P. 1045.<\/span><\/p>\n<p style=\"text-align: left;\"><span style=\"font-family: arial, helvetica, sans-serif; font-size: 12pt;\">D\u00edas y horario de atenci\u00f3n: de lunes a viernes de 10:00 h&nbsp; a 20:00 h.<\/span><\/p>\n<p><span style=\"font-family: arial, helvetica, sans-serif; font-size: 12pt;\"><strong>ANEXO SEDE RUBENS CORREA&nbsp; &nbsp;<\/strong><\/span><\/p>\n<p><span style=\"font-family: arial, helvetica, sans-serif; font-size: 12pt;\">Jufr\u00e9 141\/143&nbsp; C.P. 1414.<\/span><\/p>\n<p><span style=\"font-family: arial, helvetica, sans-serif; font-size: 12pt;\">D\u00edas y horario de atenci\u00f3n: de lunes a viernes de 9:00 h a 13:30 h.<\/span><\/p>\n<p><span style=\"font-family: arial, helvetica, sans-serif; font-size: 12pt;\">Correo :&nbsp;<span style=\"color: #339966;\"><a class=\"c_nobdr t_prs\" href=\"mailto:sedejufre@gmail.com\"><span style=\"color: #339966;\">sedejufre@gmail.com<\/span><\/a><\/span><\/span><\/p>\n<p><span style=\"font-size: 12pt; font-family: arial, helvetica, sans-serif;\"><strong>ANEXO SALA LOS ANDES<\/strong><\/span><\/p>\n<p><span style=\"font-size: 12pt; font-family: arial, helvetica, sans-serif;\">Leiva 4249 C.P. 1427.<\/span><\/p>\n<p><span style=\"font-family: arial, helvetica, sans-serif; font-size: 12pt;\"><strong>ANEXO FOREST<\/strong><\/span><\/p>\n<p><span style=\"font-family: arial, helvetica, sans-serif; font-size: 12pt;\">Forest 933 C.P. 1427&nbsp; <\/span><\/p>\n<p><span style=\"font-family: arial, helvetica, sans-serif; font-size: 12pt;\">D\u00edas y horarios de atenci\u00f3n: de lunes a viernes de 9:00 h a 14:00 h.<\/span><\/p>\n<p><span style=\"font-family: arial, helvetica, sans-serif; font-size: 12pt;\">Correo:&nbsp;<span style=\"color: #339966;\"><a class=\"c_nobdr t_prs\" href=\"mailto:forestemad@gmail.com\"><span style=\"color: #339966;\">forestemad@gmail.com<\/span><\/a><\/span><\/span><\/p>\n<p><span style=\"font-family: arial, helvetica, sans-serif; font-size: 12pt;\">&nbsp;<strong>ANEXO PARQUE AVELLANEDA<\/strong>&nbsp;<\/span><\/p>\n<p><span style=\"font-family: arial, helvetica, sans-serif; font-size: 12pt;\">Espacio Cultural Chacra de los Remedios&nbsp;<\/span><\/p>\n<p><span style=\"font-family: arial, helvetica, sans-serif; font-size: 12pt;\">(Av. Directorio y Lacarra, dentro del Parque Avellaneda).<\/span><\/p>\n<p><span style=\"font-family: arial, helvetica, sans-serif; font-size: 12pt;\">Correo: <span style=\"color: #339966;\">emadteatrocallejero@gmail.com<\/span><\/span><\/p>\n<p style=\"text-align: center;\">\n","protected":false},"excerpt":{"rendered":"<p>SEDE CENTRAL&nbsp;&nbsp; Sarmiento 2573&nbsp;&nbsp;C.P. 1045. D\u00edas y horario de atenci\u00f3n: de lunes a viernes de 10:00 h&nbsp; a 20:00 h. ANEXO SEDE RUBENS CORREA&nbsp; &nbsp; Jufr\u00e9 141\/143&nbsp; C.P. 1414. D\u00edas y horario de atenci\u00f3n: de lunes a viernes de 9:00 h a 13:30 h. Correo :&nbsp;sedejufre@gmail.com ANEXO SALA LOS ANDES Leiva 4249 C.P. 1427. ANEXO &#8230; <a title=\"Sedes\" class=\"read-more\" href=\"https:\/\/emad-caba.infd.edu.ar\/sitio\/sedes-2\/\" aria-label=\"More on Sedes\">[+]<\/a><\/p>\n","protected":false},"author":195,"featured_media":0,"parent":0,"menu_order":0,"comment_status":"closed","ping_status":"closed","template":"","meta":[],"acf":[],"_links":{"self":[{"href":"https:\/\/emad-caba.infd.edu.ar\/sitio\/wp-json\/wp\/v2\/pages\/1253"}],"collection":[{"href":"https:\/\/emad-caba.infd.edu.ar\/sitio\/wp-json\/wp\/v2\/pages"}],"about":[{"href":"https:\/\/emad-caba.infd.edu.ar\/sitio\/wp-json\/wp\/v2\/types\/page"}],"author":[{"embeddable":true,"href":"https:\/\/emad-caba.infd.edu.ar\/sitio\/wp-json\/wp\/v2\/users\/195"}],"replies":[{"embeddable":true,"href":"https:\/\/emad-caba.infd.edu.ar\/sitio\/wp-json\/wp\/v2\/comments?post=1253"}],"version-history":[{"count":6,"href":"https:\/\/emad-caba.infd.edu.ar\/sitio\/wp-json\/wp\/v2\/pages\/1253\/revisions"}],"predecessor-version":[{"id":5521,"href":"https:\/\/emad-caba.infd.edu.ar\/sitio\/wp-json\/wp\/v2\/pages\/1253\/revisions\/5521"}],"wp:attachment":[{"href":"https:\/\/emad-caba.infd.edu.ar\/sitio\/wp-json\/wp\/v2\/media?parent=1253"}],"curies":[{"name":"wp","href":"https:\/\/api.w.org\/{rel}","templated":true}]}}