{"id":1248,"date":"2018-08-29T16:47:14","date_gmt":"2018-08-29T19:47:14","guid":{"rendered":"https:\/\/emad-caba.infd.edu.ar\/sitio\/autoridades\/"},"modified":"2026-03-10T19:40:23","modified_gmt":"2026-03-10T22:40:23","slug":"autoridades","status":"publish","type":"page","link":"https:\/\/emad-caba.infd.edu.ar\/sitio\/autoridades\/","title":{"rendered":"Autoridades"},"content":{"rendered":"<p style=\"text-align: center;\"><span style=\"font-size: 12pt; font-family: arial,helvetica,sans-serif;\"><strong>Rector<\/strong><\/span><\/p>\n<p style=\"text-align: center;\"><span style=\"font-size: 12pt; font-family: arial,helvetica,sans-serif;\">DANIEL ESTEBAN MISSES<\/span><\/p>\n<p style=\"text-align: center;\"><strong><span style=\"font-size: 12pt; font-family: arial,helvetica,sans-serif;\">Vicerrectora<\/span><\/strong><\/p>\n<p style=\"text-align: center;\"><span style=\"font-size: 12pt; font-family: arial,helvetica,sans-serif;\">\u00a0 \u00a0 \u00a0 MARIEL LEWITAN\u00a0 \u00a0 \u00a0<\/span><\/p>\n<p style=\"text-align: center;\"><strong>Vicerrectora<\/strong><\/p>\n<p style=\"text-align: center;\"><span style=\"font-size: 12pt; font-family: arial,helvetica,sans-serif;\">ARACELI MARIEL ARRECHE<\/span><\/p>\n<p style=\"text-align: center;\"><span style=\"font-size: 12pt; font-family: arial,helvetica,sans-serif;\">\u00a0\u00a0<\/span><span style=\"font-size: 12pt; font-family: arial,helvetica,sans-serif;\"><strong>Secretaria Docente<\/strong><\/span><\/p>\n<p style=\"text-align: center;\"><span style=\"font-size: 12pt; font-family: arial,helvetica,sans-serif;\">\u00a0 MARCELINO BONILLA<br \/>\n<\/span><\/p>\n<p style=\"text-align: center;\"><span style=\"font-size: 12pt; font-family: arial,helvetica,sans-serif;\">\u00a0\u00a0<\/span><span style=\"font-size: 12pt; font-family: arial,helvetica,sans-serif;\"><strong>SEDE CENTRAL SARMIENTO<\/strong><\/span><\/p>\n<p style=\"text-align: center;\"><span style=\"font-size: 12pt; font-family: arial,helvetica,sans-serif;\"><strong>Regenta Turno Matutino <\/strong><\/span><\/p>\n<p style=\"text-align: center;\"><span style=\"font-size: 12pt; font-family: arial,helvetica,sans-serif;\">JULIETA BOTTINO<\/span><\/p>\n<p style=\"text-align: center;\"><span style=\"font-size: 12pt; font-family: arial,helvetica,sans-serif;\"><strong>Regente Turno Vespertino<\/strong><\/span><\/p>\n<p style=\"text-align: center;\">CHRISTIAN FORTEZA<\/p>\n<p style=\"text-align: center;\"><span style=\"font-size: 12pt; font-family: arial,helvetica,sans-serif;\">\u00a0<\/span><span style=\"font-size: 12pt; font-family: arial,helvetica,sans-serif;\"><strong>SEDE JUFRE<\/strong><\/span><\/p>\n<p style=\"text-align: center;\"><span style=\"font-size: 12pt; font-family: arial,helvetica,sans-serif;\"><strong>Regente<br \/>\n<\/strong><\/span><\/p>\n<p style=\"text-align: center;\"><span style=\"font-size: 12pt; font-family: arial,helvetica,sans-serif;\">MIGUEL ANGEL LUDUE\u00d1A<\/span><\/p>\n<p style=\"text-align: center;\"><span style=\"font-family: arial,helvetica,sans-serif; font-size: 12pt;\"><strong>SEDE\u00a0 FOREST<\/strong><\/span><\/p>\n<p style=\"text-align: center;\"><span style=\"font-family: arial,helvetica,sans-serif; font-size: 12pt;\"><strong>Regenta<br \/>\n<\/strong><\/span><\/p>\n<p style=\"text-align: center;\"><span style=\"font-size: 12pt; font-family: arial,helvetica,sans-serif;\">GUILLERMINA PORCELLANA<br \/>\n<\/span><\/p>\n<p style=\"text-align: center;\"><span style=\"font-size: 12pt; font-family: arial,helvetica,sans-serif;\"><strong>\u00a0<\/strong><\/span><span style=\"font-size: 12pt; font-family: arial,helvetica,sans-serif;\"><strong>SEDE SARMIENTO<\/strong><\/span><\/p>\n<p style=\"text-align: center;\"><span style=\"font-size: 12pt; font-family: arial,helvetica,sans-serif;\"><strong>Regenta suplente Profesorado de Teatro<br \/>\n<\/strong><\/span><\/p>\n<p style=\"text-align: center;\"><span style=\"font-size: 12pt; font-family: arial,helvetica,sans-serif;\">SANG MIN LEE<\/span><\/p>\n<p style=\"text-align: center;\"><strong><span style=\"font-size: 12pt; font-family: arial,helvetica,sans-serif;\">Coordinaci\u00f3n de la Carrera de Formaci\u00f3n del Actor y la Actriz<\/span><\/strong><\/p>\n<p style=\"text-align: center;\"><span style=\"font-size: 12pt; font-family: arial,helvetica,sans-serif;\">CARLA LLOPIS<\/span><\/p>\n<p style=\"text-align: center;\"><span style=\"font-size: 12pt; font-family: arial,helvetica,sans-serif;\">\u00a0<\/span><strong><span style=\"font-size: 12pt; font-family: arial,helvetica,sans-serif;\">\u00a0\u00a0Coordinaci\u00f3n Tecnicatura Superior en Puesta en Escena<\/span><\/strong><\/p>\n<p style=\"text-align: center;\"><span style=\"font-size: 12pt; font-family: arial,helvetica,sans-serif;\">TATIANA SANTANA<\/span><\/p>\n<p style=\"text-align: center;\"><span style=\"font-size: 12pt; font-family: arial,helvetica,sans-serif;\"><strong>Coordinaci\u00f3n Tecnicatura Superior en Escenograf\u00eda<\/strong><\/span><\/p>\n<p style=\"text-align: center;\"><span style=\"font-size: 12pt; font-family: arial,helvetica,sans-serif;\">ANDREA MARRAZZI<\/span><\/p>\n<p style=\"text-align: center;\"><span style=\"font-size: 12pt; font-family: arial,helvetica,sans-serif;\"><strong>Coordinaci\u00f3n Profesorado de Teatro<\/strong><\/span><\/p>\n<p style=\"text-align: center;\"><span style=\"font-size: 12pt; font-family: arial,helvetica,sans-serif;\">JULIETA\u00a0 BOTTINO &#8211; NADINA POLIAK &#8211; ALCIRA\u00a0 SERNA<\/span><\/p>\n<p><strong>\u00a0 \u00a0 \u00a0 \u00a0 \u00a0 \u00a0 \u00a0 \u00a0 \u00a0 \u00a0 \u00a0 \u00a0 \u00a0 \u00a0 \u00a0 \u00a0 \u00a0 \u00a0 \u00a0 \u00a0 \u00a0 \u00a0 \u00a0 \u00a0 \u00a0 \u00a0 \u00a0 \u00a0 \u00a0 \u00a0 \u00a0 \u00a0 \u00a0Coordinaci\u00f3n del Campo de las Pr\u00e1cticas Profesorado de Teatro<\/strong><\/p>\n<p style=\"text-align: center;\">JOSEFINA BASALD\u00daA<\/p>\n<p style=\"text-align: center;\"><span style=\"font-size: 12pt; font-family: arial,helvetica,sans-serif;\">\u00a0<\/span><strong><span style=\"font-size: 12pt; font-family: arial,helvetica,sans-serif;\">Coordinaci\u00f3n de Curso de Dramaturgia<\/span><\/strong><\/p>\n<p style=\"text-align: center;\"><span style=\"font-size: 12pt; font-family: arial,helvetica,sans-serif;\">CAMILA MANSILLA<\/span><\/p>\n<p style=\"text-align: center;\"><span style=\"font-size: 12pt; font-family: arial,helvetica,sans-serif;\"><strong>Coordinaci\u00f3n Curso de Formaci\u00f3n para la Actuaci\u00f3n en Espacios Abiertos<\/strong><\/span><\/p>\n<p style=\"text-align: center;\"><span style=\"font-size: 12pt; font-family: arial,helvetica,sans-serif;\">\u00a0PABLO ROITZAID<\/span><\/p>\n<address style=\"text-align: center;\">\n<div><\/div>\n<div><\/div>\n<\/address>\n","protected":false},"excerpt":{"rendered":"<p>Rector DANIEL ESTEBAN MISSES Vicerrectora \u00a0 \u00a0 \u00a0 MARIEL LEWITAN\u00a0 \u00a0 \u00a0 Vicerrectora ARACELI MARIEL ARRECHE \u00a0\u00a0Secretaria Docente \u00a0 MARCELINO BONILLA \u00a0\u00a0SEDE CENTRAL SARMIENTO Regenta Turno Matutino JULIETA BOTTINO Regente Turno Vespertino CHRISTIAN FORTEZA \u00a0SEDE JUFRE Regente MIGUEL ANGEL LUDUE\u00d1A SEDE\u00a0 FOREST Regenta GUILLERMINA PORCELLANA \u00a0SEDE SARMIENTO Regenta suplente Profesorado de Teatro SANG MIN LEE &#8230; <a title=\"Autoridades\" class=\"read-more\" href=\"https:\/\/emad-caba.infd.edu.ar\/sitio\/autoridades\/\" aria-label=\"More on Autoridades\">[+]<\/a><\/p>\n","protected":false},"author":195,"featured_media":0,"parent":0,"menu_order":0,"comment_status":"closed","ping_status":"closed","template":"","meta":[],"acf":[],"_links":{"self":[{"href":"https:\/\/emad-caba.infd.edu.ar\/sitio\/wp-json\/wp\/v2\/pages\/1248"}],"collection":[{"href":"https:\/\/emad-caba.infd.edu.ar\/sitio\/wp-json\/wp\/v2\/pages"}],"about":[{"href":"https:\/\/emad-caba.infd.edu.ar\/sitio\/wp-json\/wp\/v2\/types\/page"}],"author":[{"embeddable":true,"href":"https:\/\/emad-caba.infd.edu.ar\/sitio\/wp-json\/wp\/v2\/users\/195"}],"replies":[{"embeddable":true,"href":"https:\/\/emad-caba.infd.edu.ar\/sitio\/wp-json\/wp\/v2\/comments?post=1248"}],"version-history":[{"count":46,"href":"https:\/\/emad-caba.infd.edu.ar\/sitio\/wp-json\/wp\/v2\/pages\/1248\/revisions"}],"predecessor-version":[{"id":5979,"href":"https:\/\/emad-caba.infd.edu.ar\/sitio\/wp-json\/wp\/v2\/pages\/1248\/revisions\/5979"}],"wp:attachment":[{"href":"https:\/\/emad-caba.infd.edu.ar\/sitio\/wp-json\/wp\/v2\/media?parent=1248"}],"curies":[{"name":"wp","href":"https:\/\/api.w.org\/{rel}","templated":true}]}}