{"id":1240,"date":"2018-08-29T16:47:10","date_gmt":"2018-08-29T19:47:10","guid":{"rendered":"https:\/\/emad-caba.infd.edu.ar\/sitio\/proyectos-de-investigacion-2018\/"},"modified":"2018-08-30T18:21:30","modified_gmt":"2018-08-30T21:21:30","slug":"proyectos-de-investigacion-2018","status":"publish","type":"page","link":"https:\/\/emad-caba.infd.edu.ar\/sitio\/proyectos-de-investigacion-2018\/","title":{"rendered":"Proyectos de Investigaci\u00f3n 2018"},"content":{"rendered":"<p style=\"text-align: justify;\"><span style=\"color: #000000;\"><a style=\"color: #000000;\" title=\"Curso de Formaci\u00f3n del Actor - Actriz para la Actuaci\u00f3n en Espacios Abiertos\" href=\"index.cgi?wid_seccion=21\">El Instituto organiza distintas actividades de Investigaci\u00f3n para los egresados de todas las carreras de la EMAD. Las mismas cuentan con la participaci\u00f3n de docentes y especialistas de todas las \u00e1reas.<\/a><\/span><\/p>\n<p style=\"text-align: justify;\"><span style=\"text-decoration: underline;\"><strong><span style=\"color: #000000; text-decoration: underline;\">Proyecto de Investigaci\u00f3n 2018 C\u00e1tedra Ana Lascano \/ Nicol\u00e1s Wio<\/span><\/strong><\/span><\/p>\n<p style=\"text-align: justify;\"><span style=\"text-decoration: underline;\"><span style=\"color: #000000; text-decoration: underline;\">Para egresados de la Carrera de Formaci\u00f3n del Actor &#8211; Actriz de la EMAD.<\/span><\/span><\/p>\n<p style=\"text-align: justify;\"><em><span lang=\"ES\">\u201cM\u00fasica y Escena. Algunas de las m\u00faltiples relaciones posibles\u201d.<\/span><\/em><\/p>\n<p><strong><span style=\"background-color: #ffffff; color: #339966;\"><em><span lang=\"ES\"><a style=\"background-color: #ffffff; color: #339966;\" title=\"Proyecto de Investigaci\u00f3n Lascano Wio 2018\" href=\"upload\/PI_2018_Ana_Lascano_Nicolas_Wio.docx\" target=\"_blank\" rel=\"noopener\">+Info del Proyecto<\/a><\/span><\/em><\/span><\/strong><\/p>\n<p><span lang=\"ES\">Sede Leiva 4249.CABA.<\/span><\/p>\n<p><span lang=\"ES\">D\u00edas y horarios: lunes y martes de 10.30 hs a 13.30 hs.<\/span><\/p>\n<p><span lang=\"ES\">Inscripci\u00f3n: del 19 de marzo al 3 de mayo en sede Sarmiento 2573 de 9:00 h a 14:00 h y de 18:00 h a 22.30 h.\u00a0\u00a0<\/span><\/p>\n<p><span lang=\"ES\">Comienza el\u00a07 de mayo.<\/span><\/p>\n<p>&nbsp;<\/p>\n<p><strong><span style=\"text-decoration: underline;\"><span lang=\"ES\">Proyecto de Investigaci\u00f3n 2018\u00a0C\u00e1tedra\u00a0<\/span><span lang=\"ES\">Marcelo Mininno\/ Paulina Torres<\/span><\/span><\/strong><\/p>\n<p><span style=\"text-decoration: underline;\"><span lang=\"ES\">Para Egresados de todas las Carreras de la EMAD.\u00a0<\/span><\/span><\/p>\n<p><em><span lang=\"ES\">\u201cLaboratorio y Estrategias para la creaci\u00f3n del Trabajo grupal<\/span><\/em><span lang=\"ES\">\u201d<\/span><\/p>\n<p><strong><span lang=\"ES\" style=\"color: #339966;\"><a style=\"color: #339966;\" title=\"Proyecto de Investigaci\u00f3n Mininno Torres pdf\" href=\"upload\/PI_2018_TV._CATEDRA_MININNO_TORRES_1.pdf\" target=\"_blank\" rel=\"noopener\">+ Info del Proyecto<\/a><\/span><\/strong><\/p>\n<p><span lang=\"ES\">Sede Sarmiento 2573.CABA.<\/span><\/p>\n<p><span lang=\"ES\">D\u00edas y horarios: lunes y mi\u00e9rcoles de 18:00 h a 22:00 h.\u00a0<\/span><\/p>\n<p><span lang=\"ES\">Inscripci\u00f3n: del 19 de marzo al 3 de mayo en sede Sarmiento 2573\u00a0\u00a0de 9:00 h a 14:00 h y de 18:00 h a 22.30 h.\u00a0\u00a0<\/span><\/p>\n<p><span lang=\"ES\">Comienzo\u00a07 de Mayo (charla informativa para todos los inscriptos).<\/span><\/p>\n<p><span lang=\"ES\">\u00a0<\/span><\/p>\n","protected":false},"excerpt":{"rendered":"<p>El Instituto organiza distintas actividades de Investigaci\u00f3n para los egresados de todas las carreras de la EMAD. Las mismas cuentan con la participaci\u00f3n de docentes y especialistas de todas las \u00e1reas. Proyecto de Investigaci\u00f3n 2018 C\u00e1tedra Ana Lascano \/ Nicol\u00e1s Wio Para egresados de la Carrera de Formaci\u00f3n del Actor &#8211; Actriz de la EMAD. &#8230; <a title=\"Proyectos de Investigaci\u00f3n 2018\" class=\"read-more\" href=\"https:\/\/emad-caba.infd.edu.ar\/sitio\/proyectos-de-investigacion-2018\/\" aria-label=\"More on Proyectos de Investigaci\u00f3n 2018\">[+]<\/a><\/p>\n","protected":false},"author":195,"featured_media":0,"parent":0,"menu_order":0,"comment_status":"closed","ping_status":"closed","template":"","meta":[],"acf":[],"_links":{"self":[{"href":"https:\/\/emad-caba.infd.edu.ar\/sitio\/wp-json\/wp\/v2\/pages\/1240"}],"collection":[{"href":"https:\/\/emad-caba.infd.edu.ar\/sitio\/wp-json\/wp\/v2\/pages"}],"about":[{"href":"https:\/\/emad-caba.infd.edu.ar\/sitio\/wp-json\/wp\/v2\/types\/page"}],"author":[{"embeddable":true,"href":"https:\/\/emad-caba.infd.edu.ar\/sitio\/wp-json\/wp\/v2\/users\/195"}],"replies":[{"embeddable":true,"href":"https:\/\/emad-caba.infd.edu.ar\/sitio\/wp-json\/wp\/v2\/comments?post=1240"}],"version-history":[{"count":1,"href":"https:\/\/emad-caba.infd.edu.ar\/sitio\/wp-json\/wp\/v2\/pages\/1240\/revisions"}],"predecessor-version":[{"id":1435,"href":"https:\/\/emad-caba.infd.edu.ar\/sitio\/wp-json\/wp\/v2\/pages\/1240\/revisions\/1435"}],"wp:attachment":[{"href":"https:\/\/emad-caba.infd.edu.ar\/sitio\/wp-json\/wp\/v2\/media?parent=1240"}],"curies":[{"name":"wp","href":"https:\/\/api.w.org\/{rel}","templated":true}]}}