{"id":1222,"date":"2018-08-29T16:47:03","date_gmt":"2018-08-29T19:47:03","guid":{"rendered":"https:\/\/emad-caba.infd.edu.ar\/sitio\/tecnicatura-superior-en-escenografia\/"},"modified":"2022-10-12T19:07:53","modified_gmt":"2022-10-12T22:07:53","slug":"tecnicatura-superior-en-escenografia","status":"publish","type":"page","link":"https:\/\/emad-caba.infd.edu.ar\/sitio\/tecnicatura-superior-en-escenografia\/","title":{"rendered":"Tecnicatura Superior en Escenograf\u00eda"},"content":{"rendered":"\n<figure class=\"wp-block-image size-large is-resized\"><img decoding=\"async\" loading=\"lazy\" src=\"https:\/\/emad-caba.infd.edu.ar\/sitio\/wp-content\/uploads\/2022\/10\/Escenografia-QR.png\" alt=\"\" class=\"wp-image-4338\" width=\"123\" height=\"123\"\/><\/figure>\n\n\n<p style=\"text-align: left;\"><em><span style=\"font-family: arial,helvetica,sans-serif; font-size: 12pt;\">La <strong>TECNICATURA SUPERIOR EN ESCENOGRAFIA<\/strong> ha sido aprobado por el Jefe de Gobierno de la Ciudad de Buenos Aires por <span style=\"font-family: arial,helvetica,sans-serif; font-size: 12pt;\">\u00a0<span style=\"color: #cc99ff;\"><a title=\"Profesorado de Teatro\" href=\"upload\/EMADDcto.43510yAnexos_BO.3436_8610.pdf\" target=\"_blank\" rel=\"noopener\"><span style=\"color: #cc99ff;\">Decreto N\u00ba 435\/MCGC\/2010<\/span><\/a><\/span><\/span>. Dicha carrera emite el T\u00edtulo de Escenografo\/a de teatro.<\/span><\/em><\/p>\n<p><span style=\"font-family: arial,helvetica,sans-serif; font-size: 12pt;\"><span style=\"text-decoration: underline;\"><strong>Duraci\u00f3n:<\/strong><\/span> 3 a\u00f1os<\/span><\/p>\n<p><span style=\"font-family: arial,helvetica,sans-serif; font-size: 12pt;\"><span style=\"text-decoration: underline;\"><strong>D\u00edas y horarios de cursada<\/strong><\/span>: lunes a s\u00e1bados de 9:00 h a 14.50 h<\/span><\/p>\n<p><span style=\"font-family: arial,helvetica,sans-serif; font-size: 12pt;\"><span style=\"text-decoration: underline;\"><strong>Sedes de cursada<\/strong><\/span>: Leiva 4249.CABA &#8211; Forest 933.CABA<\/span><\/p>\n<p class=\"style37\" style=\"text-align: justify;\"><span style=\"font-family: arial,helvetica,sans-serif; font-size: 12pt;\"><strong><span style=\"text-decoration: underline;\">Informaci\u00f3n:<\/span><\/strong> Sede Central, Sarmiento 2573.CABA.<\/span><\/p>\n<p class=\"style37\" style=\"text-align: justify;\"><span style=\"font-family: arial,helvetica,sans-serif; font-size: 12pt;\">Lunes a viernes en el horario de 10:00 h a 20.30 h.<\/span><\/p>\n<p><strong>Coordinaci\u00f3n Tecnicatura Superior en Escenograf\u00eda<\/strong><\/p>\n<p>MARCELO VALIENTE<\/p>\n<p><strong>Plan de estudios<\/strong><\/p>\n<p><strong>Primer a\u00f1o<\/strong><\/p>\n<p>TALLER DE REALIZACI\u00d3N I \u2013 ANUAL<\/p>\n<p>PROYECTO ESCENOGR\u00c1FICO I \u2013 ANUAL<\/p>\n<p>DIBUJO Y PINTURA I \u2013 ANUAL<\/p>\n<p>VISI\u00d3N I \u2013 ANUAL<\/p>\n<p>MAQUILLAJE Y CARACTERIZACI\u00d3N I \u2013 ANUAL<\/p>\n<p>ARQUITECTURA ESC\u00c9NICA \u2013 ANUAL<\/p>\n<p>ILUMINACI\u00d3N TEATRAL I \u2013 ANUAL<\/p>\n<p>AMBIENTACI\u00d3N E INDUMENTARIA \u2013 ANUAL<\/p>\n<p>AN\u00c1LISIS DEL TEXTO DRAM\u00c1TICO Y ESPECTACULAR I . ANUAL<\/p>\n<p>HISTORIA DEL TEATRO I \u2013 ANUAL<\/p>\n<p>HISTORIA DEL TRAJE, EL MUEBLE\u00a0 Y LA AMBIENTACI\u00d3N I \u2013 ANUAL<\/p>\n<p>INTRODUCCI\u00d3N A LA DIRECCI\u00d3N Y LA PUESTA EN ESCENA \u2013 CUATRIMESTRAL<\/p>\n<p>APLICACIONES DIGITALES PARA LA ESCENA \u2013 CUATRIMESTRAL<\/p>\n<p>FILOSOF\u00cdA \u2013 CUATRIMESTRAL<\/p>\n<p>SEMINARIO \u2013 CUATRIMESTRAL<\/p>\n<p><strong>Segundo a\u00f1o <\/strong><\/p>\n<p>TALLER DE REALIZACI\u00d3N II \u2013 ANUAL<\/p>\n<p>PROYECTO ESCENOGR\u00c1FICO II \u2013 ANUAL<\/p>\n<p>TALLER &#8211; INTERDISCIPLINARIO I \u2013 ANUAL<\/p>\n<p>DIBUJO Y PINTURA II \u2013 ANUAL<\/p>\n<p>VISI\u00d3N II \u2013 ANUAL<\/p>\n<p>MAQUILLAJE Y CARACTERIZACI\u00d3N II \u2013 ANUAL<\/p>\n<p>ARQUITECTURA ESC\u00c9NICA II &#8211; ANUAL<\/p>\n<p>ILUMINACI\u00d3N TEATRAL II &#8211; ANUAL<\/p>\n<p>AMBIENTACI\u00d3N E INDUMENTARIA \u2013 ANUAL<\/p>\n<p>TEOR\u00cdAS EST\u00c9TICAS \u2013 ANUAL<\/p>\n<p>HISTORIA DEL TEATRO II \u2013 ANUAL<\/p>\n<p>HISTORIA DEL TRAJE, EL MUEBLE Y LA AMBIENTACI\u00d3N II \u2013 ANUAL<\/p>\n<p>AN\u00c1LISIS DEL TEXTO DRAM\u00c1TICO Y ESPECTACULAR II \u2013 ANUAL<\/p>\n<p>DISE\u00d1O DIGITAL PARA ESCENOGRAF\u00cdA I \u2013 CUATRIMESTRAL<\/p>\n<p>SEMINARIO: UTILERIA Y TRAMOYA \u2013 CUATRIMESTRAL<\/p>\n<p><strong>Tercer a\u00f1o<\/strong><\/p>\n<p>TALLER DE REALIZACI\u00d3N III \u2013 ANUAL<\/p>\n<p>PROYECTO ESCENOGR\u00c1FICO III \u2013 ANUAL<\/p>\n<p>TALLER &#8211;\u00a0 INTERDISCIPLINARIO II \u2013 ANUAL<\/p>\n<p>SOCIEDAD, ARTE Y ESPECT\u00c1CULO \u2013 ANUAL<\/p>\n<p>DISE\u00d1O Y T\u00c9CNICA DE LA ILUMINACI\u00d3N TEATRAL \u2013 ANUAL<\/p>\n<p>AMBIENTACI\u00d3N E INDUMENTARIA III \u2013 ANUAL<\/p>\n<p>DIRECCI\u00d3N DE ARTE \u2013 ANUAL<\/p>\n<p>AN\u00c1LISIS DE TEXTO DRAM\u00c1TICO Y ESPECTACULAR III \u2013 ANUAL<\/p>\n<p>HISTORIA DEL TEATRO ARGENTINO \u2013 ANUAL<\/p>\n<p>HISTORIA DEL TRAJE, EL MUEBLE Y LA AMBIENTACI\u00d3N III \u2013 ANUAL<\/p>\n<p>HISTORIA DE LA ESCENOGRAF\u00cdA \u2013 ANUAL<\/p>\n<p>PRODUCCI\u00d3N Y GESTI\u00d3N \u2013 CUATRIMESTRAL<\/p>\n<p>DISE\u00d1O DIGITAL PARA ESCENOGRAF\u00cdA II \u2013 CUATRIMESTRAL<\/p>\n<p><strong>T\u00edtulo: ESCENOGRAFO &#8211; ESCENOGRAFA<\/strong><\/p>\n<div id=\"metaslider-id-3749\" style=\"max-width: 700px; margin: 0 auto;\" class=\"ml-slider-3-33-0 metaslider metaslider-nivo metaslider-3749 ml-slider ms-theme-default\" role=\"region\" aria-roledescription=\"Slideshow\" aria-label=\"Slideshow\">\n    <div id=\"metaslider_container_3749\">\n        <div class='slider-wrapper theme-default'><div class='ribbon'><\/div><div id='metaslider_3749' class='nivoSlider'><img src=\"https:\/\/emad-caba.infd.edu.ar\/sitio\/wp-content\/uploads\/2021\/11\/1-14-320x182.jpg\" height=\"400\" width=\"700\" title=\"1 (14)\" alt=\"\" class=\"slider-3749 slide-3777\" \/><img src=\"https:\/\/emad-caba.infd.edu.ar\/sitio\/wp-content\/uploads\/2021\/11\/1-1-700x400.jpg\" height=\"400\" width=\"700\" title=\"1 (1)\" alt=\"\" class=\"slider-3749 slide-3764\" \/><img src=\"https:\/\/emad-caba.infd.edu.ar\/sitio\/wp-content\/uploads\/2021\/11\/1-3-700x400.jpg\" height=\"400\" width=\"700\" title=\"1 (3)\" alt=\"\" class=\"slider-3749 slide-3766\" \/><img src=\"https:\/\/emad-caba.infd.edu.ar\/sitio\/wp-content\/uploads\/2021\/11\/1-12-320x182.jpg\" height=\"400\" width=\"700\" title=\"1 (12)\" alt=\"\" class=\"slider-3749 slide-3775\" \/><img src=\"https:\/\/emad-caba.infd.edu.ar\/sitio\/wp-content\/uploads\/2021\/11\/1-13-353x202.jpg\" height=\"400\" width=\"700\" title=\"1 (13)\" alt=\"\" class=\"slider-3749 slide-3776\" \/><img src=\"https:\/\/emad-caba.infd.edu.ar\/sitio\/wp-content\/uploads\/2021\/11\/1-6-700x400.jpg\" height=\"400\" width=\"700\" title=\"1 (6)\" alt=\"\" class=\"slider-3749 slide-3769\" \/><img src=\"https:\/\/emad-caba.infd.edu.ar\/sitio\/wp-content\/uploads\/2021\/11\/1-2-700x400.jpg\" height=\"400\" width=\"700\" title=\"1 (2)\" alt=\"\" class=\"slider-3749 slide-3765\" \/><img src=\"https:\/\/emad-caba.infd.edu.ar\/sitio\/wp-content\/uploads\/2021\/11\/1-11-700x400.jpg\" height=\"400\" width=\"700\" title=\"1 (11)\" alt=\"\" class=\"slider-3749 slide-3774\" \/><img src=\"https:\/\/emad-caba.infd.edu.ar\/sitio\/wp-content\/uploads\/2021\/11\/1-7-700x400.jpg\" height=\"400\" width=\"700\" title=\"1 (7)\" alt=\"\" class=\"slider-3749 slide-3770\" \/><img src=\"https:\/\/emad-caba.infd.edu.ar\/sitio\/wp-content\/uploads\/2021\/11\/1-10-700x400.jpg\" height=\"400\" width=\"700\" title=\"1 (10)\" alt=\"\" class=\"slider-3749 slide-3773\" \/><img src=\"https:\/\/emad-caba.infd.edu.ar\/sitio\/wp-content\/uploads\/2021\/11\/1-9-700x400.jpg\" height=\"400\" width=\"700\" title=\"1 (9)\" alt=\"\" class=\"slider-3749 slide-3772\" \/><img src=\"https:\/\/emad-caba.infd.edu.ar\/sitio\/wp-content\/uploads\/2021\/11\/1-5-700x400.jpg\" height=\"400\" width=\"700\" title=\"1 (5)\" alt=\"\" class=\"slider-3749 slide-3768\" \/><img src=\"https:\/\/emad-caba.infd.edu.ar\/sitio\/wp-content\/uploads\/2021\/11\/1-4-700x400.jpg\" height=\"400\" width=\"700\" title=\"1 (4)\" alt=\"\" class=\"slider-3749 slide-3767\" \/><img src=\"https:\/\/emad-caba.infd.edu.ar\/sitio\/wp-content\/uploads\/2021\/11\/1-8-700x400.jpg\" height=\"400\" width=\"700\" title=\"1 (8)\" alt=\"\" class=\"slider-3749 slide-3771\" \/><\/div><\/div>\n        \n    <\/div>\n<\/div>\n<hr \/>","protected":false},"excerpt":{"rendered":"<p>La TECNICATURA SUPERIOR EN ESCENOGRAFIA ha sido aprobado por el Jefe de Gobierno de la Ciudad de Buenos Aires por \u00a0Decreto N\u00ba 435\/MCGC\/2010. Dicha carrera emite el T\u00edtulo de Escenografo\/a de teatro. Duraci\u00f3n: 3 a\u00f1os D\u00edas y horarios de cursada: lunes a s\u00e1bados de 9:00 h a 14.50 h Sedes de cursada: Leiva 4249.CABA &#8211; &#8230; <a title=\"Tecnicatura Superior en Escenograf\u00eda\" class=\"read-more\" href=\"https:\/\/emad-caba.infd.edu.ar\/sitio\/tecnicatura-superior-en-escenografia\/\" aria-label=\"More on Tecnicatura Superior en Escenograf\u00eda\">[+]<\/a><\/p>\n","protected":false},"author":195,"featured_media":0,"parent":0,"menu_order":0,"comment_status":"closed","ping_status":"closed","template":"","meta":[],"acf":[],"_links":{"self":[{"href":"https:\/\/emad-caba.infd.edu.ar\/sitio\/wp-json\/wp\/v2\/pages\/1222"}],"collection":[{"href":"https:\/\/emad-caba.infd.edu.ar\/sitio\/wp-json\/wp\/v2\/pages"}],"about":[{"href":"https:\/\/emad-caba.infd.edu.ar\/sitio\/wp-json\/wp\/v2\/types\/page"}],"author":[{"embeddable":true,"href":"https:\/\/emad-caba.infd.edu.ar\/sitio\/wp-json\/wp\/v2\/users\/195"}],"replies":[{"embeddable":true,"href":"https:\/\/emad-caba.infd.edu.ar\/sitio\/wp-json\/wp\/v2\/comments?post=1222"}],"version-history":[{"count":14,"href":"https:\/\/emad-caba.infd.edu.ar\/sitio\/wp-json\/wp\/v2\/pages\/1222\/revisions"}],"predecessor-version":[{"id":4345,"href":"https:\/\/emad-caba.infd.edu.ar\/sitio\/wp-json\/wp\/v2\/pages\/1222\/revisions\/4345"}],"wp:attachment":[{"href":"https:\/\/emad-caba.infd.edu.ar\/sitio\/wp-json\/wp\/v2\/media?parent=1222"}],"curies":[{"name":"wp","href":"https:\/\/api.w.org\/{rel}","templated":true}]}}