{"id":1218,"date":"2018-08-29T16:47:02","date_gmt":"2018-08-29T19:47:02","guid":{"rendered":"https:\/\/emad-caba.infd.edu.ar\/sitio\/tecnicatura-superior-en-puesta-en-escena\/"},"modified":"2024-08-06T13:52:27","modified_gmt":"2024-08-06T16:52:27","slug":"tecnicatura-superior-en-puesta-en-escena","status":"publish","type":"page","link":"https:\/\/emad-caba.infd.edu.ar\/sitio\/tecnicatura-superior-en-puesta-en-escena\/","title":{"rendered":"Tecnicatura Superior en Puesta en Escena"},"content":{"rendered":"\n<figure class=\"wp-block-image size-large is-resized\"><img decoding=\"async\" loading=\"lazy\" src=\"https:\/\/emad-caba.infd.edu.ar\/sitio\/wp-content\/uploads\/2022\/10\/Puesta-en-Escena-QR.jpg\" alt=\"\" class=\"wp-image-4332\" width=\"104\" height=\"103\"\/><\/figure>\n\n\n\n<p><em>La&nbsp;<strong>TECNICATURA SUPERIOR EN PUESTA EN ESCENA&nbsp;<\/strong>ha sido aprobada por el Jefe de Gobierno de la Ciudad de Buenos Aires por&nbsp;<a rel=\"noreferrer noopener\" href=\"https:\/\/emad-caba.infd.edu.ar\/sitio\/tecnicatura-superior-en-puesta-en-escena\/upload\/EMADDcto.43510yAnexos_BO.3436_8610.pdf\" target=\"_blank\">Decreto N\u00ba 435\/MCGC\/2010<\/a>.<\/em><\/p>\n\n\n\n<p><strong>Duraci\u00f3n<\/strong><strong>:<\/strong>&nbsp;4 a\u00f1os&nbsp;<\/p>\n\n\n\n<p><strong>D\u00edas y horarios de cursada<\/strong><strong>:<\/strong>&nbsp;lunes a viernes de 9:00 h a 13.20 h . Una jornada semanal dedicada al \u00c1rea Proyectual en horario a determinar.&nbsp;<\/p>\n\n\n\n<p><strong>Sede de cursada<\/strong><strong>:<\/strong>&nbsp;Jufr\u00e9 141.CABA.<\/p>\n\n\n\n<p>La Tecnicatura Superior en Puesta en Escena es una propuesta de formaci\u00f3n acad\u00e9mica e interdisciplinaria que otorga el t\u00edtulo de Directxr Teatral.<\/p>\n\n\n\n<p>Dicha propuesta prioriza una ense\u00f1anza que establece conexiones de manera integral con los distintos campos disciplinarios y lenguajes que confluyen en una puesta en escena, profundizando y actualizando,&nbsp;a trav\u00e9s de la pr\u00e1ctica,&nbsp;saberes estrictamente ligados con la Direcci\u00f3n Teatral.<br>El estudiantado realiza sus experiencias en tres salas de teatro especialmente acondicionadas que pertenecen a la sede de la Tecnicatura y que est\u00e1n a disposici\u00f3n durante el trayecto acad\u00e9mico.&nbsp;<br>Siendo la EMAD una escuela p\u00fablica, es nuestra intenci\u00f3n ofrecer un recorrido de ense\u00f1anza\/aprendizaje s\u00f3lido, alentando la formaci\u00f3n de profesionales capaces de participar en el campo cultural de la escena teatral actual.<\/p>\n\n\n\n<p>La Tecnicatura Superior en Puesta en Escena ha sido invitada al&nbsp;<a rel=\"noreferrer noopener\" href=\"http:\/\/dramaticas.una.edu.ar\/noticias\/convocatoria-de-espectaculos-para-participar-del-encuentro-nacional-de-estudiantes-de-teatro-y-del_17812\" target=\"_blank\">Encuentro Nacional de Estudiantes de Teatro (ENET)<\/a>, donde participan las diversas Licenciaturas de Teatro de las Universidades Nacionales y p\u00fablicas del pa\u00eds, y ha llevado a cabo intercambios con el&nbsp;<a rel=\"noreferrer noopener\" href=\"http:\/\/www.furb.br\/web\/3687\/fitub-festival-de-teatro\/noticias\/divulgados-os-espetaculos-selecionados-para-o-30-fitub\/6203\" target=\"_blank\">Festival Internacional de Teatro Universit\u00e1rio de Blumenau (FITUB)<\/a>&nbsp;y&nbsp;el&nbsp;<a rel=\"noreferrer noopener\" href=\"http:\/\/festivales.buenosaires.gob.ar\/2017\/fiba\/es\/home\" target=\"_blank\">Festival Internacional de Buenos Aires (FIBA)&nbsp;<\/a><\/p>\n\n\n\n<p>Los montajes esc\u00e9nicos que surgen regularmente en el transcurso de la Tecnicatura Superior de Puesta en Escena&nbsp;participan, se promocionan y difunden anualmente en el&nbsp;<a rel=\"noreferrer noopener\" href=\"https:\/\/emad-caba.infd.edu.ar\/sitio\/tecnicatura-superior-en-puesta-en-escena\/index.cgi?wid_item=103&amp;wid_seccion=18\" target=\"_blank\">Festival ABRIENDO ESCENA<\/a>, actividad llevada a cabo de manera conjunta por estudiantes y Docentes de la Tecnicatura, personal escenot\u00e9cnico, administrativo, Regencia de la Sede Jufr\u00e9, Vicerrector\u00eda y Cooperadora de la EMAD<\/p>\n\n\n\n<p>Quienes estudian en la Escuela Metropolitana de Arte Dram\u00e1tico obtienen entradas gratuitas para acceder espect\u00e1culos y otras actividades programadas en los teatros estatales y promociones para ver los espect\u00e1culos exhibidos en salas comerciales y privadas.<\/p>\n\n\n\n<p>Quienes egresan de la Tecnicatura Superior en Puesta en Escena lograr\u00e1n una formaci\u00f3n plural que les permita desempe\u00f1arse como artistas capaces de:&nbsp;<\/p>\n\n\n\n<p>&nbsp;&nbsp;.&nbsp;Conducir un montaje teatral, asumiendo diferentes estrategias de direcci\u00f3n y articulando la diversidad de artes que se relacionan en una puesta en escena.&nbsp;<\/p>\n\n\n\n<p>&nbsp;&nbsp;. Realizar una obra personal desde la perspectiva de la direcci\u00f3n teatral, logrando reflexionar sobre la propia creaci\u00f3n esc\u00e9nica.&nbsp;<\/p>\n\n\n\n<p>&nbsp;&nbsp;. Desarrollar una estrategia de formaci\u00f3n continua que les permita avanzar en sus procesos de aprendizaje; asumi\u00e9ndose como agentes de transformaci\u00f3n social, cuyo desempe\u00f1o colabore en la construcci\u00f3n de una sociedad m\u00e1s libre, justa y solidaria.&nbsp;<\/p>\n\n\n\n<p><strong>Coordinaci\u00f3n Tecnicatura Superior en Puesta en Escena<\/strong><\/p>\n\n\n\n<p>TATIANA SANTANA<\/p>\n\n\n\n<p>Para programas de estudios consultar a:&nbsp;<a rel=\"noreferrer noopener\" href=\"mailto:regenciajufre@gmail.com\" target=\"_blank\">regenciajufre@gmail.com<\/a>.<\/p>\n\n\n<div id=\"metaslider-id-1888\" style=\"max-width: 700px; margin: 0 auto;\" class=\"ml-slider-3-33-0 metaslider metaslider-nivo metaslider-1888 ml-slider ms-theme-default\" role=\"region\" aria-roledescription=\"Slideshow\" aria-label=\"Slideshow\">\n    <div id=\"metaslider_container_1888\">\n        <div class='slider-wrapper theme-default'><div class='ribbon'><\/div><div id='metaslider_1888' class='nivoSlider'><img src=\"https:\/\/emad-caba.infd.edu.ar\/sitio\/wp-content\/uploads\/2018\/10\/TECNICATURA-EN-PUESTA-EN-ESCENA-EMAD-.-700x400.jpg\" height=\"400\" width=\"700\" title=\"TECNICATURA EN PUESTA EN ESCENA EMAD .\" alt=\"\" class=\"slider-1888 slide-1928\" \/><img src=\"https:\/\/emad-caba.infd.edu.ar\/sitio\/wp-content\/uploads\/2018\/10\/HP-HANS-POZO.-700x400.jpg\" height=\"400\" width=\"700\" title=\"HP HANS POZO.\" alt=\"\" class=\"slider-1888 slide-1917\" \/><img src=\"https:\/\/emad-caba.infd.edu.ar\/sitio\/wp-content\/uploads\/2018\/10\/FESTIVAL-ABRIENDO-ESCENA-700x400.jpg\" height=\"400\" width=\"700\" title=\"FESTIVAL ABRIENDO ESCENA\" alt=\"\" class=\"slider-1888 slide-1914\" \/><img src=\"https:\/\/emad-caba.infd.edu.ar\/sitio\/wp-content\/uploads\/2018\/10\/Muestras-puesta-en-escena-....-700x400.jpg\" height=\"400\" width=\"700\" title=\"Muestras puesta en escena ....\" alt=\"\" class=\"slider-1888 slide-2176\" \/><img src=\"https:\/\/emad-caba.infd.edu.ar\/sitio\/wp-content\/uploads\/2018\/10\/Muestras-puesta-en-escena-......-700x400.jpg\" height=\"400\" width=\"700\" title=\"Muestras puesta en escena ......\" alt=\"\" class=\"slider-1888 slide-2177\" \/><img src=\"https:\/\/emad-caba.infd.edu.ar\/sitio\/wp-content\/uploads\/2018\/10\/TECNICATURA-EN-PUESTA-EN-ESCENA-EMAD-700x400.jpg\" height=\"400\" width=\"700\" title=\"TECNICATURA EN PUESTA EN ESCENA EMAD\" alt=\"\" class=\"slider-1888 slide-1931\" \/><img src=\"https:\/\/emad-caba.infd.edu.ar\/sitio\/wp-content\/uploads\/2018\/10\/UN-INFORME-PARA-LA-BANALIDAD-DE-L-AMOR-EMAD-700x400.jpg\" height=\"400\" width=\"700\" title=\"UN INFORME PARA LA BANALIDAD DE L AMOR EMAD\" alt=\"\" class=\"slider-1888 slide-1932\" \/><img src=\"https:\/\/emad-caba.infd.edu.ar\/sitio\/wp-content\/uploads\/2018\/10\/SANTA-AL-PRINCIPIO-700x400.jpg\" height=\"400\" width=\"700\" title=\"SANTA AL PRINCIPIO\" alt=\"\" class=\"slider-1888 slide-1923\" \/><img src=\"https:\/\/emad-caba.infd.edu.ar\/sitio\/wp-content\/uploads\/2018\/08\/A_la_buena_de_Dios1-477x272.jpg\" height=\"400\" width=\"700\" title=\"A LA BUENA DE DIOS\" alt=\"\" class=\"slider-1888 slide-1936\" \/><img src=\"https:\/\/emad-caba.infd.edu.ar\/sitio\/wp-content\/uploads\/2018\/10\/SOSTENIENDO-HUMO-....-700x400.jpg\" height=\"400\" width=\"700\" title=\"SOSTENIENDO HUMO ....\" alt=\"\" class=\"slider-1888 slide-1924\" \/><img src=\"https:\/\/emad-caba.infd.edu.ar\/sitio\/wp-content\/uploads\/2018\/10\/Muestra-final-Puesta-en-Escena-.-700x400.jpg\" height=\"400\" width=\"700\" title=\"Muestra final Puesta en Escena .\" alt=\"\" class=\"slider-1888 slide-2178\" \/><img src=\"https:\/\/emad-caba.infd.edu.ar\/sitio\/wp-content\/uploads\/2018\/10\/PAREJA-ABIERTA-de-Valeria-Camino-Festival-ABRIENDO-ESCENA-2018-EMAD-700x400.jpeg\" height=\"400\" width=\"700\" title=\"PAREJA ABIERTA de Valeria Camino Festival ABRIENDO ESCENA 2018 EMAD\" alt=\"\" class=\"slider-1888 slide-1922\" \/><img src=\"https:\/\/emad-caba.infd.edu.ar\/sitio\/wp-content\/uploads\/2018\/10\/Muestra-final-Puesta-en-Escena-700x400.jpg\" height=\"400\" width=\"700\" title=\"Muestra final Puesta en Escena\" alt=\"\" class=\"slider-1888 slide-2179\" \/><img src=\"https:\/\/emad-caba.infd.edu.ar\/sitio\/wp-content\/uploads\/2018\/10\/FESTIVAL-PUESTA-EN-ESCENA-700x400.jpg\" height=\"400\" width=\"700\" title=\"FESTIVAL PUESTA EN ESCENA\" alt=\"\" class=\"slider-1888 slide-1915\" \/><img src=\"https:\/\/emad-caba.infd.edu.ar\/sitio\/wp-content\/uploads\/2018\/08\/Pareja_abierta-651x372.jpg\" height=\"400\" width=\"700\" title=\"Pareja_abierta\" alt=\"\" class=\"slider-1888 slide-1935\" \/><img src=\"https:\/\/emad-caba.infd.edu.ar\/sitio\/wp-content\/uploads\/2018\/10\/Muestras-puesta-en-escena-...-700x400.jpg\" height=\"400\" width=\"700\" title=\"Muestras puesta en escena ...\" alt=\"\" class=\"slider-1888 slide-2175\" \/><img src=\"https:\/\/emad-caba.infd.edu.ar\/sitio\/wp-content\/uploads\/2018\/10\/EL-TRICICLO-..-700x400.jpg\" height=\"400\" width=\"700\" title=\"EL TRICICLO ..\" alt=\"\" class=\"slider-1888 slide-1911\" \/><img src=\"https:\/\/emad-caba.infd.edu.ar\/sitio\/wp-content\/uploads\/2018\/10\/EL-TRICICLO.-700x400.jpg\" height=\"400\" width=\"700\" title=\"EL TRICICLO.\" alt=\"\" class=\"slider-1888 slide-1912\" \/><img src=\"https:\/\/emad-caba.infd.edu.ar\/sitio\/wp-content\/uploads\/2018\/10\/LA-VARSOVIA-.--700x400.jpg\" height=\"400\" width=\"700\" title=\"LA VARSOVIA .-\" alt=\"\" class=\"slider-1888 slide-1919\" \/><img src=\"https:\/\/emad-caba.infd.edu.ar\/sitio\/wp-content\/uploads\/2018\/10\/LA-VARSOVIA.-700x400.jpg\" height=\"400\" width=\"700\" title=\"LA VARSOVIA.\" alt=\"\" class=\"slider-1888 slide-1920\" \/><img src=\"https:\/\/emad-caba.infd.edu.ar\/sitio\/wp-content\/uploads\/2018\/10\/TE-QUIERO-MUCHO-Direcci\u00f3n-Nicol\u00e1s-Spadavecchia-Festival-ABRIENDO-ESCENA-2018-700x400.jpg\" height=\"400\" width=\"700\" title=\"TE QUIERO MUCHO Direcci\u00f3n Nicol\u00e1s Spadavecchia Festival ABRIENDO ESCENA 2018\" alt=\"\" class=\"slider-1888 slide-1925\" \/><img src=\"https:\/\/emad-caba.infd.edu.ar\/sitio\/wp-content\/uploads\/2018\/10\/TECNICATURA-EN-PUESTA-EN-ESCENA-EMAD.--700x400.jpg\" height=\"400\" width=\"700\" title=\"TECNICATURA EN PUESTA EN ESCENA EMAD.-\" alt=\"\" class=\"slider-1888 slide-1930\" \/><img src=\"https:\/\/emad-caba.infd.edu.ar\/sitio\/wp-content\/uploads\/2018\/10\/GREEK-700x400.jpg\" height=\"400\" width=\"700\" title=\"GREEK\" alt=\"\" class=\"slider-1888 slide-1916\" \/><img src=\"https:\/\/emad-caba.infd.edu.ar\/sitio\/wp-content\/uploads\/2018\/10\/TECNICATURA-EN-PUESTA-EN-ESCENA-EMAD-.-1-700x400.jpg\" height=\"400\" width=\"700\" title=\"TECNICATURA EN PUESTA EN ESCENA EMAD --.\" alt=\"\" class=\"slider-1888 slide-1929\" \/><img src=\"https:\/\/emad-caba.infd.edu.ar\/sitio\/wp-content\/uploads\/2018\/08\/Un_informe_sobre_la_banalidad_del_amor-700x400.jpg\" height=\"400\" width=\"700\" title=\"Un_informe_sobre_la_banalidad_del_amor\" alt=\"\" class=\"slider-1888 slide-1934\" \/><img src=\"https:\/\/emad-caba.infd.edu.ar\/sitio\/wp-content\/uploads\/2018\/10\/TECNICATURA-EN-PUESTA-EN-ESCENA-EMAD-....-700x400.jpg\" height=\"400\" width=\"700\" title=\"TECNICATURA EN PUESTA EN ESCENA EMAD ....\" alt=\"\" class=\"slider-1888 slide-1926\" \/><img src=\"https:\/\/emad-caba.infd.edu.ar\/sitio\/wp-content\/uploads\/2018\/10\/HP-HANS-POZO-700x400.jpg\" height=\"400\" width=\"700\" title=\"HP HANS POZO\" alt=\"\" class=\"slider-1888 slide-1918\" \/><img src=\"https:\/\/emad-caba.infd.edu.ar\/sitio\/wp-content\/uploads\/2018\/10\/TECNICATURA-EN-PUESTA-EN-ESCENA-EMAD-...-700x400.jpg\" height=\"400\" width=\"700\" title=\"TECNICATURA EN PUESTA EN ESCENA EMAD ...\" alt=\"\" class=\"slider-1888 slide-1927\" \/><\/div><\/div>\n        \n    <\/div>\n<\/div>\n","protected":false},"excerpt":{"rendered":"<p>La&nbsp;TECNICATURA SUPERIOR EN PUESTA EN ESCENA&nbsp;ha sido aprobada por el Jefe de Gobierno de la Ciudad de Buenos Aires por&nbsp;Decreto N\u00ba 435\/MCGC\/2010. Duraci\u00f3n:&nbsp;4 a\u00f1os&nbsp; D\u00edas y horarios de cursada:&nbsp;lunes a viernes de 9:00 h a 13.20 h . Una jornada semanal dedicada al \u00c1rea Proyectual en horario a determinar.&nbsp; Sede de cursada:&nbsp;Jufr\u00e9 141.CABA. La Tecnicatura &#8230; <a title=\"Tecnicatura Superior en Puesta en Escena\" class=\"read-more\" href=\"https:\/\/emad-caba.infd.edu.ar\/sitio\/tecnicatura-superior-en-puesta-en-escena\/\" aria-label=\"More on Tecnicatura Superior en Puesta en Escena\">[+]<\/a><\/p>\n","protected":false},"author":195,"featured_media":0,"parent":0,"menu_order":0,"comment_status":"closed","ping_status":"closed","template":"","meta":[],"acf":[],"_links":{"self":[{"href":"https:\/\/emad-caba.infd.edu.ar\/sitio\/wp-json\/wp\/v2\/pages\/1218"}],"collection":[{"href":"https:\/\/emad-caba.infd.edu.ar\/sitio\/wp-json\/wp\/v2\/pages"}],"about":[{"href":"https:\/\/emad-caba.infd.edu.ar\/sitio\/wp-json\/wp\/v2\/types\/page"}],"author":[{"embeddable":true,"href":"https:\/\/emad-caba.infd.edu.ar\/sitio\/wp-json\/wp\/v2\/users\/195"}],"replies":[{"embeddable":true,"href":"https:\/\/emad-caba.infd.edu.ar\/sitio\/wp-json\/wp\/v2\/comments?post=1218"}],"version-history":[{"count":37,"href":"https:\/\/emad-caba.infd.edu.ar\/sitio\/wp-json\/wp\/v2\/pages\/1218\/revisions"}],"predecessor-version":[{"id":5303,"href":"https:\/\/emad-caba.infd.edu.ar\/sitio\/wp-json\/wp\/v2\/pages\/1218\/revisions\/5303"}],"wp:attachment":[{"href":"https:\/\/emad-caba.infd.edu.ar\/sitio\/wp-json\/wp\/v2\/media?parent=1218"}],"curies":[{"name":"wp","href":"https:\/\/api.w.org\/{rel}","templated":true}]}}