{"id":1216,"date":"2018-08-29T16:47:01","date_gmt":"2018-08-29T19:47:01","guid":{"rendered":"https:\/\/emad-caba.infd.edu.ar\/sitio\/formacion-del-actor-actriz\/"},"modified":"2023-12-21T12:34:03","modified_gmt":"2023-12-21T15:34:03","slug":"formacion-del-actor-actriz","status":"publish","type":"page","link":"https:\/\/emad-caba.infd.edu.ar\/sitio\/formacion-del-actor-actriz\/","title":{"rendered":"Formaci\u00f3n del Actor y la Actriz"},"content":{"rendered":"\n<figure class=\"wp-block-image size-large is-resized\"><img decoding=\"async\" loading=\"lazy\" src=\"https:\/\/emad-caba.infd.edu.ar\/sitio\/wp-content\/uploads\/2022\/10\/FAA-QR.png\" alt=\"\" class=\"wp-image-4335\" width=\"117\" height=\"117\"\/><\/figure>\n\n\n<address><span style=\"font-family: arial, helvetica, sans-serif; font-size: 12pt;\">El plan de estudios de la Carrera de Formaci\u00f3n del actor y la actriz ha sido aprobado por <\/span><span style=\"color: #ff6600;\"><a title=\"Decreto 2139\/GCABA\/01 - Bolet\u00edn Oficial #AP#BOCBA#CP# N\u00b01357 del 11\/01\/2002.\" href=\"upload\/Decreto_2139GCABA01__-__Bolet%EDn_Oficial_BOCBA_N1357_del_11012002..pdf\" target=\"_blank\" rel=\"noopener\"><span style=\"color: #ff6600;\">Decreto 2139\/GCABA\/01\u00a0 &#8211;\u00a0 Bolet\u00edn Oficial (BOCBA) N\u00b01357 del 11\/01\/2002.<\/span><\/a><\/span><\/address><address>\n<p style=\"text-align: justify;\"><span style=\"font-family: arial,helvetica,sans-serif; font-size: 12pt;\"><span style=\"text-decoration: underline;\"><strong>Duraci\u00f3n:<\/strong><\/span> 4 a\u00f1os\u00a0<\/span><\/p>\n<p style=\"text-align: justify;\"><strong><span style=\"font-family: arial,helvetica,sans-serif; font-size: 12pt;\"><span style=\"text-decoration: underline;\">D\u00edas y horarios TURNO MATUTINO<\/span>: <\/span><\/strong><\/p>\n<p style=\"text-align: justify;\"><span style=\"font-family: arial,helvetica,sans-serif; font-size: 12pt;\">Lunes a viernes de\u00a0 9:00 h a 14:00 h; s\u00e1bados en horarios a determinar.<\/span><\/p>\n<p style=\"text-align: justify;\"><span style=\"font-family: arial,helvetica,sans-serif; font-size: 12pt;\"><span style=\"text-decoration: underline;\"><strong>D\u00edas y horarios TURNO VESPERTINO<\/strong><\/span>:<\/span><\/p>\n<p style=\"text-align: justify;\"><span style=\"font-family: arial,helvetica,sans-serif; font-size: 12pt;\">Lunes a viernes de 18:00 h a 23:00 h; s\u00e1bados en horarios a determinar.\u00a0<\/span><\/p>\n<p style=\"text-align: justify;\"><span style=\"font-family: arial,helvetica,sans-serif; font-size: 12pt;\"><span style=\"text-decoration: underline;\"><strong>Sede de cursada:<\/strong><\/span> Sede Central, Sarmiento 2573. CABA.<br \/><\/span><\/p>\n<p class=\"style37\" style=\"text-align: justify;\"><span style=\"font-family: arial,helvetica,sans-serif; font-size: 12pt;\"><strong><span style=\"text-decoration: underline;\">Informes:<\/span><\/strong> Sede Central, Sarmiento 2573.CABA.<\/span><\/p>\n<p class=\"style37\" style=\"text-align: justify;\"><span style=\"font-family: arial,helvetica,sans-serif; font-size: 12pt;\"> Lunes a viernes en el horario de 10:00 h a 20.30 h.<\/span><\/p>\n<p class=\"style37\" style=\"text-align: left;\"><span style=\"font-family: arial,helvetica,sans-serif; font-size: 12pt;\">Los aspirantes deben elegir el turno al que desean entrar en el momento de inscribirse. El examen de ingreso se desarrolla en varias instancias de evaluaci\u00f3n te\u00f3ricas y pr\u00e1cticas.<\/span><\/p>\n<p><strong>Coordinaci\u00f3n Carrera de Formaci\u00f3n del Actor y la Actriz<\/strong><\/p>\n<p>ANDREA GANDOLA<\/p>\n<header class=\"entry-header\">\n<p class=\"entry-title\"><strong style=\"font-size: inherit;\">Plan de estudios<\/strong><\/p>\n<\/header>\n<div class=\"entry-content\"><address><strong>Primer a\u00f1o<\/strong>\n<p>\u00a0<\/p>\n<p>T\u00c9CNICA ACTORAL I<\/p>\n<p>T\u00c9CNICA VOCAL I<\/p>\n<p>T\u00c9CNICA CORPORAL I<\/p>\n<p>LENGUAJE MUSICAL I<\/p>\n<p>EXPRESI\u00d3N ORAL I<\/p>\n<p>HISTORIA DEL TEATRO UNIVERSAL I<\/p>\n<p>HISTORIA SOCIAL DE LAS ARTES I<\/p>\n<p>FILOSOF\u00cdA I<\/p>\n<p><strong>Segundo a\u00f1o<\/strong><\/p>\n<p>T\u00c9CNICA ACTORAL II<\/p>\n<p>T\u00c9CNICA VOCAL II<\/p>\n<p>T\u00c9CNICA CORPORAL II<\/p>\n<p>LENGUAJE MUSICAL II<\/p>\n<p>EXPRESI\u00d3N ORAL II<\/p>\n<p>HISTORIA DEL TEATRO UNIVERSAL II<\/p>\n<p>HISTORIA SOCIAL DE LAS ARTES II<\/p>\n<p>FILOSOF\u00cdA II<\/p>\n<p>AN\u00c1LISIS DE TEXTO DRAM\u00c1TICO I<\/p>\n<p>DESTREZA ACTORAL I (ACROBACIA)<\/p>\n<p><strong>Tercer a\u00f1o<\/strong><\/p>\n<p>T\u00c9CNICA ACTORAL III<\/p>\n<p>T\u00c9CNICA VOCAL III<\/p>\n<p>T\u00c9CNICA CORPORAL III<\/p>\n<p>LENGUAJE MUSICAL III<\/p>\n<p>EXPRESI\u00d3N ORAL III<\/p>\n<p>HISTORIA DEL TEATRO UNIVERSAL III<\/p>\n<p>HISTORIA SOCIAL DE LAS ARTES III<\/p>\n<p>\u00c9TICA Y DEONTOLOG\u00cdA<\/p>\n<p>AN\u00c1LISIS DEL TEXTO DRAM\u00c1TICO II<\/p>\n<p>DESTREZA ACTORAL II (ESGRIMA)<\/p>\n<p><strong>Cuarto a\u00f1o<\/strong><\/p>\n<p>T\u00c9CNICA ACTORAL IV<\/p>\n<p>T\u00c9CNICA VOCAL IV<\/p>\n<p>T\u00c9CNICA CORPORAL IV<\/p>\n<p>TEOR\u00cdAS Y EST\u00c9TICAS TEATRALES DEL SIGLO XX<\/p>\n<p>AN\u00c1LISIS DEL TEXTO \u2013 ESPECT\u00c1CULO<\/p>\n<p>ELEMENTOS DE LA PRODUCCI\u00d3N TEATRAL<\/p>\n<p>HISTORIA DEL TEATRO ARGENTINO<\/p>\n<p>HISTORIA SOCIAL DE LAS ARTES IV<\/p>\n<p>PROYECTO FINAL<\/p>\n<p><strong>T\u00edtulo: ACTOR \u2013 ACTRIZ<\/strong><\/p>\n<\/address><\/div>\n<\/address>","protected":false},"excerpt":{"rendered":"<p>El plan de estudios de la Carrera de Formaci\u00f3n del actor y la actriz ha sido aprobado por Decreto 2139\/GCABA\/01\u00a0 &#8211;\u00a0 Bolet\u00edn Oficial (BOCBA) N\u00b01357 del 11\/01\/2002. Duraci\u00f3n: 4 a\u00f1os\u00a0 D\u00edas y horarios TURNO MATUTINO: Lunes a viernes de\u00a0 9:00 h a 14:00 h; s\u00e1bados en horarios a determinar. D\u00edas y horarios TURNO VESPERTINO: Lunes &#8230; <a title=\"Formaci\u00f3n del Actor y la Actriz\" class=\"read-more\" href=\"https:\/\/emad-caba.infd.edu.ar\/sitio\/formacion-del-actor-actriz\/\" aria-label=\"More on Formaci\u00f3n del Actor y la Actriz\">[+]<\/a><\/p>\n","protected":false},"author":195,"featured_media":0,"parent":0,"menu_order":0,"comment_status":"closed","ping_status":"closed","template":"","meta":[],"acf":[],"_links":{"self":[{"href":"https:\/\/emad-caba.infd.edu.ar\/sitio\/wp-json\/wp\/v2\/pages\/1216"}],"collection":[{"href":"https:\/\/emad-caba.infd.edu.ar\/sitio\/wp-json\/wp\/v2\/pages"}],"about":[{"href":"https:\/\/emad-caba.infd.edu.ar\/sitio\/wp-json\/wp\/v2\/types\/page"}],"author":[{"embeddable":true,"href":"https:\/\/emad-caba.infd.edu.ar\/sitio\/wp-json\/wp\/v2\/users\/195"}],"replies":[{"embeddable":true,"href":"https:\/\/emad-caba.infd.edu.ar\/sitio\/wp-json\/wp\/v2\/comments?post=1216"}],"version-history":[{"count":19,"href":"https:\/\/emad-caba.infd.edu.ar\/sitio\/wp-json\/wp\/v2\/pages\/1216\/revisions"}],"predecessor-version":[{"id":5103,"href":"https:\/\/emad-caba.infd.edu.ar\/sitio\/wp-json\/wp\/v2\/pages\/1216\/revisions\/5103"}],"wp:attachment":[{"href":"https:\/\/emad-caba.infd.edu.ar\/sitio\/wp-json\/wp\/v2\/media?parent=1216"}],"curies":[{"name":"wp","href":"https:\/\/api.w.org\/{rel}","templated":true}]}}